{"id":3185,"date":"2017-12-18T18:32:54","date_gmt":"2017-12-18T18:32:54","guid":{"rendered":"http:\/\/biblian.is\/gudbrandsbiblia\/salmarnir-14-kafli\/"},"modified":"2017-12-18T18:32:54","modified_gmt":"2017-12-18T18:32:54","slug":"salmarnir-14-kafli","status":"publish","type":"page","link":"https:\/\/biblian.is\/gudbrandsbiblia\/salmarnir-14-kafli\/","title":{"rendered":"S\u00e1lmarnir 14. kafli"},"content":{"rendered":"<p>XIIII.<\/p>\n<p>S\u00e1lmur Dav\u00ed\u00f0s fyrir a\u00f0 syngja<\/p>\n<p>Hinir <span class=\"athugasemd\" title=\"sword \u00deeir \u00f3gu\u00f0hr\u00e6ddu, hir\u00f0ulausu menn sem ekki skeyta um Gu\u00f0 \/ R\u00f3m. 3 \/ Infra 53; 140\">[<\/span> f\u00e1v\u00edsu segja \u00ed s\u00ednum hj\u00f6rtum: &#8222;Enginn er Gu\u00f0.&#8220; \u00deeir duga ekkert og eru sv\u00edvir\u00f0ulegir \u00ed sinni breytni, \u00fear er ekki einn s\u00e1 e\u00f0 gott gj\u00f6rir.<\/p>\n<p>\tDrottinn hann leit af himni ofan yfir mannanna sonu svo a\u00f0 hann s\u00e6i hvert nokkur mundi s\u00e1 e\u00f0 skiljandi v\u00e6ri og eftir Gu\u00f0i leitandi.<\/p>\n<p>\tEn allir \u00feeir voru fr\u00e1sn\u00fanir og allir saman hver me\u00f0 \u00f6\u00f0rum \u00f3n\u00fdtir or\u00f0nir, \u00fear var enginn s\u00e1 e\u00f0 nokku\u00f0 gott gj\u00f6rir og ekki einn.<\/p>\n<p>\tHvort vill enginn af \u00feeim illgj\u00f6r\u00f0am\u00f6nnum merkja \u00fea\u00f0? \u00deeir e\u00f0 mitt f\u00f3lk uppsvelgja a\u00f0 \u00feeir ali sj\u00e1lfa sig, en Drottinn \u00e1kalla \u00feeir ekki.<\/p>\n<p>\t\u00dear <span class=\"athugasemd\" title=\"a \/ Gu\u00f0 \u00f3ttast \u00feeir ekki en allt anna\u00f0 hr\u00e6\u00f0ast \u00feeir: Magann, brau\u00f0i\u00f0, hei\u00f0ur, au\u00f0\u00e6fi, h\u00e1ska og dau\u00f0a\">[<\/span> ugga \u00feeir um sig en Drottinn er hj\u00e1 kynsl\u00f3\u00f0 r\u00e9ttl\u00e1tra.<\/p>\n<p>\t\u00de\u00e9r forsm\u00e1i\u00f0 r\u00e1\u00f0in hins vola\u00f0a en Gu\u00f0 er hans tr\u00fana\u00f0artraust.<\/p>\n<p>\tEg vilda \u00fea\u00f0 hj\u00e1lpr\u00e6\u00f0i\u00f0 \u00fat af S\u00edon k\u00e6mi yfir \u00cdsrael og \u00fea\u00f0 Drottinn frelsa\u00f0i sitt hertekna f\u00f3lk, \u00fe\u00e1 mundi Jakob fagna og \u00cdsrael vera gla\u00f0ur.<\/p>\n","protected":false},"excerpt":{"rendered":"<p>XIIII. S\u00e1lmur Dav\u00ed\u00f0s fyrir a\u00f0 syngja Hinir [ f\u00e1v\u00edsu segja \u00ed s\u00ednum hj\u00f6rtum: &#8222;Enginn er Gu\u00f0.&#8220; \u00deeir duga ekkert og eru sv\u00edvir\u00f0ulegir \u00ed sinni breytni, \u00fear er ekki einn s\u00e1 e\u00f0 gott gj\u00f6rir. Drottinn hann leit af himni ofan yfir mannanna sonu svo a\u00f0 hann s\u00e6i hvert nokkur mundi s\u00e1 e\u00f0 skiljandi v\u00e6ri og eftir Gu\u00f0i leitandi. En allir \u00feeir voru fr\u00e1sn\u00fanir og allir saman hver me\u00f0 \u00f6\u00f0rum \u00f3n\u00fdtir or\u00f0nir, \u00fear var enginn s\u00e1 e\u00f0 nokku\u00f0 gott gj\u00f6rir og ekki einn. Hvort vill enginn af \u00feeim illgj\u00f6r\u00f0am\u00f6nnum merkja \u00fea\u00f0? \u00deeir e\u00f0 mitt f\u00f3lk uppsvelgja a\u00f0 \u00feeir ali sj\u00e1lfa sig, en <a href=\"https:\/\/biblian.is\/gudbrandsbiblia\/salmarnir-14-kafli\/\"> [&#8230;]<\/a><\/p>\n","protected":false},"author":1,"featured_media":0,"parent":0,"menu_order":0,"comment_status":"open","ping_status":"open","template":"bibliukaflar.php","meta":{"footnotes":""},"class_list":["post-3185","page","type-page","status-publish","hentry"],"_links":{"self":[{"href":"https:\/\/biblian.is\/gudbrandsbiblia\/wp-json\/wp\/v2\/pages\/3185","targetHints":{"allow":["GET"]}}],"collection":[{"href":"https:\/\/biblian.is\/gudbrandsbiblia\/wp-json\/wp\/v2\/pages"}],"about":[{"href":"https:\/\/biblian.is\/gudbrandsbiblia\/wp-json\/wp\/v2\/types\/page"}],"author":[{"embeddable":true,"href":"https:\/\/biblian.is\/gudbrandsbiblia\/wp-json\/wp\/v2\/users\/1"}],"replies":[{"embeddable":true,"href":"https:\/\/biblian.is\/gudbrandsbiblia\/wp-json\/wp\/v2\/comments?post=3185"}],"version-history":[{"count":0,"href":"https:\/\/biblian.is\/gudbrandsbiblia\/wp-json\/wp\/v2\/pages\/3185\/revisions"}],"wp:attachment":[{"href":"https:\/\/biblian.is\/gudbrandsbiblia\/wp-json\/wp\/v2\/media?parent=3185"}],"curies":[{"name":"wp","href":"https:\/\/api.w.org\/{rel}","templated":true}]}}