{"id":3184,"date":"2017-12-18T18:32:54","date_gmt":"2017-12-18T18:32:54","guid":{"rendered":"http:\/\/biblian.is\/gudbrandsbiblia\/salmarnir-13-kafli\/"},"modified":"2017-12-18T18:32:54","modified_gmt":"2017-12-18T18:32:54","slug":"salmarnir-13-kafli","status":"publish","type":"page","link":"https:\/\/biblian.is\/gudbrandsbiblia\/salmarnir-13-kafli\/","title":{"rendered":"S\u00e1lmarnir 13. kafli"},"content":{"rendered":"<p>XIII.<\/p>\n<p>S\u00e1lmur Dav\u00ed\u00f0s fyrir a\u00f0 syngja<\/p>\n<p>Hversu lengi vilt \u00fe\u00fa, Drottinn, forgleyma m\u00e9r \u00feannin me\u00f0 \u00f6llu? Hversu lengi \u00fe\u00e1 hylur \u00fe\u00fa \u00feitt andlit fyrir m\u00e9r?<\/p>\n<p>\tHversu lengi \u00fe\u00e1 skal eg \u00feannin kvalr\u00e1\u00f0ur vera \u00ed minni s\u00e1lu og angra mig svo \u00ed m\u00ednu hjarta daglegana? Hversu lengi skal minn \u00f3vin forhefja sig upp yfir mig?<\/p>\n<p>\tSj\u00e1 \u00fe\u00fa \u00fear til og b\u00e6nheyr mig, Drottinn minn Gu\u00f0. <span class=\"athugasemd\" title=\"a \/ Gle\u00f0 mitt andlit \/ S\u00e1l. 88 \/ Esa. 59\">[<\/span> Uppl\u00fds \u00fe\u00fa m\u00edn augu so a\u00f0 eg sofni ekki \u00ed dau\u00f0anum<\/p>\n<p>\tso \u00fea\u00f0 minn \u00f3vinur h\u00e6list ekki um \u00fea\u00f0 a\u00f0 hann s\u00e9 m\u00e9r m\u00e1ttugri or\u00f0inn og hinir sem mig m\u00f3tstanda megi sig ekki af \u00fev\u00ed gle\u00f0ja a\u00f0 eg liggi fallinn.<\/p>\n<p>\tEn eg treysti \u00fear upp \u00e1 a\u00f0 \u00fe\u00fa svo miskunnsamur ert, mitt hjarta \u00fea\u00f0 gle\u00f0ur sig \u00ed \u00fe\u00ednu hj\u00e1lpr\u00e6\u00f0i.<\/p>\n<p>\tEg vil syngja Drottni lof \u00fev\u00ed a\u00f0 hann gj\u00f6rir svo vel til m\u00edn.<\/p>\n","protected":false},"excerpt":{"rendered":"<p>XIII. S\u00e1lmur Dav\u00ed\u00f0s fyrir a\u00f0 syngja Hversu lengi vilt \u00fe\u00fa, Drottinn, forgleyma m\u00e9r \u00feannin me\u00f0 \u00f6llu? Hversu lengi \u00fe\u00e1 hylur \u00fe\u00fa \u00feitt andlit fyrir m\u00e9r? Hversu lengi \u00fe\u00e1 skal eg \u00feannin kvalr\u00e1\u00f0ur vera \u00ed minni s\u00e1lu og angra mig svo \u00ed m\u00ednu hjarta daglegana? Hversu lengi skal minn \u00f3vin forhefja sig upp yfir mig? Sj\u00e1 \u00fe\u00fa \u00fear til og b\u00e6nheyr mig, Drottinn minn Gu\u00f0. [ Uppl\u00fds \u00fe\u00fa m\u00edn augu so a\u00f0 eg sofni ekki \u00ed dau\u00f0anum so \u00fea\u00f0 minn \u00f3vinur h\u00e6list ekki um \u00fea\u00f0 a\u00f0 hann s\u00e9 m\u00e9r m\u00e1ttugri or\u00f0inn og hinir sem mig m\u00f3tstanda megi sig ekki af \u00fev\u00ed <a href=\"https:\/\/biblian.is\/gudbrandsbiblia\/salmarnir-13-kafli\/\"> [&#8230;]<\/a><\/p>\n","protected":false},"author":1,"featured_media":0,"parent":0,"menu_order":0,"comment_status":"open","ping_status":"open","template":"bibliukaflar.php","meta":{"footnotes":""},"class_list":["post-3184","page","type-page","status-publish","hentry"],"_links":{"self":[{"href":"https:\/\/biblian.is\/gudbrandsbiblia\/wp-json\/wp\/v2\/pages\/3184","targetHints":{"allow":["GET"]}}],"collection":[{"href":"https:\/\/biblian.is\/gudbrandsbiblia\/wp-json\/wp\/v2\/pages"}],"about":[{"href":"https:\/\/biblian.is\/gudbrandsbiblia\/wp-json\/wp\/v2\/types\/page"}],"author":[{"embeddable":true,"href":"https:\/\/biblian.is\/gudbrandsbiblia\/wp-json\/wp\/v2\/users\/1"}],"replies":[{"embeddable":true,"href":"https:\/\/biblian.is\/gudbrandsbiblia\/wp-json\/wp\/v2\/comments?post=3184"}],"version-history":[{"count":0,"href":"https:\/\/biblian.is\/gudbrandsbiblia\/wp-json\/wp\/v2\/pages\/3184\/revisions"}],"wp:attachment":[{"href":"https:\/\/biblian.is\/gudbrandsbiblia\/wp-json\/wp\/v2\/media?parent=3184"}],"curies":[{"name":"wp","href":"https:\/\/api.w.org\/{rel}","templated":true}]}}