{"id":3183,"date":"2017-12-18T18:32:54","date_gmt":"2017-12-18T18:32:54","guid":{"rendered":"http:\/\/biblian.is\/gudbrandsbiblia\/salmarnir-12-kafli\/"},"modified":"2017-12-18T18:32:54","modified_gmt":"2017-12-18T18:32:54","slug":"salmarnir-12-kafli","status":"publish","type":"page","link":"https:\/\/biblian.is\/gudbrandsbiblia\/salmarnir-12-kafli\/","title":{"rendered":"S\u00e1lmarnir 12. kafli"},"content":{"rendered":"<p>XII.<\/p>\n<p>S\u00e1lmur Dav\u00ed\u00f0s fyrir a\u00f0 syngja upp \u00e1 \u00e1tta strengja hlj\u00f3\u00f0f\u00e6ri<\/p>\n<p>Hj\u00e1lpa \u00fe\u00fa, Drottinn, \u00fev\u00ed a\u00f0 hina heil\u00f6gu tekur a\u00f0 f\u00e6kka og hinir r\u00e9ttfer\u00f0ugu eru mj\u00f6g f\u00e1ir or\u00f0nir me\u00f0al mannanna sona. <span class=\"athugasemd\" title=\"S\u00e1l. 120\">[<\/span> <\/p>\n<p>\tHv\u00f6r og einn talar vi\u00f0 annan f\u00e1fengilega hluti me\u00f0 smja\u00f0ran og l\u00e6ra \u00fat af tv\u00eddr\u00e6gu hjarta.<\/p>\n<p>\tDrottinn fyrirfari \u00f6llum smja\u00f0runarv\u00f6rum og \u00feeirra tungum sem st\u00f3r or\u00f0 tala,<\/p>\n<p>\t\u00feeir e\u00f0 \u00fea\u00f0 segja: &#8222;Vor tunga skal yfirr\u00e1\u00f0in hafa, oss ber a\u00f0 tala, hver er vor yfirherra?&#8220;<\/p>\n<p>\tFyrir eymdarsakir vola\u00f0ra og andvarpanar sakir f\u00e1t\u00e6kra vil eg uppr\u00edsa&#8220; segir Drottinn. &#8222;Eg vil eitt hj\u00e1lpr\u00e6\u00f0i veita svo menn skulu alldjarflega l\u00e6ra.&#8220;<\/p>\n<p>\tM\u00e1li\u00f0 Drottins er eitt hreint m\u00e1l, so sem kl\u00e1ra\u00f0 silfur \u00ed deigulm\u00f3, sj\u00f6 sinnum hreinsa\u00f0.<\/p>\n<p>\t\u00de\u00fa, Drottinn, var\u00f0veit \u00fe\u00e1 og var\u00f0veit oss fr\u00e1 \u00feessari kynsl\u00f3\u00f0 eil\u00edflega.<\/p>\n<p>\tAlls sta\u00f0ar er \u00fear fj\u00f6ldi \u00f3gu\u00f0legra hvar e\u00f0 sl\u00edkir f\u00e1neytir drottna me\u00f0al f\u00f3lksins.<\/p>\n","protected":false},"excerpt":{"rendered":"<p>XII. S\u00e1lmur Dav\u00ed\u00f0s fyrir a\u00f0 syngja upp \u00e1 \u00e1tta strengja hlj\u00f3\u00f0f\u00e6ri Hj\u00e1lpa \u00fe\u00fa, Drottinn, \u00fev\u00ed a\u00f0 hina heil\u00f6gu tekur a\u00f0 f\u00e6kka og hinir r\u00e9ttfer\u00f0ugu eru mj\u00f6g f\u00e1ir or\u00f0nir me\u00f0al mannanna sona. [ Hv\u00f6r og einn talar vi\u00f0 annan f\u00e1fengilega hluti me\u00f0 smja\u00f0ran og l\u00e6ra \u00fat af tv\u00eddr\u00e6gu hjarta. Drottinn fyrirfari \u00f6llum smja\u00f0runarv\u00f6rum og \u00feeirra tungum sem st\u00f3r or\u00f0 tala, \u00feeir e\u00f0 \u00fea\u00f0 segja: &#8222;Vor tunga skal yfirr\u00e1\u00f0in hafa, oss ber a\u00f0 tala, hver er vor yfirherra?&#8220; Fyrir eymdarsakir vola\u00f0ra og andvarpanar sakir f\u00e1t\u00e6kra vil eg uppr\u00edsa&#8220; segir Drottinn. &#8222;Eg vil eitt hj\u00e1lpr\u00e6\u00f0i veita svo menn skulu alldjarflega l\u00e6ra.&#8220; M\u00e1li\u00f0 Drottins <a href=\"https:\/\/biblian.is\/gudbrandsbiblia\/salmarnir-12-kafli\/\"> [&#8230;]<\/a><\/p>\n","protected":false},"author":1,"featured_media":0,"parent":0,"menu_order":0,"comment_status":"open","ping_status":"open","template":"bibliukaflar.php","meta":{"footnotes":""},"class_list":["post-3183","page","type-page","status-publish","hentry"],"_links":{"self":[{"href":"https:\/\/biblian.is\/gudbrandsbiblia\/wp-json\/wp\/v2\/pages\/3183","targetHints":{"allow":["GET"]}}],"collection":[{"href":"https:\/\/biblian.is\/gudbrandsbiblia\/wp-json\/wp\/v2\/pages"}],"about":[{"href":"https:\/\/biblian.is\/gudbrandsbiblia\/wp-json\/wp\/v2\/types\/page"}],"author":[{"embeddable":true,"href":"https:\/\/biblian.is\/gudbrandsbiblia\/wp-json\/wp\/v2\/users\/1"}],"replies":[{"embeddable":true,"href":"https:\/\/biblian.is\/gudbrandsbiblia\/wp-json\/wp\/v2\/comments?post=3183"}],"version-history":[{"count":0,"href":"https:\/\/biblian.is\/gudbrandsbiblia\/wp-json\/wp\/v2\/pages\/3183\/revisions"}],"wp:attachment":[{"href":"https:\/\/biblian.is\/gudbrandsbiblia\/wp-json\/wp\/v2\/media?parent=3183"}],"curies":[{"name":"wp","href":"https:\/\/api.w.org\/{rel}","templated":true}]}}