{"id":3182,"date":"2017-12-18T18:32:54","date_gmt":"2017-12-18T18:32:54","guid":{"rendered":"http:\/\/biblian.is\/gudbrandsbiblia\/salmarnir-11-kafli\/"},"modified":"2017-12-18T18:32:54","modified_gmt":"2017-12-18T18:32:54","slug":"salmarnir-11-kafli","status":"publish","type":"page","link":"https:\/\/biblian.is\/gudbrandsbiblia\/salmarnir-11-kafli\/","title":{"rendered":"S\u00e1lmarnir 11. kafli"},"content":{"rendered":"<p>XI.<\/p>\n<p>S\u00e1lmur Dav\u00ed\u00f0s a\u00f0 syngja fyrir <\/p>\n<p>Eg treysti \u00e1 Drottin. Hvernin segi \u00fe\u00e9r \u00fe\u00e1 minni s\u00e1lu \u00fea\u00f0 h\u00fan skuli flj\u00faga sem sk\u00f3garfugl upp \u00e1 y\u00f0ar fj\u00f6ll?<\/p>\n<p>\t\u00dev\u00ed a\u00f0 sj\u00e1 \u00fe\u00fa, hinir \u00f3gu\u00f0legu spanna sinn boga og leggja s\u00ednar \u00f6rvar \u00e1 streng a\u00f0 \u00feeir heimuglega skj\u00f3ti hina r\u00e9ttfer\u00f0ugu \u00fear me\u00f0.<\/p>\n<p>\t\u00dev\u00ed a\u00f0 grundv\u00f6llurinn brutu \u00feeir ni\u00f0ur a\u00f0 grunni. <span class=\"athugasemd\" title=\"a \/ (Hverju) \/ skal \u00feessi narri banna e\u00f0ur l\u00e6ra oss\">[<\/span> Hverju skal s\u00e1 r\u00e9ttl\u00e1ti til vegar koma?<\/p>\n<p>\tDrottinn er \u00ed s\u00ednu heil\u00f6gu musteri, \u00e1 himnum er Drottins tignars\u00e6ti, hans augu sj\u00e1 \u00fear upp \u00e1, hans augahvarmar reyna mannanna sonu.<\/p>\n<p>\tDrottinn hann reynir hinn r\u00e9ttl\u00e1ta, hans s\u00e1la a\u00f0 hatri hefur hinn \u00f3gu\u00f0lega og \u00fe\u00e1 sem illskuverkin gjarnan fremja.<\/p>\n<p>\tHann mun rigna l\u00e1ta yfir hina \u00f3gu\u00f0legu eldflaugum, eldi og brennisteini og stormvi\u00f0ri\u00f0 mun hann \u00feeim a\u00f0 ver\u00f0launum gefa.<\/p>\n<p>\tDrottinn er r\u00e9ttl\u00e1tur og elskar r\u00e9ttl\u00e6ti\u00f0, \u00fear frir a\u00f0 <span class=\"athugasemd\" title=\"sword R\u00e9ttl\u00e1tu\">[<\/span> \u00feeirra andlit l\u00edtur \u00e1 \u00fea\u00f0 hva\u00f0 r\u00e9ttfer\u00f0ugt er.<\/p>\n","protected":false},"excerpt":{"rendered":"<p>XI. S\u00e1lmur Dav\u00ed\u00f0s a\u00f0 syngja fyrir Eg treysti \u00e1 Drottin. Hvernin segi \u00fe\u00e9r \u00fe\u00e1 minni s\u00e1lu \u00fea\u00f0 h\u00fan skuli flj\u00faga sem sk\u00f3garfugl upp \u00e1 y\u00f0ar fj\u00f6ll? \u00dev\u00ed a\u00f0 sj\u00e1 \u00fe\u00fa, hinir \u00f3gu\u00f0legu spanna sinn boga og leggja s\u00ednar \u00f6rvar \u00e1 streng a\u00f0 \u00feeir heimuglega skj\u00f3ti hina r\u00e9ttfer\u00f0ugu \u00fear me\u00f0. \u00dev\u00ed a\u00f0 grundv\u00f6llurinn brutu \u00feeir ni\u00f0ur a\u00f0 grunni. [ Hverju skal s\u00e1 r\u00e9ttl\u00e1ti til vegar koma? Drottinn er \u00ed s\u00ednu heil\u00f6gu musteri, \u00e1 himnum er Drottins tignars\u00e6ti, hans augu sj\u00e1 \u00fear upp \u00e1, hans augahvarmar reyna mannanna sonu. Drottinn hann reynir hinn r\u00e9ttl\u00e1ta, hans s\u00e1la a\u00f0 hatri hefur hinn \u00f3gu\u00f0lega og <a href=\"https:\/\/biblian.is\/gudbrandsbiblia\/salmarnir-11-kafli\/\"> [&#8230;]<\/a><\/p>\n","protected":false},"author":1,"featured_media":0,"parent":0,"menu_order":0,"comment_status":"open","ping_status":"open","template":"bibliukaflar.php","meta":{"footnotes":""},"class_list":["post-3182","page","type-page","status-publish","hentry"],"_links":{"self":[{"href":"https:\/\/biblian.is\/gudbrandsbiblia\/wp-json\/wp\/v2\/pages\/3182","targetHints":{"allow":["GET"]}}],"collection":[{"href":"https:\/\/biblian.is\/gudbrandsbiblia\/wp-json\/wp\/v2\/pages"}],"about":[{"href":"https:\/\/biblian.is\/gudbrandsbiblia\/wp-json\/wp\/v2\/types\/page"}],"author":[{"embeddable":true,"href":"https:\/\/biblian.is\/gudbrandsbiblia\/wp-json\/wp\/v2\/users\/1"}],"replies":[{"embeddable":true,"href":"https:\/\/biblian.is\/gudbrandsbiblia\/wp-json\/wp\/v2\/comments?post=3182"}],"version-history":[{"count":0,"href":"https:\/\/biblian.is\/gudbrandsbiblia\/wp-json\/wp\/v2\/pages\/3182\/revisions"}],"wp:attachment":[{"href":"https:\/\/biblian.is\/gudbrandsbiblia\/wp-json\/wp\/v2\/media?parent=3182"}],"curies":[{"name":"wp","href":"https:\/\/api.w.org\/{rel}","templated":true}]}}