{"id":3181,"date":"2017-12-18T18:32:54","date_gmt":"2017-12-18T18:32:54","guid":{"rendered":"http:\/\/biblian.is\/gudbrandsbiblia\/salmarnir-10-kafli\/"},"modified":"2017-12-18T18:32:54","modified_gmt":"2017-12-18T18:32:54","slug":"salmarnir-10-kafli","status":"publish","type":"page","link":"https:\/\/biblian.is\/gudbrandsbiblia\/salmarnir-10-kafli\/","title":{"rendered":"S\u00e1lmarnir 10. kafli"},"content":{"rendered":"<p>X.<\/p>\n<p>Hvar fyrir ert \u00fe\u00fa, Drottinn, so fjarl\u00e6gur og geymir \u00feig \u00e1 h\u00f6rmungart\u00edmanum? <span class=\"athugasemd\" title=\"Esa. 54 \/ Psal. 13\">[<\/span><\/p>\n<p>\t\u00c1 me\u00f0an hinn \u00f3gu\u00f0legi veitir <span class=\"athugasemd\" title=\"a \/ (Yfirgang) \/ me\u00f0 l\u00e6rd\u00f3mi og ska\u00f0a dreissar hann so sem hef\u00f0i hann gott verk gj\u00f6rt\">[<\/span> yfirgang \u00fe\u00e1 hl\u00fdtur hinn f\u00e1r\u00e1\u00f0i a\u00f0 l\u00ed\u00f0a. \u00deeir halda saman og upphugsa hva\u00f0 vondslegt er. <\/p>\n<p>\t\u00dev\u00ed a\u00f0 hinn \u00f3gu\u00f0legi hr\u00f3sar s\u00e9r \u00ed sinni m\u00f3t\u00fer\u00f3an og hinn illgjarni blessar sig og lastar Drottin.<\/p>\n<p>\tHinn \u00f3gu\u00f0legi er svo ofurd\u00e1\u00f0ugur og rei\u00f0ur a\u00f0 hann hir\u00f0ir um \u00f6ngvan, \u00ed \u00f6llu s\u00ednu ath\u00e6fi vir\u00f0ir hann Gu\u00f0 einskis.<\/p>\n<p>\t<span class=\"athugasemd\" title=\"b \/ Hann er a\u00f0, kostar kapps \u00e1 a\u00f0 hans verk f\u00e1i framgang og haldist vi\u00f0 magt\">[<\/span> Sinni idiu heldur hann samt fram, \u00fe\u00ednir d\u00f3mar eru honum mj\u00f6g fjarl\u00e6gir, hann breytir drambsamlega vi\u00f0 alla s\u00edna \u00f3vini.<\/p>\n<p>\tHann segir \u00ed s\u00ednu hjarta: &#8222;Aldrei ver\u00f0 eg yfirbuga\u00f0ur, um aldur og \u00e6vi mun \u00fea\u00f0 h\u00e9\u00f0an \u00ed fr\u00e1 h\u00e1skalaust vera.&#8220;<\/p>\n<p>\tHans munnur er fullur b\u00f6lvanar, falsleika og svikr\u00e6\u00f0is, undir hans tungur\u00f3tum er hrygg\u00f0 og erfi\u00f0i.<\/p>\n<p>\tHann umsitur \u00ed g\u00f6r\u00f0unum a\u00f0 drepa \u00feann saklausa leynilega, hans augu stara \u00e1 \u00feann f\u00e1t\u00e6ka.<\/p>\n<p>\tHann umsitur \u00ed leyni so sem le\u00f3n \u00ed b\u00e6li s\u00ednu, hann umsitur a\u00f0 gr\u00edpa hinn f\u00e1t\u00e6ka a\u00f0 hann f\u00e1i veitt hann \u00fe\u00e1 e\u00f0 hann teygir hann \u00ed s\u00edna sn\u00f6ru.<\/p>\n<p>\tHann melur \u00ed sundur, ni\u00f0ur\u00ferykkir og fellir hinn vola\u00f0a me\u00f0 ofr\u00edki.<\/p>\n<p>\tHann segir \u00ed s\u00ednu hjarta: &#8222;Gu\u00f0 hefur forgleymt \u00fev\u00ed, hann hefur s\u00ednu andliti \u00fear fr\u00e1 sn\u00fai\u00f0 so a\u00f0 aldrei muni hann \u00fea\u00f0 sj\u00e1.&#8220; <span class=\"athugasemd\" title=\"Esa. 54 \/ Psal. 13 \/ Sup. 4\">[<\/span><\/p>\n<p>\tR\u00eds upp, Drottinn Gu\u00f0, upphef \u00fe\u00edna h\u00f6nd, forgleym ekki \u00feeim f\u00e1t\u00e6ku.<\/p>\n<p>\tHvar fyrir skal hinn \u00f3gu\u00f0legi lasta Gu\u00f0 og segja \u00ed s\u00ednu hjarta: &#8222;Eigi skeytir hann \u00fev\u00ed&#8220;?<\/p>\n<p>\t\u00dea\u00f0 sama s\u00e9r \u00fe\u00fa vel \u00fev\u00ed a\u00f0 \u00fe\u00fa l\u00edtur \u00fe\u00e1 eymd og arm\u00e6\u00f0i, undir \u00fe\u00ednum h\u00f6ndum er \u00fea\u00f0 komi\u00f0, hinir f\u00e1t\u00e6ku b\u00edfala \u00fea\u00f0 \u00fe\u00e9r, \u00fe\u00fa ert hj\u00e1lparinn f\u00f6\u00f0urlausra.<\/p>\n<p>\t\u00cd sundur brj\u00f3t \u00fe\u00fa armlegg hins \u00f3gu\u00f0lega og leita a\u00f0 hans illsku svo a\u00f0 hans \u00f3gu\u00f0legt ath\u00e6fi ver\u00f0i ei meir fundi\u00f0.<\/p>\n<p>\tDrottinn mun r\u00edkja um aldur og a\u00f0 eil\u00edfu, hinir hei\u00f0nu munu fyrirfarast \u00fat af hans landi.<\/p>\n<p>\tGirnd \u00feeirra f\u00e1t\u00e6ku heyrir \u00fe\u00fa, Drottinn, \u00feeirra hjarta veit vissulega a\u00f0 \u00feitt eyra hyggur \u00fear a\u00f0<\/p>\n<p>\tsvo a\u00f0 \u00fe\u00fa d\u00e6mir r\u00e9tt hinum f\u00f6\u00f0urlausa og f\u00e1t\u00e6ka a\u00f0 eigi haldi s\u00e1 ma\u00f0ur meir \u00e1fram a\u00f0 st\u00e6ra sig \u00e1 j\u00f6r\u00f0unni.<\/p>\n","protected":false},"excerpt":{"rendered":"<p>X. Hvar fyrir ert \u00fe\u00fa, Drottinn, so fjarl\u00e6gur og geymir \u00feig \u00e1 h\u00f6rmungart\u00edmanum? [ \u00c1 me\u00f0an hinn \u00f3gu\u00f0legi veitir [ yfirgang \u00fe\u00e1 hl\u00fdtur hinn f\u00e1r\u00e1\u00f0i a\u00f0 l\u00ed\u00f0a. \u00deeir halda saman og upphugsa hva\u00f0 vondslegt er. \u00dev\u00ed a\u00f0 hinn \u00f3gu\u00f0legi hr\u00f3sar s\u00e9r \u00ed sinni m\u00f3t\u00fer\u00f3an og hinn illgjarni blessar sig og lastar Drottin. Hinn \u00f3gu\u00f0legi er svo ofurd\u00e1\u00f0ugur og rei\u00f0ur a\u00f0 hann hir\u00f0ir um \u00f6ngvan, \u00ed \u00f6llu s\u00ednu ath\u00e6fi vir\u00f0ir hann Gu\u00f0 einskis. [ Sinni idiu heldur hann samt fram, \u00fe\u00ednir d\u00f3mar eru honum mj\u00f6g fjarl\u00e6gir, hann breytir drambsamlega vi\u00f0 alla s\u00edna \u00f3vini. Hann segir \u00ed s\u00ednu hjarta: &#8222;Aldrei ver\u00f0 eg <a href=\"https:\/\/biblian.is\/gudbrandsbiblia\/salmarnir-10-kafli\/\"> [&#8230;]<\/a><\/p>\n","protected":false},"author":1,"featured_media":0,"parent":0,"menu_order":0,"comment_status":"open","ping_status":"open","template":"bibliukaflar.php","meta":{"footnotes":""},"class_list":["post-3181","page","type-page","status-publish","hentry"],"_links":{"self":[{"href":"https:\/\/biblian.is\/gudbrandsbiblia\/wp-json\/wp\/v2\/pages\/3181","targetHints":{"allow":["GET"]}}],"collection":[{"href":"https:\/\/biblian.is\/gudbrandsbiblia\/wp-json\/wp\/v2\/pages"}],"about":[{"href":"https:\/\/biblian.is\/gudbrandsbiblia\/wp-json\/wp\/v2\/types\/page"}],"author":[{"embeddable":true,"href":"https:\/\/biblian.is\/gudbrandsbiblia\/wp-json\/wp\/v2\/users\/1"}],"replies":[{"embeddable":true,"href":"https:\/\/biblian.is\/gudbrandsbiblia\/wp-json\/wp\/v2\/comments?post=3181"}],"version-history":[{"count":0,"href":"https:\/\/biblian.is\/gudbrandsbiblia\/wp-json\/wp\/v2\/pages\/3181\/revisions"}],"wp:attachment":[{"href":"https:\/\/biblian.is\/gudbrandsbiblia\/wp-json\/wp\/v2\/media?parent=3181"}],"curies":[{"name":"wp","href":"https:\/\/api.w.org\/{rel}","templated":true}]}}