{"id":3180,"date":"2017-12-18T18:32:54","date_gmt":"2017-12-18T18:32:54","guid":{"rendered":"http:\/\/biblian.is\/gudbrandsbiblia\/salmarnir-9-kafli\/"},"modified":"2017-12-18T18:32:54","modified_gmt":"2017-12-18T18:32:54","slug":"salmarnir-9-kafli","status":"publish","type":"page","link":"https:\/\/biblian.is\/gudbrandsbiblia\/salmarnir-9-kafli\/","title":{"rendered":"S\u00e1lmarnir 9. kafli"},"content":{"rendered":"<p>IX.<\/p>\n<p>S\u00e1lmur Dav\u00ed\u00f0s \u00fat af \u00feeirri f\u00f6gru ungd\u00f3ms\u00e6sku fyrir a\u00f0 syngja<\/p>\n<p>Eg \u00feakka \u00fe\u00e9r, Drottinn, \u00fat af \u00f6llu m\u00ednu hjarta og allar \u00fe\u00ednar d\u00e1semdir vil eg framtelja.<\/p>\n<p>\tEg fagna og em gla\u00f0ur \u00ed \u00fe\u00e9r og syng lof \u00fe\u00ednu nafni, \u00fe\u00fa Hinn allrah\u00e6sti, <\/p>\n<p>\t\u00fea\u00f0 \u00fe\u00fa snerir m\u00ednum \u00f3vinum \u00e1 h\u00e6l aftur so \u00feeir eru fallnir og fyrirf\u00f3rust fyrir \u00feinni augs\u00fdn.<\/p>\n<p>\t\u00dev\u00ed a\u00f0 \u00fe\u00fa gj\u00f6r\u00f0ir m\u00e9r r\u00e9tt og m\u00ednu m\u00e1lefni, \u00fe\u00fa situr \u00e1 d\u00f3mst\u00f3lnum einn r\u00e9ttv\u00eds d\u00f3mari.<\/p>\n<p>\t\u00de\u00fa straffar hei\u00f0ingjana og fyrirkemur \u00feeim \u00f3gu\u00f0legu, \u00feeirra n\u00f6fn afskefur \u00fe\u00fa um aldur og a\u00f0 eil\u00edfu.<\/p>\n<p>\tSver\u00f0in \u00f3vinarins ur\u00f0u a\u00f0 s\u00ed\u00f0sta a\u00f0 \u00f6ngvu og borgirnar braustu ni\u00f0ur, \u00feeirra minning hefur fyrirfarist me\u00f0 \u00feeim.<\/p>\n<p>\tEn Drottinn bl\u00edfur eil\u00edflega, hann hefur sitt tignars\u00e6ti tilb\u00fai\u00f0 til d\u00f3msins.<\/p>\n<p>\tOg hann mun heimskringluna r\u00e9ttilega d\u00e6ma og f\u00f3lkinu me\u00f0ur r\u00e9ttv\u00edsi stj\u00f3rna.<\/p>\n<p>\tOg Drottinn er athvarf hins f\u00e1t\u00e6ka, eitt athvarf \u00fe\u00e1 \u00e1liggur \u00ed ney\u00f0inni.<\/p>\n<p>\t\u00dear fyrir treysta \u00feeir \u00e1 \u00feig sem \u00feitt nafn \u00feekkja \u00fev\u00ed a\u00f0 \u00fe\u00fa yfirgefur ekki, Drottinn, \u00fe\u00e1 sem \u00fe\u00edn leita.<\/p>\n<p>\tSyngi\u00f0 lof Drottni, \u00feeim e\u00f0 til S\u00edon byggir, kunngj\u00f6ri\u00f0 me\u00f0al f\u00f3lksins hans verk.<\/p>\n<p>\t\u00dev\u00ed a\u00f0 minnist hann og hann spyr eftir \u00feeirra bl\u00f3\u00f0i, hann forgleymir ekki kalli \u00feeirra f\u00e1t\u00e6ku.<\/p>\n<p>\tMiskunna \u00fe\u00fa m\u00e9r, Drottinn, l\u00edt \u00fe\u00fa \u00e1 eymd m\u00edna me\u00f0al \u00f3vina minna, \u00fe\u00fa s\u00e1 e\u00f0 mig upphefur \u00fat af dau\u00f0ans dyrum,<\/p>\n<p>\tupp \u00e1 \u00fea\u00f0 eg framtelji allar m\u00ednar lofs\u00f6gur \u00ed borgarhli\u00f0ur d\u00f3tturinnar S\u00edon so \u00fea\u00f0 eg gla\u00f0ur s\u00e9 yfir \u00fe\u00ednu hj\u00e1lpr\u00e6\u00f0i.<\/p>\n<p>\tHinir hei\u00f0nu eru ni\u00f0urs\u00f6kktir \u00ed grafirnar \u00fe\u00e6r e\u00f0 \u00feeir h\u00f6f\u00f0u tilb\u00fai\u00f0, \u00feeirra f\u00f3tur er \u00ed \u00feeirri sn\u00f6runni fastur sem sj\u00e1lfir \u00feeir uppegndu.<\/p>\n<p>\t\u00deannin \u00feekkist \u00fea\u00f0 a\u00f0 Drottinn l\u00e6tur r\u00e9tt ske a\u00f0 hinn \u00f3gu\u00f0hr\u00e6ddi er fj\u00f6tra\u00f0ur \u00ed verkum sinna handa fyrir <span class=\"athugasemd\" title=\"a \/ (Or\u00f0i\u00f0) \/ \u00c1n sver\u00f0s, valds e\u00f0ur holdlegrar magtar. \u00cd \u00fe\u00f6gn og von er \u00feinn kraftur. Esa. 30.\">[<\/span> or\u00f0i\u00f0. Sela.<\/p>\n<p>\tSn\u00faist hinir \u00f3mildu til helv\u00edtis, allir \u00feeir hei\u00f0ingjar sem Gu\u00f0i forgleyma.<\/p>\n<p>\t\u00dev\u00ed a\u00f0 ei mun hann me\u00f0 \u00f6llu forgleyma hinum f\u00e1t\u00e6ka og b\u00f3nin hins vola\u00f0a mun ekki glatast \u00e6vinlega.<\/p>\n<p>\tStatt upp, Drottinn, so \u00fea\u00f0 ma\u00f0urinn ver\u00f0i ekki yfirsterkari, l\u00e1t \u00fe\u00fa alla hei\u00f0ingja d\u00e6mast fyrir \u00feinni augs\u00fdn.<\/p>\n<p>\tSet \u00fe\u00fa yfir \u00fe\u00e1, Drottinn, einn meistara svo \u00fea\u00f0 hinir hei\u00f0nu me\u00f0kenni \u00fea\u00f0 a\u00f0 \u00feeir eru menn. Sela.<\/p>\n","protected":false},"excerpt":{"rendered":"<p>IX. S\u00e1lmur Dav\u00ed\u00f0s \u00fat af \u00feeirri f\u00f6gru ungd\u00f3ms\u00e6sku fyrir a\u00f0 syngja Eg \u00feakka \u00fe\u00e9r, Drottinn, \u00fat af \u00f6llu m\u00ednu hjarta og allar \u00fe\u00ednar d\u00e1semdir vil eg framtelja. Eg fagna og em gla\u00f0ur \u00ed \u00fe\u00e9r og syng lof \u00fe\u00ednu nafni, \u00fe\u00fa Hinn allrah\u00e6sti, \u00fea\u00f0 \u00fe\u00fa snerir m\u00ednum \u00f3vinum \u00e1 h\u00e6l aftur so \u00feeir eru fallnir og fyrirf\u00f3rust fyrir \u00feinni augs\u00fdn. \u00dev\u00ed a\u00f0 \u00fe\u00fa gj\u00f6r\u00f0ir m\u00e9r r\u00e9tt og m\u00ednu m\u00e1lefni, \u00fe\u00fa situr \u00e1 d\u00f3mst\u00f3lnum einn r\u00e9ttv\u00eds d\u00f3mari. \u00de\u00fa straffar hei\u00f0ingjana og fyrirkemur \u00feeim \u00f3gu\u00f0legu, \u00feeirra n\u00f6fn afskefur \u00fe\u00fa um aldur og a\u00f0 eil\u00edfu. Sver\u00f0in \u00f3vinarins ur\u00f0u a\u00f0 s\u00ed\u00f0sta a\u00f0 \u00f6ngvu og borgirnar <a href=\"https:\/\/biblian.is\/gudbrandsbiblia\/salmarnir-9-kafli\/\"> [&#8230;]<\/a><\/p>\n","protected":false},"author":1,"featured_media":0,"parent":0,"menu_order":0,"comment_status":"open","ping_status":"open","template":"bibliukaflar.php","meta":{"footnotes":""},"class_list":["post-3180","page","type-page","status-publish","hentry"],"_links":{"self":[{"href":"https:\/\/biblian.is\/gudbrandsbiblia\/wp-json\/wp\/v2\/pages\/3180","targetHints":{"allow":["GET"]}}],"collection":[{"href":"https:\/\/biblian.is\/gudbrandsbiblia\/wp-json\/wp\/v2\/pages"}],"about":[{"href":"https:\/\/biblian.is\/gudbrandsbiblia\/wp-json\/wp\/v2\/types\/page"}],"author":[{"embeddable":true,"href":"https:\/\/biblian.is\/gudbrandsbiblia\/wp-json\/wp\/v2\/users\/1"}],"replies":[{"embeddable":true,"href":"https:\/\/biblian.is\/gudbrandsbiblia\/wp-json\/wp\/v2\/comments?post=3180"}],"version-history":[{"count":0,"href":"https:\/\/biblian.is\/gudbrandsbiblia\/wp-json\/wp\/v2\/pages\/3180\/revisions"}],"wp:attachment":[{"href":"https:\/\/biblian.is\/gudbrandsbiblia\/wp-json\/wp\/v2\/media?parent=3180"}],"curies":[{"name":"wp","href":"https:\/\/api.w.org\/{rel}","templated":true}]}}