{"id":3179,"date":"2017-12-18T18:32:54","date_gmt":"2017-12-18T18:32:54","guid":{"rendered":"http:\/\/biblian.is\/gudbrandsbiblia\/salmarnir-8-kafli\/"},"modified":"2017-12-18T18:32:54","modified_gmt":"2017-12-18T18:32:54","slug":"salmarnir-8-kafli","status":"publish","type":"page","link":"https:\/\/biblian.is\/gudbrandsbiblia\/salmarnir-8-kafli\/","title":{"rendered":"S\u00e1lmarnir 8. kafli"},"content":{"rendered":"<p>VIII.<\/p>\n<p>S\u00e1lmur Dav\u00ed\u00f0s fyrir a\u00f0 syngja upp \u00e1 <span class=\"athugasemd\" title=\"sword Git\u00edt \/ hefur veri\u00f0 hlj\u00f3\u00f0f\u00e6ri \u00e1l\u00edka gj\u00f6rt og v\u00ednpressa\">[<\/span> git\u00edt<\/p>\n<p>Drottinn, vor drottnari, hversu d\u00e1samlegt a\u00f0 er \u00feitt nafn \u00ed \u00f6llum l\u00f6ndum so a\u00f0 \u00fe\u00edn lofgj\u00f6r\u00f0 er \u00ed himninum!<\/p>\n<p>\t\u00dat af munni sm\u00e1barnanna og brj\u00f3stmylkinganna hefur \u00fe\u00fa einn <span class=\"athugasemd\" title=\"sword Lofgj\u00f6r\u00f0\">[<\/span> styrkleika tilb\u00fai\u00f0 fyrir \u00feinna \u00f3vina sakir svo a\u00f0 \u00fe\u00fa afm\u00e1\u00f0ir \u00f3vininn og \u00feann hinn hefndargjarna. <span class=\"athugasemd\" title=\"Math. 21\">[<\/span> <\/p>\n<p>\t\u00dev\u00ed a\u00f0 eg mun sj\u00e1 himnana, verki\u00f0 \u00feinna fingra, tungli\u00f0 og stj\u00f6rnurnar hverjar e\u00f0 \u00fe\u00fa hefur tilb\u00fai\u00f0.<\/p>\n<p>\tHva\u00f0 er ma\u00f0urinn \u00feess a\u00f0 \u00fe\u00fa skulir minnast hans e\u00f0ur mannsins sonur \u00fea\u00f0 \u00fe\u00fa vitjir hans? <span class=\"athugasemd\" title=\"Ebre. 2\">[<\/span> <\/p>\n<p>\tUm l\u00edtinn t\u00edma muntu l\u00e1ta hann af Gu\u00f0i yfirgefinn vera en me\u00f0 \u00e6ru og vegsemd muntu hann k\u00f3r\u00f3na.<\/p>\n<p>\t\u00de\u00fa munt setja hann einn herra yfir verkin \u00feinna handa, alla hluti \u00fe\u00e1 hefur \u00fe\u00fa honum undir f\u00e6tur lagt:<\/p>\n<p>\tSau\u00f0i og naut allt til samans, \u00fear me\u00f0 einnin sk\u00f3gard\u00fdrin, fugla loftsins og fiska sj\u00e1varins og allt hva\u00f0 \u00ed hafinu gengur. <span class=\"athugasemd\" title=\"\u00deeir inu kristnu ver\u00f0a a\u00f0 hafa s\u00edna f\u00e6\u00f0u \u00e1 j\u00f6r\u00f0unni\">[<\/span> <\/p>\n<p>\tDrottinn, vor drottnari, hversu d\u00e1samlegt er \u00feitt nafn \u00ed \u00f6llum l\u00f6ndum!<\/p>\n","protected":false},"excerpt":{"rendered":"<p>VIII. S\u00e1lmur Dav\u00ed\u00f0s fyrir a\u00f0 syngja upp \u00e1 [ git\u00edt Drottinn, vor drottnari, hversu d\u00e1samlegt a\u00f0 er \u00feitt nafn \u00ed \u00f6llum l\u00f6ndum so a\u00f0 \u00fe\u00edn lofgj\u00f6r\u00f0 er \u00ed himninum! \u00dat af munni sm\u00e1barnanna og brj\u00f3stmylkinganna hefur \u00fe\u00fa einn [ styrkleika tilb\u00fai\u00f0 fyrir \u00feinna \u00f3vina sakir svo a\u00f0 \u00fe\u00fa afm\u00e1\u00f0ir \u00f3vininn og \u00feann hinn hefndargjarna. [ \u00dev\u00ed a\u00f0 eg mun sj\u00e1 himnana, verki\u00f0 \u00feinna fingra, tungli\u00f0 og stj\u00f6rnurnar hverjar e\u00f0 \u00fe\u00fa hefur tilb\u00fai\u00f0. Hva\u00f0 er ma\u00f0urinn \u00feess a\u00f0 \u00fe\u00fa skulir minnast hans e\u00f0ur mannsins sonur \u00fea\u00f0 \u00fe\u00fa vitjir hans? [ Um l\u00edtinn t\u00edma muntu l\u00e1ta hann af Gu\u00f0i yfirgefinn vera en <a href=\"https:\/\/biblian.is\/gudbrandsbiblia\/salmarnir-8-kafli\/\"> [&#8230;]<\/a><\/p>\n","protected":false},"author":1,"featured_media":0,"parent":0,"menu_order":0,"comment_status":"open","ping_status":"open","template":"bibliukaflar.php","meta":{"footnotes":""},"class_list":["post-3179","page","type-page","status-publish","hentry"],"_links":{"self":[{"href":"https:\/\/biblian.is\/gudbrandsbiblia\/wp-json\/wp\/v2\/pages\/3179","targetHints":{"allow":["GET"]}}],"collection":[{"href":"https:\/\/biblian.is\/gudbrandsbiblia\/wp-json\/wp\/v2\/pages"}],"about":[{"href":"https:\/\/biblian.is\/gudbrandsbiblia\/wp-json\/wp\/v2\/types\/page"}],"author":[{"embeddable":true,"href":"https:\/\/biblian.is\/gudbrandsbiblia\/wp-json\/wp\/v2\/users\/1"}],"replies":[{"embeddable":true,"href":"https:\/\/biblian.is\/gudbrandsbiblia\/wp-json\/wp\/v2\/comments?post=3179"}],"version-history":[{"count":0,"href":"https:\/\/biblian.is\/gudbrandsbiblia\/wp-json\/wp\/v2\/pages\/3179\/revisions"}],"wp:attachment":[{"href":"https:\/\/biblian.is\/gudbrandsbiblia\/wp-json\/wp\/v2\/media?parent=3179"}],"curies":[{"name":"wp","href":"https:\/\/api.w.org\/{rel}","templated":true}]}}