{"id":3177,"date":"2017-12-18T18:32:54","date_gmt":"2017-12-18T18:32:54","guid":{"rendered":"http:\/\/biblian.is\/gudbrandsbiblia\/salmarnir-6-kafli\/"},"modified":"2017-12-18T18:32:54","modified_gmt":"2017-12-18T18:32:54","slug":"salmarnir-6-kafli","status":"publish","type":"page","link":"https:\/\/biblian.is\/gudbrandsbiblia\/salmarnir-6-kafli\/","title":{"rendered":"S\u00e1lmarnir 6. kafli"},"content":{"rendered":"<p>VI.<\/p>\n<p>S\u00e1lmur Dav\u00ed\u00f0s a\u00f0 syngja fyrir upp \u00e1 \u00e1tta strengja hlj\u00f3\u00f0f\u00e6ri<\/p>\n<p>Drottinn, straffa mig ekki \u00ed \u00feinni br\u00e6\u00f0i og tyfta mig ekki \u00ed \u00feinni grimmdarrei\u00f0i.<\/p>\n<p>\tMiskunna \u00fe\u00fa m\u00e9r, Drottinn, \u00fev\u00ed a\u00f0 eg em veikur, l\u00e6kna \u00fe\u00fa mig, Drottinn, af \u00fev\u00ed a\u00f0 m\u00edn bein eru skelfd.<\/p>\n<p>\tOg m\u00edn s\u00e1la er og n\u00e6sta mj\u00f6g hrelld, \u00f3 \u00fe\u00fa Drottinn, hversu lengi?<\/p>\n<p>\tSn\u00fa \u00fe\u00fa aftur, Drottinn, og hj\u00e1lpa minni s\u00e1lu, frelsa \u00fe\u00fa mig fyrir \u00feinnar miskunnar sakir.<\/p>\n<p>\t\u00dev\u00ed a\u00f0 \u00ed dau\u00f0anum er s\u00e1 ei neinn a\u00f0 \u00fe\u00edn minnist, hver er s\u00e1 \u00ed helv\u00edti a\u00f0 \u00fe\u00e9r segi \u00feakkir? <span class=\"athugasemd\" title=\"Psal. 88 \/ Psal. 115 \/ Esa. 38 \/ Bar\u00fak 2\">[<\/span> <\/p>\n<p>\tEg em m\u00e6ddur \u00ed minni andvarpan, eg <span class=\"athugasemd\" title=\"sword Eg l\u00e1 \u00ed mesta sveita\">[<\/span> \u00fev\u00e6 um allar n\u00e6tur m\u00edna s\u00e6ng og \u00ed m\u00ednum t\u00e1rum \u00fe\u00e1 v\u00e6ti eg mitt legur\u00fam.<\/p>\n<p>\tM\u00edn augs\u00fdn er d\u00f6pur af hrygg\u00f0 og tekur a\u00f0 eldast \u00fev\u00ed a\u00f0 eg kvelst \u00e1 alla vegu. <span class=\"athugasemd\" title=\"Math. 7 \/ Luc. 13\">[<\/span> <\/p>\n<p>\tV\u00edki\u00f0 \u00ed burt fr\u00e1 m\u00e9r, allir illgj\u00f6r\u00f0amenn, \u00fev\u00ed a\u00f0 Drottinn hann hefur heyrt minn gr\u00e1t.<\/p>\n<p>\tDrottinn hann heyrir m\u00edna bei\u00f0ni, Drottinn hann me\u00f0tekur m\u00edna b\u00e6n.<\/p>\n<p>\tAllir m\u00ednir \u00f3vinir munu s\u00edn skammast og mj\u00f6g skelfdir ver\u00f0a, um h\u00e6l sn\u00faast og til skammar ver\u00f0a mj\u00f6g snarlega.<\/p>\n","protected":false},"excerpt":{"rendered":"<p>VI. S\u00e1lmur Dav\u00ed\u00f0s a\u00f0 syngja fyrir upp \u00e1 \u00e1tta strengja hlj\u00f3\u00f0f\u00e6ri Drottinn, straffa mig ekki \u00ed \u00feinni br\u00e6\u00f0i og tyfta mig ekki \u00ed \u00feinni grimmdarrei\u00f0i. Miskunna \u00fe\u00fa m\u00e9r, Drottinn, \u00fev\u00ed a\u00f0 eg em veikur, l\u00e6kna \u00fe\u00fa mig, Drottinn, af \u00fev\u00ed a\u00f0 m\u00edn bein eru skelfd. Og m\u00edn s\u00e1la er og n\u00e6sta mj\u00f6g hrelld, \u00f3 \u00fe\u00fa Drottinn, hversu lengi? Sn\u00fa \u00fe\u00fa aftur, Drottinn, og hj\u00e1lpa minni s\u00e1lu, frelsa \u00fe\u00fa mig fyrir \u00feinnar miskunnar sakir. \u00dev\u00ed a\u00f0 \u00ed dau\u00f0anum er s\u00e1 ei neinn a\u00f0 \u00fe\u00edn minnist, hver er s\u00e1 \u00ed helv\u00edti a\u00f0 \u00fe\u00e9r segi \u00feakkir? [ Eg em m\u00e6ddur \u00ed minni andvarpan, <a href=\"https:\/\/biblian.is\/gudbrandsbiblia\/salmarnir-6-kafli\/\"> [&#8230;]<\/a><\/p>\n","protected":false},"author":1,"featured_media":0,"parent":0,"menu_order":0,"comment_status":"open","ping_status":"open","template":"bibliukaflar.php","meta":{"footnotes":""},"class_list":["post-3177","page","type-page","status-publish","hentry"],"_links":{"self":[{"href":"https:\/\/biblian.is\/gudbrandsbiblia\/wp-json\/wp\/v2\/pages\/3177","targetHints":{"allow":["GET"]}}],"collection":[{"href":"https:\/\/biblian.is\/gudbrandsbiblia\/wp-json\/wp\/v2\/pages"}],"about":[{"href":"https:\/\/biblian.is\/gudbrandsbiblia\/wp-json\/wp\/v2\/types\/page"}],"author":[{"embeddable":true,"href":"https:\/\/biblian.is\/gudbrandsbiblia\/wp-json\/wp\/v2\/users\/1"}],"replies":[{"embeddable":true,"href":"https:\/\/biblian.is\/gudbrandsbiblia\/wp-json\/wp\/v2\/comments?post=3177"}],"version-history":[{"count":0,"href":"https:\/\/biblian.is\/gudbrandsbiblia\/wp-json\/wp\/v2\/pages\/3177\/revisions"}],"wp:attachment":[{"href":"https:\/\/biblian.is\/gudbrandsbiblia\/wp-json\/wp\/v2\/media?parent=3177"}],"curies":[{"name":"wp","href":"https:\/\/api.w.org\/{rel}","templated":true}]}}