{"id":3176,"date":"2017-12-18T18:32:54","date_gmt":"2017-12-18T18:32:54","guid":{"rendered":"http:\/\/biblian.is\/gudbrandsbiblia\/salmarnir-5-kafli\/"},"modified":"2017-12-18T18:32:54","modified_gmt":"2017-12-18T18:32:54","slug":"salmarnir-5-kafli","status":"publish","type":"page","link":"https:\/\/biblian.is\/gudbrandsbiblia\/salmarnir-5-kafli\/","title":{"rendered":"S\u00e1lmarnir 5. kafli"},"content":{"rendered":"<p>V.<\/p>\n<p>Dav\u00ed\u00f0ss\u00e1lmur fyrir a\u00f0 syngja yfir arfinum<\/p>\n<p>Heyr \u00fe\u00fa, Drottinn, m\u00edn or\u00f0 og huglei\u00f0 mitt \u00e1kall.<\/p>\n<p>\tHygg a\u00f0 kveinstafan minnar b\u00e6nar, minn konungur og minn Gu\u00f0, \u00fev\u00ed a\u00f0 til \u00fe\u00edn vil eg bi\u00f0ja.<\/p>\n<p>\tDrottinn, \u00e1rla \u00fe\u00e1 heyr \u00fe\u00fa m\u00edna raust, \u00e1rla vil eg fyrir \u00fe\u00e9r standa og merkja \u00fea\u00f0.<\/p>\n<p>\t\u00dev\u00ed a\u00f0 \u00fe\u00fa ert ekki s\u00e1 Gu\u00f0 \u00feeim e\u00f0 \u00f3gu\u00f0legt ath\u00e6fi l\u00edkar, \u00fe\u00fa hefur a\u00f0 hatri alla illgj\u00f6r\u00f0amenn.<\/p>\n<p>\t\u00de\u00fa l\u00e6tur \u00fe\u00e1 lygim\u00e6lendur alla fyrirfarast, Drottinn hefur og stygg\u00f0 vi\u00f0 \u00feeim sem falsfullir og bl\u00f3\u00f0gjarnir eru.<\/p>\n<p>\tEn eg vil \u00ed trausti \u00feinnar miklu miskunnar innganga \u00ed \u00feitt h\u00fas og tilbi\u00f0ja fyrir \u00fe\u00ednu heil\u00f6gu musteri \u00ed \u00fe\u00ednum \u00f3tta.<\/p>\n<p>\tLei\u00f0 \u00fe\u00fa mig, Drottinn, \u00ed \u00fe\u00ednu r\u00e9ttl\u00e6ti fyrir minna \u00f3vina sakir, gj\u00f6r \u00fe\u00fa \u00feinn veg grei\u00f0an fyrir m\u00e9r.<\/p>\n<p>\t\u00dev\u00ed a\u00f0 \u00ed \u00feeirra munni er ekkert <span class=\"athugasemd\" title=\"a \/ \u00dea\u00f0 er, \u00feeirra l\u00e6rd\u00f3mur sturlar og s\u00e6rir samviskurnar me\u00f0 \u00fev\u00ed \u00feeir kenna ekki utan verkin en ekki Gu\u00f0s n\u00e1\u00f0\">[<\/span> sannlegt, \u00feeirra hi\u00f0 innra er hjartans angur, \u00feeirra barki er ein v\u00ed\u00f0opin gr\u00f6f, me\u00f0 s\u00ednum tungum handt\u00e9ra \u00feeir sviksamlega.<\/p>\n<p>\tL\u00e1t \u00fe\u00fa, Gu\u00f0, d\u00f3m \u00e1 \u00fe\u00e1 ganga svo \u00feeir falli \u00ed fr\u00e1 s\u00ednum \u00e1setningi, rek \u00fe\u00e1 \u00fat fyrir \u00feeirra mikilla misgj\u00f6r\u00f0a sakir \u00fev\u00ed a\u00f0 \u00feeir eru \u00fe\u00e9r \u00feverbrotnir.<\/p>\n<p>\tL\u00e1t \u00fe\u00e1 alla gle\u00f0jast mega sem treysta upp \u00e1 \u00feig, eil\u00edflega l\u00e1t \u00fe\u00fa \u00fe\u00e1 fagna \u00fev\u00ed a\u00f0 \u00fe\u00fa verndar \u00fe\u00e1 og l\u00e1t \u00fe\u00e1 gla\u00f0a vera \u00ed \u00fe\u00e9r sem \u00feitt nafn elska.<\/p>\n<p>\t\u00dev\u00ed a\u00f0 \u00fe\u00fa, Drottinn, blessar \u00fe\u00e1 hina r\u00e9ttl\u00e1tu, \u00fe\u00fa k\u00f3r\u00f3nar \u00fe\u00e1 me\u00f0 g\u00f3\u00f0f\u00fdsi svo sem me\u00f0 skildi einum.<\/p>\n","protected":false},"excerpt":{"rendered":"<p>V. Dav\u00ed\u00f0ss\u00e1lmur fyrir a\u00f0 syngja yfir arfinum Heyr \u00fe\u00fa, Drottinn, m\u00edn or\u00f0 og huglei\u00f0 mitt \u00e1kall. Hygg a\u00f0 kveinstafan minnar b\u00e6nar, minn konungur og minn Gu\u00f0, \u00fev\u00ed a\u00f0 til \u00fe\u00edn vil eg bi\u00f0ja. Drottinn, \u00e1rla \u00fe\u00e1 heyr \u00fe\u00fa m\u00edna raust, \u00e1rla vil eg fyrir \u00fe\u00e9r standa og merkja \u00fea\u00f0. \u00dev\u00ed a\u00f0 \u00fe\u00fa ert ekki s\u00e1 Gu\u00f0 \u00feeim e\u00f0 \u00f3gu\u00f0legt ath\u00e6fi l\u00edkar, \u00fe\u00fa hefur a\u00f0 hatri alla illgj\u00f6r\u00f0amenn. \u00de\u00fa l\u00e6tur \u00fe\u00e1 lygim\u00e6lendur alla fyrirfarast, Drottinn hefur og stygg\u00f0 vi\u00f0 \u00feeim sem falsfullir og bl\u00f3\u00f0gjarnir eru. En eg vil \u00ed trausti \u00feinnar miklu miskunnar innganga \u00ed \u00feitt h\u00fas og tilbi\u00f0ja fyrir \u00fe\u00ednu <a href=\"https:\/\/biblian.is\/gudbrandsbiblia\/salmarnir-5-kafli\/\"> [&#8230;]<\/a><\/p>\n","protected":false},"author":1,"featured_media":0,"parent":0,"menu_order":0,"comment_status":"open","ping_status":"open","template":"bibliukaflar.php","meta":{"footnotes":""},"class_list":["post-3176","page","type-page","status-publish","hentry"],"_links":{"self":[{"href":"https:\/\/biblian.is\/gudbrandsbiblia\/wp-json\/wp\/v2\/pages\/3176","targetHints":{"allow":["GET"]}}],"collection":[{"href":"https:\/\/biblian.is\/gudbrandsbiblia\/wp-json\/wp\/v2\/pages"}],"about":[{"href":"https:\/\/biblian.is\/gudbrandsbiblia\/wp-json\/wp\/v2\/types\/page"}],"author":[{"embeddable":true,"href":"https:\/\/biblian.is\/gudbrandsbiblia\/wp-json\/wp\/v2\/users\/1"}],"replies":[{"embeddable":true,"href":"https:\/\/biblian.is\/gudbrandsbiblia\/wp-json\/wp\/v2\/comments?post=3176"}],"version-history":[{"count":0,"href":"https:\/\/biblian.is\/gudbrandsbiblia\/wp-json\/wp\/v2\/pages\/3176\/revisions"}],"wp:attachment":[{"href":"https:\/\/biblian.is\/gudbrandsbiblia\/wp-json\/wp\/v2\/media?parent=3176"}],"curies":[{"name":"wp","href":"https:\/\/api.w.org\/{rel}","templated":true}]}}