{"id":3175,"date":"2017-12-18T18:32:54","date_gmt":"2017-12-18T18:32:54","guid":{"rendered":"http:\/\/biblian.is\/gudbrandsbiblia\/salmarnir-4-kafli\/"},"modified":"2017-12-18T18:32:54","modified_gmt":"2017-12-18T18:32:54","slug":"salmarnir-4-kafli","status":"publish","type":"page","link":"https:\/\/biblian.is\/gudbrandsbiblia\/salmarnir-4-kafli\/","title":{"rendered":"S\u00e1lmarnir 4. kafli"},"content":{"rendered":"<p>IIII.<\/p>\n<p>S\u00e1lmur Dav\u00ed\u00f0s <span class=\"athugasemd\" title=\"a \/ So sem \u00fe\u00e1 e\u00f0 s\u00e1 er syngur fyrir e\u00f0ur kennima\u00f0urinn upphefur vers e\u00f0ur pistil og k\u00f3rinn tekur strax undir og syngur responsorium, allel\u00faja e\u00f0a amen\">[<\/span> fyrir a\u00f0 syngja upp \u00e1 strengjaleikahlj\u00f3\u00f0f\u00e6ri.<\/p>\n<p>B\u00e6nheyr \u00fe\u00fa mig \u00fe\u00e1 eg kalla \u00e1 \u00feig, Gu\u00f0, mitt r\u00e9ttl\u00e6ti, s\u00e1 e\u00f0 m\u00e9r huggun veitir \u00ed harmkv\u00e6lingunni, miskunna \u00fe\u00fa m\u00e9r og heyr m\u00edna b\u00e6n.<\/p>\n<p>\t\u00de\u00e9r herrar, hversu lengi skal m\u00edn <span class=\"athugasemd\" title=\"a \/ \u00dea\u00f0 er, s\u00e1lmar m\u00ednir, l\u00e6rd\u00f3mur, me\u00f0 hverjum eg d\u00fdrka Gu\u00f0\">[<\/span> d\u00fdr\u00f0 l\u00f6stu\u00f0 ver\u00f0a? Hvar fyrir elski \u00fe\u00e9r h\u00e9g\u00f3mann og lygarnar so gjarna? Sela.<\/p>\n<p>\tVi\u00f0urkenni\u00f0 \u00fe\u00f3 a\u00f0 Drottinn breytir undarlega vi\u00f0 s\u00edna heilaga, Drottinn b\u00e6nheyrir mig \u00fe\u00e1 eg \u00e1kalla hann.<\/p>\n<p>\tEf \u00fe\u00e9r rei\u00f0ist \u00fe\u00e1 syndgi\u00f0 ekki, tali\u00f0 vi\u00f0 y\u00f0ar hj\u00f6rtu \u00ed y\u00f0ar hv\u00edlur\u00famum og <span class=\"athugasemd\" title=\"sword Hafi\u00f0 hlj\u00f3tt\">[<\/span> b\u00ed\u00f0i\u00f0.<\/p>\n<p>\tF\u00f3rnf\u00e6ri\u00f0 offur r\u00e9ttl\u00e6tisins og voni\u00f0 \u00e1 Drottin.<\/p>\n<p>\tMargir segja: &#8222;Hvernin skal \u00feessi oss s\u00fdna hi\u00f0 g\u00f3\u00f0a?&#8220; En \u00fe\u00fa, Drottinn, upphef \u00fe\u00fa yfir oss <span class=\"athugasemd\" title=\"b \/ (Lj\u00f3s) \/ \u00dea\u00f0 er, \u00e1l\u00edt oss h\u00fdrlega og miskunnsamlega\">[<\/span> lj\u00f3s \u00fe\u00edns andlits.<\/p>\n<p>\t\u00de\u00fa gefur gle\u00f0i m\u00ednu hjarta \u00fe\u00f3tt \u00fea\u00f0 hinir a\u00f0rir hafi gn\u00e6g\u00f0 b\u00e6\u00f0i af v\u00edni og korni.<\/p>\n<p>\tEg ligg og sef me\u00f0 \u00f6llu \u00ed fri\u00f0i \u00fev\u00ed a\u00f0 \u00fe\u00fa, Drottinn, alleinasta hj\u00e1lpar m\u00e9r \u00fea\u00f0 eg \u00f3ttalaus byggi.<\/p>\n","protected":false},"excerpt":{"rendered":"<p>IIII. S\u00e1lmur Dav\u00ed\u00f0s [ fyrir a\u00f0 syngja upp \u00e1 strengjaleikahlj\u00f3\u00f0f\u00e6ri. B\u00e6nheyr \u00fe\u00fa mig \u00fe\u00e1 eg kalla \u00e1 \u00feig, Gu\u00f0, mitt r\u00e9ttl\u00e6ti, s\u00e1 e\u00f0 m\u00e9r huggun veitir \u00ed harmkv\u00e6lingunni, miskunna \u00fe\u00fa m\u00e9r og heyr m\u00edna b\u00e6n. \u00de\u00e9r herrar, hversu lengi skal m\u00edn [ d\u00fdr\u00f0 l\u00f6stu\u00f0 ver\u00f0a? Hvar fyrir elski \u00fe\u00e9r h\u00e9g\u00f3mann og lygarnar so gjarna? Sela. Vi\u00f0urkenni\u00f0 \u00fe\u00f3 a\u00f0 Drottinn breytir undarlega vi\u00f0 s\u00edna heilaga, Drottinn b\u00e6nheyrir mig \u00fe\u00e1 eg \u00e1kalla hann. Ef \u00fe\u00e9r rei\u00f0ist \u00fe\u00e1 syndgi\u00f0 ekki, tali\u00f0 vi\u00f0 y\u00f0ar hj\u00f6rtu \u00ed y\u00f0ar hv\u00edlur\u00famum og [ b\u00ed\u00f0i\u00f0. F\u00f3rnf\u00e6ri\u00f0 offur r\u00e9ttl\u00e6tisins og voni\u00f0 \u00e1 Drottin. Margir segja: &#8222;Hvernin skal \u00feessi oss <a href=\"https:\/\/biblian.is\/gudbrandsbiblia\/salmarnir-4-kafli\/\"> [&#8230;]<\/a><\/p>\n","protected":false},"author":1,"featured_media":0,"parent":0,"menu_order":0,"comment_status":"open","ping_status":"open","template":"bibliukaflar.php","meta":{"footnotes":""},"class_list":["post-3175","page","type-page","status-publish","hentry"],"_links":{"self":[{"href":"https:\/\/biblian.is\/gudbrandsbiblia\/wp-json\/wp\/v2\/pages\/3175","targetHints":{"allow":["GET"]}}],"collection":[{"href":"https:\/\/biblian.is\/gudbrandsbiblia\/wp-json\/wp\/v2\/pages"}],"about":[{"href":"https:\/\/biblian.is\/gudbrandsbiblia\/wp-json\/wp\/v2\/types\/page"}],"author":[{"embeddable":true,"href":"https:\/\/biblian.is\/gudbrandsbiblia\/wp-json\/wp\/v2\/users\/1"}],"replies":[{"embeddable":true,"href":"https:\/\/biblian.is\/gudbrandsbiblia\/wp-json\/wp\/v2\/comments?post=3175"}],"version-history":[{"count":0,"href":"https:\/\/biblian.is\/gudbrandsbiblia\/wp-json\/wp\/v2\/pages\/3175\/revisions"}],"wp:attachment":[{"href":"https:\/\/biblian.is\/gudbrandsbiblia\/wp-json\/wp\/v2\/media?parent=3175"}],"curies":[{"name":"wp","href":"https:\/\/api.w.org\/{rel}","templated":true}]}}