{"id":3174,"date":"2017-12-18T18:32:54","date_gmt":"2017-12-18T18:32:54","guid":{"rendered":"http:\/\/biblian.is\/gudbrandsbiblia\/salmarnir-3-kafli\/"},"modified":"2017-12-18T18:32:54","modified_gmt":"2017-12-18T18:32:54","slug":"salmarnir-3-kafli","status":"publish","type":"page","link":"https:\/\/biblian.is\/gudbrandsbiblia\/salmarnir-3-kafli\/","title":{"rendered":"S\u00e1lmarnir 3. kafli"},"content":{"rendered":"<p>III.<\/p>\n<p>S\u00e1lmur Dav\u00ed\u00f0s \u00fe\u00e1 hann var\u00f0 farfl\u00f3tta fyrir syni s\u00ednum Absalom.<\/p>\n<p>Drottinn, hvernin eru m\u00ednir \u00f3vinir so fj\u00f6lga\u00f0ir og \u00feeir so margir sem so uppr\u00edsa \u00e1 m\u00f3ti m\u00e9r?<\/p>\n<p>\tMargir segja minni s\u00e1lu: &#8222;H\u00fan hefur \u00f6ngrar hj\u00e1lpar von hj\u00e1 Gu\u00f0i.&#8220; Sela.<\/p>\n<p>\tEn \u00fe\u00fa, Drottinn, ert minn hl\u00edf\u00f0arskj\u00f6ldur og s\u00e1 sem mig til hei\u00f0urs setur og hann s\u00e1 e\u00f0 mitt h\u00f6fu\u00f0 upphefur.<\/p>\n<p>\tEg kalla me\u00f0 minni raust til Drottins og hann b\u00e6nheyrir mig af s\u00ednu heil\u00f6gu fjalli. Sela.<\/p>\n<p>\tEg ligg og sef og vakna aftur \u00fev\u00ed a\u00f0 Drottinn hann sty\u00f0ur mig.<\/p>\n<p>\tEg \u00f3ttunst \u00fev\u00ed ekki m\u00f6rg hundra\u00f0 \u00fe\u00fasund manna \u00feeirra sem umkringja mig.<\/p>\n<p>\tR\u00eds upp, Drottinn, og hj\u00e1lpa m\u00e9r, minn Gu\u00f0, \u00fev\u00ed a\u00f0 \u00fe\u00fa sl\u00e6r h\u00f6gg vi\u00f0 vanga alla m\u00edna m\u00f3tst\u00f6\u00f0umenn og \u00ed sundur br\u00fdtur tennur \u00f3gu\u00f0legra.<\/p>\n<p>\tDrottinn, hj\u00e1 \u00fe\u00e9r er hj\u00e1lpin og \u00fe\u00edn blessun \u00fe\u00e1 er yfir \u00fe\u00ednu f\u00f3lki.<\/p>\n","protected":false},"excerpt":{"rendered":"<p>III. S\u00e1lmur Dav\u00ed\u00f0s \u00fe\u00e1 hann var\u00f0 farfl\u00f3tta fyrir syni s\u00ednum Absalom. Drottinn, hvernin eru m\u00ednir \u00f3vinir so fj\u00f6lga\u00f0ir og \u00feeir so margir sem so uppr\u00edsa \u00e1 m\u00f3ti m\u00e9r? Margir segja minni s\u00e1lu: &#8222;H\u00fan hefur \u00f6ngrar hj\u00e1lpar von hj\u00e1 Gu\u00f0i.&#8220; Sela. En \u00fe\u00fa, Drottinn, ert minn hl\u00edf\u00f0arskj\u00f6ldur og s\u00e1 sem mig til hei\u00f0urs setur og hann s\u00e1 e\u00f0 mitt h\u00f6fu\u00f0 upphefur. Eg kalla me\u00f0 minni raust til Drottins og hann b\u00e6nheyrir mig af s\u00ednu heil\u00f6gu fjalli. Sela. Eg ligg og sef og vakna aftur \u00fev\u00ed a\u00f0 Drottinn hann sty\u00f0ur mig. Eg \u00f3ttunst \u00fev\u00ed ekki m\u00f6rg hundra\u00f0 \u00fe\u00fasund manna \u00feeirra sem umkringja <a href=\"https:\/\/biblian.is\/gudbrandsbiblia\/salmarnir-3-kafli\/\"> [&#8230;]<\/a><\/p>\n","protected":false},"author":1,"featured_media":0,"parent":0,"menu_order":0,"comment_status":"open","ping_status":"open","template":"bibliukaflar.php","meta":{"footnotes":""},"class_list":["post-3174","page","type-page","status-publish","hentry"],"_links":{"self":[{"href":"https:\/\/biblian.is\/gudbrandsbiblia\/wp-json\/wp\/v2\/pages\/3174","targetHints":{"allow":["GET"]}}],"collection":[{"href":"https:\/\/biblian.is\/gudbrandsbiblia\/wp-json\/wp\/v2\/pages"}],"about":[{"href":"https:\/\/biblian.is\/gudbrandsbiblia\/wp-json\/wp\/v2\/types\/page"}],"author":[{"embeddable":true,"href":"https:\/\/biblian.is\/gudbrandsbiblia\/wp-json\/wp\/v2\/users\/1"}],"replies":[{"embeddable":true,"href":"https:\/\/biblian.is\/gudbrandsbiblia\/wp-json\/wp\/v2\/comments?post=3174"}],"version-history":[{"count":0,"href":"https:\/\/biblian.is\/gudbrandsbiblia\/wp-json\/wp\/v2\/pages\/3174\/revisions"}],"wp:attachment":[{"href":"https:\/\/biblian.is\/gudbrandsbiblia\/wp-json\/wp\/v2\/media?parent=3174"}],"curies":[{"name":"wp","href":"https:\/\/api.w.org\/{rel}","templated":true}]}}