{"id":3173,"date":"2017-12-18T18:32:54","date_gmt":"2017-12-18T18:32:54","guid":{"rendered":"http:\/\/biblian.is\/gudbrandsbiblia\/salmarnir-2-kafli\/"},"modified":"2017-12-18T18:32:54","modified_gmt":"2017-12-18T18:32:54","slug":"salmarnir-2-kafli","status":"publish","type":"page","link":"https:\/\/biblian.is\/gudbrandsbiblia\/salmarnir-2-kafli\/","title":{"rendered":"S\u00e1lmarnir 2. kafli"},"content":{"rendered":"<p>II.<\/p>\n<p>Hvar fyrir \u00e6\u00f0a svo hei\u00f0nar \u00fej\u00f3\u00f0ir og f\u00f3lki\u00f0 hugsar so f\u00e1fengilega hluti?<\/p>\n<p>\tKonungarnir landsins taka sig upp og h\u00f6f\u00f0ingarnir bera s\u00edn r\u00e1\u00f0 saman m\u00f3ti Drottni og \u00ed m\u00f3ti hans <span class=\"athugasemd\" title=\"sword Kristi\">[<\/span> smur\u00f0a:<\/p>\n<p>\t&#8222;L\u00e1tum oss \u00feeirra b\u00f6nd \u00ed sundur sl\u00edta og \u00ed burt fleygja fr\u00e1 oss \u00feeirra reipum!&#8220;<\/p>\n<p>\tEn hann sem \u00e1 himnum b\u00fdr hann spottar \u00fe\u00e1 og Drottinn h\u00e6\u00f0ir a\u00f0 \u00feeim. Hann mun \u00fe\u00e1 tala til \u00feeirra \u00ed sinni rei\u00f0i og \u00ed sinni grimmd mun hann skelfa \u00fe\u00e1:<\/p>\n<p>\t&#8222;En eg hefi sett minn konung yfir mitt helga\u00f0 fjall S\u00edon.&#8220;<\/p>\n<p>\tEg vil af \u00feeirri <span class=\"athugasemd\" title=\"a \/ (V\u00edsu) \/ Af einni n\u00fdrri v\u00edsu, \u00fea\u00f0 er, s\u00e1 n\u00fdi l\u00e6rd\u00f3mur evangelii \u00fat af Cristo Gu\u00f0s syni\">[<\/span> v\u00edsu pr\u00e9dika sem a\u00f0 Drottinn hefur tala\u00f0 til m\u00edn: &#8222;\u00de\u00fa ert minn sonur, \u00ed dag f\u00e6dda eg \u00feig.<\/p>\n<p>\tHeimtu a\u00f0 m\u00e9r og mun eg gefa \u00fe\u00e9r hei\u00f0nar \u00fej\u00f3\u00f0ir \u00ed \u00fe\u00edna arfleif\u00f0 og jar\u00f0arinnar y\u00f0sta enda \u00fe\u00e9r til eignar.<\/p>\n<p>\t\u00de\u00fa skalt \u00ed sundur sl\u00e1 \u00fe\u00e1 me\u00f0 j\u00e1rnsp\u00edru og l\u00edka sem anna\u00f0 leirker \u00fe\u00e1 skaltu \u00ed sundur brj\u00f3ta \u00fe\u00e1.&#8220;<\/p>\n<p>\tL\u00e1ti\u00f0 y\u00f0ur n\u00fa undirv\u00edsa, \u00fe\u00e9r konungar, og lei\u00f0r\u00e9tta y\u00f0ur, \u00fe\u00e9r sem eru\u00f0 d\u00f3mendur \u00e1 j\u00f6r\u00f0unni.<\/p>\n<p>\t<span class=\"athugasemd\" title=\"sword Veri\u00f0 hl\u00fd\u00f0ugir, undirgefnir\">[<\/span> \u00dej\u00f3ni\u00f0 Drottni me\u00f0 \u00f3tta og gle\u00f0ji\u00f0 y\u00f0ur me\u00f0 hr\u00e6\u00f0slu.<\/p>\n<p>\t<span class=\"athugasemd\" title=\"b \/ Hylli\u00f0 hann, sverji\u00f0 honum tr\u00fana\u00f0\">[<\/span> Minnist vi\u00f0 soninn svo a\u00f0 hann ver\u00f0i y\u00f0ur ekki rei\u00f0ur og \u00fe\u00e9r fyrirfarist so \u00e1 <span class=\"athugasemd\" title=\"c \/ \u00dea\u00f0 er, \u00ed y\u00f0ar st\u00e9tt og umgengni\">[<\/span> veginum.<\/p>\n<p>\t\u00dev\u00ed a\u00f0 hans rei\u00f0i mun snarlega upptendrast. En s\u00e6lir eru \u00feeir allir sem \u00e1 hann treysta.<\/p>\n","protected":false},"excerpt":{"rendered":"<p>II. Hvar fyrir \u00e6\u00f0a svo hei\u00f0nar \u00fej\u00f3\u00f0ir og f\u00f3lki\u00f0 hugsar so f\u00e1fengilega hluti? Konungarnir landsins taka sig upp og h\u00f6f\u00f0ingarnir bera s\u00edn r\u00e1\u00f0 saman m\u00f3ti Drottni og \u00ed m\u00f3ti hans [ smur\u00f0a: &#8222;L\u00e1tum oss \u00feeirra b\u00f6nd \u00ed sundur sl\u00edta og \u00ed burt fleygja fr\u00e1 oss \u00feeirra reipum!&#8220; En hann sem \u00e1 himnum b\u00fdr hann spottar \u00fe\u00e1 og Drottinn h\u00e6\u00f0ir a\u00f0 \u00feeim. Hann mun \u00fe\u00e1 tala til \u00feeirra \u00ed sinni rei\u00f0i og \u00ed sinni grimmd mun hann skelfa \u00fe\u00e1: &#8222;En eg hefi sett minn konung yfir mitt helga\u00f0 fjall S\u00edon.&#8220; Eg vil af \u00feeirri [ v\u00edsu pr\u00e9dika sem a\u00f0 Drottinn hefur <a href=\"https:\/\/biblian.is\/gudbrandsbiblia\/salmarnir-2-kafli\/\"> [&#8230;]<\/a><\/p>\n","protected":false},"author":1,"featured_media":0,"parent":0,"menu_order":0,"comment_status":"open","ping_status":"open","template":"bibliukaflar.php","meta":{"footnotes":""},"class_list":["post-3173","page","type-page","status-publish","hentry"],"_links":{"self":[{"href":"https:\/\/biblian.is\/gudbrandsbiblia\/wp-json\/wp\/v2\/pages\/3173","targetHints":{"allow":["GET"]}}],"collection":[{"href":"https:\/\/biblian.is\/gudbrandsbiblia\/wp-json\/wp\/v2\/pages"}],"about":[{"href":"https:\/\/biblian.is\/gudbrandsbiblia\/wp-json\/wp\/v2\/types\/page"}],"author":[{"embeddable":true,"href":"https:\/\/biblian.is\/gudbrandsbiblia\/wp-json\/wp\/v2\/users\/1"}],"replies":[{"embeddable":true,"href":"https:\/\/biblian.is\/gudbrandsbiblia\/wp-json\/wp\/v2\/comments?post=3173"}],"version-history":[{"count":0,"href":"https:\/\/biblian.is\/gudbrandsbiblia\/wp-json\/wp\/v2\/pages\/3173\/revisions"}],"wp:attachment":[{"href":"https:\/\/biblian.is\/gudbrandsbiblia\/wp-json\/wp\/v2\/media?parent=3173"}],"curies":[{"name":"wp","href":"https:\/\/api.w.org\/{rel}","templated":true}]}}