{"id":3172,"date":"2017-12-18T18:32:50","date_gmt":"2017-12-18T18:32:50","guid":{"rendered":"http:\/\/biblian.is\/gudbrandsbiblia\/salmarnir-1-kafli\/"},"modified":"2017-12-18T18:32:50","modified_gmt":"2017-12-18T18:32:50","slug":"salmarnir-1-kafli","status":"publish","type":"page","link":"https:\/\/biblian.is\/gudbrandsbiblia\/salmarnir-1-kafli\/","title":{"rendered":"S\u00e1lmarnir 1. kafli"},"content":{"rendered":"<p>Dav\u00ed\u00f0s Saltari<\/p>\n<p>I. <\/p>\n<p>S\u00e6ll er s\u00e1 ma\u00f0ur hver e\u00f0 ei gengur \u00ed r\u00e1\u00f0i \u00f3mildra og sta\u00f0n\u00e6mist ekki \u00e1 vegi syndugra og hann sem ei situr \u00e1 st\u00f3li <span class=\"athugasemd\" title=\"a \/ (H\u00e1\u00f0ungar) \/ \u00deessir e\u00f0 halda allt \u00fea\u00f0 fyrir heimsku hva\u00f0 Gu\u00f0 talar og gj\u00f6rir\">[<\/span> h\u00e1\u00f0ungarmanna<\/p>\n<p>\theldur hefur s\u00edna lysting \u00ed l\u00f6gm\u00e1li Drottins og talar um hans l\u00f6gm\u00e1l daga og n\u00e6tur.<\/p>\n<p>\tHann er l\u00edka sem \u00fea\u00f0 vi\u00f0artr\u00e9 hv\u00f6rt a\u00f0 r\u00f3tsett er \u00ed hj\u00e1 rennandi vatni og hans laufbl\u00f6\u00f0 munu ekki visna og allt hva\u00f0 hann gj\u00f6rir \u00fea\u00f0 mun lukkast vel. <\/p>\n<p>\tEn \u00feannin eru ei hinir \u00f3gu\u00f0hr\u00e6ddu heldur l\u00edka so sem moldarduft hverju a\u00f0 vindurinn burt feykir.<\/p>\n<p>\t\u00dear fyrir f\u00e1 ei \u00feeir \u00f3gu\u00f0legu vi\u00f0 risi\u00f0 \u00ed <span class=\"athugasemd\" title=\"b \/ (D\u00f3mi) \/ \u00dea\u00f0 er, \u00feeir munu ekki hafa neitt emb\u00e6tti og eigi heldur bl\u00edfa \u00ed kristinni samkundu heldur munu \u00feeir sj\u00e1lfir feykja s\u00e9r burt so sem agnir af korni\">[<\/span> d\u00f3minum, ekki heldur hinir syndugu \u00ed samkundu r\u00e9ttl\u00e1tra.<\/p>\n<p>\t\u00dev\u00ed a\u00f0 Drottinn \u00feekkir veginn r\u00e9ttl\u00e1tra en vegur \u00f3gu\u00f0hr\u00e6ddra mun fyrirfarast.<\/p>\n","protected":false},"excerpt":{"rendered":"<p>Dav\u00ed\u00f0s Saltari I. S\u00e6ll er s\u00e1 ma\u00f0ur hver e\u00f0 ei gengur \u00ed r\u00e1\u00f0i \u00f3mildra og sta\u00f0n\u00e6mist ekki \u00e1 vegi syndugra og hann sem ei situr \u00e1 st\u00f3li [ h\u00e1\u00f0ungarmanna heldur hefur s\u00edna lysting \u00ed l\u00f6gm\u00e1li Drottins og talar um hans l\u00f6gm\u00e1l daga og n\u00e6tur. Hann er l\u00edka sem \u00fea\u00f0 vi\u00f0artr\u00e9 hv\u00f6rt a\u00f0 r\u00f3tsett er \u00ed hj\u00e1 rennandi vatni og hans laufbl\u00f6\u00f0 munu ekki visna og allt hva\u00f0 hann gj\u00f6rir \u00fea\u00f0 mun lukkast vel. En \u00feannin eru ei hinir \u00f3gu\u00f0hr\u00e6ddu heldur l\u00edka so sem moldarduft hverju a\u00f0 vindurinn burt feykir. \u00dear fyrir f\u00e1 ei \u00feeir \u00f3gu\u00f0legu vi\u00f0 risi\u00f0 \u00ed [ d\u00f3minum, <a href=\"https:\/\/biblian.is\/gudbrandsbiblia\/salmarnir-1-kafli\/\"> [&#8230;]<\/a><\/p>\n","protected":false},"author":1,"featured_media":0,"parent":0,"menu_order":0,"comment_status":"open","ping_status":"open","template":"bibliukaflar.php","meta":{"footnotes":""},"class_list":["post-3172","page","type-page","status-publish","hentry"],"_links":{"self":[{"href":"https:\/\/biblian.is\/gudbrandsbiblia\/wp-json\/wp\/v2\/pages\/3172","targetHints":{"allow":["GET"]}}],"collection":[{"href":"https:\/\/biblian.is\/gudbrandsbiblia\/wp-json\/wp\/v2\/pages"}],"about":[{"href":"https:\/\/biblian.is\/gudbrandsbiblia\/wp-json\/wp\/v2\/types\/page"}],"author":[{"embeddable":true,"href":"https:\/\/biblian.is\/gudbrandsbiblia\/wp-json\/wp\/v2\/users\/1"}],"replies":[{"embeddable":true,"href":"https:\/\/biblian.is\/gudbrandsbiblia\/wp-json\/wp\/v2\/comments?post=3172"}],"version-history":[{"count":0,"href":"https:\/\/biblian.is\/gudbrandsbiblia\/wp-json\/wp\/v2\/pages\/3172\/revisions"}],"wp:attachment":[{"href":"https:\/\/biblian.is\/gudbrandsbiblia\/wp-json\/wp\/v2\/media?parent=3172"}],"curies":[{"name":"wp","href":"https:\/\/api.w.org\/{rel}","templated":true}]}}