{"id":3170,"date":"2017-12-18T18:32:50","date_gmt":"2017-12-18T18:32:50","guid":{"rendered":"http:\/\/biblian.is\/gudbrandsbiblia\/jobsbok-41-kafli\/"},"modified":"2017-12-18T18:32:50","modified_gmt":"2017-12-18T18:32:50","slug":"jobsbok-41-kafli","status":"publish","type":"page","link":"https:\/\/biblian.is\/gudbrandsbiblia\/jobsbok-41-kafli\/","title":{"rendered":"Jobsb\u00f3k 41. kafli"},"content":{"rendered":"<p>XLI.<\/p>\n<p>Kanntu a\u00f0 draga \u00feann levjatan me\u00f0 \u00f6nglinum e\u00f0a binda hans tungu me\u00f0 sn\u00e6ri? <span class=\"athugasemd\" title=\"a \/ (Levjatan) \/ svo kallar hann \u00feann st\u00e6rsta hvalfisk \u00ed sj\u00f3num en merkir \u00fear me\u00f0 heimsins h\u00f6f\u00f0ingja dj\u00f6fulinn og hans selskap\">[<\/span> Kanntu a\u00f0 l\u00e1ta hring \u00ed hans nasir e\u00f0ur a\u00f0 bora me\u00f0 prj\u00f3ni \u00ed gegnum hans kinnbein? Hvert \u00feenkir \u00fe\u00fa a\u00f0 hann muni bi\u00f0ja \u00feig svo hugarl\u00e1tlegana elligar smeykjast so fyrir \u00fe\u00e9r? \u00deenkir \u00fe\u00fa hann muni gj\u00f6ra \u00feann s\u00e1ttm\u00e1lann vi\u00f0 \u00feig svo \u00fe\u00fa megir allt \u00ed jafnt hafa hann fyrir svein? Kanntu a\u00f0 leika svo me\u00f0 hann sem annan fugl e\u00f0ur binda hann hj\u00e1 \u00fe\u00ednum \u00fej\u00f3nustukvinnum? \u00deenkir \u00fe\u00fa a\u00f0 s\u00e1 mannflokkurinn muni skera hann \u00ed sundur og \u00fatskipta honum svo \u00e1 me\u00f0al kaupmannanna? Kannt \u00fe\u00fa \u00fea\u00f0 neti\u00f0 a\u00f0 fylla me\u00f0 hans h\u00fa\u00f0arskinni og \u00fe\u00e6r fiskit\u00e6lurnar me\u00f0 hans h\u00f6f\u00f0i? N\u00e6r e\u00f0 \u00fe\u00fa leggur \u00fe\u00edna h\u00f6nd \u00e1 hann, \u00fe\u00e1 \u00feenk \u00fe\u00fa a\u00f0 \u00fea\u00f0 er \u00fea\u00f0 str\u00ed\u00f0 \u00e1 hverju \u00fe\u00fa kannt \u00f6ngvan enda a\u00f0 gj\u00f6ra. Sj\u00e1 \u00fe\u00fa, hans von mun breg\u00f0ast honum og n\u00e6r e\u00f0 hann ver\u00f0ur s\u00e9n \u00fe\u00e1 sk\u00fdtur hann s\u00e9r \u00ed burt. \u00dear er og enginn svo djarfur \u00fear \u00feori a\u00f0 reita hann. Hver er s\u00e1 sem \u00fe\u00e1 kunni a\u00f0 standa \u00e1 m\u00f3ti m\u00e9r? Hver hefur gefi\u00f0 m\u00e9r \u00e1\u00f0ur fyrri svo a\u00f0 eg megi endurgjalda honum? Allt \u00fea\u00f0 er mitt hva\u00f0 undir himninum er.<\/p>\n<p>\t\u00dear til m\u00e1 eg n\u00fa segja hversu st\u00f3r, hversu megtugur, hversu mj\u00f6g vel \u00fea\u00f0 hann er skapa\u00f0ur. Hver kann hans kl\u00e6\u00f0um upp a\u00f0 lyfta og hver \u00feorir \u00fea\u00f0 voga a\u00f0 gr\u00edpa \u00e1 millum hans tanna? Hver kann upp a\u00f0 l\u00faka \u00feeim kj\u00e1lkabeinum hans andlits? Hans tennur \u00fe\u00e6r standa hr\u00e6\u00f0ilega allt um kring. Hans drambsama hreistur er svo sem sterkir skildir hver vi\u00f0 annan. Einn er fastur vi\u00f0 \u00feann annan so \u00fear gengur ekki vindurinn \u00fat \u00e1 milli, \u00fea\u00f0 eina samtengir sig vi\u00f0 \u00fea\u00f0 anna\u00f0 og heldur s\u00e9r til samans svo \u00fea\u00f0 kann ekki a\u00f0 fr\u00e1skiljast hvert \u00f6\u00f0ru. Hans bl\u00e1stur leiftrar sem lj\u00f3s, hans augu svo sem morgunstj\u00f6rnunnar augabr\u00fdn. Af hans munni \u00fatganga logbrandar og gl\u00f3andi gneistar flj\u00faga \u00fea\u00f0an \u00fat. Af hans n\u00f6sum g\u00fds reykur svo sem \u00far sj\u00f3\u00f0andi potti og katli. hans andi er sem logandi b\u00e1l og \u00fear \u00fatgengur elslogi af hans munni. Hann hefur og einn \u00f6flugan h\u00e1ls og \u00fea\u00f0 er hans vellysint hvar hann getur nokkru spillt. Hans kj\u00f6tlimir \u00feeir hengja hver vi\u00f0 annan og halda fast vi\u00f0 hann svo a\u00f0 hann kann ekki \u00ed sundur a\u00f0 falla.<\/p>\n<p>\tHans hjarta er svo hart sem grj\u00f3tsteinn og svo \u00f6ruggt sem einn parturinn \u00fat af \u00feeim undirkvernarsteininum. N\u00e6r hann hefur sig upp \u00fe\u00e1 skelfast hinir <span class=\"athugasemd\" title=\"b \/ St\u00f3rir hvalir fl\u00fdja og einnin fyrir honum, so fl\u00fdja og \u00feeir megtugu fyrir heimsins valdi\">[<\/span> \u00f6flugu vi\u00f0 \u00fea\u00f0 og n\u00e6r e\u00f0 hann br\u00fdst fram \u00fe\u00e1 er \u00fear enginn <span class=\"athugasemd\" title=\"c \/ Svo hafa \u00feeir syndga\u00f0, \u00fea\u00f0 er, \u00feeir ver\u00f0a hafa gj\u00f6rt \u00fea\u00f0 og l\u00ed\u00f0a straff \u00fear fyrir svo sem st\u00f3rbrotamenn\">[<\/span> l\u00edkn til. N\u00e6r einhver vill til vi\u00f0 hann me\u00f0 sver\u00f0i e\u00f0ur me\u00f0 spj\u00f3ti, skeytum e\u00f0ur pansara, og \u00fe\u00e1 hr\u00e6rir hann sig ekki. Hann skeytir j\u00e1rninu so miki\u00f0 sem str\u00e1i og m\u00e1lminum sem ronum tr\u00e9staur. Ekkert skeyti mun forjaga hann, sl\u00f6ngusteinninn er fyrir honum sem agnir. Sleggjuhamarinn reiknar hann sem grasstr\u00e1, hann h\u00e6\u00f0ir skj\u00e1lfandi spj\u00f3tsk\u00f6ft. Undir honum liggja hvassir steinar og hann fer yfir um eggjagrj\u00f3ti\u00f0 l\u00edka sem yfir um leirbleytuna. Hann gj\u00f6rir \u00fea\u00f0 a\u00f0 dj\u00fapi\u00f0 hafsins s\u00fd\u00f0ur upp sem annar pottur og hann hr\u00e6rir \u00fea\u00f0 til samans l\u00edka sem ma\u00f0ur samblandar smyrslavatn. <span class=\"athugasemd\" title=\"d \/ (Farvegur) \/ Hann sveimar og lifir \u00ed sj\u00f3num \u00fear hann vill svo a\u00f0 hans vegur s\u00e9st \u00e1lengdar\">[<\/span> Farvegurinn hann leiftrar eftir honum, dj\u00fapi\u00f0 gj\u00f6rir hann harla gr\u00e1tt. \u00dear kann og enginn \u00e1 j\u00f6r\u00f0u a\u00f0 jafnast vi\u00f0 hann, hann er til \u00feess gj\u00f6r\u00f0ur a\u00f0 hann eigi ugglaus a\u00f0 vera. Hann fyrirl\u00edtur allt hva\u00f0 h\u00e1tt er, hann er og einn k\u00f3ngur yfir \u00f6llum drambl\u00e1tum.&#8220;<\/p>\n","protected":false},"excerpt":{"rendered":"<p>XLI. Kanntu a\u00f0 draga \u00feann levjatan me\u00f0 \u00f6nglinum e\u00f0a binda hans tungu me\u00f0 sn\u00e6ri? [ Kanntu a\u00f0 l\u00e1ta hring \u00ed hans nasir e\u00f0ur a\u00f0 bora me\u00f0 prj\u00f3ni \u00ed gegnum hans kinnbein? Hvert \u00feenkir \u00fe\u00fa a\u00f0 hann muni bi\u00f0ja \u00feig svo hugarl\u00e1tlegana elligar smeykjast so fyrir \u00fe\u00e9r? \u00deenkir \u00fe\u00fa hann muni gj\u00f6ra \u00feann s\u00e1ttm\u00e1lann vi\u00f0 \u00feig svo \u00fe\u00fa megir allt \u00ed jafnt hafa hann fyrir svein? Kanntu a\u00f0 leika svo me\u00f0 hann sem annan fugl e\u00f0ur binda hann hj\u00e1 \u00fe\u00ednum \u00fej\u00f3nustukvinnum? \u00deenkir \u00fe\u00fa a\u00f0 s\u00e1 mannflokkurinn muni skera hann \u00ed sundur og \u00fatskipta honum svo \u00e1 me\u00f0al kaupmannanna? Kannt \u00fe\u00fa \u00fea\u00f0 <a href=\"https:\/\/biblian.is\/gudbrandsbiblia\/jobsbok-41-kafli\/\"> [&#8230;]<\/a><\/p>\n","protected":false},"author":1,"featured_media":0,"parent":0,"menu_order":0,"comment_status":"open","ping_status":"open","template":"bibliukaflar.php","meta":{"footnotes":""},"class_list":["post-3170","page","type-page","status-publish","hentry"],"_links":{"self":[{"href":"https:\/\/biblian.is\/gudbrandsbiblia\/wp-json\/wp\/v2\/pages\/3170","targetHints":{"allow":["GET"]}}],"collection":[{"href":"https:\/\/biblian.is\/gudbrandsbiblia\/wp-json\/wp\/v2\/pages"}],"about":[{"href":"https:\/\/biblian.is\/gudbrandsbiblia\/wp-json\/wp\/v2\/types\/page"}],"author":[{"embeddable":true,"href":"https:\/\/biblian.is\/gudbrandsbiblia\/wp-json\/wp\/v2\/users\/1"}],"replies":[{"embeddable":true,"href":"https:\/\/biblian.is\/gudbrandsbiblia\/wp-json\/wp\/v2\/comments?post=3170"}],"version-history":[{"count":0,"href":"https:\/\/biblian.is\/gudbrandsbiblia\/wp-json\/wp\/v2\/pages\/3170\/revisions"}],"wp:attachment":[{"href":"https:\/\/biblian.is\/gudbrandsbiblia\/wp-json\/wp\/v2\/media?parent=3170"}],"curies":[{"name":"wp","href":"https:\/\/api.w.org\/{rel}","templated":true}]}}