{"id":3169,"date":"2017-12-18T18:32:50","date_gmt":"2017-12-18T18:32:50","guid":{"rendered":"http:\/\/biblian.is\/gudbrandsbiblia\/jobsbok-40-kafli\/"},"modified":"2017-12-18T18:32:50","modified_gmt":"2017-12-18T18:32:50","slug":"jobsbok-40-kafli","status":"publish","type":"page","link":"https:\/\/biblian.is\/gudbrandsbiblia\/jobsbok-40-kafli\/","title":{"rendered":"Jobsb\u00f3k 40. kafli"},"content":{"rendered":"<p>XL.<\/p>\n<p>Og Drottinn svara\u00f0i Job af vindsk\u00fdinu og sag\u00f0i: &#8222;Umgyrtu \u00fe\u00ednar lendar sem ma\u00f0ur, eg vil spyrja \u00feig a\u00f0, seg \u00fe\u00fa m\u00e9r \u00fea\u00f0. Skyldir \u00fe\u00fa gj\u00f6ra minn d\u00f3m til \u00f3n\u00fdtis og ford\u00e6ma mig so \u00fe\u00fa r\u00e9ttl\u00e1tur v\u00e6rir? Hefur \u00fe\u00fa einn sl\u00edkan armlegg sem Gu\u00f0? Kanntu me\u00f0 soddan hlj\u00f3\u00f0i rei\u00f0ar\u00ferumur a\u00f0 gj\u00f6ra l\u00edka sem hann gj\u00f6rir? Pr\u00fd\u00f0 \u00fe\u00fa \u00feig me\u00f0 fegur\u00f0arskrauti og halt \u00fe\u00e9r \u00e1 loft, kl\u00e6\u00f0 \u00feig h\u00e1t\u00ed\u00f0lega og pr\u00fd\u00f0ilega. \u00dataus \u00fe\u00fa \u00feinni heiftarrei\u00f0i, sko\u00f0a \u00fe\u00fa drambsama hvar \u00feeir eru og l\u00e6kka \u00fe\u00e1. Sko\u00f0a \u00fe\u00fa alla drambsama hvar \u00feeir eru og beyg \u00fe\u00fa \u00fe\u00e1 og gj\u00f6r \u00fe\u00e1 hinu \u00f3mildu for\u00feunna hvar \u00feeir eru. Hyl \u00fe\u00fa \u00fe\u00e1 alla me\u00f0 j\u00f6r\u00f0u og ni\u00f0urs\u00f6kk \u00feeirra bramli \u00ed \u00feau leynifylsnin. \u00de\u00e1 vil eg me\u00f0kenna fyrir \u00fe\u00e9r \u00fea\u00f0 \u00fe\u00edn h\u00e6gri h\u00f6nd kann a\u00f0 hj\u00e1lpa \u00fe\u00e9r.<\/p>\n<p>\tSj\u00e1 \u00fe\u00fa \u00feann <span class=\"athugasemd\" title=\"a \/ (B\u00f3hem\u00f3t) \/ Merkir \u00f6ll \u00feau st\u00f3ru hr\u00e6\u00f0ilegu d\u00fdr (so sem er f\u00edll, et ct.) \/ Levjatan merkir \u00fe\u00e1 st\u00e6rstu fiska og hvali. En h\u00e9r me\u00f0 \u00fatm\u00e1lar hann vald og magt dj\u00f6fulsins og hans selskapar, sem er \u00feeirra \u00f3gu\u00f0legu \u00ed heiminum\">[<\/span> behem\u00f3t eg gj\u00f6r\u00f0a hj\u00e1 \u00fe\u00e9r a\u00f0 hann \u00e9tur hey sem annar uxi. Sj\u00e1 \u00fe\u00fa a\u00f0 hans kraftur er \u00ed hans lendum og hans styrkleikur er \u00ed naflanum hans kvi\u00f0ar. Halinn \u00e1 honum \u00fatr\u00e9ttir sig sem sedrus og \u00fea\u00f0 \u00e6\u00f0arnar hans leyndarlims standa upp sem a\u00f0rir kvistir. Beinin \u00ed honum eru l\u00edka sem kopar, hans brj\u00f3st er l\u00edka sem j\u00e1rnstafur. Hann er\u00fe a\u00f0 upphafi\u00f0 Gu\u00f0s vegar \u00feess er hann gj\u00f6r\u00f0i, hann \u00fer\u00edfur til hans me\u00f0 s\u00ednu sver\u00f0i. Fj\u00f6llin \u00feau bera honum gr\u00f6s og \u00f6ll villud\u00fdrin \u00feau leika s\u00e9r \u00fear. Hann liggur undir skugganum hulinn \u00ed reyrnum og \u00ed bleytunni. Sk\u00f3garrunnurinn sk\u00fdlir honum \u00ed s\u00ednum skugga og \u00feeir v\u00ed\u00f0irrunnarnir sk\u00fdla honum. Sj\u00e1 \u00fe\u00fa, hann svelgir vatsstrauminn \u00ed sig og feilar s\u00e9r ekki vi\u00f0 \u00fea\u00f0 og l\u00e6tur s\u00e9r \u00feykja a\u00f0 hann muni geta svelgt \u00e1na J\u00f3rdan me\u00f0 s\u00ednum munni. \u00de\u00f3 vei\u00f0a menn hann me\u00f0 hans sj\u00e1lfs eiginlegum augum og me\u00f0 einni sn\u00f6ru bora menn hans nasir \u00ed gegnum.<\/p>\n","protected":false},"excerpt":{"rendered":"<p>XL. Og Drottinn svara\u00f0i Job af vindsk\u00fdinu og sag\u00f0i: &#8222;Umgyrtu \u00fe\u00ednar lendar sem ma\u00f0ur, eg vil spyrja \u00feig a\u00f0, seg \u00fe\u00fa m\u00e9r \u00fea\u00f0. Skyldir \u00fe\u00fa gj\u00f6ra minn d\u00f3m til \u00f3n\u00fdtis og ford\u00e6ma mig so \u00fe\u00fa r\u00e9ttl\u00e1tur v\u00e6rir? Hefur \u00fe\u00fa einn sl\u00edkan armlegg sem Gu\u00f0? Kanntu me\u00f0 soddan hlj\u00f3\u00f0i rei\u00f0ar\u00ferumur a\u00f0 gj\u00f6ra l\u00edka sem hann gj\u00f6rir? Pr\u00fd\u00f0 \u00fe\u00fa \u00feig me\u00f0 fegur\u00f0arskrauti og halt \u00fe\u00e9r \u00e1 loft, kl\u00e6\u00f0 \u00feig h\u00e1t\u00ed\u00f0lega og pr\u00fd\u00f0ilega. \u00dataus \u00fe\u00fa \u00feinni heiftarrei\u00f0i, sko\u00f0a \u00fe\u00fa drambsama hvar \u00feeir eru og l\u00e6kka \u00fe\u00e1. Sko\u00f0a \u00fe\u00fa alla drambsama hvar \u00feeir eru og beyg \u00fe\u00fa \u00fe\u00e1 og gj\u00f6r \u00fe\u00e1 hinu \u00f3mildu for\u00feunna <a href=\"https:\/\/biblian.is\/gudbrandsbiblia\/jobsbok-40-kafli\/\"> [&#8230;]<\/a><\/p>\n","protected":false},"author":1,"featured_media":0,"parent":0,"menu_order":0,"comment_status":"open","ping_status":"open","template":"bibliukaflar.php","meta":{"footnotes":""},"class_list":["post-3169","page","type-page","status-publish","hentry"],"_links":{"self":[{"href":"https:\/\/biblian.is\/gudbrandsbiblia\/wp-json\/wp\/v2\/pages\/3169","targetHints":{"allow":["GET"]}}],"collection":[{"href":"https:\/\/biblian.is\/gudbrandsbiblia\/wp-json\/wp\/v2\/pages"}],"about":[{"href":"https:\/\/biblian.is\/gudbrandsbiblia\/wp-json\/wp\/v2\/types\/page"}],"author":[{"embeddable":true,"href":"https:\/\/biblian.is\/gudbrandsbiblia\/wp-json\/wp\/v2\/users\/1"}],"replies":[{"embeddable":true,"href":"https:\/\/biblian.is\/gudbrandsbiblia\/wp-json\/wp\/v2\/comments?post=3169"}],"version-history":[{"count":0,"href":"https:\/\/biblian.is\/gudbrandsbiblia\/wp-json\/wp\/v2\/pages\/3169\/revisions"}],"wp:attachment":[{"href":"https:\/\/biblian.is\/gudbrandsbiblia\/wp-json\/wp\/v2\/media?parent=3169"}],"curies":[{"name":"wp","href":"https:\/\/api.w.org\/{rel}","templated":true}]}}