{"id":3168,"date":"2017-12-18T18:32:50","date_gmt":"2017-12-18T18:32:50","guid":{"rendered":"http:\/\/biblian.is\/gudbrandsbiblia\/jobsbok-39-kafli\/"},"modified":"2017-12-18T18:32:50","modified_gmt":"2017-12-18T18:32:50","slug":"jobsbok-39-kafli","status":"publish","type":"page","link":"https:\/\/biblian.is\/gudbrandsbiblia\/jobsbok-39-kafli\/","title":{"rendered":"Jobsb\u00f3k 39. kafli"},"content":{"rendered":"<p>XXXIX.<\/p>\n<p>Kannt \u00fe\u00fa a\u00f0 gefa le\u00f3nsinunni \u00fea\u00f0 h\u00fan vei\u00f0i s\u00e9r br\u00e1\u00f0ina og a\u00f0 metta \u00fe\u00e1 le\u00f3nshv\u00f6lpana so a\u00f0 \u00feeir leggi sig \u00ed s\u00ednu b\u00e6li og hv\u00edli sig \u00ed \u00feeim fylsnunum sem \u00feau stilla til vei\u00f0innar? <span class=\"athugasemd\" title=\"Le\u00f3nsinnan\">[<\/span> Hver tilrei\u00f0ir hrafninum s\u00edna f\u00e6\u00f0slu n\u00e6r e\u00f0 hans ungar kalla til Gu\u00f0s og flj\u00faga vilja \u00fe\u00e1 \u00feeir hafa \u00f6ngva f\u00e6\u00f0slu? <span class=\"athugasemd\" title=\"Hrafnanir \/ Psal. 147\">[<\/span> Veistu \u00feann t\u00edmann n\u00e6r e\u00f0 steingeiturnar bera \u00e1 h\u00e1fj\u00f6llunum e\u00f0a hefur \u00fe\u00fa hugleitt a\u00f0 \u00fev\u00ed n\u00e6r e\u00f0 hindurnar ganga k\u00e1lfb\u00e6rar? <span class=\"athugasemd\" title=\"Steingeiturnar\">[<\/span> Hefur \u00fe\u00fa tali\u00f0 \u00feeirra m\u00e1nu\u00f0i n\u00e6r e\u00f0 \u00fe\u00e6r t\u00edngast e\u00f0ur veist \u00fe\u00fa \u00feann t\u00edma n\u00e6r e\u00f0 \u00fe\u00e6r bera? \u00de\u00e6r beygja sig saman n\u00e6r e\u00f0 \u00fe\u00e6r bera og \u00ed sundur sl\u00edta sig svo a\u00f0 \u00fe\u00e6r \u00fatl\u00e1ti s\u00edna k\u00e1lfa. \u00deeirra k\u00e1lfar ver\u00f0a feitir og \u00fer\u00f3ast \u00ed korninu og ganga \u00fat og koma ekki til \u00feeirra aftur.<\/p>\n<p>\tHver hefur l\u00e1ti\u00f0 \u00feau villud\u00fdr ganga svo sj\u00e1lfr\u00e1\u00f0a? Hver hefur uppleyst \u00fea\u00f0 bandi\u00f0 sk\u00f3garasnanna hverjum a\u00f0 eg hefi gefi\u00f0 sk\u00f3ginn til heimilis og ey\u00f0im\u00f6rkina til \u00edbyggingar, \u00feau e\u00f0 ekki skeyta h\u00e1va\u00f0anum \u00ed borgunum, \u00feau e\u00f0 kalli\u00f0 jagarans heyra ekki? <span class=\"athugasemd\" title=\"Sk\u00f3garasninn\">[<\/span> \u00deau l\u00edta til fjallanna hvar a\u00f0 \u00feeirra f\u00e6\u00f0i er og leita eftir hvar gr\u00e6nt er.<\/p>\n<p>\t\u00deenkir \u00fe\u00fa \u00fea\u00f0 einhyrningurinn muni \u00fej\u00f3na \u00fe\u00e9r og a\u00f0 hann muni sta\u00f0n\u00e6mast vi\u00f0 \u00feinn stall? <span class=\"athugasemd\" title=\"Einhyrningurinn\">[<\/span> Kanntu a\u00f0 leggja \u00feitt ok \u00e1 hann svo a\u00f0 hann erji upp \u00fe\u00e6r akurreinarnar og umvelti jar\u00f0artorfunum eftir \u00fe\u00e9r? M\u00e1ttu treysta upp \u00e1 \u00fe\u00f3tt hann s\u00e9 svo sterkur so \u00fe\u00fa skulir l\u00e1ta hann erfi\u00f0a fyrir \u00feig? M\u00e1ttu tr\u00faa honum til \u00feess a\u00f0 vega \u00fe\u00e9r \u00feitt s\u00e6\u00f0i aftur og inn a\u00f0 safna \u00ed \u00fe\u00edna kornhl\u00f6\u00f0u?<\/p>\n<p>\tP\u00e1fuglsins fja\u00f0rir eru fegri en \u00fea\u00f0 str\u00fafuglsins fja\u00f0rir eru og v\u00e6ngir, hann sem skilur vi\u00f0 s\u00edn egg \u00e1 j\u00f6r\u00f0unni og l\u00e6tur \u00fe\u00e1 heitu j\u00f6r\u00f0ina \u00fatklekja \u00feeim. <span class=\"athugasemd\" title=\"P\u00e1fuglinn\">[<\/span> Hann forgleymir \u00feeim a\u00f0 \u00feau m\u00e6tti \u00ed sundur tro\u00f0ast og \u00fea\u00f0 eitt villud\u00fdr m\u00e6tti \u00feau \u00ed sundur brj\u00f3ta. Hann ver\u00f0ur so har\u00f0b\u00fdll vi\u00f0 s\u00edna unga l\u00edka sem \u00fea\u00f0 hann \u00e6tti \u00fe\u00e1 eigi og hann skeytir \u00fev\u00ed ekki a\u00f0 hann arfi\u00f0ar so til forgefins. \u00dev\u00ed a\u00f0 Gu\u00f0 hefur svipt hann vitinu og gefi\u00f0 honum \u00f6ngvan skilning. N\u00e6r e\u00f0 hann fer h\u00e1tt upp \u00fe\u00e1 forhefur hann sig og hann skimpar b\u00e6\u00f0i hestinn og manninn.<\/p>\n<p>\tKanntu a\u00f0 gefa v\u00edghestinum styrkleika e\u00f0a pr\u00fd\u00f0a makkann \u00e1 honum me\u00f0 hans hneggjan? <span class=\"athugasemd\" title=\"Hesturinn\">[<\/span> Kanntu a\u00f0 hr\u00e6\u00f0a hann sem grashoppur? Hva\u00f0 sem hr\u00e6\u00f0ilegt er \u00fea\u00f0 er <span class=\"athugasemd\" title=\"a \/ (Pr\u00eds) \/ Hann er \u00feess meir huga\u00f0ur, fr\u00fds og \u00f3lmast \u00fe\u00e1 \u00fe\u00e1 nokku\u00f0 hr\u00e6\u00f0ilegt er \u00e1 fer\u00f0um, so sem er str\u00ed\u00f0 og bardagi\">[<\/span> pr\u00eds fyri hans n\u00f6sum. Hann f\u00f3tstappar \u00e1 j\u00f6r\u00f0ina og er ofsa framgjarn me\u00f0 styrkleik og fer \u00fat \u00ed m\u00f3ti \u00feeim sem brynja\u00f0ir eru. Hann h\u00e6\u00f0ir a\u00f0 hr\u00e6\u00f0slunni og skelfist ekki og hann fl\u00fdr ei fyrir sver\u00f0inu, einnin \u00fe\u00f3 \u00fea\u00f0 klingir \u00ed p\u00edlnakoffrinu og \u00fea\u00f0 \u00ed gegn honum glj\u00e1i b\u00e6\u00f0i \u00e1 lensur og spj\u00f3t. Hann hneggjar og fr\u00fds og krafsar \u00ed j\u00f6r\u00f0ina og <span class=\"athugasemd\" title=\"b \/ Hann au\u00f0s\u00fdnir \u00ed \u00f6llum hlutum a\u00f0 hann aktar einskisvert \u00fea\u00f0 \u00f6\u00f0rum \u00feykir hr\u00e6\u00f0ilegt\">[<\/span> skeytir ekki herl\u00fa\u00f0ursins hlj\u00f3\u00f0i. N\u00e6r e\u00f0 herl\u00fa\u00f0urinn gellur h\u00e1tt \u00fe\u00e1 bystist hann og \u00f3lmast og lyktar bardagann \u00e1lengdar, l\u00edka \u00fea\u00f0 hr\u00f3pi\u00f0 h\u00f6f\u00f0ingjanna og kall.<\/p>\n<p>\tFl\u00fdgur haukurinn eftir \u00fe\u00ednum skilningi og \u00fatbrei\u00f0ir s\u00edna v\u00e6ngi m\u00f3t su\u00f0rinu? fl\u00fdgur \u00f6rnin \u00feannin h\u00e1tt af \u00feinni skipan svo a\u00f0 h\u00fan gj\u00f6rir sitt hrei\u00f0ur \u00ed upph\u00e6\u00f0unum? H\u00fan byggir \u00ed \u00feeim h\u00e1klettunum og bl\u00edfur upp \u00ed \u00feeim fjallagn\u00edpunum og steinbj\u00f6rgunum. \u00dea\u00f0an skyggnir h\u00fan eftir f\u00e6\u00f0slunni og hennar augu \u00feau sj\u00e1 langt \u00ed burt. Hennar ungar \u00feeir svelgja bl\u00f3\u00f0 og hvar helst \u00fea\u00f0 hr\u00e6i\u00f0 er, \u00fear er h\u00fan.<\/p>\n<p>\tOg Drottinn svara\u00f0i Job og sag\u00f0i: &#8222;Hver sem vill \u00fer\u00e6ta vi\u00f0 Hinn alm\u00e1ttuga, skal hann ekki bev\u00edsa \u00fea\u00f0? Og hver hann straffar Gu\u00f0 skal hann ekki forsvara \u00fea\u00f0?&#8220;<\/p>\n<p>\tJob svara\u00f0i Drottni og sag\u00f0i: &#8222;Sj\u00e1 \u00fe\u00fa, eg hefi n\u00f3gu \u00f6ror\u00f0ur veri\u00f0, hverju skal eg svara? Eg vil halda hendi minni fyrir munn m\u00e9r. Einu sinni hefi eg tala\u00f0, \u00fear fyrir vil eg ekki meir andsvar gefa. Eg vil og ekki \u00fea\u00f0 sama h\u00e9\u00f0an \u00ed fr\u00e1 lengur gj\u00f6ra.&#8220;<\/p>\n","protected":false},"excerpt":{"rendered":"<p>XXXIX. Kannt \u00fe\u00fa a\u00f0 gefa le\u00f3nsinunni \u00fea\u00f0 h\u00fan vei\u00f0i s\u00e9r br\u00e1\u00f0ina og a\u00f0 metta \u00fe\u00e1 le\u00f3nshv\u00f6lpana so a\u00f0 \u00feeir leggi sig \u00ed s\u00ednu b\u00e6li og hv\u00edli sig \u00ed \u00feeim fylsnunum sem \u00feau stilla til vei\u00f0innar? [ Hver tilrei\u00f0ir hrafninum s\u00edna f\u00e6\u00f0slu n\u00e6r e\u00f0 hans ungar kalla til Gu\u00f0s og flj\u00faga vilja \u00fe\u00e1 \u00feeir hafa \u00f6ngva f\u00e6\u00f0slu? [ Veistu \u00feann t\u00edmann n\u00e6r e\u00f0 steingeiturnar bera \u00e1 h\u00e1fj\u00f6llunum e\u00f0a hefur \u00fe\u00fa hugleitt a\u00f0 \u00fev\u00ed n\u00e6r e\u00f0 hindurnar ganga k\u00e1lfb\u00e6rar? [ Hefur \u00fe\u00fa tali\u00f0 \u00feeirra m\u00e1nu\u00f0i n\u00e6r e\u00f0 \u00fe\u00e6r t\u00edngast e\u00f0ur veist \u00fe\u00fa \u00feann t\u00edma n\u00e6r e\u00f0 \u00fe\u00e6r bera? \u00de\u00e6r beygja sig saman <a href=\"https:\/\/biblian.is\/gudbrandsbiblia\/jobsbok-39-kafli\/\"> [&#8230;]<\/a><\/p>\n","protected":false},"author":1,"featured_media":0,"parent":0,"menu_order":0,"comment_status":"open","ping_status":"open","template":"bibliukaflar.php","meta":{"footnotes":""},"class_list":["post-3168","page","type-page","status-publish","hentry"],"_links":{"self":[{"href":"https:\/\/biblian.is\/gudbrandsbiblia\/wp-json\/wp\/v2\/pages\/3168","targetHints":{"allow":["GET"]}}],"collection":[{"href":"https:\/\/biblian.is\/gudbrandsbiblia\/wp-json\/wp\/v2\/pages"}],"about":[{"href":"https:\/\/biblian.is\/gudbrandsbiblia\/wp-json\/wp\/v2\/types\/page"}],"author":[{"embeddable":true,"href":"https:\/\/biblian.is\/gudbrandsbiblia\/wp-json\/wp\/v2\/users\/1"}],"replies":[{"embeddable":true,"href":"https:\/\/biblian.is\/gudbrandsbiblia\/wp-json\/wp\/v2\/comments?post=3168"}],"version-history":[{"count":0,"href":"https:\/\/biblian.is\/gudbrandsbiblia\/wp-json\/wp\/v2\/pages\/3168\/revisions"}],"wp:attachment":[{"href":"https:\/\/biblian.is\/gudbrandsbiblia\/wp-json\/wp\/v2\/media?parent=3168"}],"curies":[{"name":"wp","href":"https:\/\/api.w.org\/{rel}","templated":true}]}}