{"id":3167,"date":"2017-12-18T18:32:50","date_gmt":"2017-12-18T18:32:50","guid":{"rendered":"http:\/\/biblian.is\/gudbrandsbiblia\/jobsbok-38-kafli\/"},"modified":"2017-12-18T18:32:50","modified_gmt":"2017-12-18T18:32:50","slug":"jobsbok-38-kafli","status":"publish","type":"page","link":"https:\/\/biblian.is\/gudbrandsbiblia\/jobsbok-38-kafli\/","title":{"rendered":"Jobsb\u00f3k 38. kafli"},"content":{"rendered":"<p>XXXVIII.<\/p>\n<p>Og Drottinn svara\u00f0i Job af einu vindsk\u00fdi og sag\u00f0i: &#8222;Hver er s\u00e1 sem svo skeikar \u00ed v\u00edsd\u00f3minum og talar svo \u00f3skynsamlegana? Umgyr\u00f0 \u00fe\u00ednar lendar sem einn ma\u00f0ur, eg vil a\u00f0spyrja \u00feig, kenn \u00fe\u00fa m\u00e9r. Hvar vart \u00fe\u00fa \u00fe\u00e1 eg lag\u00f0i grundv\u00f6ll jar\u00f0arinnar? Seg \u00fe\u00fa m\u00e9r \u00fea\u00f0 ef \u00fe\u00fa ert so mikill skilningsma\u00f0ur? Veist \u00fe\u00fa hver e\u00f0 setti hennar takmark e\u00f0ur hver e\u00f0 dr\u00f3 \u00feann m\u00e6li\u00fer\u00e1\u00f0inn yfir hana? E\u00f0a hvar upp \u00e1 hennar undist\u00f6\u00f0ur eru settar e\u00f0a hver e\u00f0 lag\u00f0i hennar hyrningarstein \u00fe\u00e1 e\u00f0 morgunstj\u00f6rnurnar hver me\u00f0 annarri lofu\u00f0u mig og \u00f6ll Gu\u00f0s b\u00f6rn \u00feau gl\u00f6ddu sig? Hver hefur tillukt sj\u00e1varhafi\u00f0 me\u00f0 s\u00ednum dyrum \u00fe\u00e1 e\u00f0 \u00fea\u00f0 braust \u00fat svo sem af m\u00f3\u00f0urkvi\u00f0i? \u00de\u00e1 a\u00f0 eg kl\u00e6dda \u00fea\u00f0 me\u00f0 sk\u00fdjunum og vaf\u00f0i \u00fea\u00f0 \u00ed \u00feokunni svo sem \u00ed \u00f6\u00f0rum reifum, \u00fe\u00e1 e\u00f0 eg hamla\u00f0i \u00feess hlaupi me\u00f0 m\u00ednum gar\u00f0i og setti stengur og hur\u00f0 \u00fear fyrir og sag\u00f0i: Allt hinga\u00f0 a\u00f0 skalt \u00fe\u00fa koma en ekki lengra, h\u00e9r skulu \u00fe\u00ednar stoltar bylgjur leggja sig?<\/p>\n<p>\tHefur \u00fe\u00fa \u00e1 \u00fe\u00ednum t\u00edma bo\u00f0i\u00f0 morninum og v\u00edsa\u00f0 morgunstj\u00f6rnunni sinn sta\u00f0 so hann h\u00f6ndla\u00f0i hornin jar\u00f0arinnar og \u00fea\u00f0 hinir \u00f3gu\u00f0legu yr\u00f0u \u00fatkasta\u00f0ir? \u00dea\u00f0 <span class=\"athugasemd\" title=\"a (Innsigla\u00f0ir) \/ \u00dea\u00f0 er, \u00feeirra st\u00e9tt og \u00feeirra hagur hvern \u00feeir vildu so sta\u00f0fastan vera sem hann v\u00e6ri innsigla\u00f0ur\">[<\/span> innsigli\u00f0 mun umbreyta s\u00e9r sem anna\u00f0 leir og \u00feeir munu standa sem anna\u00f0 kl\u00e6\u00f0isfat. Og \u00fea\u00f0 lj\u00f3si\u00f0 skal \u00ed burt takast fr\u00e1 \u00feeim \u00f3gu\u00f0legu og s\u00e1 armleggurinn hinna drambl\u00e1tra skal \u00ed sundur brj\u00f3tast. Hefur \u00fe\u00fa ofan fari\u00f0 til hafsins grunna og gengi\u00f0 so \u00ed dj\u00fapsins farvegum? Hefur dau\u00f0ans port nokkurn t\u00edma opna\u00f0 sig fyrir \u00fe\u00e9r e\u00f0a hefur \u00fe\u00fa s\u00e9\u00f0 myrkranna portdyr? Hefur \u00fe\u00fa \u00e1skynja or\u00f0i\u00f0 hversu brei\u00f0 j\u00f6r\u00f0in er? seg \u00fe\u00fa fram, veistu allt saman \u00feetta? Hvar er s\u00e1 vegurinn \u00fear sem lj\u00f3si\u00f0 byggir og hver a\u00f0 s\u00e9 myrkursins sta\u00f0ur so a\u00f0 \u00fe\u00fa kunnir burt a\u00f0 taka \u00feess landamerki og formerkja \u00feann farveginn \u00feess h\u00fassins? Vissir \u00fe\u00fa a\u00f0 \u00fe\u00fa skyldir \u00e1 \u00feeim t\u00edma f\u00e6\u00f0ast og hversu margir \u00fe\u00ednir dagar skyldu vera?<\/p>\n<p>\tHefur \u00fe\u00fa \u00fear veri\u00f0 hva\u00f0an a\u00f0 snj\u00f3rinn kemur e\u00f0a hefur \u00fe\u00fa s\u00e9\u00f0 hva\u00f0an hagli\u00f0 kemur hverju a\u00f0 eg inniheld til h\u00f6rmungart\u00edmans og til \u00feess str\u00ed\u00f0sins og \u00f3fri\u00f0ardagsins? Um hvern veg skiptir lj\u00f3si\u00f0 s\u00e9r og s\u00e1 austanvindurinn upp fer \u00e1 j\u00f6r\u00f0ina? Hver \u00fatskipti steypid\u00f6ggunni s\u00edna r\u00e1s og gj\u00f6r\u00f0i veginn eldinganna og rei\u00f0ar\u00ferumunnar so a\u00f0 \u00fea\u00f0 rignir \u00ed landi\u00f0 \u00fear sem enginn er \u00e1, \u00ed \u00fe\u00e1 \u00f3bygg\u00f0ina sem enginn ma\u00f0ur er, so \u00fea\u00f0 uppfyllir ey\u00f0im\u00f6rkina og \u00feau \u00f6r\u00e6fin og l\u00e6tur \u00fear gr\u00e6nt gras gr\u00f3a? Hver er daggarinnar fa\u00f0ir og hver f\u00e6ddi hr\u00edmfrosti\u00f0 undir himninum so a\u00f0 vatni\u00f0 ver\u00f0ur huli\u00f0 l\u00edka sem undir steinum og \u00fea\u00f0 vatsdj\u00fapi\u00f0 fr\u00fds saman? Kannt \u00fe\u00fa \u00fea\u00f0 bandi\u00f0 Sj\u00f6stjarnanna saman a\u00f0 binda elligar upp a\u00f0 leysa \u00fea\u00f0 belti\u00f0 \u00feess \u00d3r\u00edons? Kanntu a\u00f0 l\u00e1ta morgunstj\u00f6rnuna fram koma \u00ed sinn t\u00edma e\u00f0ur a\u00f0 f\u00e6ra \u00feann Vagninn af himninum yfir \u00fe\u00edn b\u00f6rn? Veistu hvernin \u00fea\u00f0 himinninn skal regerast e\u00f0a kanntu a\u00f0 kenna honum nokku\u00f0 af j\u00f6r\u00f0u?<\/p>\n<p>\tKannt \u00fe\u00fa \u00fe\u00ednar rei\u00f0ar\u00ferumur a\u00f0 flytja h\u00e1tt upp \u00ed sk\u00fdin e\u00f0ur mun s\u00e1 mikilleiki vatsins hylja \u00feig? Kanntu a\u00f0 l\u00e1ta \u00fe\u00e6r eldingarnar \u00fat svo a\u00f0 \u00fe\u00e6r \u00fat f\u00e6ri og segja: H\u00e9r eru v\u00e6r? Hver gefur v\u00edsd\u00f3minn \u00ed \u00fea\u00f0 <span class=\"athugasemd\" title=\"b \/ (leynda) \/ \u00dea\u00f0 er, \u00ed hjarta\u00f0\">[<\/span> leynda? Hver gefur skynsamlegar hugsanir? Hver er svo v\u00eds a\u00f0 hann kunni a\u00f0 telja sk\u00fdin? Hver kann til a\u00f0 d\u00fdpta himinsins <span class=\"athugasemd\" title=\"c \/ \u00dea\u00f0 er, sk\u00fdin hver a\u00f0 vatninu \u00fathella svo sem a\u00f0rir vatsbelgir e\u00f0ur vatnker\">[<\/span> vatsbelgi \u00fe\u00e1 e\u00f0 \u00fev\u00ed duftinu ver\u00f0ur \u00fathellt a\u00f0 \u00fea\u00f0 hleypur svo til samans og \u00fea\u00f0 hver k\u00f6kkurinn lo\u00f0ir vi\u00f0 annan?<\/p>\n","protected":false},"excerpt":{"rendered":"<p>XXXVIII. Og Drottinn svara\u00f0i Job af einu vindsk\u00fdi og sag\u00f0i: &#8222;Hver er s\u00e1 sem svo skeikar \u00ed v\u00edsd\u00f3minum og talar svo \u00f3skynsamlegana? Umgyr\u00f0 \u00fe\u00ednar lendar sem einn ma\u00f0ur, eg vil a\u00f0spyrja \u00feig, kenn \u00fe\u00fa m\u00e9r. Hvar vart \u00fe\u00fa \u00fe\u00e1 eg lag\u00f0i grundv\u00f6ll jar\u00f0arinnar? Seg \u00fe\u00fa m\u00e9r \u00fea\u00f0 ef \u00fe\u00fa ert so mikill skilningsma\u00f0ur? Veist \u00fe\u00fa hver e\u00f0 setti hennar takmark e\u00f0ur hver e\u00f0 dr\u00f3 \u00feann m\u00e6li\u00fer\u00e1\u00f0inn yfir hana? E\u00f0a hvar upp \u00e1 hennar undist\u00f6\u00f0ur eru settar e\u00f0a hver e\u00f0 lag\u00f0i hennar hyrningarstein \u00fe\u00e1 e\u00f0 morgunstj\u00f6rnurnar hver me\u00f0 annarri lofu\u00f0u mig og \u00f6ll Gu\u00f0s b\u00f6rn \u00feau gl\u00f6ddu sig? Hver hefur tillukt <a href=\"https:\/\/biblian.is\/gudbrandsbiblia\/jobsbok-38-kafli\/\"> [&#8230;]<\/a><\/p>\n","protected":false},"author":1,"featured_media":0,"parent":0,"menu_order":0,"comment_status":"open","ping_status":"open","template":"bibliukaflar.php","meta":{"footnotes":""},"class_list":["post-3167","page","type-page","status-publish","hentry"],"_links":{"self":[{"href":"https:\/\/biblian.is\/gudbrandsbiblia\/wp-json\/wp\/v2\/pages\/3167","targetHints":{"allow":["GET"]}}],"collection":[{"href":"https:\/\/biblian.is\/gudbrandsbiblia\/wp-json\/wp\/v2\/pages"}],"about":[{"href":"https:\/\/biblian.is\/gudbrandsbiblia\/wp-json\/wp\/v2\/types\/page"}],"author":[{"embeddable":true,"href":"https:\/\/biblian.is\/gudbrandsbiblia\/wp-json\/wp\/v2\/users\/1"}],"replies":[{"embeddable":true,"href":"https:\/\/biblian.is\/gudbrandsbiblia\/wp-json\/wp\/v2\/comments?post=3167"}],"version-history":[{"count":0,"href":"https:\/\/biblian.is\/gudbrandsbiblia\/wp-json\/wp\/v2\/pages\/3167\/revisions"}],"wp:attachment":[{"href":"https:\/\/biblian.is\/gudbrandsbiblia\/wp-json\/wp\/v2\/media?parent=3167"}],"curies":[{"name":"wp","href":"https:\/\/api.w.org\/{rel}","templated":true}]}}