{"id":3163,"date":"2017-12-18T18:32:50","date_gmt":"2017-12-18T18:32:50","guid":{"rendered":"http:\/\/biblian.is\/gudbrandsbiblia\/jobsbok-34-kafli\/"},"modified":"2017-12-18T18:32:50","modified_gmt":"2017-12-18T18:32:50","slug":"jobsbok-34-kafli","status":"publish","type":"page","link":"https:\/\/biblian.is\/gudbrandsbiblia\/jobsbok-34-kafli\/","title":{"rendered":"Jobsb\u00f3k 34. kafli"},"content":{"rendered":"<p>XXXIIII.<\/p>\n<p>Og El\u00edh\u00fas svara\u00f0i og sag\u00f0i: <span class=\"athugasemd\" title=\"El\u00edh\u00fa\">[<\/span> &#8222;Heyri \u00fe\u00e9r, hinir v\u00edsu, m\u00edn or\u00f0 og \u00fe\u00e9r hinir skyns\u00f6mu, hyggi\u00f0 a\u00f0. \u00dev\u00ed a\u00f0 eyra\u00f0 \u00fea\u00f0 pr\u00f3far m\u00e1li\u00f0 og munnurinn smakkar matinn. L\u00e1tum oss \u00fatvelja einn d\u00f3m svo v\u00e9r megum \u00feekkja \u00e1 me\u00f0al vor hva\u00f0 gott er. \u00dev\u00ed Job sag\u00f0i: eg er r\u00e9ttv\u00eds og Gu\u00f0 hann afneitar m\u00e9r m\u00ednum r\u00e9tti. Eg hl\u00fdt a\u00f0 lj\u00faga \u00fe\u00f3 eg hafi satt, eg er svo kvalinn af <span class=\"athugasemd\" title=\"a \/ (sj\u00e1lfs m\u00edns) \/ \u00dea\u00f0 er, Gu\u00f0s p\u00edlur sem standa \u00ed m\u00e9r\">[<\/span> sj\u00e1lfs m\u00edns skeytum, \u00fe\u00f3 a\u00f0 eg hafi \u00fear \u00f6ngva for\u00fe\u00e9nan til. Hvar er einn \u00fev\u00edl\u00edkur sem Job hann hver e\u00f0 inndrekkur h\u00e1\u00f0ungina l\u00edka sem vatn og gengur \u00e1 veginum me\u00f0 \u00feeim illvirkjunum og er \u00ed fer\u00f0 me\u00f0 \u00fev\u00ed \u00f3gu\u00f0lega f\u00f3lkinu? \u00dev\u00ed a\u00f0 hann sag\u00f0i: \u00de\u00f3 enginn s\u00e9 enn saklaus \u00fe\u00e1 er hann \u00fe\u00f3 samt einskisver\u00f0ur fyrir Gu\u00f0i.<\/p>\n<p>\t\u00dear fyrir \u00fe\u00e1 hl\u00fd\u00f0i\u00f0 m\u00e9r, \u00fe\u00e9r hyggnu menn. Langt er fr\u00e1 \u00fev\u00ed a\u00f0 Gu\u00f0 hann skyldi rangl\u00e1tur vera og s\u00e1 Hinn alm\u00e1ttugi \u00f3r\u00e9ttfer\u00f0ugur. Heldur so: Hann launar manninum eftir \u00fev\u00ed sem hann hefur for\u00fe\u00e9nt til og endurgeldur hverjum eftir s\u00ednum gj\u00f6rningi. Vissulega ford\u00e6mir Gu\u00f0 \u00f6ngvan me\u00f0 rangindum og s\u00e1 Hinn alm\u00e1ttugi beygir ekki r\u00e9ttinn, hann hver e\u00f0 hefur tilskipa\u00f0 \u00fea\u00f0 sem \u00e1 j\u00f6r\u00f0unni er og hann hver e\u00f0 hefur sett allt jar\u00f0r\u00edki\u00f0. \u00dear sem han vildi og enn \u00e1setja s\u00e9r \u00fea\u00f0 \u00fe\u00e1 fengi hann vel samansafna\u00f0 \u00f6llum s\u00e1lum og \u00f6ndum til s\u00edn. Allra hold \u00fea\u00f0 mundi forganga hvert me\u00f0 \u00f6\u00f0ru og ma\u00f0urinn mundi ver\u00f0a a\u00f0 \u00f6sku aftur.<\/p>\n<p>\tHafir \u00fe\u00fa n\u00fa skilninginn \u00fe\u00e1 hl\u00fdddu \u00fev\u00ed og hygg a\u00f0 raustinni minnar or\u00f0r\u00e6\u00f0u. Skyldi nokkur \u00fear fyrir a\u00f0 \u00fevinga r\u00e9ttinn \u00fe\u00f3 a\u00f0 hann sj\u00e1lfur hati hann? Og \u00fe\u00f3 a\u00f0 \u00fe\u00fa s\u00e9rt stoltur skyldir \u00fe\u00fa \u00fe\u00e1 \u00fear fyrir ford\u00e6ma hinn r\u00e9ttfer\u00f0uga? Skyldi nokkur \u00fea\u00f0 segja til konungsins: \u00de\u00fa f\u00e1fengur ma\u00f0ur! og til h\u00f6f\u00f0ingjanna: \u00de\u00e9r hinir \u00f3gu\u00f0legu? Hann \u00fe\u00f3 sem ekki \u00e1l\u00edtur manngreinarmuninn h\u00f6f\u00f0ingjanna og ber ekki meiri kennslu \u00e1 hinn forkostulega heldur en \u00e1 \u00feann f\u00e1t\u00e6ka \u00fev\u00ed a\u00f0 \u00feeir eru allir hans handaverk. Menn ver\u00f0a a\u00f0 deyja skyndilega, skelfast og forganga \u00e1 mi\u00f0n\u00e6ttinu, hinir \u00f6flugu ver\u00f0a m\u00e1ttlausir \u00ed burt teknir. \u00dev\u00ed a\u00f0 hans augu sj\u00e1 hvers manns vegu og hann s\u00e9r allra \u00feeirra f\u00f3tspor. \u00dear er enginn s\u00fa \u00feoka e\u00f0a myrkur hvar e\u00f0 illvirkjarnir kunna a\u00f0 fela sig \u00ed \u00fev\u00ed \u00fea\u00f0 er \u00f6ngvum leyfilegt a\u00f0 ganga \u00ed r\u00e9ttl\u00e6tisd\u00f3m vi\u00f0 Gu\u00f0.<\/p>\n<p>\tHann fyrirkemur svo m\u00f6rgum kostulegum svo a\u00f0 \u00feeir eru \u00f3teljandi og innsetur a\u00f0ra \u00ed sta\u00f0inn \u00feeirra af \u00fev\u00ed a\u00f0 hann \u00feekkir \u00feeirra verk vel og umvendir \u00feeim \u00e1 n\u00e1ttart\u00edma svo \u00feeir ver\u00f0a \u00ed sundur slegnir. \u00deeim \u00f3gu\u00f0hr\u00e6ddu fleygir hann saman \u00ed eitt \u00fear e\u00f0 \u00fea\u00f0 ver\u00f0ur helst s\u00e9\u00f0 af \u00fev\u00ed a\u00f0 \u00feeir viku \u00ed burt fr\u00e1 honum og skildu ekki neitt af hans vegum so a\u00f0 kalli\u00f0 hinna f\u00e1t\u00e6kra hlaut a\u00f0 koma fyrir hann og hann heyr\u00f0i \u00fe\u00e1 kveinan hins nau\u00f0\u00feurftuga. Hven\u00e6r e\u00f0 han gefur fri\u00f0inn, hver vill \u00fe\u00e1 ford\u00e6ma? Og n\u00e6r e\u00f0 hann sk\u00fdlir andlitinu, hver mun \u00fe\u00e1 geta s\u00e9\u00f0 hann \u00e1 me\u00f0al f\u00f3lksins og al\u00fe\u00fd\u00f0unnar? Og hann l\u00e6tur einn hr\u00e6snara r\u00edkja yfir \u00feeim til a\u00f0 <span class=\"athugasemd\" title=\"a \/ Hann l\u00e6tur t\u00fdranna og v\u00edkinga v\u00f6ld hafa til a\u00f0 kvelja, plaga og f\u00e9fletta \u00fe\u00e1 undirgefnu\">[<\/span> \u00feyngja alm\u00fagann. <span class=\"athugasemd\" title=\"Proverb. 8\">[<\/span><\/p>\n<p>\tEg hl\u00fdt a\u00f0 tala svo sem upp \u00e1 Gu\u00f0s vegna og get \u00fear eigi l\u00e1ti\u00f0. Hafi eg ekki sagt r\u00e9tt \u00fe\u00e1 kenn \u00fe\u00fa m\u00e9r betur, hafi eg og handt\u00e9ra\u00f0 \u00f3r\u00e9ttilegana \u00fe\u00e1 vil eg ekki lengur so gj\u00f6ra. Eg v\u00e6nti andsvarsins af \u00fe\u00e9r \u00fev\u00ed \u00fe\u00fa forleggur alla hluti og \u00fe\u00fa hefur \u00fea\u00f0 uppbyrja\u00f0 en ekki eg. Ef \u00fe\u00fa veist nokku\u00f0 \u00fe\u00e1 seg \u00fe\u00fa \u00fea\u00f0 fram. En Job hann talar \u00f3skynsamlegana oghans or\u00f0 eru ekki af skilningi. Minn fa\u00f0ir, l\u00e1ttu Job reyndan ver\u00f0a allt til \u00e6viloka fyrir \u00fea\u00f0 hann sn\u00fdr s\u00e9r til rangl\u00e1tra manna. Hann hefur og umfram s\u00edna synd gu\u00f0lasta\u00f0. \u00dear fyrir l\u00e1t hann pl\u00e1ga\u00f0an ver\u00f0a \u00e1 me\u00f0al vor og \u00fea\u00f0 hann hafi svo s\u00ed\u00f0an mikla \u00e1k\u00e6ru vi\u00f0 Gu\u00f0.&#8220;<\/p>\n","protected":false},"excerpt":{"rendered":"<p>XXXIIII. Og El\u00edh\u00fas svara\u00f0i og sag\u00f0i: [ &#8222;Heyri \u00fe\u00e9r, hinir v\u00edsu, m\u00edn or\u00f0 og \u00fe\u00e9r hinir skyns\u00f6mu, hyggi\u00f0 a\u00f0. \u00dev\u00ed a\u00f0 eyra\u00f0 \u00fea\u00f0 pr\u00f3far m\u00e1li\u00f0 og munnurinn smakkar matinn. L\u00e1tum oss \u00fatvelja einn d\u00f3m svo v\u00e9r megum \u00feekkja \u00e1 me\u00f0al vor hva\u00f0 gott er. \u00dev\u00ed Job sag\u00f0i: eg er r\u00e9ttv\u00eds og Gu\u00f0 hann afneitar m\u00e9r m\u00ednum r\u00e9tti. Eg hl\u00fdt a\u00f0 lj\u00faga \u00fe\u00f3 eg hafi satt, eg er svo kvalinn af [ sj\u00e1lfs m\u00edns skeytum, \u00fe\u00f3 a\u00f0 eg hafi \u00fear \u00f6ngva for\u00fe\u00e9nan til. Hvar er einn \u00fev\u00edl\u00edkur sem Job hann hver e\u00f0 inndrekkur h\u00e1\u00f0ungina l\u00edka sem vatn og gengur \u00e1 veginum <a href=\"https:\/\/biblian.is\/gudbrandsbiblia\/jobsbok-34-kafli\/\"> [&#8230;]<\/a><\/p>\n","protected":false},"author":1,"featured_media":0,"parent":0,"menu_order":0,"comment_status":"open","ping_status":"open","template":"bibliukaflar.php","meta":{"footnotes":""},"class_list":["post-3163","page","type-page","status-publish","hentry"],"_links":{"self":[{"href":"https:\/\/biblian.is\/gudbrandsbiblia\/wp-json\/wp\/v2\/pages\/3163","targetHints":{"allow":["GET"]}}],"collection":[{"href":"https:\/\/biblian.is\/gudbrandsbiblia\/wp-json\/wp\/v2\/pages"}],"about":[{"href":"https:\/\/biblian.is\/gudbrandsbiblia\/wp-json\/wp\/v2\/types\/page"}],"author":[{"embeddable":true,"href":"https:\/\/biblian.is\/gudbrandsbiblia\/wp-json\/wp\/v2\/users\/1"}],"replies":[{"embeddable":true,"href":"https:\/\/biblian.is\/gudbrandsbiblia\/wp-json\/wp\/v2\/comments?post=3163"}],"version-history":[{"count":0,"href":"https:\/\/biblian.is\/gudbrandsbiblia\/wp-json\/wp\/v2\/pages\/3163\/revisions"}],"wp:attachment":[{"href":"https:\/\/biblian.is\/gudbrandsbiblia\/wp-json\/wp\/v2\/media?parent=3163"}],"curies":[{"name":"wp","href":"https:\/\/api.w.org\/{rel}","templated":true}]}}