{"id":3162,"date":"2017-12-18T18:32:50","date_gmt":"2017-12-18T18:32:50","guid":{"rendered":"http:\/\/biblian.is\/gudbrandsbiblia\/jobsbok-33-kafli\/"},"modified":"2017-12-18T18:32:50","modified_gmt":"2017-12-18T18:32:50","slug":"jobsbok-33-kafli","status":"publish","type":"page","link":"https:\/\/biblian.is\/gudbrandsbiblia\/jobsbok-33-kafli\/","title":{"rendered":"Jobsb\u00f3k 33. kafli"},"content":{"rendered":"<p>XXXIII.<\/p>\n<p>Job, heyr \u00fe\u00fa m\u00edna r\u00e6\u00f0u og hygg vel a\u00f0 \u00f6llum m\u00ednum or\u00f0um. Sj\u00e1 \u00fe\u00fa, eg uppl\u00fdk m\u00ednum munni og m\u00edn tunga talar \u00ed munni m\u00ednum. Mitt hjarta skal r\u00e9tt tala og m\u00ednar varir skulu framsegja \u00feann sanna skilninginn. Gu\u00f0s andi hefur gj\u00f6rt mig og innbl\u00e1sturinn Hins alm\u00e1ttuga hefur gefi\u00f0 m\u00e9r l\u00edfi\u00f0. Kannt \u00fe\u00fa, \u00fe\u00e1 svara m\u00e9r, b\u00fa \u00feig til og gegn m\u00e9r. Sj\u00e1 \u00fe\u00fa, eg heyri Gu\u00f0i til jafn vel sem \u00fe\u00fa og eg er gj\u00f6r\u00f0ur af \u00fev\u00ed hinu sama leiri. En \u00fe\u00fa \u00fearft \u00fe\u00f3 ekki a\u00f0 hr\u00e6\u00f0ast fyrir m\u00e9r og m\u00edn h\u00f6nd skal ekki vera \u00fe\u00e9r of \u00feung.<\/p>\n<p>\t\u00de\u00fa tala\u00f0ir svo fyrir m\u00ednum eyrum, eg hlaut a\u00f0 heyra raustina \u00fe\u00edns m\u00e1ls: Eg er hreinn fyrir utan misverka, saklaus og hefi \u00f6ngva synd. Sj\u00e1 \u00fe\u00fa, hann hefur fundi\u00f0 m\u00e9r s\u00f6k, \u00fear fyrir reiknar hann mig fyrir sinn \u00f3vin. Hann hefur sett m\u00edna f\u00e6tur \u00ed stokk og hefur forsvara\u00f0 alla m\u00edna vegu. Sj\u00e1 \u00fe\u00fa, a\u00f0 r\u00e9tt \u00fat af \u00feessu hinu sama \u00fe\u00e1 \u00e1lykta eg \u00e1 m\u00f3ti \u00fe\u00e9r, \u00fea\u00f0 \u00fe\u00fa s\u00e9rt ekki r\u00e9ttl\u00e1tur, \u00fev\u00ed Gu\u00f0 er meiri en ma\u00f0urinn. Hvar fyrir vilt \u00fe\u00fa deila kappi vi\u00f0 hann \u00fe\u00f3 hann gj\u00f6ri \u00fe\u00e9r ekki reikningsskap \u00fat af \u00f6llum s\u00ednum gj\u00f6rningi? \u00dev\u00ed \u00fe\u00e1 n\u00e6r e\u00f0 Gu\u00f0 fyrir\u00e6tlar s\u00e9r nokkurn t\u00edma eitthva\u00f0 \u00fe\u00e1 <span class=\"athugasemd\" title=\"a \/ (Hugsar) \/ Svo sem ma\u00f0urinn gj\u00f6rir, hann tekur r\u00e1\u00f0 \u00fe\u00e1 um er li\u00f0i\u00f0 og i\u00f0rast og vildi \u00f3gj\u00f6rt v\u00e6ri. En S\u00e1 sigurvegarinn \u00ed \u00cdsrael (segir Sam\u00fael) i\u00f0rast ekki. i. Sam\u00fa. xv.\">[<\/span> hugsar hann ekki um \u00fea\u00f0 \u00fe\u00e1 hi\u00f0 fyrsta \u00fear eftir \u00e1.<\/p>\n<p>\t\u00cd sj\u00f3nhendingu draumsins \u00e1 n\u00f3ttinni n\u00e6r svefninn fellur yfir menn \u00fe\u00e1 e\u00f0 \u00feeir sofa \u00e1 s\u00e6ngunum \u00fe\u00e1 opnar hann eyrun mannanna og \u00f3gnar \u00feeim og agar \u00fe\u00e1 so \u00fea\u00f0 hann \u00ed burtsn\u00fai manninum fr\u00e1 s\u00ednum \u00e1setningi og frelsi han \u00ed fr\u00e1 ofst\u00e6kinni og \u00ed burt rykki hans s\u00e1lu \u00ed fr\u00e1 fordj\u00f6rfuninni og hans l\u00edfi svo \u00fea\u00f0 falli ekki \u00ed sver\u00f0seggjar. Hann hegnir honum me\u00f0 sj\u00fakleik \u00e1 sinni s\u00e6ng og \u00f6llum hans beinum har\u00f0legana og hann temur hans l\u00edkama svo til a\u00f0 hann kl\u00edgjar vi\u00f0 matnum og hans s\u00e1l so h\u00fan hefur \u00f6ngva lysting til matar. Hans hold \u00fea\u00f0 \u00ed burt hverfur og s\u00fdnin slj\u00f3vgast og hans bein taka a\u00f0 brotna svo \u00feau eru herfileg \u00e1s\u00fdndar svo a\u00f0 hans s\u00e1la fl\u00fdtir s\u00e9r til fordj\u00f6rfunar og hans l\u00edf til dau\u00f0ans.<\/p>\n<p>\tEf \u00fear v\u00e6ri einn engill af \u00fev\u00ed \u00fe\u00fasund talandi fyrir honum til a\u00f0 kunngj\u00f6ra manninum hvernin hann m\u00e6tti gj\u00f6ra r\u00e9tt \u00fe\u00e1 mundi hann honum l\u00edknsamur vera og segja: Hann skal frelsast svo a\u00f0 hann fari ekki h\u00e9\u00f0an ni\u00f0ur \u00ed fordj\u00f6rfunina \u00fev\u00ed a\u00f0 eg hefi fundi\u00f0 eina forl\u00edkan svo a\u00f0 hans hold skal bl\u00f3mgast aftur l\u00edka sem \u00ed \u00e6skunni og l\u00e1ta hann ver\u00f0a ungan aftur. Hann mun og bi\u00f0ja Gu\u00f0 og hann mun vera honum l\u00edknsamur og l\u00e1ta hann sj\u00e1 sitt andlit me\u00f0 gle\u00f0i og hann mun \u00feeim manni endurgjalda s\u00edna r\u00e9ttv\u00edsi. Og hann mun vi\u00f0urkenna sig fyrir f\u00f3lkinu og segja: Eg vildi hafa syndgast og umvent r\u00e9ttinum en \u00fea\u00f0 hef\u00f0i m\u00e9r engin nytsemd veri\u00f0. Hann hefur frelsa\u00f0 m\u00edna s\u00e1lu so h\u00fan f\u00f3r ekki \u00ed fordj\u00f6rfunina heldur so a\u00f0 mitt l\u00edf s\u00e1 lj\u00f3si\u00f0.<\/p>\n<p>\tSj\u00e1 \u00fe\u00fa, \u00feetta allt saman gj\u00f6rir Gu\u00f0 <span class=\"athugasemd\" title=\"sword \u00dea\u00f0 er, oft og \u00f3sjaldan\">[<\/span> tvisvar e\u00f0a \u00ferisvar sinnum vi\u00f0 hvern sem einn mann a\u00f0 hann kalli so hans s\u00e1l aftur \u00fat af fordj\u00f6rfuninni og uppl\u00fdsi hann me\u00f0 \u00fev\u00ed lj\u00f3sinu lifandi manna. Merk \u00feetta, Job, og hl\u00fdttu \u00e1 me\u00f0an eg tala. En hafir \u00fe\u00fa nokku\u00f0 a\u00f0 segja m\u00e9r \u00fe\u00e1 svara \u00fe\u00fa m\u00e9r. Seg \u00fe\u00fa fram, ert \u00fe\u00fa r\u00e9ttl\u00e1tur? Eg vil gjarnan heyra \u00fea\u00f0. En ef \u00fe\u00fa hefur ekki neitt til \u00fe\u00e1 hl\u00fd\u00f0 \u00fe\u00fa \u00e1 og \u00feegi \u00fe\u00fa og mun eg kenna \u00fe\u00e9r v\u00edsd\u00f3m.&#8220;<\/p>\n","protected":false},"excerpt":{"rendered":"<p>XXXIII. Job, heyr \u00fe\u00fa m\u00edna r\u00e6\u00f0u og hygg vel a\u00f0 \u00f6llum m\u00ednum or\u00f0um. Sj\u00e1 \u00fe\u00fa, eg uppl\u00fdk m\u00ednum munni og m\u00edn tunga talar \u00ed munni m\u00ednum. Mitt hjarta skal r\u00e9tt tala og m\u00ednar varir skulu framsegja \u00feann sanna skilninginn. Gu\u00f0s andi hefur gj\u00f6rt mig og innbl\u00e1sturinn Hins alm\u00e1ttuga hefur gefi\u00f0 m\u00e9r l\u00edfi\u00f0. Kannt \u00fe\u00fa, \u00fe\u00e1 svara m\u00e9r, b\u00fa \u00feig til og gegn m\u00e9r. Sj\u00e1 \u00fe\u00fa, eg heyri Gu\u00f0i til jafn vel sem \u00fe\u00fa og eg er gj\u00f6r\u00f0ur af \u00fev\u00ed hinu sama leiri. En \u00fe\u00fa \u00fearft \u00fe\u00f3 ekki a\u00f0 hr\u00e6\u00f0ast fyrir m\u00e9r og m\u00edn h\u00f6nd skal ekki vera \u00fe\u00e9r of \u00feung. <a href=\"https:\/\/biblian.is\/gudbrandsbiblia\/jobsbok-33-kafli\/\"> [&#8230;]<\/a><\/p>\n","protected":false},"author":1,"featured_media":0,"parent":0,"menu_order":0,"comment_status":"open","ping_status":"open","template":"bibliukaflar.php","meta":{"footnotes":""},"class_list":["post-3162","page","type-page","status-publish","hentry"],"_links":{"self":[{"href":"https:\/\/biblian.is\/gudbrandsbiblia\/wp-json\/wp\/v2\/pages\/3162","targetHints":{"allow":["GET"]}}],"collection":[{"href":"https:\/\/biblian.is\/gudbrandsbiblia\/wp-json\/wp\/v2\/pages"}],"about":[{"href":"https:\/\/biblian.is\/gudbrandsbiblia\/wp-json\/wp\/v2\/types\/page"}],"author":[{"embeddable":true,"href":"https:\/\/biblian.is\/gudbrandsbiblia\/wp-json\/wp\/v2\/users\/1"}],"replies":[{"embeddable":true,"href":"https:\/\/biblian.is\/gudbrandsbiblia\/wp-json\/wp\/v2\/comments?post=3162"}],"version-history":[{"count":0,"href":"https:\/\/biblian.is\/gudbrandsbiblia\/wp-json\/wp\/v2\/pages\/3162\/revisions"}],"wp:attachment":[{"href":"https:\/\/biblian.is\/gudbrandsbiblia\/wp-json\/wp\/v2\/media?parent=3162"}],"curies":[{"name":"wp","href":"https:\/\/api.w.org\/{rel}","templated":true}]}}