{"id":3160,"date":"2017-12-18T18:32:50","date_gmt":"2017-12-18T18:32:50","guid":{"rendered":"http:\/\/biblian.is\/gudbrandsbiblia\/jobsbok-31-kafli\/"},"modified":"2017-12-18T18:32:50","modified_gmt":"2017-12-18T18:32:50","slug":"jobsbok-31-kafli","status":"publish","type":"page","link":"https:\/\/biblian.is\/gudbrandsbiblia\/jobsbok-31-kafli\/","title":{"rendered":"Jobsb\u00f3k 31. kafli"},"content":{"rendered":"<p>XXXI.<\/p>\n<p>S\u00e1ttm\u00e1la gj\u00f6r\u00f0a eg vi\u00f0 m\u00edn augu a\u00f0 eg skyldi ekki horfa til neinnrar meyjar. En hva\u00f0 gefur Gu\u00f0 h\u00e9r ofan a\u00f0 m\u00e9r \u00ed ver\u00f0launin og hva\u00f0 gefur s\u00e1 Hinn alm\u00e1ttugi af h\u00e6\u00f0unum m\u00e9r \u00ed arft\u00f6ku? Skyldu ekki heldur hinir rangl\u00e1tu hafa svoddan \u00f3lukku og einn illgj\u00f6r\u00f0ama\u00f0ur a\u00f0 vera svo \u00fatrekinn? S\u00e9r hann ekki m\u00edna vegu og telur \u00f6ll m\u00edn f\u00f3tspor? Hefi eg nokku\u00f0 gengi\u00f0 \u00ed h\u00e9g\u00f3manum e\u00f0a hefur minn f\u00f3tur gengi\u00f0 til svikr\u00e6\u00f0isins? Vegi hann mig \u00fe\u00e1 \u00ed r\u00e9ttum metask\u00e1lum og mun Gu\u00f0 formerkja mitt meinleysi. <span class=\"athugasemd\" title=\"R\u00e9ttl\u00e6ti g\u00f3\u00f0rar samvisku\">[<\/span> Hafi m\u00edn f\u00f3tspor af veginum viki\u00f0 og mitt hjarta m\u00ednum augum eftir fylgt og hafi \u00fear nokku\u00f0 lo\u00f0a\u00f0 vi\u00f0 m\u00ednar hendur \u00fe\u00e1 skal eg ni\u00f0ur s\u00e1 en einn annar skal \u00fea\u00f0 uppskera og mitt slekti skal \u00fe\u00e1 uppr\u00e6tt ver\u00f0a.<\/p>\n<p>\tHafi mitt hjarta l\u00e1ti\u00f0 teygja sig til kvenna e\u00f0a hafi eg \u00ed leynum sta\u00f0i\u00f0 \u00ed h\u00fasdyrum m\u00edns n\u00e1unga \u00fe\u00e1 ver\u00f0i m\u00edn eiginkona af einum \u00f6\u00f0rum sk\u00f6mmu\u00f0 og a\u00f0rir liggi me\u00f0 henni. \u00dev\u00ed \u00fea\u00f0 sama er einn gl\u00e6pur og einn skammarl\u00f6stur fyrir d\u00f3maranum. Af \u00fev\u00ed a\u00f0 \u00fea\u00f0 v\u00e6ri s\u00e1 eldur sem allt uppeyddi til fordj\u00f6rfunar og uppr\u00e6tti alla m\u00edna inntekt. Hafi eg fyrirliti\u00f0 r\u00e9ttarfari\u00f0 m\u00edns \u00fej\u00f3nustumanns e\u00f0a \u00fej\u00f3nustukvinnu n\u00e6r \u00feau h\u00f6f\u00f0u k\u00e6rum\u00e1l vi\u00f0 mig, hva\u00f0 vilda eg tilgj\u00f6ra n\u00e6r e\u00f0 Gu\u00f0 t\u00e6ki sig upp og hverju skylda eg svara \u00feegar hann vitjar? Hefur hann ekki gj\u00f6rt hinn annan sem mig samtempra\u00f0i \u00ed m\u00f3\u00f0urkvi\u00f0i og hefur tilreitt l\u00edfi\u00f0 \u00ed honum eins l\u00edka svo? Hef eg sagt nei vi\u00f0 b\u00e6n hins f\u00e1t\u00e6ka og l\u00e9t eg ekkjunnar augu vanm\u00e6ttast? <span class=\"athugasemd\" title=\"Hr\u00f3san g\u00f3\u00f0rar samvisku\">[<\/span> Hafi eg eti\u00f0 minn mat einsamall svo \u00fea\u00f0 hinir f\u00f6\u00f0urlausu hafa ekki eti\u00f0 \u00fear af? \u00dev\u00ed a\u00f0 eg hef au\u00f0s\u00fdnt mig so sem annan f\u00f6\u00f0ur allt \u00ed fr\u00e1 m\u00ednum barnd\u00f3mi og \u00feegar \u00ed fr\u00e1 minnar m\u00f3\u00f0ur kvi\u00f0i hefi eg gjarnan huggun veitt.<\/p>\n<p>\tHefi eg s\u00e9\u00f0 nokkurn farast af fatleysi e\u00f0a l\u00e1ti\u00f0 hinn f\u00e1t\u00e6ka ganga fatlausan? Hafa ekki hans s\u00ed\u00f0ur velsigna\u00f0 mig \u00fe\u00e1 e\u00f0 \u00feeim var\u00f0 heitt af m\u00ednum lambareyfum? Hefi eg me\u00f0 minni hendi lagt \u00e1 hinn f\u00f6\u00f0urlausa \u00e1 me\u00f0an eg s\u00e1 \u00ed portdyrunum sta\u00f0anna magt til a\u00f0 hj\u00e1lpa? \u00de\u00e1 \u00ed burt falli m\u00edn her\u00f0abl\u00f6\u00f0 fr\u00e1 axlabeinunum og minn handlegg bresti fr\u00e1 olboganum. \u00dev\u00ed a\u00f0 eg hr\u00e6ddunst Gu\u00f0 svo sem annan lukkubrest yfir m\u00e9r og eg kunni ekki a\u00f0 bera hans byr\u00f0ar\u00feunga? Hafi eg sett gulli\u00f0 fyrir minn \u00e1tr\u00fana\u00f0 og svo til gullhn\u00f6ttsins sagt: \u00de\u00fa ert mitt traust? Hafi eg glatt mig \u00fat af \u00fev\u00ed a\u00f0 eg haf\u00f0a svo miki\u00f0 g\u00f3ss og \u00fea\u00f0 m\u00edn h\u00f6nd hef\u00f0i \u00fatvegi\u00f0 allra handa? Hafi eg liti\u00f0 til <span class=\"athugasemd\" title=\"a \/ \u00dea\u00f0 er, \u00fe\u00e1 eg haf\u00f0a lukku gladdist eg ekki \u00far h\u00f3fi\">[<\/span> lj\u00f3ssins n\u00e6r e\u00f0 \u00fea\u00f0 skein sk\u00e6rt e\u00f0a til tunglsins n\u00e6r e\u00f0 \u00fea\u00f0 vel gekk? Hafi mitt hjarta l\u00e1ti\u00f0 t\u00e6la sig heimuglega so a\u00f0 minn munnur <span class=\"athugasemd\" title=\"b \/ Kallast a\u00f0 hr\u00f3sa sj\u00e1lfs s\u00edns verki hva\u00f0 alleina Gu\u00f0i tilheyrir\">[<\/span> kyssti \u00e1 m\u00edna h\u00f6nd? \u00dea\u00f0 sama er og ein misgj\u00f6r\u00f0 fyrir d\u00f3maranum \u00fev\u00ed \u00fear me\u00f0 hef\u00f0a eg neita\u00f0 Gu\u00f0i h\u00e9r ofan a\u00f0.<\/p>\n<p>\tHafi eg nokku\u00f0 glatt mmig \u00fe\u00f3 a\u00f0 m\u00ednum \u00f3vin veitti illa og upphafi\u00f0 mig af \u00fev\u00ed \u00fe\u00f3 \u00f3g\u00e6fa k\u00e6mi yfir hann? \u00dev\u00ed a\u00f0 eg l\u00e9t minn munn ekki syndgast \u00ed \u00fev\u00ed \u00fea\u00f0 hann \u00e6skti hans s\u00e1lu neinnri b\u00f6lvan. Hafa \u00feeir menn \u00e1 m\u00ednu <span class=\"athugasemd\" title=\"c \/ \u00dea\u00f0 er, m\u00edn hj\u00fa \u00feor\u00f0u ekki a\u00f0 girnast neitt \u00fea\u00f0 minna \u00f3vina var\">[<\/span> heimili ekki hloti\u00f0 a\u00f0 segja: Gu\u00f0 hann gefi \u00fea\u00f0 a\u00f0 v\u00e9r ekki se\u00f0junst af hans kj\u00f6ti? Hinn gestkomandi m\u00e1tti ekki \u00fati vera \u00e1 n\u00e1ttart\u00edma heldur l\u00e9t eg m\u00ednar dyr upp fyrir \u00feeim vegfarandi var. Hafi eg duli\u00f0 m\u00edna hrekkv\u00edsi sem annar ma\u00f0ur so eg ni\u00f0urbyrg\u00f0i minn misgj\u00f6rning leynilega? Hafi eg l\u00e1ti\u00f0 hr\u00e6\u00f0a mig \u00feann mikla mannfj\u00f6lda og l\u00e1ti\u00f0 \u00fe\u00e1 fyrirlitninguna fjandskaparins skelfa mig? Eg var kyrr og gekk ekki \u00fat af dyrunum.<\/p>\n<p>\tHver gefur m\u00e9r einn \u00feann sem mig vill heyra svo \u00fea\u00f0 Hinn alm\u00e1ttugi vildi heyra m\u00edna girnd og \u00fea\u00f0 einhver m\u00e6tti mitt m\u00e1lefni \u00fatskrifa \u00ed eina b\u00f3k? \u00de\u00e1 vilda eg taka hann upp \u00e1 m\u00ednar her\u00f0ar og spenna hann \u00ed kringum mig sem annarri k\u00f3r\u00f3nu. T\u00f6luna minna f\u00f3tspora skylda eg \u00fe\u00e1 uppsegja og eg vilda framsegja honum \u00fea\u00f0 sem annar <span class=\"athugasemd\" title=\"d \/ (H\u00f6f\u00f0ingi) \/ \u00d3hr\u00e6ddur, djarflega\">[<\/span> h\u00f6f\u00f0ingi. Ef a\u00f0 min j\u00f6r\u00f0 kallar \u00e1 m\u00f3ti m\u00e9r og hennar <span class=\"athugasemd\" title=\"e \/ \u00deeir skur\u00f0ir sem pl\u00f3gurinn gj\u00f6rir \u00fe\u00e1 pl\u00e6gt er\">[<\/span> akurreinir gr\u00e1ta me\u00f0 henni, hafi eg eti\u00f0 hennar \u00e1v\u00f6xt \u00f3betala\u00f0 og \u00fevinga\u00f0 so l\u00edfi\u00f0 akurverksmannanna, \u00fe\u00e1 varxi m\u00e9r illgresi \u00ed sta\u00f0inn hveitis og klungur\u00feyrnar fyrir bygg.<\/p>\n<p>Or\u00f0in Job hafa enda.&#8220;<\/p>\n","protected":false},"excerpt":{"rendered":"<p>XXXI. S\u00e1ttm\u00e1la gj\u00f6r\u00f0a eg vi\u00f0 m\u00edn augu a\u00f0 eg skyldi ekki horfa til neinnrar meyjar. En hva\u00f0 gefur Gu\u00f0 h\u00e9r ofan a\u00f0 m\u00e9r \u00ed ver\u00f0launin og hva\u00f0 gefur s\u00e1 Hinn alm\u00e1ttugi af h\u00e6\u00f0unum m\u00e9r \u00ed arft\u00f6ku? Skyldu ekki heldur hinir rangl\u00e1tu hafa svoddan \u00f3lukku og einn illgj\u00f6r\u00f0ama\u00f0ur a\u00f0 vera svo \u00fatrekinn? S\u00e9r hann ekki m\u00edna vegu og telur \u00f6ll m\u00edn f\u00f3tspor? Hefi eg nokku\u00f0 gengi\u00f0 \u00ed h\u00e9g\u00f3manum e\u00f0a hefur minn f\u00f3tur gengi\u00f0 til svikr\u00e6\u00f0isins? Vegi hann mig \u00fe\u00e1 \u00ed r\u00e9ttum metask\u00e1lum og mun Gu\u00f0 formerkja mitt meinleysi. [ Hafi m\u00edn f\u00f3tspor af veginum viki\u00f0 og mitt hjarta m\u00ednum augum eftir <a href=\"https:\/\/biblian.is\/gudbrandsbiblia\/jobsbok-31-kafli\/\"> [&#8230;]<\/a><\/p>\n","protected":false},"author":1,"featured_media":0,"parent":0,"menu_order":0,"comment_status":"open","ping_status":"open","template":"bibliukaflar.php","meta":{"footnotes":""},"class_list":["post-3160","page","type-page","status-publish","hentry"],"_links":{"self":[{"href":"https:\/\/biblian.is\/gudbrandsbiblia\/wp-json\/wp\/v2\/pages\/3160","targetHints":{"allow":["GET"]}}],"collection":[{"href":"https:\/\/biblian.is\/gudbrandsbiblia\/wp-json\/wp\/v2\/pages"}],"about":[{"href":"https:\/\/biblian.is\/gudbrandsbiblia\/wp-json\/wp\/v2\/types\/page"}],"author":[{"embeddable":true,"href":"https:\/\/biblian.is\/gudbrandsbiblia\/wp-json\/wp\/v2\/users\/1"}],"replies":[{"embeddable":true,"href":"https:\/\/biblian.is\/gudbrandsbiblia\/wp-json\/wp\/v2\/comments?post=3160"}],"version-history":[{"count":0,"href":"https:\/\/biblian.is\/gudbrandsbiblia\/wp-json\/wp\/v2\/pages\/3160\/revisions"}],"wp:attachment":[{"href":"https:\/\/biblian.is\/gudbrandsbiblia\/wp-json\/wp\/v2\/media?parent=3160"}],"curies":[{"name":"wp","href":"https:\/\/api.w.org\/{rel}","templated":true}]}}