{"id":3158,"date":"2017-12-18T18:32:50","date_gmt":"2017-12-18T18:32:50","guid":{"rendered":"http:\/\/biblian.is\/gudbrandsbiblia\/jobsbok-29-kafli\/"},"modified":"2017-12-18T18:32:50","modified_gmt":"2017-12-18T18:32:50","slug":"jobsbok-29-kafli","status":"publish","type":"page","link":"https:\/\/biblian.is\/gudbrandsbiblia\/jobsbok-29-kafli\/","title":{"rendered":"Jobsb\u00f3k 29. kafli"},"content":{"rendered":"<p>XXIX.<\/p>\n<p>Job h\u00f3f enn upp aftur s\u00edna eftirl\u00edking og sag\u00f0i: <span class=\"athugasemd\" title=\"Jobs vegsemd\">[<\/span> &#8222;Eg vilda a\u00f0 eg v\u00e6ri l\u00edka sem eg var \u00e1 \u00feeim fyrrum m\u00e1nu\u00f0um, \u00e1 \u00feeim d\u00f6gunum \u00fe\u00e1 e\u00f0 Gu\u00f0 hann var\u00f0veitti mig, \u00feann t\u00ed\u00f0 a\u00f0 hans lj\u00f3slogi skein yfir m\u00ednu h\u00f6f\u00f0i og eg gekk vi\u00f0 hans lj\u00f3s \u00ed myrkrinu, so sem \u00fe\u00e1 eg var \u00e1 \u00feeim \u00e6skualdri m\u00edns ungd\u00f3ms \u00fe\u00e1 e\u00f0 Gu\u00f0s leyndur d\u00f3mur var yfir m\u00ednu heimili, \u00feann t\u00ed\u00f0 Hinn alm\u00e1ttugi var me\u00f0 m\u00e9r og m\u00edn b\u00f6rn \u00ed kringum mig, \u00fe\u00e1 e\u00f0 eg \u00fevo\u00f0a m\u00edn f\u00f3tspor \u00ed <span class=\"athugasemd\" title=\"a \/ (Smj\u00f6ri) \/ \u00de\u00e1 eg haf\u00f0a gn\u00f3tt allra hlutu, allt \u00e1nu feitt og yfirflj\u00f3tanlegt\">[<\/span> smj\u00f6ri og steinbj\u00f6rgin \u00fathelltu m\u00e9r vi\u00f0smj\u00f6rsl\u00e6kjum, \u00fe\u00e1 a\u00f0 eg gekk til borgarhli\u00f0anna og l\u00e9t tilb\u00faa minn st\u00f3l \u00e1 str\u00e6tinu, \u00fe\u00e1 hinir ungu menn s\u00e1u mig og \u00feeir f\u00f6ldu sig og \u00fe\u00e1 hinir g\u00f6mlu st\u00f3\u00f0u upp fyrir m\u00e9r, \u00fe\u00e1 e\u00f0 h\u00f6f\u00f0ingjarnir g\u00e1fu upp a\u00f0 tala og h\u00e9ldu s\u00ednum h\u00f6ndum fyrir sinn munn, \u00fe\u00e1 e\u00f0 raustin hersh\u00f6f\u00f0ingjans byrg\u00f0i sig og tungurnar \u00e1 \u00feeim loddu vi\u00f0 \u00feeirra g\u00f3ma. \u00dev\u00ed a\u00f0 hvers \u00feess eyra sem mig heyr\u00f0i \u00fea pr\u00edsa\u00f0i mig lofsamlegana og hvers auga sem mig s\u00e1 hann h\u00e6ldi m\u00e9r.<\/p>\n<p>\t\u00dev\u00ed a\u00f0 eg frelsa\u00f0i hinn f\u00e1t\u00e6ka \u00fe\u00e1 e\u00f0 hann kveina\u00f0i og \u00feann hinn f\u00f6\u00f0urlausa sem \u00f6ngvan hj\u00e1lparmann haf\u00f0i. Hans blessan sem fordjarfast \u00e1tti h\u00fan kom yfir mig og eg gladdi hjarta ekkjunnar. R\u00e9ttv\u00edsin var minn kl\u00e6\u00f0na\u00f0ur hverri eg \u00edkl\u00e6ddi mig sem \u00f6\u00f0rum kyrtli og d\u00f3murinn var m\u00edns veldish\u00fafa. Auga\u00f0 hins sj\u00f3nlausa var eg og f\u00e6turnar hins f\u00f3tlama. Eg var fa\u00f0ir hins f\u00e1t\u00e6ka og hvert \u00fea\u00f0 m\u00e1lefni sem eg vissa ei \u00fea\u00f0 \u00fatspur\u00f0a eg. Jaxlana hins rangl\u00e1ta \u00ed sundur braut eg og sleit \u00fea\u00f0 rangfengna \u00far hans t\u00f6nnum. Eg \u00feenkta so: Eg vil deyja \u00ed m\u00ednu hrei\u00f0ri og gj\u00f6ra m\u00edna daga svo marga sem sand. Mitt s\u00e6\u00f0i \u00fea\u00f0 rann upp vi\u00f0 vatni\u00f0 og n\u00e1ttd\u00f6ggin var yfir m\u00ednum kornskur\u00f0i. M\u00edn d\u00fdr\u00f0 \u00e1n\u00fdja\u00f0i sig allt\u00ed\u00f0 fyrir m\u00e9r og minn <span class=\"athugasemd\" title=\"a \/ (Bogi) \/ M\u00edn magt f\u00f3r jafnan vaxandi\">[<\/span> bogi batna\u00f0i \u00ed minni hendi. \u00deeir hl\u00fdddu \u00e1 m\u00edn or\u00f0 og \u00fe\u00f6g\u00f0u og hug\u00f0u allir a\u00f0 minni r\u00e1\u00f0leggingu. Eftir m\u00edna or\u00f0r\u00e6\u00f0u \u00fe\u00e1 tala\u00f0i enginn fleira og m\u00edn m\u00e6lska h\u00fan draup \u00e1 \u00fe\u00e1. \u00deeir v\u00e6ntu eftir m\u00e9r sem annarri d\u00f6ggu og opnum h\u00e9ldu \u00feeir s\u00ednum munni l\u00edka sem eftir \u00f6\u00f0ru kveldregni. N\u00e6r a\u00f0 eg <span class=\"athugasemd\" title=\"c \/ (Brosti) \/ Eg var vingjarnlegur, gla\u00f0ur vi\u00f0 \u00fe\u00e1, en \u00fe\u00f3 fengu \u00feeir ekki \u00fear af ofdirf\u00f0 a\u00f0 fyrirl\u00edta mig\">[<\/span> brosti me\u00f0 \u00feeim \u00fe\u00e1 dirf\u00f0ust \u00feeir ekki vi\u00f0 \u00fea\u00f0 og \u00fea\u00f0 lj\u00f3si\u00f0 m\u00edns auglits gj\u00f6r\u00f0i mig ekki minnih\u00e1ttar. \u00de\u00e1 hvenar eg vildi fara til \u00feessarar s\u00fdslanar \u00fe\u00e1 var\u00f0 eg a\u00f0 sitja hinn efsti og eg bj\u00f3 \u00e1 milli str\u00ed\u00f0smannanna sem einn konungur, \u00fe\u00e1 e\u00f0 eg hugsvala\u00f0i \u00feeim sem harm\u00ferungnir voru.<\/p>\n","protected":false},"excerpt":{"rendered":"<p>XXIX. Job h\u00f3f enn upp aftur s\u00edna eftirl\u00edking og sag\u00f0i: [ &#8222;Eg vilda a\u00f0 eg v\u00e6ri l\u00edka sem eg var \u00e1 \u00feeim fyrrum m\u00e1nu\u00f0um, \u00e1 \u00feeim d\u00f6gunum \u00fe\u00e1 e\u00f0 Gu\u00f0 hann var\u00f0veitti mig, \u00feann t\u00ed\u00f0 a\u00f0 hans lj\u00f3slogi skein yfir m\u00ednu h\u00f6f\u00f0i og eg gekk vi\u00f0 hans lj\u00f3s \u00ed myrkrinu, so sem \u00fe\u00e1 eg var \u00e1 \u00feeim \u00e6skualdri m\u00edns ungd\u00f3ms \u00fe\u00e1 e\u00f0 Gu\u00f0s leyndur d\u00f3mur var yfir m\u00ednu heimili, \u00feann t\u00ed\u00f0 Hinn alm\u00e1ttugi var me\u00f0 m\u00e9r og m\u00edn b\u00f6rn \u00ed kringum mig, \u00fe\u00e1 e\u00f0 eg \u00fevo\u00f0a m\u00edn f\u00f3tspor \u00ed [ smj\u00f6ri og steinbj\u00f6rgin \u00fathelltu m\u00e9r vi\u00f0smj\u00f6rsl\u00e6kjum, \u00fe\u00e1 a\u00f0 eg gekk <a href=\"https:\/\/biblian.is\/gudbrandsbiblia\/jobsbok-29-kafli\/\"> [&#8230;]<\/a><\/p>\n","protected":false},"author":1,"featured_media":0,"parent":0,"menu_order":0,"comment_status":"open","ping_status":"open","template":"bibliukaflar.php","meta":{"footnotes":""},"class_list":["post-3158","page","type-page","status-publish","hentry"],"_links":{"self":[{"href":"https:\/\/biblian.is\/gudbrandsbiblia\/wp-json\/wp\/v2\/pages\/3158","targetHints":{"allow":["GET"]}}],"collection":[{"href":"https:\/\/biblian.is\/gudbrandsbiblia\/wp-json\/wp\/v2\/pages"}],"about":[{"href":"https:\/\/biblian.is\/gudbrandsbiblia\/wp-json\/wp\/v2\/types\/page"}],"author":[{"embeddable":true,"href":"https:\/\/biblian.is\/gudbrandsbiblia\/wp-json\/wp\/v2\/users\/1"}],"replies":[{"embeddable":true,"href":"https:\/\/biblian.is\/gudbrandsbiblia\/wp-json\/wp\/v2\/comments?post=3158"}],"version-history":[{"count":0,"href":"https:\/\/biblian.is\/gudbrandsbiblia\/wp-json\/wp\/v2\/pages\/3158\/revisions"}],"wp:attachment":[{"href":"https:\/\/biblian.is\/gudbrandsbiblia\/wp-json\/wp\/v2\/media?parent=3158"}],"curies":[{"name":"wp","href":"https:\/\/api.w.org\/{rel}","templated":true}]}}