{"id":3157,"date":"2017-12-18T18:32:50","date_gmt":"2017-12-18T18:32:50","guid":{"rendered":"http:\/\/biblian.is\/gudbrandsbiblia\/jobsbok-28-kafli\/"},"modified":"2017-12-18T18:32:50","modified_gmt":"2017-12-18T18:32:50","slug":"jobsbok-28-kafli","status":"publish","type":"page","link":"https:\/\/biblian.is\/gudbrandsbiblia\/jobsbok-28-kafli\/","title":{"rendered":"Jobsb\u00f3k 28. kafli"},"content":{"rendered":"<p>XXVIII.<\/p>\n<p>Silfri\u00f0 \u00fea\u00f0 hefur s\u00edna uppg\u00f6ngu og gulli\u00f0 sinn sta\u00f0 \u00fear er \u00fea\u00f0 smeltist. J\u00e1rni\u00f0 \u00fea\u00f0 tekst \u00far j\u00f6r\u00f0unni og \u00fat af steinunum smeltist koparinn. <span class=\"athugasemd\" title=\"a \/ (Myrkri\u00f0) \/ \u00dea\u00f0 er, ma\u00f0ur grefur dj\u00fapt \u00fear til a\u00f0 hann finnur \u00fea\u00f0 huli\u00f0\">[<\/span> Myrkri\u00f0 \u00fea\u00f0 f\u00e6r eitthvert sinn einn enda og einhver finnur me\u00f0 \u00fea\u00f0 s\u00ed\u00f0asta sk\u00fafsteininn sem dj\u00fapt er ni\u00f0ur f\u00f3lginn. \u00dear \u00fatsprettur soddan einn l\u00e6kur a\u00f0 \u00feeir sem \u00fear b\u00faa \u00ed n\u00e1nd \u00feeir geta \u00fear ekki yfir va\u00f0i\u00f0. Og hann s\u00e9tnar s\u00ed\u00f0an ni\u00f0ur aftur og rennur langt \u00ed burt fr\u00e1 f\u00f3lkinu. \u00dear f\u00e6st og eldur ne\u00f0an undan j\u00f6r\u00f0unni hvar e\u00f0 f\u00e6\u00f0an vex upp yfir. \u00dear finnst og safirus \u00ed sumum hverjum st\u00f6\u00f0um og \u00fe\u00e6r jar\u00f0artorfur sem gull er \u00fat \u00ed. \u00deann farveginn hvern enginn fugl hefur kanna\u00f0 og einskis gammsauga hefur s\u00e9\u00f0. \u00deau hinu <span class=\"athugasemd\" title=\"b \/ (Stoltu b\u00f6rn) \/ \u00dea\u00f0 eru \u00feau ungu le\u00f3n\">[<\/span> stoltu b\u00f6rnin hafa \u00fear ekki upp \u00e1 tro\u00f0i\u00f0 og ekki neitt le\u00f3n hefur yfir gengi\u00f0. \u00dear leggjast og einnin hendur \u00e1 \u00feau steinbj\u00f6rgin og fj\u00f6llunum umveltir hann. \u00dear brj\u00f3tast \u00feeir l\u00e6kirnir af fj\u00f6llunum og auga\u00f0 s\u00e9r \u00fea\u00f0 allt hva\u00f0 kostulegt er. \u00deeir st\u00edfla af strauminn vatsins og \u00fea\u00f0 sem f\u00f3lgi\u00f0 er \u00fear \u00fat \u00ed l\u00e1ta \u00feeir \u00ed lj\u00f3si.<\/p>\n<p>\tEn hvar vill v\u00edsd\u00f3murinn finnast og hvar er s\u00e1 sta\u00f0urinn skilningsins? <span class=\"athugasemd\" title=\"Gu\u00f0s v\u00edsd\u00f3mur\">[<\/span> Enginn veit hvar hann liggur og ei ver\u00f0ur hann fundinn \u00ed \u00fev\u00ed landinu lifandi manna. Undirdj\u00fapi\u00f0 \u00fea\u00f0 segir: Eigi er hann \u00ed m\u00e9r, og sj\u00f3rinn hann segir: Ekki er hann hj\u00e1 m\u00e9r. \u00dear ver\u00f0ur eigi gefi\u00f0 gull fyrir hann, eigi heldur silfur \u00fatvegi\u00f0 a\u00f0 betala hann me\u00f0. \u00d3f\u00edrsgull og \u00feeir d\u00fdrindis gimsteinar \u00f3nyx og saf\u00edr gilda ekki l\u00edka vi\u00f0 hann. Gull og adamas kann ekki a\u00f0 jafnast vi\u00f0 hann og ekki f\u00e6r hann a\u00f0 kaupast fyrir \u00fea\u00f0 d\u00fdrasta clenodium. Ram\u00f3t og gab\u00eds aktast ekki vi\u00f0 hann, v\u00edsd\u00f3murinn er h\u00e6rra vigtandi en perlur. S\u00e1 topasius af Bl\u00e1landi reiknast ekki til l\u00edka vi\u00f0 hann og \u00fea\u00f0 sk\u00edrasta gull er ekki samjafnandi vi\u00f0 hann.<\/p>\n<p>\tHva\u00f0an kemur v\u00edsd\u00f3murinn \u00fe\u00e1? Hvar er skilnings sta\u00f0urinn? Hann er f\u00f3lginn fyrir augum allra \u00feeirra e\u00f0 lifa, hann er og einnin f\u00f3lginn fyrir fuglum undir himninum. Fyrird\u00e6mingin og dau\u00f0inn \u00feau segja: V\u00e9r h\u00f6fum heyrt hans rykti me\u00f0 vorum eyrum. Gu\u00f0 hann veit vel veginn \u00feanga\u00f0 og hann veit vel \u00feann sta\u00f0. \u00dev\u00ed a\u00f0 hann l\u00edtur jar\u00f0arinnar enda og hann s\u00e9r allt \u00fea\u00f0 sem undir himninum er, hann sem gj\u00f6r\u00f0i vindinum sinn vigtar\u00feunga og setti vatninu sinn v\u00edsan m\u00e6lir, hann sem gj\u00f6r\u00f0i regninu sitt takmark og \u00feeim eldingunum og rei\u00f0ar\u00ferumunum veginn \u00fe\u00e1 hann s\u00e1 hana og framtaldi hana, hann tilreiddi hana og fann hana. Og hann sag\u00f0i til mannsins: Sj\u00e1 \u00fe\u00fa, \u00f3tti Drottins, \u00fea\u00f0 er v\u00edsd\u00f3murinn og a\u00f0 for\u00f0ast hi\u00f0 vonda, \u00fea\u00f0 er skilningurinn.&#8220;<\/p>\n","protected":false},"excerpt":{"rendered":"<p>XXVIII. Silfri\u00f0 \u00fea\u00f0 hefur s\u00edna uppg\u00f6ngu og gulli\u00f0 sinn sta\u00f0 \u00fear er \u00fea\u00f0 smeltist. J\u00e1rni\u00f0 \u00fea\u00f0 tekst \u00far j\u00f6r\u00f0unni og \u00fat af steinunum smeltist koparinn. [ Myrkri\u00f0 \u00fea\u00f0 f\u00e6r eitthvert sinn einn enda og einhver finnur me\u00f0 \u00fea\u00f0 s\u00ed\u00f0asta sk\u00fafsteininn sem dj\u00fapt er ni\u00f0ur f\u00f3lginn. \u00dear \u00fatsprettur soddan einn l\u00e6kur a\u00f0 \u00feeir sem \u00fear b\u00faa \u00ed n\u00e1nd \u00feeir geta \u00fear ekki yfir va\u00f0i\u00f0. Og hann s\u00e9tnar s\u00ed\u00f0an ni\u00f0ur aftur og rennur langt \u00ed burt fr\u00e1 f\u00f3lkinu. \u00dear f\u00e6st og eldur ne\u00f0an undan j\u00f6r\u00f0unni hvar e\u00f0 f\u00e6\u00f0an vex upp yfir. \u00dear finnst og safirus \u00ed sumum hverjum st\u00f6\u00f0um og \u00fe\u00e6r jar\u00f0artorfur <a href=\"https:\/\/biblian.is\/gudbrandsbiblia\/jobsbok-28-kafli\/\"> [&#8230;]<\/a><\/p>\n","protected":false},"author":1,"featured_media":0,"parent":0,"menu_order":0,"comment_status":"open","ping_status":"open","template":"bibliukaflar.php","meta":{"footnotes":""},"class_list":["post-3157","page","type-page","status-publish","hentry"],"_links":{"self":[{"href":"https:\/\/biblian.is\/gudbrandsbiblia\/wp-json\/wp\/v2\/pages\/3157","targetHints":{"allow":["GET"]}}],"collection":[{"href":"https:\/\/biblian.is\/gudbrandsbiblia\/wp-json\/wp\/v2\/pages"}],"about":[{"href":"https:\/\/biblian.is\/gudbrandsbiblia\/wp-json\/wp\/v2\/types\/page"}],"author":[{"embeddable":true,"href":"https:\/\/biblian.is\/gudbrandsbiblia\/wp-json\/wp\/v2\/users\/1"}],"replies":[{"embeddable":true,"href":"https:\/\/biblian.is\/gudbrandsbiblia\/wp-json\/wp\/v2\/comments?post=3157"}],"version-history":[{"count":0,"href":"https:\/\/biblian.is\/gudbrandsbiblia\/wp-json\/wp\/v2\/pages\/3157\/revisions"}],"wp:attachment":[{"href":"https:\/\/biblian.is\/gudbrandsbiblia\/wp-json\/wp\/v2\/media?parent=3157"}],"curies":[{"name":"wp","href":"https:\/\/api.w.org\/{rel}","templated":true}]}}