{"id":3155,"date":"2017-12-18T18:32:50","date_gmt":"2017-12-18T18:32:50","guid":{"rendered":"http:\/\/biblian.is\/gudbrandsbiblia\/jobsbok-26-kafli\/"},"modified":"2017-12-18T18:32:50","modified_gmt":"2017-12-18T18:32:50","slug":"jobsbok-26-kafli","status":"publish","type":"page","link":"https:\/\/biblian.is\/gudbrandsbiblia\/jobsbok-26-kafli\/","title":{"rendered":"Jobsb\u00f3k 26. kafli"},"content":{"rendered":"<p>XXVI.<\/p>\n<p>Job svara\u00f0i og sag\u00f0i: &#8222;Me\u00f0 hverjum heldur \u00fe\u00fa? \u00deeim sem hefur \u00f6ngva magt? Hj\u00e1lpar \u00fe\u00fa \u00feeim sem \u00f6ngvan styrkleik hefur \u00ed handleggjunum? Hverjum gefur \u00fe\u00fa r\u00e1\u00f0? \u00deeim sem \u00f6ngvan hefur v\u00edsd\u00f3m? Og undirv\u00edsar \u00fea\u00f0 \u00feeim volduga hvernin a\u00f0 hann skuli \u00fea\u00f0 fullkomna? Fyrir hverjum talar \u00fe\u00fa og fyrir hverjum gengur andardr\u00e1tturinn \u00fat af \u00fe\u00e9r? <span class=\"athugasemd\" title=\"a \/ (J\u00f6tnar) \/ \u00deeir eru hvalfiskar hverjir a\u00f0 merkja \u00fe\u00e1 st\u00f3ru v\u00edkinga og t\u00fdranna \u00e1 j\u00f6r\u00f0unni\">[<\/span> J\u00f6tnunum undir vatninu er \u00feungt og \u00feeim sem b\u00faa hj\u00e1 \u00feeim. Helv\u00edti \u00fea\u00f0 er opna\u00f0 fyrir honum og fordj\u00f6rfunin hefur \u00f6ngva sk\u00fdling. Hann \u00fatbrei\u00f0ir nor\u00f0ri\u00f0 upp \u00e1 ekki neitt og upphengir j\u00f6r\u00f0ina \u00e1 ekki neitt. Hann safnar vatninu \u00ed s\u00edn sk\u00fd og sk\u00fdin rifna ekki \u00fear undir. Hann uppheldur s\u00ednum veldisst\u00f3l og \u00fatbrei\u00f0ir s\u00edn sk\u00fd yfir hann. Eitt takmark hefur hann \u00ed kringum vatni\u00f0 sett \u00feanga\u00f0 til a\u00f0 lj\u00f3si\u00f0 og myrkri\u00f0 ver\u00f0a a\u00f0 \u00f6ngvu. St\u00f3lpar himinsins skj\u00e1lfa og hr\u00e6\u00f0ast hans \u00e1v\u00edtan. Fyrir hans m\u00e1tt upp\u00e6sist sj\u00f3rinn skyndilega og fyrir hans skilning upphefja sig hafsins bylgjur. \u00c1 himninum ver\u00f0ur \u00fea\u00f0 fagurt fyrir hans vind og h\u00f6nd hans tilrei\u00f0ir hlykkj\u00f3tta h\u00f6ggorma. Sj\u00e1 \u00fe\u00fa, svo gengur hans gj\u00f6rningur til. En \u00fear \u00fat af h\u00f6fum v\u00e9r fornumi\u00f0 eitt l\u00edti\u00f0 or\u00f0 en hver kann a\u00f0 skilja rei\u00f0ar\u00ferumur hans styrkleika?&#8220;<\/p>\n","protected":false},"excerpt":{"rendered":"<p>XXVI. Job svara\u00f0i og sag\u00f0i: &#8222;Me\u00f0 hverjum heldur \u00fe\u00fa? \u00deeim sem hefur \u00f6ngva magt? Hj\u00e1lpar \u00fe\u00fa \u00feeim sem \u00f6ngvan styrkleik hefur \u00ed handleggjunum? Hverjum gefur \u00fe\u00fa r\u00e1\u00f0? \u00deeim sem \u00f6ngvan hefur v\u00edsd\u00f3m? Og undirv\u00edsar \u00fea\u00f0 \u00feeim volduga hvernin a\u00f0 hann skuli \u00fea\u00f0 fullkomna? Fyrir hverjum talar \u00fe\u00fa og fyrir hverjum gengur andardr\u00e1tturinn \u00fat af \u00fe\u00e9r? [ J\u00f6tnunum undir vatninu er \u00feungt og \u00feeim sem b\u00faa hj\u00e1 \u00feeim. Helv\u00edti \u00fea\u00f0 er opna\u00f0 fyrir honum og fordj\u00f6rfunin hefur \u00f6ngva sk\u00fdling. Hann \u00fatbrei\u00f0ir nor\u00f0ri\u00f0 upp \u00e1 ekki neitt og upphengir j\u00f6r\u00f0ina \u00e1 ekki neitt. Hann safnar vatninu \u00ed s\u00edn sk\u00fd og sk\u00fdin rifna <a href=\"https:\/\/biblian.is\/gudbrandsbiblia\/jobsbok-26-kafli\/\"> [&#8230;]<\/a><\/p>\n","protected":false},"author":1,"featured_media":0,"parent":0,"menu_order":0,"comment_status":"open","ping_status":"open","template":"bibliukaflar.php","meta":{"footnotes":""},"class_list":["post-3155","page","type-page","status-publish","hentry"],"_links":{"self":[{"href":"https:\/\/biblian.is\/gudbrandsbiblia\/wp-json\/wp\/v2\/pages\/3155","targetHints":{"allow":["GET"]}}],"collection":[{"href":"https:\/\/biblian.is\/gudbrandsbiblia\/wp-json\/wp\/v2\/pages"}],"about":[{"href":"https:\/\/biblian.is\/gudbrandsbiblia\/wp-json\/wp\/v2\/types\/page"}],"author":[{"embeddable":true,"href":"https:\/\/biblian.is\/gudbrandsbiblia\/wp-json\/wp\/v2\/users\/1"}],"replies":[{"embeddable":true,"href":"https:\/\/biblian.is\/gudbrandsbiblia\/wp-json\/wp\/v2\/comments?post=3155"}],"version-history":[{"count":0,"href":"https:\/\/biblian.is\/gudbrandsbiblia\/wp-json\/wp\/v2\/pages\/3155\/revisions"}],"wp:attachment":[{"href":"https:\/\/biblian.is\/gudbrandsbiblia\/wp-json\/wp\/v2\/media?parent=3155"}],"curies":[{"name":"wp","href":"https:\/\/api.w.org\/{rel}","templated":true}]}}