{"id":3154,"date":"2017-12-18T18:32:50","date_gmt":"2017-12-18T18:32:50","guid":{"rendered":"http:\/\/biblian.is\/gudbrandsbiblia\/jobsbok-25-kafli\/"},"modified":"2017-12-18T18:32:50","modified_gmt":"2017-12-18T18:32:50","slug":"jobsbok-25-kafli","status":"publish","type":"page","link":"https:\/\/biblian.is\/gudbrandsbiblia\/jobsbok-25-kafli\/","title":{"rendered":"Jobsb\u00f3k 25. kafli"},"content":{"rendered":"<p>XXV.<\/p>\n<p>\u00de\u00e1 svara\u00f0i Bildad af S\u00faa og sag\u00f0i: <span class=\"athugasemd\" title=\"Bildad\">[<\/span> &#8222;Er ekki herrad\u00e6mi\u00f0 og \u00f3gnunin hj\u00e1 honum sem setur fri\u00f0inn \u00e1 me\u00f0al hinna h\u00e1vu? Hver f\u00e6r tali\u00f0 hans str\u00ed\u00f0smenn og yfir hverjum \u00fe\u00e1 uppgengur ekki hans lj\u00f3s? Og hvernin kann ma\u00f0urinn r\u00e9ttl\u00e1tur a\u00f0 vera fyrir Gu\u00f0i og hvernin kann s\u00e1 sem af konunni er f\u00e6ddur hreinn a\u00f0 vera? Sj\u00e1 \u00fe\u00fa, tungli\u00f0 sk\u00edn enn n\u00fa ekki og stj\u00f6rnunar eru ekki kl\u00e1rar \u00ed hans augliti, hversu miklu mi\u00f0ur mun \u00fe\u00e1 ma\u00f0urinn, s\u00e1 m\u00f6lur, s\u00e1 mannsins sonur og ma\u00f0kur!&#8220;<\/p>\n","protected":false},"excerpt":{"rendered":"<p>XXV. \u00de\u00e1 svara\u00f0i Bildad af S\u00faa og sag\u00f0i: [ &#8222;Er ekki herrad\u00e6mi\u00f0 og \u00f3gnunin hj\u00e1 honum sem setur fri\u00f0inn \u00e1 me\u00f0al hinna h\u00e1vu? Hver f\u00e6r tali\u00f0 hans str\u00ed\u00f0smenn og yfir hverjum \u00fe\u00e1 uppgengur ekki hans lj\u00f3s? Og hvernin kann ma\u00f0urinn r\u00e9ttl\u00e1tur a\u00f0 vera fyrir Gu\u00f0i og hvernin kann s\u00e1 sem af konunni er f\u00e6ddur hreinn a\u00f0 vera? Sj\u00e1 \u00fe\u00fa, tungli\u00f0 sk\u00edn enn n\u00fa ekki og stj\u00f6rnunar eru ekki kl\u00e1rar \u00ed hans augliti, hversu miklu mi\u00f0ur mun \u00fe\u00e1 ma\u00f0urinn, s\u00e1 m\u00f6lur, s\u00e1 mannsins sonur og ma\u00f0kur!&#8220;<\/p>\n","protected":false},"author":1,"featured_media":0,"parent":0,"menu_order":0,"comment_status":"open","ping_status":"open","template":"bibliukaflar.php","meta":{"footnotes":""},"class_list":["post-3154","page","type-page","status-publish","hentry"],"_links":{"self":[{"href":"https:\/\/biblian.is\/gudbrandsbiblia\/wp-json\/wp\/v2\/pages\/3154","targetHints":{"allow":["GET"]}}],"collection":[{"href":"https:\/\/biblian.is\/gudbrandsbiblia\/wp-json\/wp\/v2\/pages"}],"about":[{"href":"https:\/\/biblian.is\/gudbrandsbiblia\/wp-json\/wp\/v2\/types\/page"}],"author":[{"embeddable":true,"href":"https:\/\/biblian.is\/gudbrandsbiblia\/wp-json\/wp\/v2\/users\/1"}],"replies":[{"embeddable":true,"href":"https:\/\/biblian.is\/gudbrandsbiblia\/wp-json\/wp\/v2\/comments?post=3154"}],"version-history":[{"count":0,"href":"https:\/\/biblian.is\/gudbrandsbiblia\/wp-json\/wp\/v2\/pages\/3154\/revisions"}],"wp:attachment":[{"href":"https:\/\/biblian.is\/gudbrandsbiblia\/wp-json\/wp\/v2\/media?parent=3154"}],"curies":[{"name":"wp","href":"https:\/\/api.w.org\/{rel}","templated":true}]}}