{"id":3153,"date":"2017-12-18T18:32:50","date_gmt":"2017-12-18T18:32:50","guid":{"rendered":"http:\/\/biblian.is\/gudbrandsbiblia\/jobsbok-24-kafli\/"},"modified":"2017-12-18T18:32:50","modified_gmt":"2017-12-18T18:32:50","slug":"jobsbok-24-kafli","status":"publish","type":"page","link":"https:\/\/biblian.is\/gudbrandsbiblia\/jobsbok-24-kafli\/","title":{"rendered":"Jobsb\u00f3k 24. kafli"},"content":{"rendered":"<p>XXIIII.<\/p>\n<p>Hvar fyrir mun t\u00edminn ekki hulinn vera fyrir \u00feeim Hinum alm\u00e1ttuga? Og \u00feeir e\u00f0 hann \u00feekkja sj\u00e1 ekki hans daga. \u00deeir forminnku\u00f0u landamerkin, \u00feeir r\u00e6ntu hj\u00f6r\u00f0inni og f\u00e6\u00f0a han. \u00deeir \u00ed burt r\u00e1ku asnana hinna f\u00f6\u00f0urlausu og t\u00f3ku ekknanna nautf\u00e9na\u00f0 til borgunar. Hinir f\u00e1t\u00e6ku lutu a\u00f0 r\u00fdma fyrir \u00feeim og hinir \u00feurftugu \u00ed landinu hlutu a\u00f0 geyma sig. Sj\u00e1 \u00fe\u00fa, <span class=\"athugasemd\" title=\"a \/ \u00deeir \u00f3lmu og grimmu t\u00fdrannar\">[<\/span> villud\u00fdrin \u00ed ey\u00f0im\u00f6rkinni ganga \u00fat sem \u00feau eru v\u00f6n, snemma til a\u00f0 r\u00e6na og a\u00f0 leita s\u00e9r br\u00e1\u00f0a til sinna unga. \u00deeir upp vinna \u00feann akurinn sem ekki er \u00feeirra og plokka \u00feann v\u00edngar\u00f0 sem \u00feeir halda me\u00f0 r\u00f6ngu. \u00deeir l\u00e1ta hina fatlausu nakta liggja og veita \u00feeim ekki neitt skj\u00f3l \u00ed kuldanum, \u00ed fr\u00e1 \u00feeim er \u00feeir t\u00f3ku \u00fe\u00f3 kl\u00e6\u00f0in. So a\u00f0 \u00feeir hlj\u00f3ta sig a\u00f0 halda \u00ed hellum fjallanna n\u00e6r e\u00f0 \u00fea\u00f0 hretvi\u00f0ri\u00f0 af fj\u00f6llunum kemur yfir \u00fe\u00e1 af \u00fev\u00ed a\u00f0 \u00feeir hafa ekki neitt anna\u00f0 h\u00e6li. <\/p>\n<p>\t\u00deeir \u00ed burt taka barni\u00f0 af brj\u00f3stinu og gj\u00f6ra \u00fea\u00f0 f\u00f6\u00f0urlaust og \u00feeir gj\u00f6ra f\u00f3lki\u00f0 f\u00e1t\u00e6kt me\u00f0 s\u00ednum panta. Hina n\u00f6ktu l\u00e1ta \u00feeir kl\u00e6\u00f0lausa ganga og \u00feeir \u00ed burtu taka korni\u00f0 fr\u00e1 \u00feeim hungru\u00f0u. \u00deeir \u00fevinga \u00fe\u00e1 til a\u00f0 gj\u00f6ra vi\u00f0smj\u00f6r \u00e1 sj\u00e1lfs \u00feeirra kv\u00f6rnum og a\u00f0 tro\u00f0a v\u00edni\u00f0 \u00ed sj\u00e1lfs \u00feeirra v\u00edn\u00fer\u00fagum og l\u00e1ta \u00fe\u00e1 \u00fe\u00f3 l\u00ed\u00f0a \u00feosta. \u00deeir l\u00e1ta f\u00f3lki\u00f0 \u00ed st\u00f6\u00f0unum andvarpa og \u00fea\u00f0 s\u00e1lir hinna \u00ed hel slegnu \u00fe\u00e6r kalla og Gu\u00f0 hann skeytir \u00feeim ekki. \u00dear fyrir eru \u00feeir affallnir fr\u00e1 lj\u00f3sinu og \u00feekkja ekki hans vegu og sn\u00faa s\u00e9r ekki aftur \u00e1 hans veg?.<\/p>\n<p>\tMor\u00f0inginn stendur upp \u00fe\u00e1 e\u00f0 dagar og myr\u00f0ir hinn f\u00e1t\u00e6ka og hinn \u00feurftuga en \u00e1 n\u00f3ttinni er hann sem annar \u00fej\u00f3fur. Auga\u00f0 h\u00f3rkallsins g\u00e6tir a\u00f0 myrkrinu og segir svo: Ekkert auga \u00fea\u00f0 s\u00e9r mig, og \u00feenkir so a\u00f0 hann s\u00e9 hulinn. \u00cd myrkrinu br\u00fdst hann inn \u00ed h\u00fasi\u00f0 en \u00e1 daginn fela \u00feeir sig til samans og for\u00f0ast lj\u00f3si\u00f0. \u00dev\u00ed n\u00e6r morgunbirtan kemur \u00feeim \u00fe\u00e1 er h\u00fan \u00feeim l\u00edka sem anna\u00f0 myrkur \u00fev\u00ed a\u00f0 hann formerkir skelfingina myrkursins. Hann fer svo l\u00e9ttilega \u00ed burt h\u00e9\u00f0an sem \u00e1 \u00f6\u00f0ru vatni, hans g\u00f3ss bl\u00edfur l\u00edti\u00f0 \u00ed landinu og hann <span class=\"athugasemd\" title=\"b \/ \u00deeir e\u00f0 elska saurl\u00edfi fyrirkoma s\u00ednu\">[<\/span> uppbyggir ekki sinn v\u00edngar\u00f0. Helv\u00edti\u00f0 sviptir \u00feeim \u00ed burt sem syndgast l\u00edka svo sem hitinn og \u00feurr ve\u00f0ri\u00f0 \u00ed burt \u00feurrkar snj\u00f3vatni\u00f0.<\/p>\n<p>\tS\u00e1 miskunnsami mun forgleyma honum, hans lysting mun m\u00f6\u00f0kum vella, hans mun og ekki meir geti\u00f0 ver\u00f0a, hann mun og \u00ed sundur brotinn ver\u00f0a sem annar f\u00fainn fauskur. Hann hefur gj\u00f6rt illt \u00feeirri hinni einmana sem \u00f3byrja er og ekkjunum gj\u00f6r\u00f0i hann ekki neitt til g\u00f3\u00f0a. Hina voldugu lag\u00f0i hann undir sig me\u00f0 sinni magt. N\u00e6r e\u00f0 hann stendur \u00fe\u00e1 mun \u00fe\u00f3 ekki \u00f3hr\u00e6ddur ver\u00f0a um sitt l\u00edf. Hann gj\u00f6rir sj\u00e1lfum s\u00e9r einn \u00f6ruggleik \u00fear e\u00f0 hann treystir upp \u00e1, hans augu sj\u00e1 \u00fe\u00f3 samt \u00e1 \u00feeirra gj\u00f6rning. \u00deeir eru um litla stund upphafnir og ver\u00f0a a\u00f0 \u00f6ngu og ni\u00f0ur\u00ferykktir og \u00ed ey\u00f0ilag\u00f0ir me\u00f0 \u00f6llu. Og l\u00edka sem \u00feau h\u00e6stu \u00f6xin \u00e1 korninu \u00fe\u00e1 munu \u00feeir afslegnir ver\u00f0a. En er \u00fea\u00f0 eigi svo? N\u00fa vel, hver vill straffa mig um lygim\u00e6lgi og sanna \u00fea\u00f0 a\u00f0 mitt m\u00e1l s\u00e9 einskisvert?&#8220;<\/p>\n","protected":false},"excerpt":{"rendered":"<p>XXIIII. Hvar fyrir mun t\u00edminn ekki hulinn vera fyrir \u00feeim Hinum alm\u00e1ttuga? Og \u00feeir e\u00f0 hann \u00feekkja sj\u00e1 ekki hans daga. \u00deeir forminnku\u00f0u landamerkin, \u00feeir r\u00e6ntu hj\u00f6r\u00f0inni og f\u00e6\u00f0a han. \u00deeir \u00ed burt r\u00e1ku asnana hinna f\u00f6\u00f0urlausu og t\u00f3ku ekknanna nautf\u00e9na\u00f0 til borgunar. Hinir f\u00e1t\u00e6ku lutu a\u00f0 r\u00fdma fyrir \u00feeim og hinir \u00feurftugu \u00ed landinu hlutu a\u00f0 geyma sig. Sj\u00e1 \u00fe\u00fa, [ villud\u00fdrin \u00ed ey\u00f0im\u00f6rkinni ganga \u00fat sem \u00feau eru v\u00f6n, snemma til a\u00f0 r\u00e6na og a\u00f0 leita s\u00e9r br\u00e1\u00f0a til sinna unga. \u00deeir upp vinna \u00feann akurinn sem ekki er \u00feeirra og plokka \u00feann v\u00edngar\u00f0 sem \u00feeir halda me\u00f0 <a href=\"https:\/\/biblian.is\/gudbrandsbiblia\/jobsbok-24-kafli\/\"> [&#8230;]<\/a><\/p>\n","protected":false},"author":1,"featured_media":0,"parent":0,"menu_order":0,"comment_status":"open","ping_status":"open","template":"bibliukaflar.php","meta":{"footnotes":""},"class_list":["post-3153","page","type-page","status-publish","hentry"],"_links":{"self":[{"href":"https:\/\/biblian.is\/gudbrandsbiblia\/wp-json\/wp\/v2\/pages\/3153","targetHints":{"allow":["GET"]}}],"collection":[{"href":"https:\/\/biblian.is\/gudbrandsbiblia\/wp-json\/wp\/v2\/pages"}],"about":[{"href":"https:\/\/biblian.is\/gudbrandsbiblia\/wp-json\/wp\/v2\/types\/page"}],"author":[{"embeddable":true,"href":"https:\/\/biblian.is\/gudbrandsbiblia\/wp-json\/wp\/v2\/users\/1"}],"replies":[{"embeddable":true,"href":"https:\/\/biblian.is\/gudbrandsbiblia\/wp-json\/wp\/v2\/comments?post=3153"}],"version-history":[{"count":0,"href":"https:\/\/biblian.is\/gudbrandsbiblia\/wp-json\/wp\/v2\/pages\/3153\/revisions"}],"wp:attachment":[{"href":"https:\/\/biblian.is\/gudbrandsbiblia\/wp-json\/wp\/v2\/media?parent=3153"}],"curies":[{"name":"wp","href":"https:\/\/api.w.org\/{rel}","templated":true}]}}