{"id":3152,"date":"2017-12-18T18:32:46","date_gmt":"2017-12-18T18:32:46","guid":{"rendered":"http:\/\/biblian.is\/gudbrandsbiblia\/jobsbok-23-kafli\/"},"modified":"2017-12-18T18:32:46","modified_gmt":"2017-12-18T18:32:46","slug":"jobsbok-23-kafli","status":"publish","type":"page","link":"https:\/\/biblian.is\/gudbrandsbiblia\/jobsbok-23-kafli\/","title":{"rendered":"Jobsb\u00f3k 23. kafli"},"content":{"rendered":"<p>XXIII.<\/p>\n<p>Job svara\u00f0i og sag\u00f0i: <span class=\"athugasemd\" title=\"Job\">[<\/span> &#8222;M\u00edn r\u00e6\u00f0a bl\u00edfur enn hryggileg, minn m\u00e1ttur er veikur yfir minni andvarpan. Eg vilda a\u00f0 eg vissa hvernin eg g\u00e6ti helst fundi\u00f0 hann og eg m\u00e6tti koma til hans h\u00e1s\u00e6tis. \u00de\u00e1 skylda eg setja s\u00f6kina \u00ed d\u00f3m fyrir hann og uppfylla minn munn til \u00e1sakanar og reyna \u00feau or\u00f0in sem hann svarar m\u00e9r og skilja \u00fea\u00f0 vel hva\u00f0 hann mun segja m\u00e9r. Vilji hann ganga me\u00f0 st\u00f3rri magt \u00ed d\u00f3m vi\u00f0 mig \u00fe\u00e1 heg\u00f0i hann s\u00e9r ei svo vi\u00f0 mig heldur leggi hann \u00fea\u00f0 til jafna\u00f0ar fyrir mig, \u00fe\u00e1 mun eg vel vinna mitt m\u00e1l. En gangi eg n\u00fa beinan veg fram \u00fe\u00e1 er hann \u00fear ekki, gangi eg til baka \u00fe\u00e1 uppspyr eg hann ekki. S\u00e9 hann til vinstri hli\u00f0ar \u00fe\u00e1 h\u00f6ndla eg hann ekki, sk\u00fdli hann s\u00e9r til h\u00e6gri hli\u00f0ar \u00fe\u00e1 s\u00e9 eg hann ekki.<\/p>\n<p>\tEn minn veg \u00feekkir hann vel, hann reynir mig og mun eg \u00fe\u00e1 fundinn ver\u00f0a l\u00edkur sem anna\u00f0 gull. \u00dev\u00ed a\u00f0 eg set minn f\u00f3t upp \u00e1 hans veg og eg var\u00f0veiti hans vegu og hneigi \u00fear ekki \u00fat af. Og eg v\u00edk ekki af \u00feeim bo\u00f0or\u00f0um sem hans varir bj\u00f3\u00f0a og eg var\u00f0veiti or\u00f0r\u00e6\u00f0una hans munns enn meir en eg er skyldugur til. Hann er <span class=\"athugasemd\" title=\"a \/ (Einn) sem og stendur Galatas iy. Gu\u00f0 er einn. En \u00feess eina er ekki me\u00f0algangari\">[<\/span> einn, hver vill svara honum? Hann gj\u00f6rir \u00fea\u00f0 l\u00edka sem sj\u00e1lfur hann vill. Og \u00fe\u00f3 hann betali m\u00e9r \u00fea\u00f0 sem eg hefi for\u00fe\u00e9nt \u00fe\u00e1 er \u00fear enn meira eftir. \u00dear fyrir \u00fe\u00e1 skelfist eg fyrir honum og n\u00e6r a\u00f0 eg formerki \u00fea\u00f0 \u00fe\u00e1 hr\u00e6\u00f0unst eg fyrir honum. Gu\u00f0 hann hefur lina\u00f0 svo mitt hjarta og s\u00e1 Hinn alm\u00e1ttugi hefur so skelft mig af \u00fev\u00ed a\u00f0 myrkurin gj\u00f6ra \u00fear \u00f6ngvan enda \u00e1 vi\u00f0 mig og s\u00fa dimmu\u00feokan vill ekki sk\u00fdlast fyrir m\u00e9r.<\/p>\n","protected":false},"excerpt":{"rendered":"<p>XXIII. Job svara\u00f0i og sag\u00f0i: [ &#8222;M\u00edn r\u00e6\u00f0a bl\u00edfur enn hryggileg, minn m\u00e1ttur er veikur yfir minni andvarpan. Eg vilda a\u00f0 eg vissa hvernin eg g\u00e6ti helst fundi\u00f0 hann og eg m\u00e6tti koma til hans h\u00e1s\u00e6tis. \u00de\u00e1 skylda eg setja s\u00f6kina \u00ed d\u00f3m fyrir hann og uppfylla minn munn til \u00e1sakanar og reyna \u00feau or\u00f0in sem hann svarar m\u00e9r og skilja \u00fea\u00f0 vel hva\u00f0 hann mun segja m\u00e9r. Vilji hann ganga me\u00f0 st\u00f3rri magt \u00ed d\u00f3m vi\u00f0 mig \u00fe\u00e1 heg\u00f0i hann s\u00e9r ei svo vi\u00f0 mig heldur leggi hann \u00fea\u00f0 til jafna\u00f0ar fyrir mig, \u00fe\u00e1 mun eg vel vinna mitt <a href=\"https:\/\/biblian.is\/gudbrandsbiblia\/jobsbok-23-kafli\/\"> [&#8230;]<\/a><\/p>\n","protected":false},"author":1,"featured_media":0,"parent":0,"menu_order":0,"comment_status":"open","ping_status":"open","template":"bibliukaflar.php","meta":{"footnotes":""},"class_list":["post-3152","page","type-page","status-publish","hentry"],"_links":{"self":[{"href":"https:\/\/biblian.is\/gudbrandsbiblia\/wp-json\/wp\/v2\/pages\/3152","targetHints":{"allow":["GET"]}}],"collection":[{"href":"https:\/\/biblian.is\/gudbrandsbiblia\/wp-json\/wp\/v2\/pages"}],"about":[{"href":"https:\/\/biblian.is\/gudbrandsbiblia\/wp-json\/wp\/v2\/types\/page"}],"author":[{"embeddable":true,"href":"https:\/\/biblian.is\/gudbrandsbiblia\/wp-json\/wp\/v2\/users\/1"}],"replies":[{"embeddable":true,"href":"https:\/\/biblian.is\/gudbrandsbiblia\/wp-json\/wp\/v2\/comments?post=3152"}],"version-history":[{"count":0,"href":"https:\/\/biblian.is\/gudbrandsbiblia\/wp-json\/wp\/v2\/pages\/3152\/revisions"}],"wp:attachment":[{"href":"https:\/\/biblian.is\/gudbrandsbiblia\/wp-json\/wp\/v2\/media?parent=3152"}],"curies":[{"name":"wp","href":"https:\/\/api.w.org\/{rel}","templated":true}]}}