{"id":3151,"date":"2017-12-18T18:32:46","date_gmt":"2017-12-18T18:32:46","guid":{"rendered":"http:\/\/biblian.is\/gudbrandsbiblia\/jobsbok-22-kafli\/"},"modified":"2017-12-18T18:32:46","modified_gmt":"2017-12-18T18:32:46","slug":"jobsbok-22-kafli","status":"publish","type":"page","link":"https:\/\/biblian.is\/gudbrandsbiblia\/jobsbok-22-kafli\/","title":{"rendered":"Jobsb\u00f3k 22. kafli"},"content":{"rendered":"<p>XXII.<\/p>\n<p>\u00de\u00e1 svara\u00f0i El\u00edfas af Tema og sag\u00f0i: <span class=\"athugasemd\" title=\"El\u00edfas\">[<\/span> &#8222;Hva\u00f0 \u00fearf Gu\u00f0s hins \u00f6fluga vi\u00f0 e\u00f0a hvar til er honum s\u00e1 hinn r\u00e1\u00f0kl\u00f3ki nytsamlegur? Hvert \u00feenkir \u00fe\u00fa a\u00f0 \u00fea\u00f0 \u00fe\u00f3knist svo vel Hinum alm\u00e1ttuga a\u00f0 \u00fe\u00fa gj\u00f6rir \u00feig svo r\u00e9ttfer\u00f0ugan e\u00f0a hva\u00f0 sto\u00f0ar \u00fea\u00f0 honum \u00fe\u00f3 a\u00f0 \u00fe\u00fa haldir \u00fe\u00edna vegu so l\u00fdtalausa? \u00deenkir \u00fe\u00fa \u00fea\u00f0 hann muni ei \u00feora a\u00f0 straffa \u00feig og ganga \u00ed d\u00f3m vi\u00f0 \u00feig? J\u00e1, \u00fe\u00edn illska er of mikil og \u00fear er enginn endi \u00e1 \u00fe\u00ednum misgj\u00f6rningum. \u00de\u00fa hefur einhvern t\u00edma teki\u00f0 borgan af \u00fe\u00ednum br\u00f3\u00f0ur a\u00f0 nau\u00f0synjalausu og burtflett hinna n\u00f6ktu kl\u00e6\u00f0um. \u00de\u00fa hefur ekki gefi\u00f0 vegm\u00f3\u00f0um vatn a\u00f0 drekka og dregi\u00f0 \u00feitt brau\u00f0 af hungru\u00f0um. \u00de\u00fa hefur gj\u00f6rt ofr\u00edki \u00ed landinu og har\u00f0\u00fa\u00f0lega \u00fear inni seti\u00f0. Ekkjurnar hefur \u00fe\u00fa me\u00f0 t\u00f3mum h\u00f6ndum fr\u00e1 \u00fe\u00e9r l\u00e1ti\u00f0 fara og armleggina \u00feeirra f\u00f6\u00f0urlausu \u00ed sundur broti\u00f0. \u00dear fyrir ert \u00fe\u00fa umvafinn me\u00f0 sn\u00f6rum og hr\u00e6\u00f0slan hefur skyndilega skelft \u00feig. Skyldir \u00fe\u00fa ekki sj\u00e1 <span class=\"athugasemd\" title=\"a \/ Myrkri\u00f0 kallar hann hrygg\u00f0 og \u00f3g\u00e6fu, \u00fear \u00ed m\u00f3ti lj\u00f3si\u00f0 lukku og fars\u00e6ld\">[<\/span> myrkri\u00f0 og skyldi ekki vatsfl\u00f3\u00f0i\u00f0 hylja \u00feig? <\/p>\n<p>\tSj\u00e1 \u00fe\u00fa, Gu\u00f0 er h\u00e1tt \u00fear uppi yfir \u00ed himninum og s\u00e9r \u00fe\u00e6r Merkistj\u00f6rnurnar sem so h\u00e1tt eru. Og \u00fe\u00fa segir: Sk\u00fdin \u00feau skyggja \u00e1 hann og hann s\u00e9r \u00fea\u00f0 ekki og hann gengur \u00fat \u00ed \u00fev\u00ed hvelfinu himnanna. Vilt \u00fe\u00fa hyggja a\u00f0 veginum veraldarinnar \u00e1 hverjum \u00fea\u00f0 hinir rangl\u00e1tu hafa gengi\u00f0? \u00deeir e\u00f0 gl\u00f6tu\u00f0ust \u00e1\u00f0ur en \u00feeirra t\u00edmi kom og vatni\u00f0 hefur \u00ed burt \u00fevegi\u00f0 \u00feeirra grundv\u00f6ll. \u00deeir sem s\u00f6g\u00f0u til Gu\u00f0s: Far \u00fe\u00fa fr\u00e1 oss og hva\u00f0 skyldi S\u00e1 alm\u00e1ttugi kunna a\u00f0 gj\u00f6ra \u00feeim \u00fear e\u00f0 hann uppfyllir \u00fe\u00f3 \u00feeirra h\u00fas me\u00f0 au\u00f0\u00e6fum? En meiningin hinna \u00f3gu\u00f0legu s\u00e9 langt fr\u00e1 m\u00e9r. Hinir r\u00e9ttv\u00edsu munu sj\u00e1 \u00fea\u00f0 og gle\u00f0jast vi\u00f0 og s\u00e1 hinn saklausi mun h\u00e6\u00f0a a\u00f0 \u00feeim. Hva\u00f0 gildir \u00fea\u00f0 a\u00f0 \u00feeirra ums\u00fdslan mun \u00ed burt hver f\u00e1 og eldurinn mun forey\u00f0a \u00feeirra eftirkomendum?<\/p>\n<p>\t\u00dear fyrir \u00fe\u00e1 forl\u00edktu \u00feig n\u00fa vi\u00f0 hann og haf fri\u00f0, \u00fear af munt \u00fe\u00fa f\u00e1 miki\u00f0 gott. Heyr \u00fe\u00fa l\u00f6gm\u00e1li\u00f0 af hans munni og h\u00f6ndla hans r\u00e6\u00f0u \u00ed \u00fe\u00ednu hjarta. Ef \u00fe\u00fa sn\u00fdr \u00fe\u00e9r til Hins alm\u00e1ttuga \u00fe\u00e1 munt \u00fe\u00fa uppbygg\u00f0ur ver\u00f0a og l\u00e1ta rangl\u00e6ti\u00f0 fjarl\u00e6gt ver\u00f0a \u00feinni tjaldb\u00fa\u00f0. Svo mun hann gefa \u00fe\u00e9r gull fyrir j\u00f6r\u00f0 og gulll\u00e6ki fyrir grj\u00f3tsteina. Og s\u00e1 Hinn alm\u00e1ttugi mun vera \u00feitt gull og \u00fe\u00fa munt f\u00e1 st\u00f3ra hr\u00fagu silfurs. \u00de\u00e1 skalt \u00fe\u00fa \u00fe\u00edna lysting hafa til Hins alm\u00e1ttuga og upphefja \u00feitt auglit til Gu\u00f0s. \u00de\u00e1 munt \u00fe\u00fa og tilbi\u00f0ja hann og mun hann b\u00e6nheyra \u00feig og \u00fe\u00fa skalt enda \u00fe\u00edn heit. Hva\u00f0 sem \u00fe\u00fa \u00e1setur \u00fe\u00e9r \u00fea\u00f0 mun hann l\u00e1ta \u00fe\u00e9r vel lukkast og lj\u00f3si\u00f0 mun sk\u00edna \u00e1 \u00fe\u00ednum vegi. \u00dev\u00ed \u00fe\u00e1 sem sig l\u00edtill\u00e6ta \u00fe\u00e1 upphefur hann og hver hann ni\u00f0url\u00e6gir s\u00edn augu \u00feann mun Gu\u00f0 frelsa. Og s\u00e1 hinn saklausi mun frelsa\u00f0ur ver\u00f0a og hann mun frelsast fyrir hreinfer\u00f0is sakir hans handa.&#8220;<\/p>\n","protected":false},"excerpt":{"rendered":"<p>XXII. \u00de\u00e1 svara\u00f0i El\u00edfas af Tema og sag\u00f0i: [ &#8222;Hva\u00f0 \u00fearf Gu\u00f0s hins \u00f6fluga vi\u00f0 e\u00f0a hvar til er honum s\u00e1 hinn r\u00e1\u00f0kl\u00f3ki nytsamlegur? Hvert \u00feenkir \u00fe\u00fa a\u00f0 \u00fea\u00f0 \u00fe\u00f3knist svo vel Hinum alm\u00e1ttuga a\u00f0 \u00fe\u00fa gj\u00f6rir \u00feig svo r\u00e9ttfer\u00f0ugan e\u00f0a hva\u00f0 sto\u00f0ar \u00fea\u00f0 honum \u00fe\u00f3 a\u00f0 \u00fe\u00fa haldir \u00fe\u00edna vegu so l\u00fdtalausa? \u00deenkir \u00fe\u00fa \u00fea\u00f0 hann muni ei \u00feora a\u00f0 straffa \u00feig og ganga \u00ed d\u00f3m vi\u00f0 \u00feig? J\u00e1, \u00fe\u00edn illska er of mikil og \u00fear er enginn endi \u00e1 \u00fe\u00ednum misgj\u00f6rningum. \u00de\u00fa hefur einhvern t\u00edma teki\u00f0 borgan af \u00fe\u00ednum br\u00f3\u00f0ur a\u00f0 nau\u00f0synjalausu og burtflett hinna n\u00f6ktu kl\u00e6\u00f0um. \u00de\u00fa <a href=\"https:\/\/biblian.is\/gudbrandsbiblia\/jobsbok-22-kafli\/\"> [&#8230;]<\/a><\/p>\n","protected":false},"author":1,"featured_media":0,"parent":0,"menu_order":0,"comment_status":"open","ping_status":"open","template":"bibliukaflar.php","meta":{"footnotes":""},"class_list":["post-3151","page","type-page","status-publish","hentry"],"_links":{"self":[{"href":"https:\/\/biblian.is\/gudbrandsbiblia\/wp-json\/wp\/v2\/pages\/3151","targetHints":{"allow":["GET"]}}],"collection":[{"href":"https:\/\/biblian.is\/gudbrandsbiblia\/wp-json\/wp\/v2\/pages"}],"about":[{"href":"https:\/\/biblian.is\/gudbrandsbiblia\/wp-json\/wp\/v2\/types\/page"}],"author":[{"embeddable":true,"href":"https:\/\/biblian.is\/gudbrandsbiblia\/wp-json\/wp\/v2\/users\/1"}],"replies":[{"embeddable":true,"href":"https:\/\/biblian.is\/gudbrandsbiblia\/wp-json\/wp\/v2\/comments?post=3151"}],"version-history":[{"count":0,"href":"https:\/\/biblian.is\/gudbrandsbiblia\/wp-json\/wp\/v2\/pages\/3151\/revisions"}],"wp:attachment":[{"href":"https:\/\/biblian.is\/gudbrandsbiblia\/wp-json\/wp\/v2\/media?parent=3151"}],"curies":[{"name":"wp","href":"https:\/\/api.w.org\/{rel}","templated":true}]}}