{"id":3150,"date":"2017-12-18T18:32:46","date_gmt":"2017-12-18T18:32:46","guid":{"rendered":"http:\/\/biblian.is\/gudbrandsbiblia\/jobsbok-21-kafli\/"},"modified":"2017-12-18T18:32:46","modified_gmt":"2017-12-18T18:32:46","slug":"jobsbok-21-kafli","status":"publish","type":"page","link":"https:\/\/biblian.is\/gudbrandsbiblia\/jobsbok-21-kafli\/","title":{"rendered":"Jobsb\u00f3k 21. kafli"},"content":{"rendered":"<p>XXI.<\/p>\n<p>Job svara\u00f0i og sag\u00f0i: <span class=\"athugasemd\" title=\"Job\">[<\/span> &#8222;Heyri\u00f0 \u00fe\u00e1 m\u00ednu m\u00e1li og l\u00e1ti\u00f0 r\u00e1\u00f0leggja y\u00f0ur, umli\u00f0i\u00f0 mig \u00fea\u00f0 eg megi tala og d\u00e1ri\u00f0 mig so s\u00ed\u00f0an. <span class=\"athugasemd\" title=\"Jerem. 12 \/ Abak\u00fak 1\">[<\/span> Hvort hef eg vi\u00f0 nokkurn mann or\u00f0aspurningar svo a\u00f0 mitt hugskot megi \u00fear af sturlast? Hyggi\u00f0 a\u00f0 m\u00e9r og mun y\u00f0ur illa \u00e1l\u00edtast svo \u00fe\u00e9r munu\u00f0 halda y\u00f0ar h\u00f6ndum fyrir y\u00f0ar munn. Og n\u00e6r eg minnist \u00e1 \u00fea\u00f0 \u00fe\u00e1 ofb\u00fd\u00f0ur m\u00e9r \u00fea\u00f0 og mitt hold \u00fea\u00f0 kv\u00ed\u00f0ir vi\u00f0 \u00fev\u00ed. Hvar fyrir \u00fe\u00e1 lifa hinir \u00f3gu\u00f0hr\u00e6ddu, ver\u00f0a gamlir og eignast so mikil au\u00f0\u00e6fi? \u00deeirra s\u00e6\u00f0i er so andvaralaust allavegana \u00ed kringum \u00fe\u00e1 og \u00feeirra afkv\u00e6mi er hj\u00e1 \u00feeim. \u00deeirra h\u00fas er \u00ed fri\u00f0i fyrir \u00f3ttanum og Gu\u00f0s hirtingarv\u00f6ndur er ei yfir \u00feeim. Hans naut \u00fe\u00e1 t\u00edngast og fast ekki fyrir honum, hans k\u00fdr h\u00fan kelfir og missir ekki s\u00edns bur\u00f0ar. \u00deeirra ungu b\u00f6rn ganga \u00fat sem \u00f6nnur hj\u00f6r\u00f0 og \u00feeirra sm\u00e1b\u00f6rn st\u00f6kkva upp og leika s\u00e9r. \u00deeir skemmta s\u00e9r me\u00f0 bumbum og h\u00f6rpum og gle\u00f0ja sig me\u00f0 p\u00edpnahlj\u00f3\u00f0um. \u00deeir framlei\u00f0a s\u00edna l\u00edfdaga \u00ed s\u00e6ll\u00edfi og skelfast varla eitt <span class=\"athugasemd\" title=\"a \/ (Augabrag\u00f0) \/ \u00dea\u00f0 er, \u00feeir hafa g\u00f3\u00f0a daga allt \u00ed dau\u00f0ann og \u00fea\u00f0 er ekki a\u00f0 gj\u00f6ra nema um eitt augabrag\u00f0, so er \u00fea\u00f0 gj\u00f6rt me\u00f0 \u00fe\u00e1. En eg ver\u00f0 a\u00f0 l\u00ed\u00f0a skelfing og \u00f3lukku svo lengi \/ Malak. 3\">[<\/span> augabrag\u00f0 fyrir helv\u00edti. \u00deeim sem \u00fe\u00f3 segja so til Gu\u00f0s: V\u00edk \u00fe\u00fa burt fr\u00e1 oss, v\u00e9r viljum ekki vita af \u00fe\u00ednum vegum. Hver er s\u00e1 Hinn alm\u00e1ttugi \u00fea\u00f0 v\u00e9r skyldum \u00fej\u00f3na honum e\u00f0a hverja forbetran h\u00f6fum v\u00e9r \u00fear \u00fat af \u00fe\u00f3 a\u00f0 v\u00e9r \u00e1k\u00f6llum hann?<\/p>\n<p>\tEn sj\u00e1 \u00fe\u00fa, \u00feeirra g\u00f3ss er ekki \u00fat \u00ed \u00feeirra h\u00f6ndum, \u00fear fyrir skal sinni\u00f0 hins \u00f3gu\u00f0lega vera langt fr\u00e1 m\u00e9r. Hvernin mun s\u00e1 lj\u00f3sloginn hins \u00f3milda \u00fatsl\u00f6kkvast og \u00feeirra \u00f3g\u00e6fa yfir \u00fe\u00e1 koma? Hann mun \u00feeim hjartans angri \u00fatskipta \u00ed sinni rei\u00f0i. \u00deeir munu ver\u00f0a sem anna\u00f0 grasstr\u00e1 fyrir vindi og svo sem anna\u00f0 jar\u00f0arduft \u00fev\u00ed e\u00f0 st\u00f3rvi\u00f0ri\u00f0 \u00ed burtu feykir. Gu\u00f0 hann fyrir\u00e6tlar hans b\u00f6rnum b\u00f6li\u00f0, \u00fe\u00e1 n\u00e6r e\u00f0 hann vill endurgjalda honum \u00fea\u00f0 \u00fe\u00e1 munu \u00feeir f\u00e1 a\u00f0 vita \u00fea\u00f0. Hans augu munu sj\u00e1 s\u00edna sj\u00e1lfs fordjarfan og \u00fat af grimmdarrei\u00f0inni Hins alm\u00e1ttuga mun hann drekka. \u00dev\u00ed hver mun hafa g\u00f3\u00f0a \u00fe\u00f3knan til hans heimilis eftir hann? Og talan hans m\u00e1nu\u00f0anna mun naumlega h\u00e1lfnu\u00f0 bl\u00edfa. Hver er s\u00e1 sem hann vill l\u00e6ra Gu\u00f0, hann hver e\u00f0 d\u00e6mir \u00fe\u00e1 hinu h\u00e1leitu? \u00deessi \u00ed burt deyr kaskur og heilbrig\u00f0ur, \u00ed \u00f6llum r\u00edkd\u00f3mi og hefur fulla n\u00e6g\u00f0. Hans mj\u00f3lkurker\u00f6ld eru full af mj\u00f3lk og hans bein \u00feau fitna af merg. En hinn annar deyr \u00ed burt \u00fat \u00ed beiskleika sinnar s\u00e1lu og hefur aldrei me\u00f0 gle\u00f0i mat eti\u00f0. Og \u00feeir liggja l\u00edka hver me\u00f0 \u00f6\u00f0rum til samans \u00ed moldunni og ma\u00f0karnir hylja \u00fe\u00e1.<\/p>\n<p>\tSj\u00e1 \u00fe\u00fa, eg \u00feekki y\u00f0ar hugsanir vel og y\u00f0ar ranglegt upps\u00e1tur \u00e1 m\u00f3ti m\u00e9r. \u00dev\u00ed a\u00f0 \u00fe\u00e9r segi\u00f0: Hvar er h\u00f6f\u00f0ingjans h\u00fas og hvar er s\u00fa tjaldb\u00fa\u00f0in hvar hinn \u00f3gu\u00f0hr\u00e6ddi bj\u00f3? \u00de\u00e9r segi\u00f0 \u00fear \u00fat af l\u00edka sem anna\u00f0 al\u00fe\u00fd\u00f0uf\u00f3lk og hyggi\u00f0 ekki a\u00f0 \u00fev\u00ed a\u00f0 hva\u00f0 hinna ath\u00e6fi merkir. \u00dev\u00ed a\u00f0 s\u00e1 hinn illgjarni var\u00f0veitist til fordj\u00f6rfunardagsins og hann bl\u00edfur til hefndardagsins. Hver vill segja hva\u00f0 hann hefur for\u00fe\u00e9nt n\u00e6r e\u00f0 \u00fea\u00f0 ver\u00f0ur utan til \u00e1liti\u00f0? Hver vill <span class=\"athugasemd\" title=\"b \/ (launa) \/ \u00dea\u00f0 er, hver kann utan Gu\u00f0 alleina a\u00f0 d\u00e6ma honum hans laun?\">[<\/span> launa honum \u00fea\u00f0 hann gj\u00f6rir? Hann mun burtsviptast til grafarinnar og bl\u00edfa \u00fear \u00ed hj\u00e1 <span class=\"athugasemd\" title=\"c \/ (fj\u00f6lda) \/ \u00dea\u00f0 er, honum er gr\u00f6f b\u00fain hj\u00e1 \u00f6\u00f0rum gr\u00f6fum\">[<\/span> fj\u00f6ldanum (\u00feeirra framli\u00f0nu). <span class=\"athugasemd\" title=\"d \/ Holdsins vellysting\">[<\/span> Saurbleytan l\u00e6kjarins \u00fe\u00f3knast honum vel og allir menn munu honum eftir fylgja og \u00feeir eru \u00f3teljanlegir sem fyrir honum voru. Hvernin hugsvali \u00fe\u00e9r m\u00e9r so til forgefins? Og y\u00f0var andsv\u00f6r \u00feau finnast \u00f3r\u00e9tt.&#8220;<\/p>\n","protected":false},"excerpt":{"rendered":"<p>XXI. Job svara\u00f0i og sag\u00f0i: [ &#8222;Heyri\u00f0 \u00fe\u00e1 m\u00ednu m\u00e1li og l\u00e1ti\u00f0 r\u00e1\u00f0leggja y\u00f0ur, umli\u00f0i\u00f0 mig \u00fea\u00f0 eg megi tala og d\u00e1ri\u00f0 mig so s\u00ed\u00f0an. [ Hvort hef eg vi\u00f0 nokkurn mann or\u00f0aspurningar svo a\u00f0 mitt hugskot megi \u00fear af sturlast? Hyggi\u00f0 a\u00f0 m\u00e9r og mun y\u00f0ur illa \u00e1l\u00edtast svo \u00fe\u00e9r munu\u00f0 halda y\u00f0ar h\u00f6ndum fyrir y\u00f0ar munn. Og n\u00e6r eg minnist \u00e1 \u00fea\u00f0 \u00fe\u00e1 ofb\u00fd\u00f0ur m\u00e9r \u00fea\u00f0 og mitt hold \u00fea\u00f0 kv\u00ed\u00f0ir vi\u00f0 \u00fev\u00ed. Hvar fyrir \u00fe\u00e1 lifa hinir \u00f3gu\u00f0hr\u00e6ddu, ver\u00f0a gamlir og eignast so mikil au\u00f0\u00e6fi? \u00deeirra s\u00e6\u00f0i er so andvaralaust allavegana \u00ed kringum \u00fe\u00e1 og \u00feeirra afkv\u00e6mi <a href=\"https:\/\/biblian.is\/gudbrandsbiblia\/jobsbok-21-kafli\/\"> [&#8230;]<\/a><\/p>\n","protected":false},"author":1,"featured_media":0,"parent":0,"menu_order":0,"comment_status":"open","ping_status":"open","template":"bibliukaflar.php","meta":{"footnotes":""},"class_list":["post-3150","page","type-page","status-publish","hentry"],"_links":{"self":[{"href":"https:\/\/biblian.is\/gudbrandsbiblia\/wp-json\/wp\/v2\/pages\/3150","targetHints":{"allow":["GET"]}}],"collection":[{"href":"https:\/\/biblian.is\/gudbrandsbiblia\/wp-json\/wp\/v2\/pages"}],"about":[{"href":"https:\/\/biblian.is\/gudbrandsbiblia\/wp-json\/wp\/v2\/types\/page"}],"author":[{"embeddable":true,"href":"https:\/\/biblian.is\/gudbrandsbiblia\/wp-json\/wp\/v2\/users\/1"}],"replies":[{"embeddable":true,"href":"https:\/\/biblian.is\/gudbrandsbiblia\/wp-json\/wp\/v2\/comments?post=3150"}],"version-history":[{"count":0,"href":"https:\/\/biblian.is\/gudbrandsbiblia\/wp-json\/wp\/v2\/pages\/3150\/revisions"}],"wp:attachment":[{"href":"https:\/\/biblian.is\/gudbrandsbiblia\/wp-json\/wp\/v2\/media?parent=3150"}],"curies":[{"name":"wp","href":"https:\/\/api.w.org\/{rel}","templated":true}]}}