{"id":3148,"date":"2017-12-18T18:32:46","date_gmt":"2017-12-18T18:32:46","guid":{"rendered":"http:\/\/biblian.is\/gudbrandsbiblia\/jobsbok-19-kafli\/"},"modified":"2017-12-18T18:32:46","modified_gmt":"2017-12-18T18:32:46","slug":"jobsbok-19-kafli","status":"publish","type":"page","link":"https:\/\/biblian.is\/gudbrandsbiblia\/jobsbok-19-kafli\/","title":{"rendered":"Jobsb\u00f3k 19. kafli"},"content":{"rendered":"<p>XIX.<\/p>\n<p>Job svara\u00f0i og sag\u00f0i: <span class=\"athugasemd\" title=\"Job\">[<\/span> &#8222;\u00dev\u00ed \u00fevingi \u00fe\u00e9r \u00fe\u00e1 svo m\u00edna s\u00e1l og kvelji\u00f0 mig me\u00f0 or\u00f0um? \u00de\u00e9r hafi\u00f0 n\u00fa t\u00edu sinnum h\u00e6tt mig og \u00fe\u00e9r skammist y\u00f0ar ekki a\u00f0 \u00fe\u00e9r so um kring reki\u00f0 mig. Fari eg villt \u00fe\u00e1 villunst eg sj\u00e1lfum m\u00e9r. En \u00fe\u00e9r setji\u00f0 y\u00f0ur sannlega upp \u00e1 m\u00f3ti m\u00e9r og straffi\u00f0 mig m\u00e9r til h\u00e1\u00f0ungar. Hyggi\u00f0 n\u00fa a\u00f0 einu a\u00f0 Gu\u00f0 hann gj\u00f6rir m\u00e9r eigi r\u00e9tt og umvefur mig me\u00f0 sinni vei\u00f0isn\u00f6ru. Sj\u00e1 \u00fe\u00fa, ef a\u00f0 eg hr\u00f3pa\u00f0i enn h\u00e1tt fyrir ofr\u00edkis sakir \u00fe\u00e1 yr\u00f0a eg \u00fe\u00f3 ekki b\u00e6nheyr\u00f0ur, eg kalla og \u00fear f\u00e6st enginn r\u00e9ttur. Hann hefur so girt fyrir m\u00edna vegu a\u00f0 eg kann ekki yfir a\u00f0 komast og hann hefur sett myrkri\u00f0 \u00e1 m\u00edna farvegu. Hann svipti mig m\u00ednum <span class=\"athugasemd\" title=\"a \/ \u00dea\u00f0 er allt r\u00e6tt um gagn stundlegs l\u00edfs \u00ed fri\u00f0i og fars\u00e6ld\">[<\/span> hei\u00f0ri og k\u00f3r\u00f3nuna t\u00f3k hann af m\u00ednu h\u00f6f\u00f0i. Hann \u00ed sundur lamdi mig gj\u00f6rvallan og l\u00e9t mig fara og hann upprykkti minni von sem \u00f6\u00f0ru tr\u00e9.<\/p>\n<p>\tHans rei\u00f0i er grimmleg yfir m\u00e9r og hann heldur mig fyrir sinn \u00f3vin. Hans str\u00ed\u00f0smenn komu undir eins og gj\u00f6r\u00f0u s\u00e9r g\u00f6tu yfir um mig og settu s\u00ednar herb\u00fa\u00f0ir kringum m\u00edna tjaldb\u00fa\u00f0. Hann burtskildi m\u00edna br\u00e6\u00f0ur langt fr\u00e1 m\u00e9r og m\u00ednir kunningjar eru or\u00f0nir m\u00e9r \u00f3kenndir. M\u00ednir n\u00e1ungar dr\u00f3gu \u00ed burtu og m\u00ednir vinir \u00feeir forgleymdu m\u00e9r. M\u00ednir h\u00faskarlar og \u00fej\u00f3nustup\u00edkur halda mig sem annan framanda mann, eg em or\u00f0inn \u00f3kenndur fyrir \u00feeirra augum. Eg kalla \u00e1 minn \u00fej\u00f3nustumann og hann svarar m\u00e9r \u00f6ngvu, eg hlaut a\u00f0 gr\u00e1tb\u00e6na hann me\u00f0 m\u00ednum eigin munni. M\u00edn h\u00fasfreyja h\u00fan l\u00e9st vera \u00f3kennd \u00fe\u00e1 eg kalla\u00f0i hana og eg hl\u00fdt a\u00f0 bi\u00f0ja \u00feau b\u00f6rnin sem af m\u00ednum sj\u00e1lfs kvi\u00f0i eru komin. Og \u00feau ungu b\u00f6rnin skeyta ekki um, mig n\u00e6r a\u00f0 eg finn a\u00f0 vi\u00f0 \u00feau \u00fe\u00e1 skammyr\u00f0a \u00feau mig. Allir m\u00ednir fulltr\u00faar h\u00f6f\u00f0u vi\u00f0bj\u00f3\u00f0 vi\u00f0 m\u00e9r og \u00fe\u00e1 hverja eg elska\u00f0i \u00feeir hafa sn\u00fai\u00f0 s\u00e9r \u00e1 m\u00f3ti m\u00e9r.<\/p>\n<p>\tM\u00edn bein \u00feau skrapa \u00ed m\u00ednu skinni og kj\u00f6ti og eg f\u00e6 ekki huli\u00f0 m\u00ednar tennur me\u00f0 v\u00f6runum. Aumki\u00f0 y\u00f0ur yfir m\u00e9r, aumki\u00f0 y\u00f0ur yfir m\u00e9r, vinir m\u00ednir, \u00fev\u00ed a\u00f0 Gu\u00f0s h\u00f6nd hefur snorti\u00f0 mig. \u00dev\u00ed ofs\u00e6ki \u00fe\u00e9r mig svo vel sem Gu\u00f0 og kunni\u00f0 ekki a\u00f0 <span class=\"athugasemd\" title=\"b \/ (Se\u00f0jast) \/ \u00dea\u00f0 er, \u00fe\u00e9r kunni\u00f0 ekki af a\u00f0 l\u00e1ta a\u00f0 b\u00edta mig og straffa\">[<\/span> se\u00f0jast af m\u00ednu kj\u00f6ti? \u00d3h\u00f3, eg \u00e6ski \u00fea\u00f0 mitt m\u00e1l m\u00e6tti bl\u00edfa uppskrifa\u00f0 og a\u00f0 \u00fea\u00f0 kynni allt a\u00f0 setjast \u00ed eina b\u00f3k! Me\u00f0 einum j\u00e1rnst\u00edl \u00e1 bl\u00fdspj\u00f6ld og \u00fath\u00f6ggvast \u00e1 steinum til eil\u00edfrar minningar! En eg veit a\u00f0 minn endurlausnari lifir og \u00fea\u00f0 hann mun h\u00e9r eftir \u00e1 seinna meir uppvekja mig af j\u00f6r\u00f0unni og \u00fea\u00f0 eg mun s\u00ed\u00f0armeir umgefast me\u00f0 \u00feessu m\u00ednu h\u00f6rundi og a\u00f0 eg mun sj\u00e1 Gu\u00f0 \u00ed m\u00ednu holdi. \u00deann hinn sama mun eg sj\u00e1 fyrir mig og m\u00edn augu munu l\u00edta hann og ekki einn annar. M\u00edn n\u00fdru eru fort\u00e6r\u00f0 \u00ed m\u00ednu skauti. \u00dev\u00ed a\u00f0 \u00fe\u00e9r segi\u00f0: Hvernin helst viljum v\u00e9r ofs\u00e6kja hann og finna honum s\u00f6k? Veri\u00f0 hr\u00e6ddir fyrir sver\u00f0inu \u00fev\u00ed a\u00f0 sver\u00f0i\u00f0 er rei\u00f0in yfir misgj\u00f6rninginn so a\u00f0 \u00fe\u00e9r megi\u00f0 vita a\u00f0 \u00fear s\u00e9 d\u00f3murinn til.&#8220;<\/p>\n","protected":false},"excerpt":{"rendered":"<p>XIX. Job svara\u00f0i og sag\u00f0i: [ &#8222;\u00dev\u00ed \u00fevingi \u00fe\u00e9r \u00fe\u00e1 svo m\u00edna s\u00e1l og kvelji\u00f0 mig me\u00f0 or\u00f0um? \u00de\u00e9r hafi\u00f0 n\u00fa t\u00edu sinnum h\u00e6tt mig og \u00fe\u00e9r skammist y\u00f0ar ekki a\u00f0 \u00fe\u00e9r so um kring reki\u00f0 mig. Fari eg villt \u00fe\u00e1 villunst eg sj\u00e1lfum m\u00e9r. En \u00fe\u00e9r setji\u00f0 y\u00f0ur sannlega upp \u00e1 m\u00f3ti m\u00e9r og straffi\u00f0 mig m\u00e9r til h\u00e1\u00f0ungar. Hyggi\u00f0 n\u00fa a\u00f0 einu a\u00f0 Gu\u00f0 hann gj\u00f6rir m\u00e9r eigi r\u00e9tt og umvefur mig me\u00f0 sinni vei\u00f0isn\u00f6ru. Sj\u00e1 \u00fe\u00fa, ef a\u00f0 eg hr\u00f3pa\u00f0i enn h\u00e1tt fyrir ofr\u00edkis sakir \u00fe\u00e1 yr\u00f0a eg \u00fe\u00f3 ekki b\u00e6nheyr\u00f0ur, eg kalla og \u00fear f\u00e6st enginn <a href=\"https:\/\/biblian.is\/gudbrandsbiblia\/jobsbok-19-kafli\/\"> [&#8230;]<\/a><\/p>\n","protected":false},"author":1,"featured_media":0,"parent":0,"menu_order":0,"comment_status":"open","ping_status":"open","template":"bibliukaflar.php","meta":{"footnotes":""},"class_list":["post-3148","page","type-page","status-publish","hentry"],"_links":{"self":[{"href":"https:\/\/biblian.is\/gudbrandsbiblia\/wp-json\/wp\/v2\/pages\/3148","targetHints":{"allow":["GET"]}}],"collection":[{"href":"https:\/\/biblian.is\/gudbrandsbiblia\/wp-json\/wp\/v2\/pages"}],"about":[{"href":"https:\/\/biblian.is\/gudbrandsbiblia\/wp-json\/wp\/v2\/types\/page"}],"author":[{"embeddable":true,"href":"https:\/\/biblian.is\/gudbrandsbiblia\/wp-json\/wp\/v2\/users\/1"}],"replies":[{"embeddable":true,"href":"https:\/\/biblian.is\/gudbrandsbiblia\/wp-json\/wp\/v2\/comments?post=3148"}],"version-history":[{"count":0,"href":"https:\/\/biblian.is\/gudbrandsbiblia\/wp-json\/wp\/v2\/pages\/3148\/revisions"}],"wp:attachment":[{"href":"https:\/\/biblian.is\/gudbrandsbiblia\/wp-json\/wp\/v2\/media?parent=3148"}],"curies":[{"name":"wp","href":"https:\/\/api.w.org\/{rel}","templated":true}]}}