{"id":3146,"date":"2017-12-18T18:32:46","date_gmt":"2017-12-18T18:32:46","guid":{"rendered":"http:\/\/biblian.is\/gudbrandsbiblia\/jobsbok-17-kafli\/"},"modified":"2017-12-18T18:32:46","modified_gmt":"2017-12-18T18:32:46","slug":"jobsbok-17-kafli","status":"publish","type":"page","link":"https:\/\/biblian.is\/gudbrandsbiblia\/jobsbok-17-kafli\/","title":{"rendered":"Jobsb\u00f3k 17. kafli"},"content":{"rendered":"<p>XVII.<\/p>\n<p>Minn andi er vanmegna og m\u00ednir dagar eru styttri or\u00f0nir, gr\u00f6fin er ein eftir. <span class=\"athugasemd\" title=\"Job\">[<\/span> Enginn er af m\u00e9r gabba\u00f0ur, \u00fe\u00f3 hlj\u00f3ta m\u00edn augu \u00fear fyrir \u00ed harmkv\u00e6lum a\u00f0 bl\u00edfa. Vildir \u00fe\u00fa enn hafa borgan af m\u00e9r, hver vill lofa fyrir mig? \u00de\u00fa hefur fali\u00f0 skilninginn fyrir \u00feeirra hj\u00f6rtum, \u00fear fyrir munt \u00fe\u00fa og ekki upphefja \u00fe\u00e1. Hann hr\u00f3par \u00fat af herfanginu fyrir s\u00ednum vinum en augun hans barna munu d\u00f6pur ver\u00f0a. Hann hefur sett mig til eins m\u00e1lt\u00e6kis \u00e1 me\u00f0al f\u00f3lksins og eg hl\u00fdt svo a\u00f0 ver\u00f0a a\u00f0 undran \u00e1 me\u00f0al \u00feeirra. Minn yfirlitur er d\u00f6kkur or\u00f0inn af h\u00f6rmum og allir m\u00ednir li\u00f0ir eru sem annar skuggi, hva\u00f0 hinum r\u00e9ttfer\u00f0ugum mun ekki vel l\u00edka og hinir meinlausu munu setja sig \u00e1 m\u00f3ti hr\u00e6snaranum. Hinn r\u00e9ttl\u00e1ti mun b\u00edhalda s\u00ednum vegi og hann sem hefur hreinfer\u00f0ugar hendur mun bl\u00edfa \u00f6flugur. N\u00fa vel, af \u00fev\u00ed \u00fe\u00e1 vendi\u00f0 y\u00f0ur hinga\u00f0 og komi\u00f0, eg finn \u00fe\u00f3 \u00f6ngvan hygginn \u00e1 me\u00f0al y\u00f0ar.<\/p>\n<p>\tM\u00ednir dagar eru forli\u00f0nir, m\u00ednir \u00e1setningar eru a\u00f0skildir, \u00feeir e\u00f0 h\u00e9ldu mitt hjarta og hafa gj\u00f6rt daginn a\u00f0 n\u00f3ttunni og n\u00f3ttina a\u00f0 deginum. \u00de\u00f3 eg bi\u00f0leiki enn lengur vil \u00fe\u00e1 er \u00fe\u00f3 helv\u00edti\u00f0 mitt h\u00fas og m\u00edn s\u00e6ng er uppreidd \u00ed myrkrinu. Rotnunarf\u00faann kalla\u00f0i eg minn f\u00f6\u00f0ur og ma\u00f0kana m\u00f3\u00f0ur m\u00edna og m\u00edna systur. Eftir hverju \u00e1 eg a\u00f0 b\u00ed\u00f0a og hver hir\u00f0ir um m\u00edna eftirv\u00e6nting? \u00de\u00e6a\u00f0 hl\u00fdtur h\u00e9\u00f0an undir a\u00f0 fara \u00ed helv\u00edti\u00f0 og me\u00f0ur m\u00e9r a\u00f0 hv\u00edlast \u00ed moldarduftinu.&#8220;<\/p>\n","protected":false},"excerpt":{"rendered":"<p>XVII. Minn andi er vanmegna og m\u00ednir dagar eru styttri or\u00f0nir, gr\u00f6fin er ein eftir. [ Enginn er af m\u00e9r gabba\u00f0ur, \u00fe\u00f3 hlj\u00f3ta m\u00edn augu \u00fear fyrir \u00ed harmkv\u00e6lum a\u00f0 bl\u00edfa. Vildir \u00fe\u00fa enn hafa borgan af m\u00e9r, hver vill lofa fyrir mig? \u00de\u00fa hefur fali\u00f0 skilninginn fyrir \u00feeirra hj\u00f6rtum, \u00fear fyrir munt \u00fe\u00fa og ekki upphefja \u00fe\u00e1. Hann hr\u00f3par \u00fat af herfanginu fyrir s\u00ednum vinum en augun hans barna munu d\u00f6pur ver\u00f0a. Hann hefur sett mig til eins m\u00e1lt\u00e6kis \u00e1 me\u00f0al f\u00f3lksins og eg hl\u00fdt svo a\u00f0 ver\u00f0a a\u00f0 undran \u00e1 me\u00f0al \u00feeirra. Minn yfirlitur er d\u00f6kkur or\u00f0inn af <a href=\"https:\/\/biblian.is\/gudbrandsbiblia\/jobsbok-17-kafli\/\"> [&#8230;]<\/a><\/p>\n","protected":false},"author":1,"featured_media":0,"parent":0,"menu_order":0,"comment_status":"open","ping_status":"open","template":"bibliukaflar.php","meta":{"footnotes":""},"class_list":["post-3146","page","type-page","status-publish","hentry"],"_links":{"self":[{"href":"https:\/\/biblian.is\/gudbrandsbiblia\/wp-json\/wp\/v2\/pages\/3146","targetHints":{"allow":["GET"]}}],"collection":[{"href":"https:\/\/biblian.is\/gudbrandsbiblia\/wp-json\/wp\/v2\/pages"}],"about":[{"href":"https:\/\/biblian.is\/gudbrandsbiblia\/wp-json\/wp\/v2\/types\/page"}],"author":[{"embeddable":true,"href":"https:\/\/biblian.is\/gudbrandsbiblia\/wp-json\/wp\/v2\/users\/1"}],"replies":[{"embeddable":true,"href":"https:\/\/biblian.is\/gudbrandsbiblia\/wp-json\/wp\/v2\/comments?post=3146"}],"version-history":[{"count":0,"href":"https:\/\/biblian.is\/gudbrandsbiblia\/wp-json\/wp\/v2\/pages\/3146\/revisions"}],"wp:attachment":[{"href":"https:\/\/biblian.is\/gudbrandsbiblia\/wp-json\/wp\/v2\/media?parent=3146"}],"curies":[{"name":"wp","href":"https:\/\/api.w.org\/{rel}","templated":true}]}}