{"id":3145,"date":"2017-12-18T18:32:46","date_gmt":"2017-12-18T18:32:46","guid":{"rendered":"http:\/\/biblian.is\/gudbrandsbiblia\/jobsbok-16-kafli\/"},"modified":"2017-12-18T18:32:46","modified_gmt":"2017-12-18T18:32:46","slug":"jobsbok-16-kafli","status":"publish","type":"page","link":"https:\/\/biblian.is\/gudbrandsbiblia\/jobsbok-16-kafli\/","title":{"rendered":"Jobsb\u00f3k 16. kafli"},"content":{"rendered":"<p>XVI.<\/p>\n<p>Job svara\u00f0i og sag\u00f0i: <span class=\"athugasemd\" title=\"Job\">[<\/span> &#8222;Oftsinnis hefi eg n\u00fa heyrt soddan, allir saman eru \u00fe\u00e9r aumlegir huggunarmenn. Skulu \u00feau lausungaror\u00f0in \u00f6ngvan enda hafa e\u00f0a hvernin dirfist \u00fe\u00fa svo a\u00f0 tala? Eg kunni og einnin so vel a\u00f0 tala sem \u00fe\u00e9r. Vildi Gu\u00f0 \u00fea\u00f0 a\u00f0 y\u00f0ar s\u00e1lir v\u00e6ri \u00ed sta\u00f0 minnar s\u00e1lu! Eg vilda \u00fe\u00e1 og einnin setja mig \u00e1 m\u00f3ti y\u00f0ur me\u00f0 or\u00f0um og hrista mig \u00e1 y\u00f0ur me\u00f0 m\u00ednu h\u00f6f\u00f0i. Eg vilda styrkja y\u00f0ur me\u00f0 munninum og hugsvala me\u00f0 m\u00ednum v\u00f6rum. En \u00fe\u00f3 a\u00f0 eg tali \u00fe\u00e1 v\u00e6gir m\u00e9r ekki \u00fe\u00f3 m\u00edn p\u00edna. En leggi eg \u00fear ekki til \u00fe\u00b4\u00fea fe rh\u00fan \u00fe\u00f3 eigi heldur \u00ed burt fr\u00e1 m\u00e9r.<\/p>\n<p>\tEn n\u00fa gj\u00f6rir hann mig \u00fereyttan og \u00ed sundurkremur allan mig. Hann hefur gj\u00f6rt mig hrukk\u00f3ttan og <span class=\"athugasemd\" title=\"a \/ (vitna\u00f0) \/ \u00deetta er y\u00f0ar hj\u00e1lp \u00ed m\u00f3ti m\u00e9r\">[<\/span> vitna\u00f0 \u00ed m\u00f3ti m\u00e9r. Og minn m\u00f3tstandari upphefur sig \u00ed gegn m\u00e9r og veitir m\u00e9r m\u00f3tm\u00e6li. Hans grimmd \u00ed sundur sl\u00edtur og hann sem m\u00e9r er rei\u00f0ur b\u00edtur t\u00f6nnunum til samans yfir m\u00e9r, minn m\u00f3tst\u00f6\u00f0uma\u00f0ur hvessir s\u00edn augu \u00e1 mig. \u00deeir hafa uppsperrt s\u00edna munna \u00e1 m\u00f3ti m\u00e9r og sl\u00f3gu mig h\u00e1\u00f0uglega \u00e1 m\u00edn kinnarbein og k\u00e6ldu so s\u00edna rei\u00f0i \u00e1 m\u00e9r. Gu\u00f0 hann gaf mig undir hinn rangl\u00e1ta og l\u00e9t mig koma \u00ed \u00f3mildra hendur. eg var r\u00edkur en hann hefur gj\u00f6rt mig a\u00f0 \u00f6ngvu, hann t\u00f3k um h\u00e1ls m\u00e9r og \u00ed sundur sleit mig og setti mig til eins m\u00e1lsteikns. Hann umkringdi mig me\u00f0 s\u00ednum skeytum, hann hefur \u00ed sundur sni\u00f0i\u00f0 m\u00edn n\u00fdru og v\u00e6g\u00f0i ekki, hann hefur \u00fathellt m\u00ednu galli \u00e1 j\u00f6r\u00f0ina. Hann veitir m\u00e9r hvert s\u00e1r af \u00f6\u00f0ru og hann hlj\u00f3p \u00e1 mig sem annar risi.<\/p>\n<p>\tEg sauma\u00f0i einn sekk yfir m\u00edna h\u00fa\u00f0 og lag\u00f0i mitt <span class=\"athugasemd\" title=\"b \/ (Horn) \/ M\u00edna magt, styrk, vald og anna\u00f0 hvar \u00e1 eg treysti\">[<\/span> horn \u00ed moldarduft. Mitt andlit er b\u00f3lgi\u00f0 af gr\u00e1ti og m\u00ednar augnabr\u00e1r eru formyrkva\u00f0ar. Einnin \u00fe\u00f3 \u00fear s\u00e9 ekkert rangl\u00e6ti \u00ed m\u00ednum h\u00f6ndum og \u00fe\u00f3 m\u00edn b\u00e6n s\u00e9 hrein. Og \u00fe\u00fa, j\u00f6r\u00f0, hyl ekki mitt bl\u00f3\u00f0 og mitt kall mun \u00f6ngvan sta\u00f0 finna. Sj\u00e1 \u00fe\u00fa \u00fea\u00f0, minn vottur er \u00e1 himni og s\u00e1 er mig \u00feekkir er \u00ed upph\u00e6\u00f0unum. M\u00ednir vinir eru m\u00ednir h\u00e1\u00f0ungarmenn en mitt auga \u00fea\u00f0 t\u00e1rfellir til Gu\u00f0s. Kynni ma\u00f0urinn a\u00f0 \u00fereyta l\u00f6g vi\u00f0 Gu\u00f0 sem annar mannsins ni\u00f0ji vi\u00f0 sinn vin! En \u00feau \u00e1kve\u00f0nu \u00e1rin eru komin og eg fer \u00ed burt \u00feann veg hvern eg kem eigi aftur.<\/p>\n","protected":false},"excerpt":{"rendered":"<p>XVI. Job svara\u00f0i og sag\u00f0i: [ &#8222;Oftsinnis hefi eg n\u00fa heyrt soddan, allir saman eru \u00fe\u00e9r aumlegir huggunarmenn. Skulu \u00feau lausungaror\u00f0in \u00f6ngvan enda hafa e\u00f0a hvernin dirfist \u00fe\u00fa svo a\u00f0 tala? Eg kunni og einnin so vel a\u00f0 tala sem \u00fe\u00e9r. Vildi Gu\u00f0 \u00fea\u00f0 a\u00f0 y\u00f0ar s\u00e1lir v\u00e6ri \u00ed sta\u00f0 minnar s\u00e1lu! Eg vilda \u00fe\u00e1 og einnin setja mig \u00e1 m\u00f3ti y\u00f0ur me\u00f0 or\u00f0um og hrista mig \u00e1 y\u00f0ur me\u00f0 m\u00ednu h\u00f6f\u00f0i. Eg vilda styrkja y\u00f0ur me\u00f0 munninum og hugsvala me\u00f0 m\u00ednum v\u00f6rum. En \u00fe\u00f3 a\u00f0 eg tali \u00fe\u00e1 v\u00e6gir m\u00e9r ekki \u00fe\u00f3 m\u00edn p\u00edna. En leggi eg \u00fear ekki <a href=\"https:\/\/biblian.is\/gudbrandsbiblia\/jobsbok-16-kafli\/\"> [&#8230;]<\/a><\/p>\n","protected":false},"author":1,"featured_media":0,"parent":0,"menu_order":0,"comment_status":"open","ping_status":"open","template":"bibliukaflar.php","meta":{"footnotes":""},"class_list":["post-3145","page","type-page","status-publish","hentry"],"_links":{"self":[{"href":"https:\/\/biblian.is\/gudbrandsbiblia\/wp-json\/wp\/v2\/pages\/3145","targetHints":{"allow":["GET"]}}],"collection":[{"href":"https:\/\/biblian.is\/gudbrandsbiblia\/wp-json\/wp\/v2\/pages"}],"about":[{"href":"https:\/\/biblian.is\/gudbrandsbiblia\/wp-json\/wp\/v2\/types\/page"}],"author":[{"embeddable":true,"href":"https:\/\/biblian.is\/gudbrandsbiblia\/wp-json\/wp\/v2\/users\/1"}],"replies":[{"embeddable":true,"href":"https:\/\/biblian.is\/gudbrandsbiblia\/wp-json\/wp\/v2\/comments?post=3145"}],"version-history":[{"count":0,"href":"https:\/\/biblian.is\/gudbrandsbiblia\/wp-json\/wp\/v2\/pages\/3145\/revisions"}],"wp:attachment":[{"href":"https:\/\/biblian.is\/gudbrandsbiblia\/wp-json\/wp\/v2\/media?parent=3145"}],"curies":[{"name":"wp","href":"https:\/\/api.w.org\/{rel}","templated":true}]}}