{"id":3144,"date":"2017-12-18T18:32:46","date_gmt":"2017-12-18T18:32:46","guid":{"rendered":"http:\/\/biblian.is\/gudbrandsbiblia\/jobsbok-15-kafli\/"},"modified":"2017-12-18T18:32:46","modified_gmt":"2017-12-18T18:32:46","slug":"jobsbok-15-kafli","status":"publish","type":"page","link":"https:\/\/biblian.is\/gudbrandsbiblia\/jobsbok-15-kafli\/","title":{"rendered":"Jobsb\u00f3k 15. kafli"},"content":{"rendered":"<p>XV.<\/p>\n<p>\u00de\u00e1 svara\u00f0i El\u00edfas af Teman og sag\u00f0i: <span class=\"athugasemd\" title=\"El\u00edfas\">[<\/span> &#8222;Skal einn v\u00eds ma\u00f0ur tala so uppbl\u00e1sin or\u00f0 og fylla sinn kvi\u00f0 so upp af f\u00e1n\u00fdtum or\u00f0um? \u00de\u00fa straffar me\u00f0 or\u00f0um \u00feeim sem ekki kve\u00f0ur a\u00f0 og \u00fe\u00edn or\u00f0r\u00e6\u00f0a er ekki nytsamleg. \u00de\u00fa l\u00e6tur \u00f3ttann fara og talar n\u00f3gu forsm\u00e1narlega fyrir Gu\u00f0i. \u00dev\u00ed a\u00f0 \u00feitt rangl\u00e6ti sj\u00e1lfs kennir \u00fe\u00ednum munni \u00fea\u00f0 og \u00fe\u00fa hefur kj\u00f6ri\u00f0 \u00fe\u00e9r eina gu\u00f0l\u00f6stunartungu. \u00deinn munnur mun ford\u00e6ma \u00feig en ekki eg, \u00fe\u00ednar varir munu gefa \u00fe\u00e9r svar. Hvert ert \u00fe\u00fa s\u00e1 ma\u00f0ur sem fyrstur er f\u00e6ddur? Ert \u00fe\u00fa s\u00e1 er getinn er \u00e1\u00f0ur en \u00f6ll fj\u00f6llin voru? Hefur \u00fe\u00fa heyrt Gu\u00f0s heimuglegt r\u00e1\u00f0 og er sj\u00e1lf spekin minnih\u00e1ttar en \u00fe\u00fa? Hva\u00f0 veist \u00fe\u00fa \u00fea\u00f0 a\u00f0 v\u00e9r vitum ekki? Hva\u00f0 skilur \u00fe\u00fa \u00fea\u00f0 a\u00f0 v\u00e9r skynjum ekki? \u00dear eru b\u00e6\u00f0i gr\u00e1h\u00e6r\u00f0ir og gamlir \u00e1 me\u00f0al vor sem enn lengur hafa lifa\u00f0 en \u00fe\u00ednir forfe\u00f0ur.<\/p>\n<p>\tSkyldi Gu\u00f0s hugsvalan svo l\u00edtilsver\u00f0 fyrir \u00fe\u00e9r? <span class=\"athugasemd\" title=\"Metnar \u00fe\u00fa a\u00f0 Gu\u00f0 huggi \u00fe\u00e1 syndugu og a\u00f0 hann burtkasti so s\u00ednum huggunum? \u00de\u00fa hl\u00fdtur \u00e1\u00f0ur fyrr r\u00e9ttl\u00e1tur a\u00f0 ver\u00f0a\">[<\/span> En \u00fe\u00fa hefur enn einhvers sta\u00f0ar nokku\u00f0 leynilegt hj\u00e1 \u00fe\u00e9r. Hva\u00f0 \u00e1setur hjarta \u00feitt s\u00e9r? \u00dev\u00ed s\u00e9r \u00fe\u00fa svo hofm\u00f3\u00f0ugt \u00fat? \u00dev\u00ed setur \u00feitt sinni sig svo hofm\u00f3\u00f0ugt \u00e1 m\u00f3ti Gu\u00f0i a\u00f0 \u00fe\u00fa l\u00e6tur soddan or\u00f0brag\u00f0 framganga af \u00fe\u00ednum munni? Hva\u00f0 er ma\u00f0urinn \u00feess a\u00f0 hann skyldi vera hreinn og a\u00f0 s\u00e1 skyldi vera r\u00e9ttfer\u00f0ugur sem af kvinnu er f\u00e6ddur? Sj\u00e1 \u00fe\u00fa, a\u00f0 \u00fear er enginn str\u00f6ffunarlaus \u00e1 me\u00f0al hans heilagra og himnarnir eru ekki hreinir fyrir honum, hversu miklu s\u00ed\u00f0ur mun \u00fe\u00e1 ma\u00f0urinn sem so herfilegur er og f\u00e1fengur hver inndrekkur rangl\u00e6ti svo sem anna\u00f0 vatn? Eg vil s\u00fdna \u00fe\u00e9r \u00fea\u00f0, hl\u00fd\u00f0 \u00fe\u00fa m\u00e9r a\u00f0 og eg vil framtelja \u00fe\u00e9r \u00fea\u00f0 hva\u00f0 eg hefi s\u00e9\u00f0, hva\u00f0 hinir v\u00edsu hafa sagt og \u00fea\u00f0 var ekki f\u00f3lgi\u00f0 fyrir \u00feeirra forfe\u00f0rum. \u00deeim hverjum alleina a\u00f0 landi\u00f0 er gefi\u00f0 svo a\u00f0 enginn framandi gangi \u00fear \u00ed gegnum. <\/p>\n<p>\tHinn \u00f3gu\u00f0legi bifast um alla s\u00edna daga og v\u00edkingsins \u00e1ratala er honum hulin. Hva\u00f0 hann heyrir \u00fea\u00f0 skelfir hann og enn \u00fe\u00f3 a\u00f0 \u00fea\u00f0 s\u00e9 fri\u00f0samlegt \u00fe\u00e1 hr\u00e6\u00f0ist hann \u00fe\u00f3 fordjarfarans komu. Hann tr\u00fair \u00fea\u00f0 ekki a\u00f0 hann muni geta fl\u00fai\u00f0 \u00f3g\u00e6funa og \u00e6t\u00ed\u00f0 v\u00e6ntir hann sver\u00f0sins. Hann fer \u00fat a\u00f0 leita sinnar f\u00e6\u00f0slu h\u00e9r og \u00fear, \u00fe\u00e1 \u00feykir honum jafnan a\u00f0 hans \u00f3g\u00e6fustund s\u00e9 fyrir h\u00f6ndum. Angist og \u00e1nau\u00f0 skelfir hann og fellir hann l\u00edka sem annar str\u00ed\u00f0sk\u00f3ngur me\u00f0 herli\u00f0i af \u00fev\u00ed a\u00f0 hann hefur \u00fatr\u00e9tt s\u00edna h\u00f6nd \u00e1 m\u00f3ti Gu\u00f0i og teki\u00f0 sig upp \u00e1 m\u00f3ti \u00deeim alm\u00e1ttuga. Hann hleypur me\u00f0 h\u00f6f\u00f0inu \u00e1 m\u00f3ti honum og str\u00ed\u00f0ir \u00ed gegn honum me\u00f0 har\u00f0sv\u00edru\u00f0um hnakka. Hann keyrir sig fram sem annar \u00edstrumagi og elur sig feitan og \u00feykkvan.<\/p>\n<p>\tEn hann mun b\u00faa \u00ed foreyddum st\u00f6\u00f0um sem a\u00f0 engin h\u00fas eru heldur \u00fear hvar e\u00f0 \u00feau liggja \u00f6ll \u00ed einni hr\u00fagu. Hann mun og ekki au\u00f0igur ver\u00f0a og hans g\u00f3ss mun ekki sta\u00f0fast vera og hans lukka mun ekki \u00fatbrei\u00f0a sig \u00ed landinu. \u00d3g\u00e6fan mun ekki v\u00edkja fr\u00e1 honum, eldsloginn mun upp\u00feurrka hans kvistu og uppsvelgja \u00fe\u00e1 me\u00f0 bl\u00e1stri s\u00edns munns. Hann f\u00e6r ei sta\u00f0ist \u00fev\u00ed hann er svikinn \u00ed sj\u00e1lfs s\u00edns s\u00e9rg\u00e6\u00f0i og h\u00e9g\u00f3minn mun ver\u00f0a hans ver\u00f0kaup. Hann mun \u00fe\u00e1 f\u00e1 enda e\u00f0 honum vest gegnir  og hans afkvistir munu ekki bl\u00f3mgast. Hann mun burt plokka\u00f0ur ver\u00f0a sem anna\u00f0 visi\u00f0 ber af v\u00edntr\u00e9nu og l\u00edka sem anna\u00f0 ol\u00edutr\u00e9 sem af s\u00e9r fellir sitt bl\u00f3mstur. <span class=\"athugasemd\" title=\"Psal. 7\">[<\/span> \u00dev\u00ed a\u00f0 hr\u00e6snarans samansafnan mun einmana bl\u00edfa og eldurinn mun forey\u00f0a \u00feeirra h\u00fasum sem m\u00fatur \u00feiggja. Hann gengur \u00feunga\u00f0ur me\u00f0 \u00f3g\u00e6funa og f\u00e6\u00f0ir arm\u00e6\u00f0una og \u00feeirra b\u00fakur ber svik.&#8220;<\/p>\n","protected":false},"excerpt":{"rendered":"<p>XV. \u00de\u00e1 svara\u00f0i El\u00edfas af Teman og sag\u00f0i: [ &#8222;Skal einn v\u00eds ma\u00f0ur tala so uppbl\u00e1sin or\u00f0 og fylla sinn kvi\u00f0 so upp af f\u00e1n\u00fdtum or\u00f0um? \u00de\u00fa straffar me\u00f0 or\u00f0um \u00feeim sem ekki kve\u00f0ur a\u00f0 og \u00fe\u00edn or\u00f0r\u00e6\u00f0a er ekki nytsamleg. \u00de\u00fa l\u00e6tur \u00f3ttann fara og talar n\u00f3gu forsm\u00e1narlega fyrir Gu\u00f0i. \u00dev\u00ed a\u00f0 \u00feitt rangl\u00e6ti sj\u00e1lfs kennir \u00fe\u00ednum munni \u00fea\u00f0 og \u00fe\u00fa hefur kj\u00f6ri\u00f0 \u00fe\u00e9r eina gu\u00f0l\u00f6stunartungu. \u00deinn munnur mun ford\u00e6ma \u00feig en ekki eg, \u00fe\u00ednar varir munu gefa \u00fe\u00e9r svar. Hvert ert \u00fe\u00fa s\u00e1 ma\u00f0ur sem fyrstur er f\u00e6ddur? Ert \u00fe\u00fa s\u00e1 er getinn er \u00e1\u00f0ur en \u00f6ll fj\u00f6llin <a href=\"https:\/\/biblian.is\/gudbrandsbiblia\/jobsbok-15-kafli\/\"> [&#8230;]<\/a><\/p>\n","protected":false},"author":1,"featured_media":0,"parent":0,"menu_order":0,"comment_status":"open","ping_status":"open","template":"bibliukaflar.php","meta":{"footnotes":""},"class_list":["post-3144","page","type-page","status-publish","hentry"],"_links":{"self":[{"href":"https:\/\/biblian.is\/gudbrandsbiblia\/wp-json\/wp\/v2\/pages\/3144","targetHints":{"allow":["GET"]}}],"collection":[{"href":"https:\/\/biblian.is\/gudbrandsbiblia\/wp-json\/wp\/v2\/pages"}],"about":[{"href":"https:\/\/biblian.is\/gudbrandsbiblia\/wp-json\/wp\/v2\/types\/page"}],"author":[{"embeddable":true,"href":"https:\/\/biblian.is\/gudbrandsbiblia\/wp-json\/wp\/v2\/users\/1"}],"replies":[{"embeddable":true,"href":"https:\/\/biblian.is\/gudbrandsbiblia\/wp-json\/wp\/v2\/comments?post=3144"}],"version-history":[{"count":0,"href":"https:\/\/biblian.is\/gudbrandsbiblia\/wp-json\/wp\/v2\/pages\/3144\/revisions"}],"wp:attachment":[{"href":"https:\/\/biblian.is\/gudbrandsbiblia\/wp-json\/wp\/v2\/media?parent=3144"}],"curies":[{"name":"wp","href":"https:\/\/api.w.org\/{rel}","templated":true}]}}