{"id":3143,"date":"2017-12-18T18:32:46","date_gmt":"2017-12-18T18:32:46","guid":{"rendered":"http:\/\/biblian.is\/gudbrandsbiblia\/jobsbok-14-kafli\/"},"modified":"2017-12-18T18:32:46","modified_gmt":"2017-12-18T18:32:46","slug":"jobsbok-14-kafli","status":"publish","type":"page","link":"https:\/\/biblian.is\/gudbrandsbiblia\/jobsbok-14-kafli\/","title":{"rendered":"Jobsb\u00f3k 14. kafli"},"content":{"rendered":"<p>XIIII.<\/p>\n<p>Ma\u00f0urinn af konunni f\u00e6ddur lifir stutta stund fullur af arm\u00e6\u00f0u. Hann uppvex sem anna\u00f0 bl\u00f3mstur og fellur af og \u00ed burtu l\u00ed\u00f0ur sem annar skuggi og bl\u00edfur ekki \u00ed sama sta\u00f0. Og \u00fe\u00fa uppl\u00e6tur \u00fe\u00edn augu yfir einn \u00fev\u00edl\u00edkan a\u00f0 \u00fe\u00fa dragir mig \u00ed d\u00f3m fyrir \u00feig? Hver vill finna hreint \u00ed hj\u00e1 \u00feeim \u00f3hreina? Hann hefur sinn tilsettan t\u00edma, hans m\u00e1na\u00f0artala er \u00ed hj\u00e1 \u00fe\u00e9r, \u00fe\u00fa hefur sett eitt takmark, yfir \u00fea\u00f0 kemst hann ekki. V\u00edk \u00fe\u00fa fr\u00e1 honum svo a\u00f0 hann megi hafa hv\u00edld \u00feanga\u00f0 til a\u00f0 hans t\u00edmi kemur eftir hverjum hann b\u00ed\u00f0ur sem annar daglaunama\u00f0ur.<\/p>\n<p>\tEitt tr\u00e9 \u00fea\u00f0 vonar \u00fe\u00f3 \u00fea\u00f0 s\u00e9 burth\u00f6ggvi\u00f0 a\u00f0 \u00fea\u00f0 muni enn bl\u00f3mgast aftur og \u00feess kvistir l\u00e1ta ei af. \u00de\u00f3 a\u00f0 r\u00f3tin fyrnist \u00ed j\u00f6r\u00f0inni og \u00fe\u00f3 stofninn deyi ni\u00f0ur a\u00f0 dufti \u00fe\u00e1 bl\u00f3mgast \u00fea\u00f0 \u00fe\u00f3 aftur \u00fat af vatsins lykt og vex upp l\u00edka sem a\u00f0 v\u00e6ri \u00fea\u00f0 r\u00f3tsett ni\u00f0ur. En hvar er ma\u00f0urinn n\u00e6r e\u00f0 hann er dau\u00f0ur og fallinn og \u00ed burtu? L\u00edka sem vatn er upphleypur af sj\u00f3num og so sem \u00f6nnur vatsr\u00e1s hver e\u00f0 \u00ed burtu rennur og upp\u00feurrkast, eins l\u00edka \u00fe\u00e1 er ma\u00f0urinn n\u00e6r e\u00f0 hann leggur sig og stendur ekki upp og vaknar ei upp aftur svo lengi sem \u00fea\u00f0 himinninn bl\u00edfur og upp vaknar ekki af s\u00ednum svefni.<\/p>\n<p>\tEg \u00e6skta m\u00e9r heldur a\u00f0 \u00fe\u00fa hef\u00f0ir byrgt mig \u00ed helv\u00edti \u00feanga\u00f0 til a\u00f0 \u00fe\u00edn rei\u00f0i v\u00e6ri af runnin og sett m\u00e9r eitt takmark til, a\u00f0 \u00fe\u00fa vildir minnast m\u00edn. \u00deenkir \u00fe\u00fa a\u00f0 dau\u00f0ur ma\u00f0ur muni lifna aftur? Eg v\u00e6nti daglegana \u00feeirrar stundar \u00e1 me\u00f0an eg str\u00ed\u00f0i \u00feanga\u00f0 til am\u00edn umskipting kemur, a\u00f0 \u00fe\u00fa vildir kalla \u00e1 mig og eg m\u00e6tti svara \u00fe\u00e9r og a\u00f0 \u00fe\u00fa vildir ekki \u00ed burt kasta verkinu \u00feinna handa. \u00dev\u00ed a\u00f0 \u00fe\u00fa hefur allt til rei\u00f0u tali\u00f0 m\u00edn fet en eg vilda gjarnan a\u00f0 \u00fe\u00fa g\u00e6fir ekki g\u00e6tur a\u00f0 m\u00ednum syndum. \u00de\u00fa hefur innsigla\u00f0 minn misgj\u00f6rning \u00ed einum sekk og m\u00ednar syndir til samans bundi\u00f0. Fjalli\u00f0 \u00fea\u00f0 hrapar ni\u00f0ur og forey\u00f0ist svo og eitt hellubjarg \u00fea\u00f0 \u00ed burt f\u00e6rist \u00far s\u00ednum sta\u00f0, vatni\u00f0 af\u00fev\u00e6r steinana og af v\u00e6tu dropanna \u00fev\u00e6st j\u00f6r\u00f0in \u00ed burt en mannsins <span class=\"athugasemd\" title=\"a \/ (Von) \/ \u00dea\u00f0 er, hann hefur \u00f6ngva von hann kunni dau\u00f0ann umfl\u00fdja \u00ed \u00feessu l\u00edfi\">[<\/span> von er gl\u00f6tu\u00f0. \u00dev\u00ed a\u00f0 \u00fe\u00fa umturnar honum me\u00f0 \u00f6llu so a\u00f0 hann fer h\u00e9\u00f0an, \u00fe\u00fa umbreytir hans veru og l\u00e6tur hann fara. Eru hans b\u00f6rn \u00ed hei\u00f0ri, \u00fea\u00f0 veit hann ekki, elligar a\u00f0 s\u00e9 \u00feau \u00ed l\u00e6gra haldi \u00fe\u00e1 ver\u00f0ur hann \u00feess ei \u00e1skynja. Svo lengi sem hann ber kj\u00f6t \u00e1 s\u00e9r \u00fe\u00e1 hl\u00fdtur hann p\u00ednu a\u00f0 l\u00ed\u00f0a og so lengi sem \u00fea\u00f0 hans s\u00e1la er me\u00f0 honum \u00fe\u00e1 hl\u00fdtur hann sorg a\u00f0 bera.&#8220;<\/p>\n","protected":false},"excerpt":{"rendered":"<p>XIIII. Ma\u00f0urinn af konunni f\u00e6ddur lifir stutta stund fullur af arm\u00e6\u00f0u. Hann uppvex sem anna\u00f0 bl\u00f3mstur og fellur af og \u00ed burtu l\u00ed\u00f0ur sem annar skuggi og bl\u00edfur ekki \u00ed sama sta\u00f0. Og \u00fe\u00fa uppl\u00e6tur \u00fe\u00edn augu yfir einn \u00fev\u00edl\u00edkan a\u00f0 \u00fe\u00fa dragir mig \u00ed d\u00f3m fyrir \u00feig? Hver vill finna hreint \u00ed hj\u00e1 \u00feeim \u00f3hreina? Hann hefur sinn tilsettan t\u00edma, hans m\u00e1na\u00f0artala er \u00ed hj\u00e1 \u00fe\u00e9r, \u00fe\u00fa hefur sett eitt takmark, yfir \u00fea\u00f0 kemst hann ekki. V\u00edk \u00fe\u00fa fr\u00e1 honum svo a\u00f0 hann megi hafa hv\u00edld \u00feanga\u00f0 til a\u00f0 hans t\u00edmi kemur eftir hverjum hann b\u00ed\u00f0ur sem annar daglaunama\u00f0ur. <a href=\"https:\/\/biblian.is\/gudbrandsbiblia\/jobsbok-14-kafli\/\"> [&#8230;]<\/a><\/p>\n","protected":false},"author":1,"featured_media":0,"parent":0,"menu_order":0,"comment_status":"open","ping_status":"open","template":"bibliukaflar.php","meta":{"footnotes":""},"class_list":["post-3143","page","type-page","status-publish","hentry"],"_links":{"self":[{"href":"https:\/\/biblian.is\/gudbrandsbiblia\/wp-json\/wp\/v2\/pages\/3143","targetHints":{"allow":["GET"]}}],"collection":[{"href":"https:\/\/biblian.is\/gudbrandsbiblia\/wp-json\/wp\/v2\/pages"}],"about":[{"href":"https:\/\/biblian.is\/gudbrandsbiblia\/wp-json\/wp\/v2\/types\/page"}],"author":[{"embeddable":true,"href":"https:\/\/biblian.is\/gudbrandsbiblia\/wp-json\/wp\/v2\/users\/1"}],"replies":[{"embeddable":true,"href":"https:\/\/biblian.is\/gudbrandsbiblia\/wp-json\/wp\/v2\/comments?post=3143"}],"version-history":[{"count":0,"href":"https:\/\/biblian.is\/gudbrandsbiblia\/wp-json\/wp\/v2\/pages\/3143\/revisions"}],"wp:attachment":[{"href":"https:\/\/biblian.is\/gudbrandsbiblia\/wp-json\/wp\/v2\/media?parent=3143"}],"curies":[{"name":"wp","href":"https:\/\/api.w.org\/{rel}","templated":true}]}}