{"id":3142,"date":"2017-12-18T18:32:46","date_gmt":"2017-12-18T18:32:46","guid":{"rendered":"http:\/\/biblian.is\/gudbrandsbiblia\/jobsbok-13-kafli\/"},"modified":"2017-12-18T18:32:46","modified_gmt":"2017-12-18T18:32:46","slug":"jobsbok-13-kafli","status":"publish","type":"page","link":"https:\/\/biblian.is\/gudbrandsbiblia\/jobsbok-13-kafli\/","title":{"rendered":"Jobsb\u00f3k 13. kafli"},"content":{"rendered":"<p>XIII.<\/p>\n<p>Sj\u00e1 \u00fe\u00fa, \u00feetta hefur mitt auga allt s\u00e9\u00f0 og mitt eyra hefur \u00fea\u00f0 heyrt og hefur \u00fea\u00f0 undirsta\u00f0i\u00f0. Hva\u00f0 \u00fe\u00e9r viti\u00f0, \u00fea\u00f0 veit eg og og eg er ekki minnih\u00e1ttar en \u00fe\u00e9r. \u00de\u00f3 vilda eg gjarnan m\u00e6la vi\u00f0 Hinn alm\u00e1ttuga og eg vilda gjarnan heyja spurningar vi\u00f0 Gu\u00f0. \u00dev\u00ed a\u00f0 \u00fe\u00e9r leggi\u00f0 \u00fea\u00f0 falsklega \u00fat og eru\u00f0 allir \u00f3n\u00fdtir l\u00e6knarar. G\u00e6fi \u00fea\u00f0 Gu\u00f0 \u00fe\u00e9r vildu\u00f0 \u00feegja, \u00fe\u00e1 yr\u00f0u \u00fe\u00e9r v\u00edsir. Heyri\u00f0 \u00fe\u00f3 mitt straff og hyggi\u00f0 a\u00f0 \u00fev\u00ed m\u00e1lefni sem eg tala um. Vilji \u00fe\u00e9r forsvara Gu\u00f0 me\u00f0 r\u00f6ngu og a\u00f0 s\u00fdna sl\u00e6gsmuni fyrir hann? Vilji \u00fe\u00e9r \u00e1l\u00edta hans pers\u00f3nu e\u00f0a vilji \u00fe\u00e9r etja kappi vegna Gu\u00f0s? Mun y\u00f0ur \u00fea\u00f0 vel veita n\u00e6r e\u00f0 hann skal d\u00e6ma y\u00f0ur? \u00deenki \u00fe\u00e9r \u00fea\u00f0 a\u00f0 \u00fe\u00e9r f\u00e1i\u00f0 blekkt hann l\u00edka sem \u00fe\u00e1 einn ma\u00f0ur blekkir annan mann? Hann mun straffa y\u00f0ur ef a\u00f0 \u00fe\u00e9r hafi\u00f0 manngreinar\u00e1lit heimuglega. Mun hann ekki skelfa y\u00f0ur \u00fe\u00e1 n\u00e6r e\u00f0 hann brunar \u00fear fram og hans skelfing fellur yfir y\u00f0ur? Endurminningin y\u00f0ar mun saml\u00edkjast vi\u00f0 \u00f6skuna og y\u00f0rir hryggir munu vera sem \u00f6nnur moldarr\u00fast.<\/p>\n<p>\t\u00deegi\u00f0 fyrir m\u00e9r svo eg geti tala\u00f0, \u00fe\u00e1 skal mig ekki bresta. Hvar fyrir skal eg <span class=\"athugasemd\" title=\"a \/ (Naga) \/ \u00dea\u00f0 er, \u00fev\u00ed skal eg kvelja mig og \u00fevinga fyrst a\u00f0 eg hl\u00fdt a\u00f0 deyja og \u00fea\u00f0 hj\u00e1lpar m\u00e9r ekki par? Item, s\u00e1l \u00ed hendur a\u00f0 leggja er a\u00f0 h\u00e6tta miki\u00f0 og sig \u00ed h\u00e1ska a\u00f0 leggja\">[<\/span> naga mitt hold me\u00f0 sj\u00e1lfs m\u00edns t\u00f6nnum e\u00f0a leggja m\u00edna s\u00e1l \u00fat \u00ed m\u00ednar hendur? Sj\u00e1 \u00fe\u00fa, hann mun \u00fe\u00f3 fyrirkoma m\u00e9r og eg kann ekki a\u00f0 b\u00ed\u00f0a. \u00de\u00f3 vil eg straffa m\u00edna vegu fyrir honum. Hann mun og minn hj\u00e1lpari vera \u00fev\u00ed a\u00f0 enginn hr\u00e6snari kemur fyrir hann. Heyri \u00fe\u00e9r mitt m\u00e1l og skilji\u00f0 m\u00edna \u00fatlegging fyrir y\u00f0ar eyrum. Sj\u00e1 \u00fe\u00fa, eg hefi allt til rei\u00f0u d\u00f3msatkv\u00e6\u00f0i\u00f0 \u00e1lagt, eg veit a\u00f0 eg ver\u00f0 r\u00e9ttl\u00e1tur fundinn. Hver er s\u00e1 e\u00f0 \u00fereyta vill vi\u00f0 mig? En n\u00fa hl\u00fdt eg a\u00f0 \u00feegja og fordjarfast svo.<\/p>\n<p>\tTvo hluti gj\u00f6r \u00fe\u00fa m\u00e9r ekki, \u00fe\u00e1 vil eg ekki dylja mig fyrir \u00fe\u00e9r: L\u00e1t \u00fe\u00edna h\u00f6nd vera langt \u00ed burt fr\u00e1 m\u00e9r og \u00fe\u00edna skelfing ekki skelfa mig. Kalla \u00fe\u00fa til m\u00edn, eg vil svara \u00fe\u00e9r, elligar svo: Eg vil tala, svara \u00fe\u00fa m\u00e9r. Hversu margar eru m\u00ednar misgj\u00f6r\u00f0ir og syndir? L\u00e1t mig vita m\u00ednar illgj\u00f6r\u00f0ir og gl\u00e6pi. Hvar fyrir byrgir \u00fe\u00fa \u00feitt andlit og heldur \u00feig fyrir minn \u00f3vin? Vilt \u00fe\u00fa vera so har\u00f0fenginn vi\u00f0 eitt laufbla\u00f0 af ve\u00f0ri skeki\u00f0 og ofs\u00e6kja \u00feannin eitt \u00feurrt h\u00e1lmstr\u00e1? \u00dev\u00ed a\u00f0 \u00fe\u00fa skrifar harmkv\u00e6lingar \u00e1 m\u00f3ti m\u00e9r og vilt fyrirkoma m\u00e9r svo fyrir synda sakir minnar ungd\u00f3ms \u00e6sku. \u00de\u00fa hefur sett m\u00ednar f\u00e6tur \u00ed stokk og g\u00e6tt a\u00f0 m\u00ednum vegum og huga\u00f0 a\u00f0 m\u00ednum f\u00f3tsporum. Eg sem \u00fe\u00f3 forgeng l\u00edka sem anna\u00f0 \u00faldi\u00f0 hr\u00e6 og svo sem anna\u00f0 kl\u00e6\u00f0i \u00fea\u00f0 m\u00f6lurinn upp\u00e9tur.<\/p>\n","protected":false},"excerpt":{"rendered":"<p>XIII. Sj\u00e1 \u00fe\u00fa, \u00feetta hefur mitt auga allt s\u00e9\u00f0 og mitt eyra hefur \u00fea\u00f0 heyrt og hefur \u00fea\u00f0 undirsta\u00f0i\u00f0. Hva\u00f0 \u00fe\u00e9r viti\u00f0, \u00fea\u00f0 veit eg og og eg er ekki minnih\u00e1ttar en \u00fe\u00e9r. \u00de\u00f3 vilda eg gjarnan m\u00e6la vi\u00f0 Hinn alm\u00e1ttuga og eg vilda gjarnan heyja spurningar vi\u00f0 Gu\u00f0. \u00dev\u00ed a\u00f0 \u00fe\u00e9r leggi\u00f0 \u00fea\u00f0 falsklega \u00fat og eru\u00f0 allir \u00f3n\u00fdtir l\u00e6knarar. G\u00e6fi \u00fea\u00f0 Gu\u00f0 \u00fe\u00e9r vildu\u00f0 \u00feegja, \u00fe\u00e1 yr\u00f0u \u00fe\u00e9r v\u00edsir. Heyri\u00f0 \u00fe\u00f3 mitt straff og hyggi\u00f0 a\u00f0 \u00fev\u00ed m\u00e1lefni sem eg tala um. Vilji \u00fe\u00e9r forsvara Gu\u00f0 me\u00f0 r\u00f6ngu og a\u00f0 s\u00fdna sl\u00e6gsmuni fyrir hann? Vilji \u00fe\u00e9r \u00e1l\u00edta hans <a href=\"https:\/\/biblian.is\/gudbrandsbiblia\/jobsbok-13-kafli\/\"> [&#8230;]<\/a><\/p>\n","protected":false},"author":1,"featured_media":0,"parent":0,"menu_order":0,"comment_status":"open","ping_status":"open","template":"bibliukaflar.php","meta":{"footnotes":""},"class_list":["post-3142","page","type-page","status-publish","hentry"],"_links":{"self":[{"href":"https:\/\/biblian.is\/gudbrandsbiblia\/wp-json\/wp\/v2\/pages\/3142","targetHints":{"allow":["GET"]}}],"collection":[{"href":"https:\/\/biblian.is\/gudbrandsbiblia\/wp-json\/wp\/v2\/pages"}],"about":[{"href":"https:\/\/biblian.is\/gudbrandsbiblia\/wp-json\/wp\/v2\/types\/page"}],"author":[{"embeddable":true,"href":"https:\/\/biblian.is\/gudbrandsbiblia\/wp-json\/wp\/v2\/users\/1"}],"replies":[{"embeddable":true,"href":"https:\/\/biblian.is\/gudbrandsbiblia\/wp-json\/wp\/v2\/comments?post=3142"}],"version-history":[{"count":0,"href":"https:\/\/biblian.is\/gudbrandsbiblia\/wp-json\/wp\/v2\/pages\/3142\/revisions"}],"wp:attachment":[{"href":"https:\/\/biblian.is\/gudbrandsbiblia\/wp-json\/wp\/v2\/media?parent=3142"}],"curies":[{"name":"wp","href":"https:\/\/api.w.org\/{rel}","templated":true}]}}