{"id":3141,"date":"2017-12-18T18:32:46","date_gmt":"2017-12-18T18:32:46","guid":{"rendered":"http:\/\/biblian.is\/gudbrandsbiblia\/jobsbok-12-kafli\/"},"modified":"2017-12-18T18:32:46","modified_gmt":"2017-12-18T18:32:46","slug":"jobsbok-12-kafli","status":"publish","type":"page","link":"https:\/\/biblian.is\/gudbrandsbiblia\/jobsbok-12-kafli\/","title":{"rendered":"Jobsb\u00f3k 12. kafli"},"content":{"rendered":"<p>XII.<\/p>\n<p>\u00de\u00e1 svara\u00f0i Job og sag\u00f0i: <span class=\"athugasemd\" title=\"Job\">[<\/span> &#8222;J\u00e1, \u00fe\u00e9r eru\u00f0 \u00feeir menn, me\u00f0 y\u00f0ur mun v\u00edsd\u00f3murinn deyja. Eg hefi og vel eitt hjarta sem \u00fe\u00e9r og er ekki minnih\u00e1ttar en \u00fe\u00e9r og hver er s\u00e1 em ekki veit sl\u00edkt? Hver hann ver\u00f0ur spotta\u00f0ur af s\u00ednum n\u00e1unga, s\u00e1 sami mun \u00e1kalla Gu\u00f0 og hann mun heyra hann, s\u00e1 hinn r\u00e9ttv\u00edsi og hinn fr\u00f3mi hl\u00fdtur d\u00e1rskap a\u00f0 l\u00ed\u00f0a! Og \u00fear er eitt fyrirliti\u00f0 <span class=\"athugasemd\" title=\"a \/ \u00dea\u00f0 er, rj\u00fakandi h\u00f6r\">[<\/span> lj\u00f3skorn fyrir hugskotum r\u00edkil\u00e1tra tilb\u00fai\u00f0 a\u00f0 \u00feeir hneyksli sig \u00fear \u00e1. R\u00e6ningjanna heimili \u00feau hafa n\u00f3gar gn\u00e6gtir og \u00feeir \u00e6\u00f0a djarflegana \u00ed m\u00f3ti Gu\u00f0i en \u00fe\u00f3 a\u00f0 Gu\u00f0 hafi gefi\u00f0 \u00feeim \u00fea\u00f0 \u00ed \u00feeirra hendur.<\/p>\n<p>\tFr\u00e9ttu kvikf\u00e9\u00f0 og mun \u00fea\u00f0 kenna \u00fe\u00e9r \u00fea\u00f0 og fuglarnir loftsins munu undiv\u00edsa \u00fe\u00e9r \u00fea\u00f0 e\u00f0ur tala \u00fe\u00fa vi\u00f0 j\u00f6r\u00f0ina og mun h\u00fan kenna \u00fe\u00e9r \u00fea\u00f0 og fiskarnir \u00ed sj\u00f3num munu framtelja \u00fe\u00e9r \u00fea\u00f0. Hver er s\u00e1 a\u00f0 ei viti \u00fea\u00f0 a\u00f0 h\u00f6nd Drottins hafi gj\u00f6rt allt \u00feetta? Svo \u00fea\u00f0 \u00ed hans hendi eru allra \u00feeirra s\u00e1lir sem lifa og andinn alls holds hvers fyrir sig. Pr\u00f3far ekki eyra\u00f0 or\u00f0r\u00e6\u00f0una og munnurinn smakkar matinn? J\u00e1, \u00ed hj\u00e1 \u00feeim forfe\u00f0runum er <span class=\"athugasemd\" title=\"b \/ (V\u00edsd\u00f3mur) \/ \u00de\u00e9r segi\u00f0 viskan s\u00e9 hj\u00e1 forfe\u00f0runum en eg segi h\u00fan s\u00e9 hj\u00e1 Gu\u00f0i hver alleina alla k\u00f3nga, presta, d\u00f3mara, magt, list, helgid\u00f3m a\u00f0 \u00f6ngvu gj\u00f6rir\">[<\/span> v\u00edsd\u00f3murinn og hj\u00e1 \u00feeim g\u00f6mlu skilningurinn, hj\u00e1 \u00feeim er viskan og valdi\u00f0, r\u00e1\u00f0speki\u00f0 og skilningurinn. Sj\u00e1 \u00fe\u00fa, n\u00e6r e\u00f0 hann \u00ed sundur br\u00fdtur \u00fe\u00e1 hj\u00e1lpar \u00fear engin uppbygging, n\u00e6r e\u00f0 hann innil\u00fdkur nokkurn \u00fe\u00e1 er \u00fear ennginn sem uppl\u00fdkur. N\u00e6r e\u00f0 hann innistemmir vatni\u00f0 \u00fe\u00e1 bl\u00edfa allir hlutir \u00feurrir og n\u00e6r e\u00f0 hann sleppir \u00fev\u00ed \u00fat \u00fe\u00e1 r\u00f3tar \u00fea\u00f0 upp j\u00f6r\u00f0unni. Hann er \u00f6flugur og f\u00e6r \u00fea\u00f0 gj\u00f6rt, hans er b\u00e6\u00f0i s\u00e1 sem villt fer og hinn s\u00e1 sem villir.<\/p>\n<p>\tHann \u00ed burt lei\u00f0ir hina r\u00e1\u00f0akl\u00f3ku sem anna\u00f0 herfang og gj\u00f6rir d\u00f3marana heimskufulla. Hann uppleysir \u00ferengslin konunganna og me\u00f0 beltinu umgyr\u00f0ir hann \u00feeirra lendar. Hann burtlei\u00f0ir prestana sem anna\u00f0 r\u00e1nf\u00e9 og hann l\u00e6tur \u00fea\u00f0 breg\u00f0ast \u00feeim sterku. Hann \u00ed burt vendir v\u00f6rum sannm\u00e1lugra og hann \u00ed burt tekur si\u00f0venjur hinna g\u00f6mlu. Hann \u00fathellir forsm\u00e1n yfir h\u00f6f\u00f0ingjana og lausan gj\u00f6rir s\u00e1ttm\u00e1lann voldugra. Hann opnar undirdj\u00fapin myrkranna og \u00fatlei\u00f0ir \u00fea\u00f0 myrkva til lj\u00f3ssins. Hann gj\u00f6rir suma hverja a\u00f0 mikilsh\u00e1ttar m\u00f6nnum og glatar \u00feeim \u00fe\u00f3 aftur. Hann \u00fatbrei\u00f0ir sumt f\u00f3lk og \u00ed burt dr\u00edfur \u00fea\u00f0 aftur. Hann burt tekur hjarta h\u00f6f\u00f0ingjanna f\u00f3lksins \u00ed landinu og l\u00e6tur \u00fe\u00e1 villast \u00e1 \u00f3veginum \u00fear enginn vegur er svo a\u00f0 \u00feeir \u00e1n lj\u00f3ssins r\u00e1fa \u00ed myrkrinu og hann gj\u00f6rir \u00fea\u00f0 a\u00f0 \u00feeir fara villir vega sem a\u00f0rir drykkjumenn.<\/p>\n","protected":false},"excerpt":{"rendered":"<p>XII. \u00de\u00e1 svara\u00f0i Job og sag\u00f0i: [ &#8222;J\u00e1, \u00fe\u00e9r eru\u00f0 \u00feeir menn, me\u00f0 y\u00f0ur mun v\u00edsd\u00f3murinn deyja. Eg hefi og vel eitt hjarta sem \u00fe\u00e9r og er ekki minnih\u00e1ttar en \u00fe\u00e9r og hver er s\u00e1 em ekki veit sl\u00edkt? Hver hann ver\u00f0ur spotta\u00f0ur af s\u00ednum n\u00e1unga, s\u00e1 sami mun \u00e1kalla Gu\u00f0 og hann mun heyra hann, s\u00e1 hinn r\u00e9ttv\u00edsi og hinn fr\u00f3mi hl\u00fdtur d\u00e1rskap a\u00f0 l\u00ed\u00f0a! Og \u00fear er eitt fyrirliti\u00f0 [ lj\u00f3skorn fyrir hugskotum r\u00edkil\u00e1tra tilb\u00fai\u00f0 a\u00f0 \u00feeir hneyksli sig \u00fear \u00e1. R\u00e6ningjanna heimili \u00feau hafa n\u00f3gar gn\u00e6gtir og \u00feeir \u00e6\u00f0a djarflegana \u00ed m\u00f3ti Gu\u00f0i en \u00fe\u00f3 a\u00f0 Gu\u00f0 <a href=\"https:\/\/biblian.is\/gudbrandsbiblia\/jobsbok-12-kafli\/\"> [&#8230;]<\/a><\/p>\n","protected":false},"author":1,"featured_media":0,"parent":0,"menu_order":0,"comment_status":"open","ping_status":"open","template":"bibliukaflar.php","meta":{"footnotes":""},"class_list":["post-3141","page","type-page","status-publish","hentry"],"_links":{"self":[{"href":"https:\/\/biblian.is\/gudbrandsbiblia\/wp-json\/wp\/v2\/pages\/3141","targetHints":{"allow":["GET"]}}],"collection":[{"href":"https:\/\/biblian.is\/gudbrandsbiblia\/wp-json\/wp\/v2\/pages"}],"about":[{"href":"https:\/\/biblian.is\/gudbrandsbiblia\/wp-json\/wp\/v2\/types\/page"}],"author":[{"embeddable":true,"href":"https:\/\/biblian.is\/gudbrandsbiblia\/wp-json\/wp\/v2\/users\/1"}],"replies":[{"embeddable":true,"href":"https:\/\/biblian.is\/gudbrandsbiblia\/wp-json\/wp\/v2\/comments?post=3141"}],"version-history":[{"count":0,"href":"https:\/\/biblian.is\/gudbrandsbiblia\/wp-json\/wp\/v2\/pages\/3141\/revisions"}],"wp:attachment":[{"href":"https:\/\/biblian.is\/gudbrandsbiblia\/wp-json\/wp\/v2\/media?parent=3141"}],"curies":[{"name":"wp","href":"https:\/\/api.w.org\/{rel}","templated":true}]}}