{"id":3134,"date":"2017-12-18T18:32:46","date_gmt":"2017-12-18T18:32:46","guid":{"rendered":"http:\/\/biblian.is\/gudbrandsbiblia\/jobsbok-5-kafli\/"},"modified":"2017-12-18T18:32:46","modified_gmt":"2017-12-18T18:32:46","slug":"jobsbok-5-kafli","status":"publish","type":"page","link":"https:\/\/biblian.is\/gudbrandsbiblia\/jobsbok-5-kafli\/","title":{"rendered":"Jobsb\u00f3k 5. kafli"},"content":{"rendered":"<p>V.<\/p>\n<p>Nefn \u00fe\u00fa m\u00e9r einn. Hva\u00f0 gildir \u00fe\u00fa finnur \u00f6ngvan? Sj\u00e1 \u00feig um kring eftir nokkurs h\u00e1ttar <span class=\"athugasemd\" title=\"a \/ (Heilagan) \/ \u00dea\u00f0 er, s\u00fdn m\u00e9r nokkurn heilagan svo kvalinn saklausan. F\u00e1v\u00edsa og \u00f3fr\u00f3\u00f0a kallar hann h\u00e9r h\u00e9g\u00f3mamenn sem ekki skeyta um Gu\u00f0\">[<\/span> heil\u00f6gum. F\u00e1v\u00edsan mann \u00fe\u00e1 f\u00e6r vel rei\u00f0in til heljar dregi\u00f0 og vandl\u00e6tingin getur heimskum \u00ed hel komi\u00f0. Eg s\u00e1 einn galinn gr\u00f3\u00f0ursettan og eg b\u00f6lva\u00f0i strax hans heimili. Hans b\u00f6rn skulu fjarl\u00e6g vera hj\u00e1lpr\u00e6\u00f0inu og \u00feau skulu sundursl\u00e1st \u00ed borgarhli\u00f0unum so a\u00f0 \u00feeim mun enginn hj\u00e1lp veita. Hinir <span class=\"athugasemd\" title=\"b \/ (Hungra\u00f0a) \/ og \u00feysta kallar hann r\u00e6ningja og v\u00edkinga\">[<\/span> hungru\u00f0u skulu uppeta hans haustvinnu og hinir hervopnu\u00f0u skulu heims\u00e6kja hann og \u00feeir inu \u00feyrstu \u00fe\u00e1 skulu upp drekka hans g\u00f3ss. \u00dev\u00ed a\u00f0 arm\u00e6\u00f0an uppsprettur ekki \u00far <span class=\"athugasemd\" title=\"c \/ (J\u00f6r\u00f0inni) \/ \u00dea\u00f0 er, sl\u00edkt for\u00fe\u00e9nar ma\u00f0ur me\u00f0 syndinni, annars k\u00e6mi \u00fea\u00f0 ekki \/ Jakob. 1\">[<\/span> j\u00f6r\u00f0unni og \u00f3g\u00e6fan vex ekki \u00far akrinum heldur svo: Ma\u00f0urinn f\u00e6\u00f0ist til \u00f3g\u00e6funnar l\u00edka sem \u00fea\u00f0 fuglarnir upphefjast til a\u00f0 flj\u00faga.<\/p>\n<p>\t\u00de\u00f3 vil eg n\u00fa tala um Gu\u00f0 og sk\u00fdra \u00fat af honum, hann sem gj\u00f6rir mikla hluti og \u00f3rannsakanlega og \u00fe\u00e6r d\u00e1semdir sem ekki kunna a\u00f0 teljast, hann sem gefur regni\u00f0 \u00e1 j\u00f6r\u00f0ina og l\u00e6tur vatni\u00f0 koma \u00e1 veguna, hann sem upphefur hina ni\u00f0ur\u00ferykktu og upp hj\u00e1lpar hinum harm\u00ferungna, hann hver e\u00f0 \u00f3n\u00fdtir r\u00e1\u00f0agj\u00f6r\u00f0ir \u00feeirra illkl\u00f3ku svo a\u00f0 \u00feeirra h\u00f6nd f\u00e6r \u00fev\u00ed ekki af sta\u00f0 komi\u00f0. Hann h\u00f6ndlar hina v\u00edsu \u00ed \u00feeirra sl\u00e6gsmunum og umveltir r\u00e1\u00f0um rangfer\u00f0ugra svo a\u00f0 \u00feeir hlaupa um dagana \u00ed myrkrinu og fara f\u00e1lmandi um mi\u00f0degi\u00f0 l\u00edka sem \u00e1 n\u00f3ttinni. Hann frelsar hinn vola\u00f0a fr\u00e1 sver\u00f0inu og \u00ed fr\u00e1 \u00feeirra munni og \u00ed fr\u00e1 hendi voldugra. Og hann er vonin hins f\u00e1t\u00e6ka svo a\u00f0 mannillskan hl\u00fdtur a\u00f0 halda s\u00ednum munni til samans.<\/p>\n<p>\tSj\u00e1 \u00fe\u00fa, s\u00e6ll er s\u00e1 ma\u00f0ur sem Gu\u00f0 leggur hirting \u00e1, \u00fear fyrir \u00fe\u00e1 fyrirl\u00edt ekki hirtingina Hins alm\u00e1ttuga. \u00dev\u00ed hann s\u00e6rir og gr\u00e6\u00f0ir, hann sl\u00e6r og hans h\u00f6nd l\u00e6knar \u00fea\u00f0. <span class=\"athugasemd\" title=\"Gu\u00f0 s\u00e6rir og gr\u00e6\u00f0ir\">[<\/span> Hann mun frelsa \u00feig \u00fat af \u00feeim sex harmkv\u00e6lum og \u00ed \u00fev\u00ed hinu sj\u00f6unda mun ekki neitt illt \u00e1hr\u00e6ra \u00feig. \u00c1 hall\u00e6rist\u00ed\u00f0inni mun hann frelsa \u00feig fr\u00e1 dau\u00f0anum og \u00ed str\u00ed\u00f0inu fr\u00e1 sver\u00f0sins hendi. Hann mun sk\u00fdla \u00fe\u00e9r fyrir keyri tungunnar svo \u00fe\u00fa hr\u00e6\u00f0ist ekki fordj\u00f6rfunina n\u00e6r e\u00f0 h\u00fan kemur, \u00ed forey\u00f0slunni og hungrinu munt \u00fe\u00fa hl\u00e6ja og fyrir villud\u00fdrunum \u00ed landinu eigi hr\u00e6ddur vera heldur mun \u00feinn <span class=\"athugasemd\" title=\"d \/ (S\u00e1ttm\u00e1li) \/ Grj\u00f3ti\u00f0 af hverju gar\u00f0arnir eru gj\u00f6r\u00f0ir munu geyma \u00feitt korn\">[<\/span> s\u00e1ttm\u00e1li vera vi\u00f0 steinana \u00e1 foldunni og \u00feau villud\u00fdrin \u00ed landinu munu halda fri\u00f0 vi\u00f0 \u00feig. Og \u00fe\u00fa munt formerkja a\u00f0 \u00fe\u00edn tjaldb\u00fa\u00f0 hefur fri\u00f0 og \u00fe\u00fa munt \u00fatvega \u00fea\u00f0 hva\u00f0 heyrir til \u00fe\u00edns heimilis og syndgast ekki. Og \u00fe\u00fa munt \u00feess var ver\u00f0a a\u00f0 \u00feitt s\u00e6\u00f0i mun margfaldlegt bl\u00edfa og \u00feitt afkv\u00e6mi sem gras \u00e1 j\u00f6r\u00f0u. Og \u00fe\u00fa munt \u00ed elli \u00e6vinnar koma til grafarinnar l\u00edka sem hveitikornsbindini innflyst \u00e1 s\u00ednum t\u00edma. sj\u00e1, \u00fea\u00f0 h\u00f6fum v\u00e9r rannsaka\u00f0 og \u00fea\u00f0 er og svo. Hl\u00fd\u00f0 \u00feessu og legg \u00fea\u00f0 vel \u00ed minni.&#8220;<\/p>\n","protected":false},"excerpt":{"rendered":"<p>V. Nefn \u00fe\u00fa m\u00e9r einn. Hva\u00f0 gildir \u00fe\u00fa finnur \u00f6ngvan? Sj\u00e1 \u00feig um kring eftir nokkurs h\u00e1ttar [ heil\u00f6gum. F\u00e1v\u00edsan mann \u00fe\u00e1 f\u00e6r vel rei\u00f0in til heljar dregi\u00f0 og vandl\u00e6tingin getur heimskum \u00ed hel komi\u00f0. Eg s\u00e1 einn galinn gr\u00f3\u00f0ursettan og eg b\u00f6lva\u00f0i strax hans heimili. Hans b\u00f6rn skulu fjarl\u00e6g vera hj\u00e1lpr\u00e6\u00f0inu og \u00feau skulu sundursl\u00e1st \u00ed borgarhli\u00f0unum so a\u00f0 \u00feeim mun enginn hj\u00e1lp veita. Hinir [ hungru\u00f0u skulu uppeta hans haustvinnu og hinir hervopnu\u00f0u skulu heims\u00e6kja hann og \u00feeir inu \u00feyrstu \u00fe\u00e1 skulu upp drekka hans g\u00f3ss. \u00dev\u00ed a\u00f0 arm\u00e6\u00f0an uppsprettur ekki \u00far [ j\u00f6r\u00f0unni og \u00f3g\u00e6fan vex ekki <a href=\"https:\/\/biblian.is\/gudbrandsbiblia\/jobsbok-5-kafli\/\"> [&#8230;]<\/a><\/p>\n","protected":false},"author":1,"featured_media":0,"parent":0,"menu_order":0,"comment_status":"open","ping_status":"open","template":"bibliukaflar.php","meta":{"footnotes":""},"class_list":["post-3134","page","type-page","status-publish","hentry"],"_links":{"self":[{"href":"https:\/\/biblian.is\/gudbrandsbiblia\/wp-json\/wp\/v2\/pages\/3134","targetHints":{"allow":["GET"]}}],"collection":[{"href":"https:\/\/biblian.is\/gudbrandsbiblia\/wp-json\/wp\/v2\/pages"}],"about":[{"href":"https:\/\/biblian.is\/gudbrandsbiblia\/wp-json\/wp\/v2\/types\/page"}],"author":[{"embeddable":true,"href":"https:\/\/biblian.is\/gudbrandsbiblia\/wp-json\/wp\/v2\/users\/1"}],"replies":[{"embeddable":true,"href":"https:\/\/biblian.is\/gudbrandsbiblia\/wp-json\/wp\/v2\/comments?post=3134"}],"version-history":[{"count":0,"href":"https:\/\/biblian.is\/gudbrandsbiblia\/wp-json\/wp\/v2\/pages\/3134\/revisions"}],"wp:attachment":[{"href":"https:\/\/biblian.is\/gudbrandsbiblia\/wp-json\/wp\/v2\/media?parent=3134"}],"curies":[{"name":"wp","href":"https:\/\/api.w.org\/{rel}","templated":true}]}}