{"id":3129,"date":"2017-12-18T18:32:43","date_gmt":"2017-12-18T18:32:43","guid":{"rendered":"http:\/\/biblian.is\/gudbrandsbiblia\/esterarbok-10-kafli\/"},"modified":"2017-12-18T19:29:55","modified_gmt":"2017-12-18T19:29:55","slug":"esterarbok-10-kafli","status":"publish","type":"page","link":"https:\/\/biblian.is\/gudbrandsbiblia\/esterarbok-10-kafli\/","title":{"rendered":"Esterarb\u00f3k 10. kafli"},"content":{"rendered":"<p>X.<\/p>\n<p>Og Assverus k\u00f3ngur lag\u00f0i skatt \u00e1 l\u00f6ndin og eyjar sj\u00e1varins. En allir hans gj\u00f6rningar, veldi og magt og s\u00fa mikla vegsemd Mardokei sem k\u00f3ngurinn veitti honum, sj\u00e1, \u00fea\u00f0 er skrifa\u00f0 \u00ed k\u00f3nganna kron\u00edkum \u00ed Persia og Media. <span class=\"athugasemd\" title=\"Mardokeus upphafinn \u00e1 xy. \u00e1ri Assveri og lif\u00f0i cxcvy \u00e1r philo\">[<\/span> \u00dev\u00ed Mardokeus Gy\u00f0ingur var n\u00e6stur Assvero k\u00f3ngi, megtugur \u00e1 me\u00f0al Gy\u00f0inga og \u00feekkur \u00f6llum s\u00ednum br\u00e6\u00f0rum, hver a\u00f0 leita\u00f0i g\u00f3\u00f0s fyrir sitt f\u00f3lk og lag\u00f0i hi\u00f0 besta til me\u00f0 \u00f6llu s\u00ednu s\u00e6\u00f0i.<\/p>\n<p>Endir \u00e1 b\u00f3kinni Ester<\/p>\n","protected":false},"excerpt":{"rendered":"<p>X. Og Assverus k\u00f3ngur lag\u00f0i skatt \u00e1 l\u00f6ndin og eyjar sj\u00e1varins. En allir hans gj\u00f6rningar, veldi og magt og s\u00fa mikla vegsemd Mardokei sem k\u00f3ngurinn veitti honum, sj\u00e1, \u00fea\u00f0 er skrifa\u00f0 \u00ed k\u00f3nganna kron\u00edkum \u00ed Persia og Media. [ \u00dev\u00ed Mardokeus Gy\u00f0ingur var n\u00e6stur Assvero k\u00f3ngi, megtugur \u00e1 me\u00f0al Gy\u00f0inga og \u00feekkur \u00f6llum s\u00ednum br\u00e6\u00f0rum, hver a\u00f0 leita\u00f0i g\u00f3\u00f0s fyrir sitt f\u00f3lk og lag\u00f0i hi\u00f0 besta til me\u00f0 \u00f6llu s\u00ednu s\u00e6\u00f0i. Endir \u00e1 b\u00f3kinni Ester<\/p>\n","protected":false},"author":1,"featured_media":0,"parent":0,"menu_order":0,"comment_status":"open","ping_status":"open","template":"bibliukaflar.php","meta":{"footnotes":""},"class_list":["post-3129","page","type-page","status-publish","hentry"],"_links":{"self":[{"href":"https:\/\/biblian.is\/gudbrandsbiblia\/wp-json\/wp\/v2\/pages\/3129","targetHints":{"allow":["GET"]}}],"collection":[{"href":"https:\/\/biblian.is\/gudbrandsbiblia\/wp-json\/wp\/v2\/pages"}],"about":[{"href":"https:\/\/biblian.is\/gudbrandsbiblia\/wp-json\/wp\/v2\/types\/page"}],"author":[{"embeddable":true,"href":"https:\/\/biblian.is\/gudbrandsbiblia\/wp-json\/wp\/v2\/users\/1"}],"replies":[{"embeddable":true,"href":"https:\/\/biblian.is\/gudbrandsbiblia\/wp-json\/wp\/v2\/comments?post=3129"}],"version-history":[{"count":0,"href":"https:\/\/biblian.is\/gudbrandsbiblia\/wp-json\/wp\/v2\/pages\/3129\/revisions"}],"wp:attachment":[{"href":"https:\/\/biblian.is\/gudbrandsbiblia\/wp-json\/wp\/v2\/media?parent=3129"}],"curies":[{"name":"wp","href":"https:\/\/api.w.org\/{rel}","templated":true}]}}