{"id":3127,"date":"2017-12-18T18:32:43","date_gmt":"2017-12-18T18:32:43","guid":{"rendered":"http:\/\/biblian.is\/gudbrandsbiblia\/esterarbok-8-kafli\/"},"modified":"2017-12-18T18:32:43","modified_gmt":"2017-12-18T18:32:43","slug":"esterarbok-8-kafli","status":"publish","type":"page","link":"https:\/\/biblian.is\/gudbrandsbiblia\/esterarbok-8-kafli\/","title":{"rendered":"Esterarb\u00f3k 8. kafli"},"content":{"rendered":"<p>VIII.<\/p>\n<p>Og \u00e1 \u00feeim degi gaf Assverus k\u00f3ngur Ester drottningu Amans h\u00fas, \u00f3vinar Gy\u00f0inga. Og Mardokeus kom fyrir k\u00f3nginn \u00fev\u00ed Ester haf\u00f0i sagt honum a\u00f0 hann v\u00e6ri hennar f\u00f6\u00f0urbr\u00f3\u00f0ir. Og k\u00f3ngurinn t\u00f3k af s\u00e9r eitt fingurgull sem hann haf\u00f0i teki\u00f0 aftur af Aman og gaf \u00fea\u00f0 Mardokeo. Og Ester setti Mardokeum yfir h\u00fas Aman.<\/p>\n<p>\tOg Ester drottning tala\u00f0i enn framar meir til k\u00f3ngsins og f\u00e9ll til f\u00f3ta honum og ba\u00f0 me\u00f0 gr\u00e1ti a\u00f0 hann vildi \u00ed burt taka illsku Aman Agagiter og hans upps\u00e1tur sem hann haf\u00f0i hugsa\u00f0 \u00ed gegn Gy\u00f0ingaf\u00f3lki. <span class=\"athugasemd\" title=\"Ester bi\u00f0ur fyrir sitt f\u00f3lk\">[<\/span> \u00de\u00e1 r\u00e9tti k\u00f3ngurinn gullsp\u00edruna a\u00f0 Ester. En h\u00fan st\u00f3\u00f0 upp og gekk til k\u00f3ngsins og sag\u00f0i: &#8222;Ef \u00fea\u00f0 \u00fe\u00f3knast k\u00f3nginum og hafi eg fundi\u00f0 n\u00e1\u00f0 fyrir honum og l\u00edki honum \u00fea\u00f0 \u00fe\u00e1 l\u00e1ti\u00f0 br\u00e9f \u00fat ganga svo hlj\u00f3\u00f0anda a\u00f0 \u00fe\u00e9r afturkalli\u00f0 br\u00e9f og r\u00e1\u00f0agj\u00f6r\u00f0 Aman sonar Medata Agagiter sem hann skrifa\u00f0i a\u00f0 Gy\u00f0ingaf\u00f3lk skyldi drepi\u00f0 ver\u00f0a \u00ed \u00f6llum k\u00f3ngsins l\u00f6ndum. \u00dev\u00ed hvernin m\u00e1 eg horfa \u00e1 \u00fea\u00f0 vonda sem koma mun yfir mitt f\u00f3lk? E\u00f0a hvernin m\u00e1 eg sj\u00e1 upp \u00e1 \u00fea\u00f0 a\u00f0 m\u00edn \u00e6tt skal so fyrirfarast?&#8220;<\/p>\n<p>\t\u00de\u00e1 sag\u00f0i Assverus k\u00f3ngur til drottningarinnar Ester og til Mardokeum Gy\u00f0ings: &#8222;Sj\u00e1, eg hefi gefi\u00f0 Ester h\u00fas Aman en hann bau\u00f0 eg a\u00f0 hengja \u00ed g\u00e1lga \u00fev\u00ed a\u00f0 hann lag\u00f0i s\u00ednar hendur \u00e1 Gy\u00f0ingaf\u00f3lk. \u00dear fyrir skrifi \u00fei\u00f0 n\u00fa vegna Gy\u00f0inga svo sem ykkur l\u00edkar undir k\u00f3ngsins nafni og innsigli\u00f0 \u00fea\u00f0 me\u00f0 k\u00f3ngsins hring.&#8220; \u00dev\u00ed a\u00f0 allt \u00fea\u00f0 sem skrifa\u00f0 er undir k\u00f3ngsins nafni og er s\u00ed\u00f0an innsigla\u00f0 me\u00f0 hans eigin hring \u00fea\u00f0 m\u00e1tti enginn mann afturkalla. <span class=\"athugasemd\" title=\"a \/ \u00dea\u00f0 er, me\u00f0 \u00fev\u00ed a\u00f0 br\u00e9f Aman voru innsiglu\u00f0 me\u00f0 k\u00f3ngs innsigli \u00fe\u00e1 sto\u00f0a\u00f0i Gy\u00f0ingum ekki nema \u00feau v\u00e6ri me\u00f0 \u00f6\u00f0rum br\u00e9fum afturk\u00f6llu\u00f0\">[<\/span> <\/p>\n<p>\t\u00de\u00e1 voru kalla\u00f0ir k\u00f3ngsins skrifarar \u00e1 \u00feeim sama t\u00edma, \u00e1 \u00feeim \u00feri\u00f0ja m\u00e1na\u00f0i, \u00fea\u00f0 er s\u00e1 m\u00e1nu\u00f0ur s\u00edvan, \u00e1 \u00feeim \u00feri\u00f0ja og tuttugasta degi \u00feess m\u00e1na\u00f0ar. Og br\u00e9fin voru so skrifu\u00f0 sem Mardokeus b\u00edfala\u00f0i, til Gy\u00f0inganna og til h\u00f6f\u00f0ingjanna, hir\u00f0stj\u00f3ranna og til allra h\u00f6fu\u00f0smanna \u00ed l\u00f6ndunum fr\u00e1 Indialandi og allt til Bl\u00e1lands, sem var hundra\u00f0 sj\u00f6 og tuttugu l\u00f6nd, hverju landi eftir sinni skrift og hverju f\u00f3lki eftir s\u00ednu tungum\u00e1li, og svo til Gy\u00f0inganna eftir \u00feeirra skrift og tungum\u00e1li.<\/p>\n<p>\tOg \u00feetta var skrifa\u00f0 undir k\u00f3ngsins Assverus nafni og so innsigla\u00f0 me\u00f0 hans eigin gullhring. Og hann sendi br\u00e9fin me\u00f0 r\u00ed\u00f0andi sendim\u00f6nnum \u00e1 ungum m\u00falum, \u00ed hverjum br\u00e9fum a\u00f0 k\u00f3ngurinn gaf Gy\u00f0ingum leyfi a\u00f0 verja sig fyrir s\u00ednum \u00f3vinum hvar \u00ed borgum sem \u00feeir v\u00e6ri og heimtast saman og verja l\u00edf sitt og ey\u00f0ileggja og drepa alla magt \u00feess f\u00f3lks og lands sem \u00e1 \u00fe\u00e1 str\u00edddi, me\u00f0 \u00feeirra kvinnum og b\u00f6rnum, og a\u00f0 r\u00e6na \u00feeirra g\u00f3ssi \u00e1 einum degi \u00ed \u00f6llum k\u00f3ngsins Assveri l\u00f6ndum, sem var s\u00e1 \u00ferett\u00e1ndi dagur \u00ed \u00feeim t\u00f3lfta m\u00e1na\u00f0i, \u00fea\u00f0 er s\u00e1 m\u00e1nu\u00f0ur adar. <span class=\"athugasemd\" title=\"Adar \/ Martius\">[<\/span><\/p>\n<p>\tOg innihald br\u00e9fanna er \u00feetta, a\u00f0 ein b\u00edfalning v\u00e6ri \u00fatgefin yfir \u00f6ll l\u00f6nd og skyldi opinberast \u00f6llu f\u00f3lki a\u00f0 Gy\u00f0ingarnir v\u00e6ri vi\u00f0b\u00fanir \u00e1 \u00feeim degi a\u00f0 hefna s\u00edn \u00e1 s\u00ednum \u00f3vinum. Og \u00feeir sendibo\u00f0ar ri\u00f0u sem mest og skj\u00f3tast \u00e1 s\u00ednum m\u00falum eftir skipan k\u00f3ngsins. Og \u00feessi b\u00edfalning var uppslegin \u00e1 S\u00fasansloti.<\/p>\n<p>\tOg Mardokeus gekk \u00fat fr\u00e1 k\u00f3nginum \u00ed konunglegum kl\u00e6\u00f0um, gulum og hv\u00edtum, og kl\u00e6ddur einum m\u00f6ttli af silki og purpura og hafandi eina st\u00f3ra gullk\u00f3r\u00f3nu. Og borgin S\u00fasan gladdist og var\u00f0 fagnandi. En Gy\u00f0ingum var komi\u00f0 lj\u00f3s og f\u00f6gnu\u00f0ur, gle\u00f0i og d\u00fdr\u00f0. Og \u00ed \u00f6llum l\u00f6ndum og borgum hvert helst sem k\u00f3ngsins or\u00f0 og bo\u00f0skapur kom \u00fe\u00e1 var\u00f0 \u00fear gle\u00f0i og f\u00f6gnu\u00f0ur \u00e1 me\u00f0al allra Gy\u00f0inga, gestabo\u00f0 og gle\u00f0idagar. Og margir af landsf\u00f3lkinu gj\u00f6r\u00f0ust Gy\u00f0ingar \u00fev\u00ed a\u00f0 \u00f3tti Gy\u00f0inga f\u00e9ll yfir \u00fe\u00e1.<\/p>\n","protected":false},"excerpt":{"rendered":"<p>VIII. Og \u00e1 \u00feeim degi gaf Assverus k\u00f3ngur Ester drottningu Amans h\u00fas, \u00f3vinar Gy\u00f0inga. Og Mardokeus kom fyrir k\u00f3nginn \u00fev\u00ed Ester haf\u00f0i sagt honum a\u00f0 hann v\u00e6ri hennar f\u00f6\u00f0urbr\u00f3\u00f0ir. Og k\u00f3ngurinn t\u00f3k af s\u00e9r eitt fingurgull sem hann haf\u00f0i teki\u00f0 aftur af Aman og gaf \u00fea\u00f0 Mardokeo. Og Ester setti Mardokeum yfir h\u00fas Aman. Og Ester drottning tala\u00f0i enn framar meir til k\u00f3ngsins og f\u00e9ll til f\u00f3ta honum og ba\u00f0 me\u00f0 gr\u00e1ti a\u00f0 hann vildi \u00ed burt taka illsku Aman Agagiter og hans upps\u00e1tur sem hann haf\u00f0i hugsa\u00f0 \u00ed gegn Gy\u00f0ingaf\u00f3lki. [ \u00de\u00e1 r\u00e9tti k\u00f3ngurinn gullsp\u00edruna a\u00f0 Ester. En h\u00fan <a href=\"https:\/\/biblian.is\/gudbrandsbiblia\/esterarbok-8-kafli\/\"> [&#8230;]<\/a><\/p>\n","protected":false},"author":1,"featured_media":0,"parent":0,"menu_order":0,"comment_status":"open","ping_status":"open","template":"bibliukaflar.php","meta":{"footnotes":""},"class_list":["post-3127","page","type-page","status-publish","hentry"],"_links":{"self":[{"href":"https:\/\/biblian.is\/gudbrandsbiblia\/wp-json\/wp\/v2\/pages\/3127","targetHints":{"allow":["GET"]}}],"collection":[{"href":"https:\/\/biblian.is\/gudbrandsbiblia\/wp-json\/wp\/v2\/pages"}],"about":[{"href":"https:\/\/biblian.is\/gudbrandsbiblia\/wp-json\/wp\/v2\/types\/page"}],"author":[{"embeddable":true,"href":"https:\/\/biblian.is\/gudbrandsbiblia\/wp-json\/wp\/v2\/users\/1"}],"replies":[{"embeddable":true,"href":"https:\/\/biblian.is\/gudbrandsbiblia\/wp-json\/wp\/v2\/comments?post=3127"}],"version-history":[{"count":0,"href":"https:\/\/biblian.is\/gudbrandsbiblia\/wp-json\/wp\/v2\/pages\/3127\/revisions"}],"wp:attachment":[{"href":"https:\/\/biblian.is\/gudbrandsbiblia\/wp-json\/wp\/v2\/media?parent=3127"}],"curies":[{"name":"wp","href":"https:\/\/api.w.org\/{rel}","templated":true}]}}