{"id":3126,"date":"2017-12-18T18:32:43","date_gmt":"2017-12-18T18:32:43","guid":{"rendered":"http:\/\/biblian.is\/gudbrandsbiblia\/esterarbok-7-kafli\/"},"modified":"2017-12-18T18:32:43","modified_gmt":"2017-12-18T18:32:43","slug":"esterarbok-7-kafli","status":"publish","type":"page","link":"https:\/\/biblian.is\/gudbrandsbiblia\/esterarbok-7-kafli\/","title":{"rendered":"Esterarb\u00f3k 7. kafli"},"content":{"rendered":"<p>VII.<\/p>\n<p>\u00de\u00e1 a\u00f0 k\u00f3ngurinn var n\u00fa kominn og Aman til gestabo\u00f0sins \u00feess sem drottningin Ester haf\u00f0i tilreitt \u00fe\u00e1 sag\u00f0i k\u00f3ngurinn enn annan daginn aftur til Ester \u00fe\u00e1 hann var gle\u00f0ikenndur af v\u00edni: &#8222;Hvers bei\u00f0ist \u00fe\u00fa, Ester drottning, a\u00f0 eg skuli veita \u00fe\u00e9r og hver er b\u00f3n \u00fe\u00edn? \u00de\u00f3 \u00fe\u00fa bi\u00f0jir um helming m\u00edns r\u00edkis \u00fe\u00e1 skal \u00fea\u00f0 ske.&#8220; Ester drottning svara\u00f0i og sag\u00f0i: &#8222;Hafi eg fundi\u00f0 n\u00e1\u00f0 fyrir \u00fe\u00ednu augliti, k\u00f3ngur, og ef \u00fea\u00f0 l\u00edkar k\u00f3nginum \u00fe\u00e1 gef m\u00e9r mitt l\u00edf fyrir skuld minnar b\u00e6nar og svo m\u00ednu f\u00f3lki vegna minnar bei\u00f0slu. \u00dev\u00ed a\u00f0 v\u00e9r erum seldir, eg og mitt f\u00f3lk, so v\u00e9r skulum ey\u00f0ileggjast, drepast og \u00ed hel sl\u00e1st. Og Gu\u00f0 g\u00e6fi a\u00f0 v\u00e9r v\u00e6rum seldir til \u00fer\u00e6la og amb\u00e1tta, so munda eg \u00feegja um \u00fea\u00f0, so mundi og \u00f3vinurinn \u00f6ngvan ska\u00f0a k\u00f3nginum gj\u00f6ra.&#8220;<\/p>\n<p>\t\u00de\u00e1 svara\u00f0i Assverus k\u00f3ngur og sag\u00f0i til Esterar drottningar: &#8222;Hver er s\u00e1 e\u00f0ur hvar er hann hvers hjarta sl\u00edkt dirf\u00f0ist a\u00f0 taka s\u00e9r fyrir a\u00f0 gj\u00f6ra?&#8220; Ester svara\u00f0i: &#8222;S\u00e1 \u00f3vinur og m\u00f3tstandari er \u00feessi hinn vondi Aman!&#8220; En Aman var\u00f0 hr\u00e6ddur vi\u00f0 k\u00f3nginn og drottninguna. Og k\u00f3ngurinn st\u00f3\u00f0 upp fr\u00e1 gestabo\u00f0inu og fr\u00e1 v\u00edninu me\u00f0 rei\u00f0um hug og gekk \u00ed aldingar\u00f0inn hj\u00e1 h\u00f6llinni. Og Aman st\u00f3\u00f0 upp og ba\u00f0 Ester drottningu um l\u00edf sitt \u00fev\u00ed hann s\u00e1 a\u00f0 honum var alla rei\u00f0u \u00f3lukka rei\u00f0ub\u00fain af k\u00f3nginum.<\/p>\n<p>\tN\u00fa sem k\u00f3ngurinn kom inn aftur \u00far aldingar\u00f0inum inn \u00ed salinn \u00fear gestabo\u00f0i\u00f0 st\u00f3\u00f0 \u00fe\u00e1 l\u00e1 Aman \u00e1 bekknum \u00fear sem Ester sat. \u00de\u00e1 sag\u00f0i k\u00f3ngurinn: &#8222;Vill hann og svo sl\u00e1 drottninguna \u00ed hel h\u00e9r \u00ed m\u00ednu h\u00fasi hj\u00e1 m\u00e9r?&#8220; Jafnsnart sem k\u00f3ngurinn tala\u00f0i \u00feetta \u00fe\u00e1 byrg\u00f0u \u00feeir Amans andlit. Og Harb\u00f3na, einn af herbergjasveinum k\u00f3ngsins, sag\u00f0i: <span class=\"athugasemd\" title=\"Haman hengdur \u00ed \u00feeim g\u00e1lga hvern hann haf\u00f0i b\u00fai\u00f0 Mardokeo\">[<\/span> &#8222;Sj\u00e1i\u00f0, \u00fear stendur eitt tr\u00e9 \u00ed Amans gar\u00f0i, fimmt\u00edgi \u00e1lna h\u00e1tt, hvert hann hefur tilb\u00fai\u00f0 Mardoko s\u00e1 sem gott tala\u00f0i k\u00f3ngsins vegna.&#8220; \u00de\u00e1 sag\u00f0i k\u00f3ngurinn: &#8222;Hengi\u00f0 hann sj\u00e1lfan \u00fear \u00e1.&#8220; Og so hengdu \u00feeir Aman \u00ed \u00feeim g\u00e1lga sem hann haf\u00f0i tilb\u00fai\u00f0 Mardoko. Og so st\u00f6\u00f0va\u00f0ist k\u00f3ngsins rei\u00f0i.<\/p>\n","protected":false},"excerpt":{"rendered":"<p>VII. \u00de\u00e1 a\u00f0 k\u00f3ngurinn var n\u00fa kominn og Aman til gestabo\u00f0sins \u00feess sem drottningin Ester haf\u00f0i tilreitt \u00fe\u00e1 sag\u00f0i k\u00f3ngurinn enn annan daginn aftur til Ester \u00fe\u00e1 hann var gle\u00f0ikenndur af v\u00edni: &#8222;Hvers bei\u00f0ist \u00fe\u00fa, Ester drottning, a\u00f0 eg skuli veita \u00fe\u00e9r og hver er b\u00f3n \u00fe\u00edn? \u00de\u00f3 \u00fe\u00fa bi\u00f0jir um helming m\u00edns r\u00edkis \u00fe\u00e1 skal \u00fea\u00f0 ske.&#8220; Ester drottning svara\u00f0i og sag\u00f0i: &#8222;Hafi eg fundi\u00f0 n\u00e1\u00f0 fyrir \u00fe\u00ednu augliti, k\u00f3ngur, og ef \u00fea\u00f0 l\u00edkar k\u00f3nginum \u00fe\u00e1 gef m\u00e9r mitt l\u00edf fyrir skuld minnar b\u00e6nar og svo m\u00ednu f\u00f3lki vegna minnar bei\u00f0slu. \u00dev\u00ed a\u00f0 v\u00e9r erum seldir, eg og mitt <a href=\"https:\/\/biblian.is\/gudbrandsbiblia\/esterarbok-7-kafli\/\"> [&#8230;]<\/a><\/p>\n","protected":false},"author":1,"featured_media":0,"parent":0,"menu_order":0,"comment_status":"open","ping_status":"open","template":"bibliukaflar.php","meta":{"footnotes":""},"class_list":["post-3126","page","type-page","status-publish","hentry"],"_links":{"self":[{"href":"https:\/\/biblian.is\/gudbrandsbiblia\/wp-json\/wp\/v2\/pages\/3126","targetHints":{"allow":["GET"]}}],"collection":[{"href":"https:\/\/biblian.is\/gudbrandsbiblia\/wp-json\/wp\/v2\/pages"}],"about":[{"href":"https:\/\/biblian.is\/gudbrandsbiblia\/wp-json\/wp\/v2\/types\/page"}],"author":[{"embeddable":true,"href":"https:\/\/biblian.is\/gudbrandsbiblia\/wp-json\/wp\/v2\/users\/1"}],"replies":[{"embeddable":true,"href":"https:\/\/biblian.is\/gudbrandsbiblia\/wp-json\/wp\/v2\/comments?post=3126"}],"version-history":[{"count":0,"href":"https:\/\/biblian.is\/gudbrandsbiblia\/wp-json\/wp\/v2\/pages\/3126\/revisions"}],"wp:attachment":[{"href":"https:\/\/biblian.is\/gudbrandsbiblia\/wp-json\/wp\/v2\/media?parent=3126"}],"curies":[{"name":"wp","href":"https:\/\/api.w.org\/{rel}","templated":true}]}}