{"id":3125,"date":"2017-12-18T18:32:43","date_gmt":"2017-12-18T18:32:43","guid":{"rendered":"http:\/\/biblian.is\/gudbrandsbiblia\/esterarbok-6-kafli\/"},"modified":"2017-12-18T18:32:43","modified_gmt":"2017-12-18T18:32:43","slug":"esterarbok-6-kafli","status":"publish","type":"page","link":"https:\/\/biblian.is\/gudbrandsbiblia\/esterarbok-6-kafli\/","title":{"rendered":"Esterarb\u00f3k 6. kafli"},"content":{"rendered":"<p>VI.<\/p>\n<p>En \u00e1 \u00feeirri n\u00f3tt gat k\u00f3ngurinn ekki sofi\u00f0 og hann bau\u00f0 a\u00f0 s\u00e6kja skyldi kron\u00edkur og ann\u00e1lab\u00e6kur. Og \u00fe\u00e1 hann l\u00e9t lesa \u00fe\u00e6r fyrir s\u00e9r \u00fe\u00e1 kom \u00fear a\u00f0 sem skrifa\u00f0 var hvernin a\u00f0 Mardokeus haf\u00f0i undirv\u00edsa\u00f0 um \u00fe\u00e1 tvo k\u00f3ngsins herbergjasveina, Bigtana og Teres, \u00feeir e\u00f0 g\u00e6ttu k\u00f3ngsins dyra, hversu \u00feeir h\u00f6f\u00f0u bori\u00f0 r\u00e1\u00f0 saman me\u00f0 s\u00e9r a\u00f0 leggja s\u00ednar hendur \u00e1 Assverum k\u00f3ng. <span class=\"athugasemd\" title=\"Bigtana \/ Teres\">[<\/span> Og k\u00f3ngurinn sag\u00f0i: &#8222;Hverja \u00e6ru e\u00f0a hva\u00f0 gott h\u00f6fum v\u00e6r gj\u00f6rt Mardokeo fyrir \u00feetta?&#8220; Sveinarnir k\u00f3ngsins sv\u00f6ru\u00f0u: &#8222;Ekkert hefur hann \u00fear fyri fengi\u00f0.&#8220; Og k\u00f3ngurinn sag\u00f0i: &#8222;Hver gengur \u00fear \u00fati \u00ed gar\u00f0inum?&#8220; (\u00dev\u00ed a\u00f0 Aman gekk \u00ed gar\u00f0inum utan fyrir k\u00f3ngsins herbergi \u00fev\u00ed hann vildi segja k\u00f3nginum a\u00f0 hann l\u00e9ti hengja Mardokeum \u00e1 \u00fea\u00f0 tr\u00e9 sem hann haf\u00f0i tilb\u00fai\u00f0 honum.) Og k\u00f3ngsins sveinar sv\u00f6ru\u00f0u: &#8222;Sj\u00e1, Aman er h\u00e9r \u00ed gar\u00f0inum.&#8220; K\u00f3ngurinn svara\u00f0i: &#8222;L\u00e1ti\u00f0 hann koma hinga\u00f0.&#8220;<\/p>\n<p>\tN\u00fa sem Aman var inn kominn \u00fe\u00e1 tala\u00f0i k\u00f3ngurinn til hans: <span class=\"athugasemd\" title=\"Gu\u00f0 er d\u00e1samlegur \u00ed s\u00ednum gj\u00f6rningum\">[<\/span> &#8222;Hva\u00f0 skal gj\u00f6ra \u00feeim manni hvern k\u00f3ngurinn vill vegsama?&#8220; Og Aman hugsa\u00f0i me\u00f0 s\u00e9r: &#8222;Hvern mun k\u00f3ngurinn annan vilja vegsama heldur en mig?&#8220; Og hann svara\u00f0i k\u00f3nginum: &#8222;S\u00e1 ma\u00f0ur sem k\u00f3ngurinn vill hei\u00f0ra\u00f0an hafa hann skal h\u00e9r koma og \u00edkl\u00e6\u00f0ast \u00feeim k\u00f3nglegum kl\u00e6\u00f0na\u00f0i sem k\u00f3ngurinn plagar a\u00f0 bera, svo og s\u00e9 s\u00f3ttur s\u00e1 hestur sem k\u00f3ngurinn sj\u00e1lfur r\u00ed\u00f0ur \u00e1 og skal setja k\u00f3ngsins k\u00f3r\u00f3nu \u00e1 hans h\u00f6fu\u00f0. Og \u00feetta s\u00e9 afhent, b\u00e6\u00f0i kl\u00e6\u00f0na\u00f0urinn og hesturinn, \u00ed hendur einum h\u00f6f\u00f0ingja af k\u00f3ngsins h\u00f6f\u00f0ingjum. S\u00e1 sami skal kl\u00e6\u00f0a \u00feann mann sem k\u00f3ngurinn vill hei\u00f0ra\u00f0an hafa og l\u00e1ta hann r\u00ed\u00f0a um str\u00e6ti borgarinnar og s\u00e9 svo \u00fathr\u00f3pa\u00f0 fyrir honum: So skal gj\u00f6ra \u00feeim manni sem k\u00f3ngurinn vill hei\u00f0ra\u00f0an hafa!&#8220;<\/p>\n<p>\tK\u00f3ngurinn sag\u00f0i til Aman: &#8222; Far strax og tak kl\u00e6\u00f0in og hestinn sem \u00fe\u00fa hefur sagt og gj\u00f6r \u00feetta sem \u00fe\u00fa m\u00e6ltir Mardokeo Gy\u00f0ingi sem h\u00e9r situr fyrir k\u00f3ngsins portdyrum. Og l\u00e1t ekki eitt breg\u00f0ast af \u00f6llu \u00feessu sem \u00fe\u00fa tala\u00f0 hefur.&#8220; \u00de\u00e1 t\u00f3k Aman kl\u00e6\u00f0in og hestinn og \u00edf\u00e6r\u00f0i Mardokeum og l\u00e9t hann r\u00ed\u00f0a um str\u00e6ti borgarinnar og kalla\u00f0i h\u00e1tt fyrir honum: &#8222;\u00deennan hei\u00f0ur skal s\u00e1 ma\u00f0ur f\u00e1 hvern k\u00f3ngurinn vill hei\u00f0ra!&#8220; Og Mardokeus kom aftur fyrir k\u00f3ngsins port.<\/p>\n<p>\tEn Aman f\u00f3r sem skj\u00f3tast heim til s\u00edns h\u00fass, syrgjandi og me\u00f0 huldu h\u00f6f\u00f0i. Og hann greindi sinni kvinnu Seres og so \u00f6llum s\u00ednum vinum fr\u00e1 \u00f6llu \u00feessu sem hann haf\u00f0i hent. \u00de\u00e1 sv\u00f6ru\u00f0u honum hans spekingar og hans kvinna og s\u00f6g\u00f0u til hans: &#8222;Ef a\u00f0 Mardokeus er af Gy\u00f0ingakyni fyrir hverjum \u00fe\u00fa ert tekinn a\u00f0 falla, \u00fe\u00e1 munt \u00fe\u00fa eigi megna a\u00f0 standa honum \u00ed m\u00f3ti heldur munt \u00fe\u00fa falla fyrir honum.&#8220; Og er \u00feeir voru a\u00f0 tala \u00feetta vi\u00f0 hann \u00fe\u00e1 komu k\u00f3ngsins geldingar og neyddu Aman a\u00f0 hann skyldi koma til \u00feess gestabo\u00f0s sem Ester haf\u00f0i rei\u00f0ub\u00fai\u00f0.<\/p>\n","protected":false},"excerpt":{"rendered":"<p>VI. En \u00e1 \u00feeirri n\u00f3tt gat k\u00f3ngurinn ekki sofi\u00f0 og hann bau\u00f0 a\u00f0 s\u00e6kja skyldi kron\u00edkur og ann\u00e1lab\u00e6kur. Og \u00fe\u00e1 hann l\u00e9t lesa \u00fe\u00e6r fyrir s\u00e9r \u00fe\u00e1 kom \u00fear a\u00f0 sem skrifa\u00f0 var hvernin a\u00f0 Mardokeus haf\u00f0i undirv\u00edsa\u00f0 um \u00fe\u00e1 tvo k\u00f3ngsins herbergjasveina, Bigtana og Teres, \u00feeir e\u00f0 g\u00e6ttu k\u00f3ngsins dyra, hversu \u00feeir h\u00f6f\u00f0u bori\u00f0 r\u00e1\u00f0 saman me\u00f0 s\u00e9r a\u00f0 leggja s\u00ednar hendur \u00e1 Assverum k\u00f3ng. [ Og k\u00f3ngurinn sag\u00f0i: &#8222;Hverja \u00e6ru e\u00f0a hva\u00f0 gott h\u00f6fum v\u00e6r gj\u00f6rt Mardokeo fyrir \u00feetta?&#8220; Sveinarnir k\u00f3ngsins sv\u00f6ru\u00f0u: &#8222;Ekkert hefur hann \u00fear fyri fengi\u00f0.&#8220; Og k\u00f3ngurinn sag\u00f0i: &#8222;Hver gengur \u00fear \u00fati \u00ed gar\u00f0inum?&#8220; (\u00dev\u00ed <a href=\"https:\/\/biblian.is\/gudbrandsbiblia\/esterarbok-6-kafli\/\"> [&#8230;]<\/a><\/p>\n","protected":false},"author":1,"featured_media":0,"parent":0,"menu_order":0,"comment_status":"open","ping_status":"open","template":"bibliukaflar.php","meta":{"footnotes":""},"class_list":["post-3125","page","type-page","status-publish","hentry"],"_links":{"self":[{"href":"https:\/\/biblian.is\/gudbrandsbiblia\/wp-json\/wp\/v2\/pages\/3125","targetHints":{"allow":["GET"]}}],"collection":[{"href":"https:\/\/biblian.is\/gudbrandsbiblia\/wp-json\/wp\/v2\/pages"}],"about":[{"href":"https:\/\/biblian.is\/gudbrandsbiblia\/wp-json\/wp\/v2\/types\/page"}],"author":[{"embeddable":true,"href":"https:\/\/biblian.is\/gudbrandsbiblia\/wp-json\/wp\/v2\/users\/1"}],"replies":[{"embeddable":true,"href":"https:\/\/biblian.is\/gudbrandsbiblia\/wp-json\/wp\/v2\/comments?post=3125"}],"version-history":[{"count":0,"href":"https:\/\/biblian.is\/gudbrandsbiblia\/wp-json\/wp\/v2\/pages\/3125\/revisions"}],"wp:attachment":[{"href":"https:\/\/biblian.is\/gudbrandsbiblia\/wp-json\/wp\/v2\/media?parent=3125"}],"curies":[{"name":"wp","href":"https:\/\/api.w.org\/{rel}","templated":true}]}}