{"id":3123,"date":"2017-12-18T18:32:43","date_gmt":"2017-12-18T18:32:43","guid":{"rendered":"http:\/\/biblian.is\/gudbrandsbiblia\/esterarbok-4-kafli\/"},"modified":"2017-12-18T18:32:43","modified_gmt":"2017-12-18T18:32:43","slug":"esterarbok-4-kafli","status":"publish","type":"page","link":"https:\/\/biblian.is\/gudbrandsbiblia\/esterarbok-4-kafli\/","title":{"rendered":"Esterarb\u00f3k 4. kafli"},"content":{"rendered":"<p>IIII.<\/p>\n<p>\u00de\u00e1 Mardokeus fr\u00e9ttir allt \u00fea\u00f0 sem ske\u00f0 var \u00fe\u00e1 reif hann s\u00edn kl\u00e6\u00f0i og f\u00e6r\u00f0i sig \u00ed sekk og \u00f6sku og gekk \u00fat mitt \u00ed sta\u00f0inn, gr\u00e9tt h\u00e1tt og aumlega og kom fyrir k\u00f3ngsins port. En enginn m\u00e1tti s\u00e1 ganga inn um k\u00f3ngsins port sem einn sekk yfir s\u00e9r haf\u00f0i. Og \u00ed \u00f6llum l\u00f6ndum \u00fear k\u00f3ngsins bo\u00f0 og or\u00f0 komu \u00fe\u00e1 var einn mikill harmur \u00e1 me\u00f0al Gy\u00f0inga og margir f\u00f6stu\u00f0u, gr\u00e9tu og syrg\u00f0u og l\u00e1gu \u00ed sekk og \u00f6sku. \u00de\u00e1 komu \u00fej\u00f3nustumeyjar Ester og hennar geldingar og undirv\u00edsu\u00f0u henni \u00feetta. \u00de\u00e1 var\u00f0 drottningin mj\u00f6g \u00f3ttaslegin. Og h\u00fan sendi Mardokeo kl\u00e6\u00f0i a\u00f0 \u00edkl\u00e6\u00f0ast og f\u00e6ra sig af sekknum. En hann vildi ekki me\u00f0taka \u00feau. <\/p>\n<p>\t\u00de\u00e1 l\u00e9t Ester kalla til s\u00edn Hatak hver e\u00f0 var einn af k\u00f3ngsins geldingum sem henni var settur til \u00fej\u00f3nustu og bau\u00f0 honum a\u00f0 hann skyldi ganga til Mardokeum og vita af honum hva\u00f0 \u00e1 fer\u00f0um v\u00e6ri og \u00fev\u00ed hann l\u00e9ti svo. <span class=\"athugasemd\" title=\"Ester\">[<\/span> \u00de\u00e1 gekk Hatak \u00fat til hans \u00e1 str\u00e6ti borgarinnar fyrir k\u00f3ngins porti. Og Mardokeus sag\u00f0i honum allt hva\u00f0 t\u00edtt var, hvernin a\u00f0 Aman hef\u00f0i lofa\u00f0 a\u00f0 leggja silfur \u00ed k\u00f3ngsins hirslur til gl\u00f6tunar Gy\u00f0ingum. Og hann f\u00e9kk honum eina \u00fatskrift af \u00feessari b\u00edfalningu sem uppfest var \u00ed S\u00fasan a\u00f0 \u00fe\u00e1 skyldi ey\u00f0ileggja og ba\u00f0 a\u00f0 hann skyldi s\u00fdna Ester \u00feessa skrift og a\u00f0 kunngj\u00f6ra henni a\u00f0 Mardokeus b\u00e6\u00f0i hana a\u00f0 ganga inn fyrir k\u00f3nginn og gj\u00f6ra eina b\u00e6n til hans og bi\u00f0ja fyrir s\u00ednu f\u00f3lki.<\/p>\n<p>\tOg n\u00fa sem Hatak kom inn aftur og kunngj\u00f6r\u00f0i Ester Mardokei or\u00f0 \u00fe\u00e1 sag\u00f0i Ester til Hatak og bau\u00f0 honum a\u00f0 segja svo Mardokeo: &#8222;\u00d6llum k\u00f3ngsins \u00fe\u00e9nurum er \u00fea\u00f0 vitanlegt og \u00f6llu f\u00f3lki \u00ed k\u00f3ngsins landi a\u00f0 hver s\u00e1 ma\u00f0ur sem gengur inn \u00ed k\u00f3ngsins h\u00f6ll til k\u00f3ngsins, hvert \u00fea\u00f0 er heldur ma\u00f0ur e\u00f0ur kvinna, sem ekki er kalla\u00f0ur, hann skal strax deyja (nema svo s\u00e9 a\u00f0 k\u00f3ngurinn r\u00e9tti a\u00f0 honum s\u00edna gullsp\u00edru svo a\u00f0 hann haldi l\u00edfinu). En \u00ed \u00ferj\u00e1t\u00edgi daga hefi eg ekki k\u00f6llu\u00f0 veri\u00f0 inn fyrir k\u00f3nginn.<\/p>\n<p>\tOg \u00fe\u00e1 \u00feessi or\u00f0 Ester voru s\u00f6g\u00f0 Mardokeo \u00fe\u00e1 bau\u00f0 Mardokeus a\u00f0 segja Ester aftur \u00feessi or\u00f0: &#8222;Ei skalt \u00fe\u00fa hugsa a\u00f0 \u00fe\u00fa munir a\u00f0eins frelsa \u00feitt l\u00edf fyrir \u00fea\u00f0 a\u00f0 \u00fe\u00fa ert \u00ed k\u00f3ngsins h\u00fasi heldur en allir a\u00f0rir Gy\u00f0ingar. Og \u00fe\u00f3 \u00fe\u00fa viljir \u00feegja \u00e1 \u00feessum t\u00edma \u00fe\u00e1 mun \u00fe\u00f3 Gy\u00f0ingum koma frelsan og hj\u00e1lp \u00far einhverjum \u00f6\u00f0rum sta\u00f0 en \u00fe\u00fa og \u00feitt f\u00f6\u00f0urs h\u00fas mun \u00fe\u00e1 fyrirfarast. Og hver veit nema \u00fe\u00fa s\u00e9rt fyrir \u00feess t\u00edma sakir komin til k\u00f3ngsr\u00edkisins?&#8220; \u00de\u00e1 bau\u00f0 Ester a\u00f0 segja Mardokeo: <span class=\"athugasemd\" title=\"Fasta\">[<\/span> &#8222;Far og kalla saman alla Gy\u00f0inga \u00fe\u00e1 sem n\u00fa eru \u00ed S\u00fasan og fasti\u00f0 fyrir mig svo \u00fe\u00e9r hverki eti\u00f0 n\u00e9 drekki\u00f0 \u00ed \u00ferj\u00e1 daga og \u00ferj\u00e1r n\u00e6tur. Eg og m\u00ednar \u00fej\u00f3nustumeyjar skulum gj\u00f6ra l\u00edka svo. Og \u00fe\u00e1 vil eg ganga inn fyrir k\u00f3nginn \u00ed m\u00f3ti l\u00f6gm\u00e1linu; ef eg dey, \u00fe\u00e1 dey eg.&#8220; Mardokeus gekk \u00ed burt og gj\u00f6r\u00f0i allt \u00fea\u00f0 sem Ester haf\u00f0i honum bo\u00f0i\u00f0.<\/p>\n","protected":false},"excerpt":{"rendered":"<p>IIII. \u00de\u00e1 Mardokeus fr\u00e9ttir allt \u00fea\u00f0 sem ske\u00f0 var \u00fe\u00e1 reif hann s\u00edn kl\u00e6\u00f0i og f\u00e6r\u00f0i sig \u00ed sekk og \u00f6sku og gekk \u00fat mitt \u00ed sta\u00f0inn, gr\u00e9tt h\u00e1tt og aumlega og kom fyrir k\u00f3ngsins port. En enginn m\u00e1tti s\u00e1 ganga inn um k\u00f3ngsins port sem einn sekk yfir s\u00e9r haf\u00f0i. Og \u00ed \u00f6llum l\u00f6ndum \u00fear k\u00f3ngsins bo\u00f0 og or\u00f0 komu \u00fe\u00e1 var einn mikill harmur \u00e1 me\u00f0al Gy\u00f0inga og margir f\u00f6stu\u00f0u, gr\u00e9tu og syrg\u00f0u og l\u00e1gu \u00ed sekk og \u00f6sku. \u00de\u00e1 komu \u00fej\u00f3nustumeyjar Ester og hennar geldingar og undirv\u00edsu\u00f0u henni \u00feetta. \u00de\u00e1 var\u00f0 drottningin mj\u00f6g \u00f3ttaslegin. Og h\u00fan sendi <a href=\"https:\/\/biblian.is\/gudbrandsbiblia\/esterarbok-4-kafli\/\"> [&#8230;]<\/a><\/p>\n","protected":false},"author":1,"featured_media":0,"parent":0,"menu_order":0,"comment_status":"open","ping_status":"open","template":"bibliukaflar.php","meta":{"footnotes":""},"class_list":["post-3123","page","type-page","status-publish","hentry"],"_links":{"self":[{"href":"https:\/\/biblian.is\/gudbrandsbiblia\/wp-json\/wp\/v2\/pages\/3123","targetHints":{"allow":["GET"]}}],"collection":[{"href":"https:\/\/biblian.is\/gudbrandsbiblia\/wp-json\/wp\/v2\/pages"}],"about":[{"href":"https:\/\/biblian.is\/gudbrandsbiblia\/wp-json\/wp\/v2\/types\/page"}],"author":[{"embeddable":true,"href":"https:\/\/biblian.is\/gudbrandsbiblia\/wp-json\/wp\/v2\/users\/1"}],"replies":[{"embeddable":true,"href":"https:\/\/biblian.is\/gudbrandsbiblia\/wp-json\/wp\/v2\/comments?post=3123"}],"version-history":[{"count":0,"href":"https:\/\/biblian.is\/gudbrandsbiblia\/wp-json\/wp\/v2\/pages\/3123\/revisions"}],"wp:attachment":[{"href":"https:\/\/biblian.is\/gudbrandsbiblia\/wp-json\/wp\/v2\/media?parent=3123"}],"curies":[{"name":"wp","href":"https:\/\/api.w.org\/{rel}","templated":true}]}}