{"id":3122,"date":"2017-12-18T18:32:43","date_gmt":"2017-12-18T18:32:43","guid":{"rendered":"http:\/\/biblian.is\/gudbrandsbiblia\/esterarbok-3-kafli\/"},"modified":"2017-12-18T18:32:43","modified_gmt":"2017-12-18T18:32:43","slug":"esterarbok-3-kafli","status":"publish","type":"page","link":"https:\/\/biblian.is\/gudbrandsbiblia\/esterarbok-3-kafli\/","title":{"rendered":"Esterarb\u00f3k 3. kafli"},"content":{"rendered":"<p>III.<\/p>\n<p>Eftir \u00feetta gj\u00f6r\u00f0i Assverus k\u00f3ngur Aman megtugan. <span class=\"athugasemd\" title=\"Aman\">[<\/span> Hann var sonur Medata, Agagither, og upph\u00f3f hann og setti hans s\u00e6ti upp yfir alla h\u00f6f\u00f0ingja sem hj\u00e1 honum voru. Og allir k\u00f3ngsins \u00fe\u00e9narar sem voru \u00ed k\u00f3ngsins porti beyg\u00f0u s\u00edn kn\u00e9 og tilb\u00e1\u00f0u Aman \u00fev\u00ed k\u00f3ngurinn haf\u00f0i so bo\u00f0i\u00f0. En Mardokeus beyg\u00f0i ekki s\u00edn kn\u00e9, tilba\u00f0 hann og ekki. \u00de\u00e1 s\u00f6g\u00f0u k\u00f3ngsins sveinar Mardokeo sem voru \u00ed k\u00f3ngsins porti: &#8222;\u00dev\u00ed br\u00fdtur \u00fe\u00fa k\u00f3ngsins bo\u00f0?&#8220; Og sem \u00feeir s\u00f6g\u00f0u \u00fea\u00f0 daglega til hans en hann vildi ekki hl\u00fd\u00f0a \u00feeim a\u00f0 \u00fe\u00e1 undirv\u00edsu\u00f0u \u00feeir \u00feetta Aman a\u00f0 \u00feeir vildu reyna hversu sta\u00f0fastur Mardokeus v\u00e6ri \u00ed \u00feessu, \u00fev\u00ed hann haf\u00f0i sagt \u00feeim a\u00f0 hann v\u00e6ri Gy\u00f0ingur.<\/p>\n<p>\tOg sem Aman s\u00e1 a\u00f0 Mardokeus beyg\u00f0i ekki s\u00edn kn\u00e9 fyrir honum og vildi ekki tilbi\u00f0ja hann var\u00f0 hann b\u00f3lginn af rei\u00f0i. Og honum \u00fe\u00f3tti einskisvert a\u00f0 leggja s\u00ednar hendur \u00e1 Mardokeum alleina \u00fev\u00ed \u00feeir h\u00f6f\u00f0u undirv\u00edsa\u00f0 Aman f\u00f3lk Mardokei, heldur hugsa\u00f0i Aman a\u00f0 fyrirkoma Mardokei f\u00f3lki, \u00f6llum Gy\u00f0ingum sem a\u00f0 voru \u00ed \u00f6llu Assverus k\u00f3ngsr\u00edki. \u00c1 \u00feeim fyrsta m\u00e1nu\u00f0i, \u00fea\u00f0 er s\u00e1 m\u00e1nu\u00f0ur n\u00edssan, \u00e1 t\u00f3lfta \u00e1ri Assveri k\u00f3ngs, var hlutfalli kasta\u00f0 fyrir Aman fr\u00e1 einum degi til annars og fr\u00e1 \u00feeim m\u00e1nu\u00f0i og til \u00feess t\u00f3lfta m\u00e1na\u00f0ar sem var s\u00e1 m\u00e1nu\u00f0ur adar. <span class=\"athugasemd\" title=\"N\u00edssan \/ Aprilis\">[<\/span> <\/p>\n<p>\tOg Aman sag\u00f0i til Assverus k\u00f3ngs: <span class=\"athugasemd\" title=\"R\u00e1\u00f0 Aman \u00ed m\u00f3ti Gy\u00f0ingum\">[<\/span> &#8222;H\u00e9r er eitt f\u00f3lk og dreifist \u00fat \u00e1 me\u00f0al allra \u00fej\u00f3\u00f0a \u00ed \u00f6llum l\u00f6ndum \u00fe\u00edns r\u00edkis og \u00feeirra l\u00f6gm\u00e1l er fr\u00e1leitara en allra annarra \u00fej\u00f3\u00f0a og \u00feetta f\u00f3lk breytir ekki eftir k\u00f3ngsins l\u00f6gm\u00e1li og eigi er \u00fea\u00f0 l\u00ed\u00f0anlegt k\u00f3nginum a\u00f0 l\u00e1ta \u00fea\u00f0 so fara. Og ef a\u00f0 k\u00f3nginum vir\u00f0ist svo \u00fe\u00e1 skrifi hann a\u00f0 \u00feetta f\u00f3lk s\u00e9 drepi\u00f0. Svo vil eg vega t\u00edu \u00fe\u00fasund centener silfurs \u00ed emb\u00e6ttismanna hendur svo \u00fea\u00f0 leggist \u00ed k\u00f3ngsins f\u00e9sj\u00f3\u00f0.&#8220; \u00de\u00e1 t\u00f3k k\u00f3ngurinn sinn hring af sinni hendi og f\u00e9kk Aman syni Medata Agagither, \u00f3vin Gy\u00f0inga. Og k\u00f3ngurinn sag\u00f0i til Aman: &#8222;\u00dea\u00f0 silfur skal \u00feitt vera og svo f\u00f3lki\u00f0 svo \u00fe\u00fa gj\u00f6rir vi\u00f0 \u00fea\u00f0 hva\u00f0 \u00fe\u00e9r l\u00edkar.&#8220;<\/p>\n<p>\t\u00de\u00e1 voru kalla\u00f0ir k\u00f3ngsins skrifarar, \u00e1 \u00ferett\u00e1nda degi \u00feess fyrsta m\u00e1na\u00f0ar og \u00fea\u00f0 var skrifa\u00f0 svo sem Aman b\u00edfala\u00f0i til allra k\u00f3ngsins h\u00f6f\u00f0ingja og til landsins f\u00f3vita h\u00e9r og \u00fear \u00ed \u00f6llum l\u00f6ndum og til h\u00f6f\u00f0ingja s\u00e9rhverrar \u00fej\u00f3\u00f0ar \u00ed l\u00f6ndunum h\u00e9r og \u00fear eftir r\u00edki og tungum\u00e1li s\u00e9rhvers f\u00f3lks undir Assveri k\u00f3ngs nafni og var innsigla\u00f0 me\u00f0 k\u00f3ngsins hring. <span class=\"athugasemd\" title=\"13. aprilis\">[<\/span> Og \u00feessi br\u00e9f voru \u00fatsend fyrir hlaupara um \u00f6ll l\u00f6nd k\u00f3ngsins a\u00f0 menn skyldu afm\u00e1, drepa og \u00ed hel sl\u00e1 alla Gy\u00f0inga, b\u00e6\u00f0i unga og gamla, b\u00f6rn og konur, \u00e1 einum degi, sem er \u00e1 \u00ferett\u00e1nda degi \u00ed \u00feeim t\u00f3lfta m\u00e1nu\u00f0i, \u00fea\u00f0 var s\u00e1 m\u00e1nu\u00f0ur adar, og a\u00f0 r\u00e6na \u00f6llum \u00feeirra au\u00f0\u00e6fum.<\/p>\n<p>\tSo var n\u00fa hlj\u00f3\u00f0andi \u00feessi skrift a\u00f0 \u00feeim var b\u00edfala\u00f0 \u00ed \u00f6llum l\u00f6ndum a\u00f0 birta \u00feetta fyrir \u00f6llu f\u00f3lki, a\u00f0 \u00fea\u00f0 skyldi vera rei\u00f0ub\u00fai\u00f0 \u00e1 \u00feeim sama degi. <span class=\"athugasemd\" title=\"Bo\u00f0 og b\u00edfalning a\u00f0 l\u00edfl\u00e1ta skyldi alla Gy\u00f0inga\">[<\/span> Og hlaupararnir gengu me\u00f0 skyndi af sta\u00f0 eftir k\u00f3ngsins skipan. Og eitt bo\u00f0 var uppslegi\u00f0 \u00e1 sj\u00e1lfu slotinu S\u00fasan. Og k\u00f3ngurinn og Aman s\u00e1tu og drukku en borgin S\u00fasan sturla\u00f0ist.<\/p>\n","protected":false},"excerpt":{"rendered":"<p>III. Eftir \u00feetta gj\u00f6r\u00f0i Assverus k\u00f3ngur Aman megtugan. [ Hann var sonur Medata, Agagither, og upph\u00f3f hann og setti hans s\u00e6ti upp yfir alla h\u00f6f\u00f0ingja sem hj\u00e1 honum voru. Og allir k\u00f3ngsins \u00fe\u00e9narar sem voru \u00ed k\u00f3ngsins porti beyg\u00f0u s\u00edn kn\u00e9 og tilb\u00e1\u00f0u Aman \u00fev\u00ed k\u00f3ngurinn haf\u00f0i so bo\u00f0i\u00f0. En Mardokeus beyg\u00f0i ekki s\u00edn kn\u00e9, tilba\u00f0 hann og ekki. \u00de\u00e1 s\u00f6g\u00f0u k\u00f3ngsins sveinar Mardokeo sem voru \u00ed k\u00f3ngsins porti: &#8222;\u00dev\u00ed br\u00fdtur \u00fe\u00fa k\u00f3ngsins bo\u00f0?&#8220; Og sem \u00feeir s\u00f6g\u00f0u \u00fea\u00f0 daglega til hans en hann vildi ekki hl\u00fd\u00f0a \u00feeim a\u00f0 \u00fe\u00e1 undirv\u00edsu\u00f0u \u00feeir \u00feetta Aman a\u00f0 \u00feeir vildu reyna hversu sta\u00f0fastur <a href=\"https:\/\/biblian.is\/gudbrandsbiblia\/esterarbok-3-kafli\/\"> [&#8230;]<\/a><\/p>\n","protected":false},"author":1,"featured_media":0,"parent":0,"menu_order":0,"comment_status":"open","ping_status":"open","template":"bibliukaflar.php","meta":{"footnotes":""},"class_list":["post-3122","page","type-page","status-publish","hentry"],"_links":{"self":[{"href":"https:\/\/biblian.is\/gudbrandsbiblia\/wp-json\/wp\/v2\/pages\/3122","targetHints":{"allow":["GET"]}}],"collection":[{"href":"https:\/\/biblian.is\/gudbrandsbiblia\/wp-json\/wp\/v2\/pages"}],"about":[{"href":"https:\/\/biblian.is\/gudbrandsbiblia\/wp-json\/wp\/v2\/types\/page"}],"author":[{"embeddable":true,"href":"https:\/\/biblian.is\/gudbrandsbiblia\/wp-json\/wp\/v2\/users\/1"}],"replies":[{"embeddable":true,"href":"https:\/\/biblian.is\/gudbrandsbiblia\/wp-json\/wp\/v2\/comments?post=3122"}],"version-history":[{"count":0,"href":"https:\/\/biblian.is\/gudbrandsbiblia\/wp-json\/wp\/v2\/pages\/3122\/revisions"}],"wp:attachment":[{"href":"https:\/\/biblian.is\/gudbrandsbiblia\/wp-json\/wp\/v2\/media?parent=3122"}],"curies":[{"name":"wp","href":"https:\/\/api.w.org\/{rel}","templated":true}]}}