{"id":3121,"date":"2017-12-18T18:32:43","date_gmt":"2017-12-18T18:32:43","guid":{"rendered":"http:\/\/biblian.is\/gudbrandsbiblia\/esterarbok-2-kafli\/"},"modified":"2017-12-18T18:32:43","modified_gmt":"2017-12-18T18:32:43","slug":"esterarbok-2-kafli","status":"publish","type":"page","link":"https:\/\/biblian.is\/gudbrandsbiblia\/esterarbok-2-kafli\/","title":{"rendered":"Esterarb\u00f3k 2. kafli"},"content":{"rendered":"<p>II.<\/p>\n<p>\u00de\u00e1 \u00feetta var ske\u00f0 og rei\u00f0i rann af Assvero k\u00f3ngi \u00fe\u00e1 minntist hann \u00e1 Vast\u00ed, hva\u00f0 h\u00fan haf\u00f0i gj\u00f6rt og hv\u00f6r d\u00f3mur gengi\u00f0 haf\u00f0i yfir hana. \u00de\u00e1 s\u00f6g\u00f0u k\u00f3ngsins \u00fe\u00e9narar \u00feeir sem honum \u00fej\u00f3nu\u00f0u: &#8222;Menn skulu leita k\u00f3nginum eftir fr\u00ed\u00f0um j\u00f3mfr\u00fam og a\u00f0 k\u00f3ngurinn setji tilsj\u00f3narmenn um \u00f6ll l\u00f6nd hans r\u00edkis \u00feeir e\u00f0 samansafni \u00f6llum ungum v\u00e6num meyjum til S\u00fasanslots, \u00ed fr\u00farstofuna undir h\u00f6nd k\u00f3ngsins geldings s\u00e1 sem var\u00f0veitir kvinnurnar, a\u00f0 hann gefi \u00feeim \u00feeirra skart, og hver s\u00fa p\u00edka sem k\u00f3nginum \u00fe\u00f3knast ver\u00f0i h\u00fan drottning \u00ed sta\u00f0inn Vast\u00ed.&#8220; \u00deetta l\u00edka\u00f0i k\u00f3nginum vel og hann bau\u00f0 a\u00f0 gj\u00f6ra svo. <\/p>\n<p>\tOg \u00fear var ein nma\u00f0ur \u00ed borginni S\u00fasan, Gy\u00f0inga\u00e6ttar. <span class=\"athugasemd\" title=\"Mardokeus\">[<\/span> Hann h\u00e9t Mardokeus son Ja\u00edr, sonar S\u00edme\u00ed, sonar K\u00eds, af \u00e6tt Jemini. Hann haf\u00f0i veri\u00f0 fluttur fr\u00e1 Jer\u00fasalem \u00fe\u00e1 Jekonja J\u00fadak\u00f3ngur var fanga\u00f0ur hvern Nabogodonosr flutti til Bab\u00fdlon. Hann var f\u00f3stri Hadassa hver a\u00f0 \u00f6\u00f0ru nafni h\u00e9t Ester, h\u00fan var hans br\u00f3\u00f0urd\u00f3ttir, \u00fev\u00ed h\u00fan haf\u00f0i misst b\u00e6\u00f0i f\u00f6\u00f0ur og m\u00f3\u00f0ur og h\u00fan var mj\u00f6g v\u00e6n og fr\u00ed\u00f0 jungfr\u00fa. <span class=\"athugasemd\" title=\"Ester, \u00f6\u00f0ru nafni Hadassa apud Herodotum Lib. iy. Atossa vel Artistona\">[<\/span> Og \u00fe\u00e1 hennar fa\u00f0ir og m\u00f3\u00f0ir \u00f6ndu\u00f0ust \u00fe\u00e1 t\u00f3k Mardokeus hana a\u00f0 s\u00e9r \u00ed d\u00f3ttur sta\u00f0. \u00de\u00e1 \u00feetta k\u00f3ngsins bo\u00f0 og l\u00f6gm\u00e1l barst \u00fat og margar p\u00edkur voru haf\u00f0ar til borgar S\u00fasan og \u00ed hendur fengnar Heg\u00ed geldingi \u00fe\u00e1 var og Ester leidd til k\u00f3ngsins h\u00fass undir hendur Heg\u00ed s\u00e1 e\u00f0 kvinnurnar geymdi. Og \u00feessi p\u00edka \u00fe\u00f3kna\u00f0ist honum og h\u00fan fann n\u00e1\u00f0 fyrir honum. Og hann fl\u00fdtti s\u00e9r me\u00f0 hennar b\u00faning so h\u00fan fengi sinn part. Hann gaf henni sj\u00f6 f\u00ednar jungfr\u00far af k\u00f3ngsins h\u00fasi og \u00feann besta samasta\u00f0 sem var \u00ed fr\u00farstofunni valdi hann henni og hennar p\u00edkum. En Ester sag\u00f0i honum ekki fr\u00e1 s\u00ednu f\u00f3lki n\u00e9 fr\u00e1 sinni \u00e6tt \u00fev\u00ed Mardokeus haf\u00f0i bo\u00f0i\u00f0 henni a\u00f0 h\u00fan skyldi l\u00e1ta \u00f6ngvan \u00fear af vita. Og Mardokeus gekk daglega \u00ed forgar\u00f0inn hj\u00e1 jungfr\u00farherberginu a\u00f0 hann vildi vita hvert Ester gekk vel og hva\u00f0 um hana li\u00f0i.<\/p>\n<p>\tOg \u00fe\u00e1 \u00e1settur t\u00edmi hverrar jungfr\u00far var komin a\u00f0 h\u00fan skyldi koma til Assverus k\u00f3ngs eftir \u00fea\u00f0 h\u00fan haf\u00f0i veri\u00f0 t\u00f3lf m\u00e1nu\u00f0i a\u00f0 pr\u00fd\u00f0a sig (\u00fev\u00ed a\u00f0 \u00feeirra starfst\u00edmi skyldi hafa svo langa t\u00ed\u00f0, sem var sex m\u00e1nu\u00f0i skyldi \u00fe\u00e6r smyrja sig me\u00f0 mirru og balsamum og a\u00f0ra sex m\u00e1nu\u00f0i me\u00f0 \u00f6\u00f0rum d\u00fdrlegum smyrslum og eftir \u00fea\u00f0 skyldu \u00fe\u00e6r vera fullpr\u00fdddar) og so skyldi hver jungfr\u00fa til k\u00f3ngsins \u00ed senn ganga og hva\u00f0 h\u00fan vildi \u00fea\u00f0 skyldu menn gefa henni sem ganga skyldi me\u00f0 henni fr\u00e1 jungfr\u00farherberginu til k\u00f3ngsins h\u00fass. Og \u00feegar nokkur kom inn um kveldi\u00f0 gekk h\u00fan aftur um morguninn fr\u00e1 honum \u00ed \u00fe\u00e1 a\u00f0ra fr\u00farstofu undir h\u00f6nd Saasgas sem var k\u00f3ngsins geldingur hver e\u00f0 var\u00f0veitti k\u00f3ngsins frillur. Og h\u00fan m\u00e1tti ekki koma aftur til k\u00f3ngsins nema k\u00f3ngurinn vildi og l\u00e9ti kalla \u00e1 hana me\u00f0 nafni.<\/p>\n<p>\tOg sem s\u00e1 t\u00edmi kom a\u00f0 Ester d\u00f3ttir Ab\u00edhael br\u00f3\u00f0urd\u00f3ttir Mardokei (hverja hann haf\u00f0i teki\u00f0 s\u00e9r til d\u00f3ttur) skyldi koma til k\u00f3ngsins \u00fe\u00e1 ba\u00f0 h\u00fan einskis utan hva\u00f0 sem Heg\u00ed k\u00f3ngsins geldingur kvennavaktari sag\u00f0i. Og Ester fann n\u00e1\u00f0 hj\u00e1 \u00f6llum sem hana s\u00e1u. Og Ester var leidd til Assverus k\u00f3ngs \u00ed hans konunglegan sal \u00e1 \u00feeim t\u00edunda m\u00e1nu\u00f0i sem heitir tebet, \u00e1 sj\u00f6unda \u00e1ri hans r\u00edkis. <span class=\"athugasemd\" title=\"Tebet \/ Januarius\">[<\/span> Og k\u00f3ngurinn elska\u00f0i Ester fram yfir allar kvinnur og h\u00fan fann n\u00e1\u00f0 og miskunn fyri honum fram yfir allar jungfr\u00far. Og hann setti \u00fe\u00e1 konunglegu k\u00f3r\u00f3nu \u00e1 hennar h\u00f6fu\u00f0 og gj\u00f6r\u00f0i hana a\u00f0 drottningu \u00ed sta\u00f0inn Vast\u00ed. Og k\u00f3ngurinn gj\u00f6r\u00f0i \u00f6llum s\u00ednum h\u00f6f\u00f0ingjum og \u00fe\u00e9nurum eitt miki\u00f0 gestabo\u00f0 og \u00fea\u00f0 gestabo\u00f0 var gj\u00f6rt vegna Ester. Og eftir \u00feetta gaf hann l\u00f6ndunum hv\u00edld og skenkti \u00fat k\u00f3nglegar g\u00e1fur.<\/p>\n<p>\tOg sem \u00ed anna\u00f0 sinn var samansafna\u00f0 jungfr\u00fanum sat Mardokeus \u00ed k\u00f3ngsins portdyrum. <span class=\"athugasemd\" title=\"Mardokeus\">[<\/span> En Ester haf\u00f0i enn ekki sagt til sinnar \u00e6ttar og eigi heldur kunngj\u00f6rt um sitt f\u00f3lk \u00fev\u00ed Mardokeus haf\u00f0i svo bo\u00f0i\u00f0 henni. \u00dev\u00ed a\u00f0 Ester gj\u00f6r\u00f0i eftir hans or\u00f0um, l\u00edka so sem \u00fe\u00e1 hann var hennar f\u00f3stri. <\/p>\n<p>\tOg \u00e1 \u00feeim sama t\u00edma sem Mardokeus sat \u00ed k\u00f3ngsins porti voru tveir tilsettir af k\u00f3ngsins herbergissveinum, Bigtan og Teres, a\u00f0 vakta portdyrnar. <span class=\"athugasemd\" title=\"Bigtan \/ Teres\">[<\/span> \u00deeir ur\u00f0u rei\u00f0ir og leitu\u00f0u vi\u00f0 a\u00f0 leggja s\u00ednar hendur \u00e1 Assverum. \u00deessa var\u00f0 Mardokeus v\u00edsari og hann undirv\u00edsa\u00f0i \u00fea\u00f0 Ester drottningu en Ester sag\u00f0i \u00fea\u00f0 k\u00f3nginum Mardokei vegna. Og \u00fe\u00e1 menn ranns\u00f6ku\u00f0u \u00fev\u00edl\u00edk efni \u00fe\u00e1 hittist \u00fea\u00f0 satt vera. Og \u00feeir ur\u00f0u b\u00e1\u00f0ir hengdir \u00e1 g\u00e1lga. Og \u00feetta var skrifa\u00f0 \u00ed k\u00f3ngsins ann\u00e1lab\u00f3k.<\/p>\n","protected":false},"excerpt":{"rendered":"<p>II. \u00de\u00e1 \u00feetta var ske\u00f0 og rei\u00f0i rann af Assvero k\u00f3ngi \u00fe\u00e1 minntist hann \u00e1 Vast\u00ed, hva\u00f0 h\u00fan haf\u00f0i gj\u00f6rt og hv\u00f6r d\u00f3mur gengi\u00f0 haf\u00f0i yfir hana. \u00de\u00e1 s\u00f6g\u00f0u k\u00f3ngsins \u00fe\u00e9narar \u00feeir sem honum \u00fej\u00f3nu\u00f0u: &#8222;Menn skulu leita k\u00f3nginum eftir fr\u00ed\u00f0um j\u00f3mfr\u00fam og a\u00f0 k\u00f3ngurinn setji tilsj\u00f3narmenn um \u00f6ll l\u00f6nd hans r\u00edkis \u00feeir e\u00f0 samansafni \u00f6llum ungum v\u00e6num meyjum til S\u00fasanslots, \u00ed fr\u00farstofuna undir h\u00f6nd k\u00f3ngsins geldings s\u00e1 sem var\u00f0veitir kvinnurnar, a\u00f0 hann gefi \u00feeim \u00feeirra skart, og hver s\u00fa p\u00edka sem k\u00f3nginum \u00fe\u00f3knast ver\u00f0i h\u00fan drottning \u00ed sta\u00f0inn Vast\u00ed.&#8220; \u00deetta l\u00edka\u00f0i k\u00f3nginum vel og hann bau\u00f0 a\u00f0 gj\u00f6ra svo. <a href=\"https:\/\/biblian.is\/gudbrandsbiblia\/esterarbok-2-kafli\/\"> [&#8230;]<\/a><\/p>\n","protected":false},"author":1,"featured_media":0,"parent":0,"menu_order":0,"comment_status":"open","ping_status":"open","template":"bibliukaflar.php","meta":{"footnotes":""},"class_list":["post-3121","page","type-page","status-publish","hentry"],"_links":{"self":[{"href":"https:\/\/biblian.is\/gudbrandsbiblia\/wp-json\/wp\/v2\/pages\/3121","targetHints":{"allow":["GET"]}}],"collection":[{"href":"https:\/\/biblian.is\/gudbrandsbiblia\/wp-json\/wp\/v2\/pages"}],"about":[{"href":"https:\/\/biblian.is\/gudbrandsbiblia\/wp-json\/wp\/v2\/types\/page"}],"author":[{"embeddable":true,"href":"https:\/\/biblian.is\/gudbrandsbiblia\/wp-json\/wp\/v2\/users\/1"}],"replies":[{"embeddable":true,"href":"https:\/\/biblian.is\/gudbrandsbiblia\/wp-json\/wp\/v2\/comments?post=3121"}],"version-history":[{"count":0,"href":"https:\/\/biblian.is\/gudbrandsbiblia\/wp-json\/wp\/v2\/pages\/3121\/revisions"}],"wp:attachment":[{"href":"https:\/\/biblian.is\/gudbrandsbiblia\/wp-json\/wp\/v2\/media?parent=3121"}],"curies":[{"name":"wp","href":"https:\/\/api.w.org\/{rel}","templated":true}]}}