{"id":3118,"date":"2017-12-18T18:32:43","date_gmt":"2017-12-18T18:32:43","guid":{"rendered":"http:\/\/biblian.is\/gudbrandsbiblia\/nehemiabok-12-kafli\/"},"modified":"2017-12-18T18:32:43","modified_gmt":"2017-12-18T18:32:43","slug":"nehemiabok-12-kafli","status":"publish","type":"page","link":"https:\/\/biblian.is\/gudbrandsbiblia\/nehemiabok-12-kafli\/","title":{"rendered":"Nehem\u00edab\u00f3k 12. kafli"},"content":{"rendered":"<p>XII.<\/p>\n<p>\u00deessir eru \u00feeir kennimenn og Lev\u00edtar sem uppkomu me\u00f0 S\u00f3r\u00f3babel syni Sealt\u00edel og Jes\u00faa, Seraja, Jerem\u00eda, Esra, Amarja, Mall\u00fak, Hatt\u00fas, Sekanja, Reh\u00fam, Merem\u00f3t, Idd\u00f3, Gint\u00f3\u00ed, Ab\u00eda, Mejam\u00edn, Maadja, Bilga, Semaja, J\u00f3jar\u00edb, Jedaja, Sall\u00fa, Amok, Hilk\u00eda og Jedaja. \u00deessir voru h\u00f6f\u00f0ingjar me\u00f0al kennimannanna og \u00feeirra br\u00e6\u00f0ra \u00e1 d\u00f6gum Jes\u00faa. En Lev\u00edtar voru \u00feessir: Jes\u00faa, Ben\u00fa\u00ed, Kadm\u00edel, Serebja, J\u00fada, Matanja. \u00deessir voru settir yfir lofs\u00f6ngvaemb\u00e6tti\u00f0, hann og hans br\u00e6\u00f0ur. Bakb\u00fak\u00eda og \u00dann\u00ed og \u00feeirra br\u00e6\u00f0ur voru hj\u00e1 \u00feeim til var\u00f0haldsins.<\/p>\n<p>\tJes\u00faa gat J\u00f3jak\u00edm, J\u00f3jak\u00edm gat Eljas\u00edb, Eljas\u00edb gat J\u00f3jada, J\u00f3jada gat J\u00f3natan, J\u00f3natan gat <span class=\"athugasemd\" title=\"a \/ (Jadd\u00faa) \/ \u00deessi er s\u00e1 Jaddus sem gekk \u00fat \u00ed m\u00f3t Alexandro Magno \u00fe\u00e1 hann f\u00f3r me\u00f0 her a\u00f0 Jer\u00fasalem\">[<\/span> Jadd\u00faa. Og \u00ed t\u00ed\u00f0 J\u00f3jak\u00edm voru \u00feessir yppstu fe\u00f0ur \u00e1 me\u00f0al kennimannanna: Af Seraja var Meraja, af Jerem\u00eda var Hananja, af Esra var Mes\u00fallam, af Amarja var J\u00f3hanan, af Mall\u00fak var J\u00f3natan, af Sebanja var J\u00f3sef, af Har\u00edm var Adna, af Mejar\u00f3t var Helka\u00ed, af Idd\u00f3 var Sakar\u00eda, af Gint\u00f3n var Mes\u00fallam, af Ab\u00eda var Sikr\u00ed, af Mejam\u00edn og M\u00f3d\u00eda var Pilta\u00ed, af Bilga var Samm\u00faa, af Semaja var J\u00f3natan, af J\u00f3jar\u00edb var Matna\u00ed, af Jedaja var \u00das\u00ed, af Salla\u00ed var Kalla, af Amok var Eber, af Hilk\u00eda var Hasabja, af Jedaja var Netaneel.<\/p>\n<p>\tOg \u00e1 d\u00f6gum Eljas\u00edb, J\u00f3jada, J\u00f3hanan og Jadd\u00faa voru \u00feessir yppustu fe\u00f0ur \u00e1 me\u00f0al Lev\u00edtanna og kennimennirnir, skrifa\u00f0ir allt til r\u00edkis Darii af Persia. En synir Lev\u00ed voru skrifa\u00f0ir \u00ed ann\u00e1lum allt til daga J\u00f3hanan sonar Eljas\u00edb. Og \u00feessir voru inu yppustu \u00e1 me\u00f0al Lev\u00edtanna: Hasabja, Serebja og Jes\u00faa son Kadm\u00edel og \u00feeirra br\u00e6\u00f0ur hj\u00e1 \u00feeim til lofgj\u00f6r\u00f0ar og \u00feakkl\u00e6tis so sem Dav\u00ed\u00f0 gu\u00f0sma\u00f0ur haf\u00f0i bo\u00f0i\u00f0, hv\u00f6rt var\u00f0hald hj\u00e1 \u00f6\u00f0ru. Matanja, Bakb\u00fak\u00eda, \u00d3bad\u00eda, Mes\u00fallam, Talm\u00f3n, Ak\u00fab, \u00feeir voru dyraver\u00f0ir og var\u00f0haldsmenn \u00ed portunum og fordyrunum. \u00deessir voru \u00ed t\u00ed\u00f0 J\u00f3jak\u00edm sonar Jes\u00faa, sonar J\u00f3sadak og \u00e1 d\u00f6gum Nehem\u00eda landsh\u00f6f\u00f0ingja og Esdra kennimanns \u00feess skriftl\u00e6r\u00f0a.<\/p>\n<p>\tEn til v\u00edgslu m\u00faranna \u00ed Jer\u00fasalem voru kalla\u00f0ir Lev\u00edtarnir \u00far \u00f6llum \u00feeirra takm\u00f6rkum svo \u00feeir skyldu koma til Jer\u00fasalem og halda v\u00edgsluna me\u00f0 gle\u00f0i og \u00feakkargj\u00f6r\u00f0, me\u00f0 s\u00f6ng, cymbalis, psallterio og h\u00f6rpum. Og s\u00f6ngvaranna synir s\u00f6fnu\u00f0ust til samans af \u00f6llum lands\u00e1lfum kringum Jer\u00fasalem og af Nethopati kaupt\u00fanum og af h\u00fasi Gilgal og af h\u00e9ru\u00f0um \u00ed G\u00edbea og Asmavet. \u00dev\u00ed a\u00f0 s\u00f6ngvararnir h\u00f6f\u00f0u byggt s\u00e9r b\u00e6i \u00ed kringum Jer\u00fasalem. Og prestarnir og Lev\u00edtarnir hreinsu\u00f0u sig, \u00feeir hreinsu\u00f0u og f\u00f3lki\u00f0, poritn og turnana.<\/p>\n<p>\tOg eg l\u00e9t h\u00f6f\u00f0ingja J\u00fada uppst\u00edga \u00e1 m\u00farinn og eg tilsetta tvo st\u00f3ra choros \u00feeir e\u00f0 sungu lofgj\u00f6r\u00f0ir. \u00deeir gengu upp \u00e1 m\u00farnum til h\u00e6gri s\u00ed\u00f0u og allt a\u00f0 Mykjuportinu. En H\u00f3saja og helmingurinn af J\u00fada h\u00f6f\u00f0ingjum gengu eftir \u00feeim. Og Asarja, Esra, Mes\u00fallam, J\u00fada, Benjam\u00edn, Semaja og Jerem\u00eda. Og nokkrir af prestanna sonum me\u00f0 \u00feeirra hlj\u00f3\u00f0f\u00e6rum, Sakar\u00eda son J\u00f3natan, sonar Semaja, sonar Matanja, sonar M\u00edkaja, sonar Sak\u00far, sonar Assaf og hans br\u00e6\u00f0ur Semaja, Asareel, M\u00edlalal\u00ed, G\u00edlala\u00ed, Maa\u00ed, Netaneel, J\u00fada, Hanan\u00ed me\u00f0 Dav\u00ed\u00f0s gu\u00f0smanns hlj\u00f3\u00f0f\u00e6rum. Og Esdra s\u00e1 skriftl\u00e6r\u00f0i var fyrir \u00feeim vi\u00f0 Brunnporti\u00f0. Og \u00feeir gengu hj\u00e1 honum upp a\u00f0 tr\u00f6ppunum til Dav\u00ed\u00f0sborgar \u00e1 \u00feann m\u00far sem liggur til Dav\u00ed\u00f0s h\u00fass til Vatsportsins \u00ed m\u00f3t austri.<\/p>\n<p>\tS\u00e1 annar \u00feakkargj\u00f6r\u00f0ark\u00f3r gekk \u00fevert yfir fr\u00e1 \u00feeim og eg eftir \u00feeim og helmingurinn af f\u00f3lkinu upp \u00e1 m\u00farinn \u00ed fr\u00e1 Ofnturni allt til \u00feess brei\u00f0a m\u00fars. Og fr\u00e1 Efra\u00edmsporti og til \u00feess gamla ports og til Fiskiportsins og allt til turns Hananeel og til turns Mea allt til Sau\u00f0aportsins og n\u00e1mu sta\u00f0ar \u00ed Myrkvastofuportinu. Og so st\u00f3\u00f0u \u00feeir tveir \u00feakkl\u00e6tisk\u00f3rar \u00ed Gu\u00f0s h\u00fasi og helmingurinn af \u00feeim yppustu me\u00f0 m\u00e9r. Og prestarnir sem voru Eljak\u00edm, Maeseja, Minjam\u00edn, M\u00edkaja, El\u00ed\u00f3ena\u00ed, Sakar\u00eda, Hananja, me\u00f0 hlj\u00f3\u00f0f\u00e6rin og Maeseja, Semaja, Eleasar, \u00das\u00ed, J\u00f3hanan, Malk\u00eda, Elam og As\u00f3r. Og s\u00f6ngvararnir sungu me\u00f0 h\u00e1vum hlj\u00f3\u00f0um en Jesaja var forstandari. Og \u00e1 \u00feessum sama degi voru f\u00e6r\u00f0ar miklar f\u00f3rnir og allir voru gla\u00f0ir \u00fev\u00ed a\u00f0 Gu\u00f0 haf\u00f0i gj\u00f6rt \u00feeim eina mikla gle\u00f0i, b\u00e6\u00f0i kvinnur og b\u00f6rn gl\u00f6ddust og \u00feeirra f\u00f6gnu\u00f0ur \u00ed Jer\u00fasalem heyr\u00f0ist langa vegu \u00ed burtu.<\/p>\n<p>\t\u00c1 \u00feessum t\u00edma voru nokkrir menn skikka\u00f0ir yfir f\u00e9hirsluna \u00fear sem inni voru upplyftingaroffur, fyrstu \u00e1vextir og t\u00edundirnar, a\u00f0 \u00feeir skyldu samansafna \u00fev\u00ed af \u00f6krunum og um sta\u00f0ina og \u00fat a\u00f0 skipta \u00fev\u00ed eftir l\u00f6gm\u00e1linu \u00e1 me\u00f0al kennimannanna og Lev\u00edtanna. <span class=\"athugasemd\" title=\"Ein f\u00e9hirsla sett fyrir prestana og Lev\u00edtana\">[<\/span> \u00dev\u00ed a\u00f0 J\u00fada haf\u00f0i gle\u00f0i og af kennim\u00f6nnunum og Lev\u00edtunum a\u00f0 \u00feeir st\u00f3\u00f0u og t\u00f3ku vara upp \u00e1 Gu\u00f0s \u00fej\u00f3nustu og \u00e1 \u00feeirra hreinsunarvar\u00f0haldi.<\/p>\n<p>\tEn s\u00f6ngvararnir og dyraver\u00f0irnir st\u00f3\u00f0u eftir Dav\u00ed\u00f0s og hans sonar Salomonis skikkan. \u00dev\u00ed a\u00f0 \u00ed t\u00ed\u00f0 Dav\u00ed\u00f0s og Assaf voru skikka\u00f0ir \u00feeir yppustu s\u00f6ngvarar \u00ed lofgj\u00f6r\u00f0ars\u00f6ngnum og \u00feakkl\u00e6tiss\u00f6ngnum til Gu\u00f0s. En allur \u00cdsrael gaf s\u00f6ngvurunum og dyrav\u00f6r\u00f0unum part \u00ed t\u00ed\u00f0 S\u00f3r\u00f3babel og Nehemie, hvern dag sinn hlut. Og \u00feeir g\u00e1fu \u00fea\u00f0 sem helga\u00f0 var til Lev\u00edtanna. En Lev\u00edtarnir g\u00e1fu \u00fea\u00f0 helga\u00f0 var til Aronssona.<\/p>\n","protected":false},"excerpt":{"rendered":"<p>XII. \u00deessir eru \u00feeir kennimenn og Lev\u00edtar sem uppkomu me\u00f0 S\u00f3r\u00f3babel syni Sealt\u00edel og Jes\u00faa, Seraja, Jerem\u00eda, Esra, Amarja, Mall\u00fak, Hatt\u00fas, Sekanja, Reh\u00fam, Merem\u00f3t, Idd\u00f3, Gint\u00f3\u00ed, Ab\u00eda, Mejam\u00edn, Maadja, Bilga, Semaja, J\u00f3jar\u00edb, Jedaja, Sall\u00fa, Amok, Hilk\u00eda og Jedaja. \u00deessir voru h\u00f6f\u00f0ingjar me\u00f0al kennimannanna og \u00feeirra br\u00e6\u00f0ra \u00e1 d\u00f6gum Jes\u00faa. En Lev\u00edtar voru \u00feessir: Jes\u00faa, Ben\u00fa\u00ed, Kadm\u00edel, Serebja, J\u00fada, Matanja. \u00deessir voru settir yfir lofs\u00f6ngvaemb\u00e6tti\u00f0, hann og hans br\u00e6\u00f0ur. Bakb\u00fak\u00eda og \u00dann\u00ed og \u00feeirra br\u00e6\u00f0ur voru hj\u00e1 \u00feeim til var\u00f0haldsins. Jes\u00faa gat J\u00f3jak\u00edm, J\u00f3jak\u00edm gat Eljas\u00edb, Eljas\u00edb gat J\u00f3jada, J\u00f3jada gat J\u00f3natan, J\u00f3natan gat [ Jadd\u00faa. Og \u00ed t\u00ed\u00f0 J\u00f3jak\u00edm voru <a href=\"https:\/\/biblian.is\/gudbrandsbiblia\/nehemiabok-12-kafli\/\"> [&#8230;]<\/a><\/p>\n","protected":false},"author":1,"featured_media":0,"parent":0,"menu_order":0,"comment_status":"open","ping_status":"open","template":"bibliukaflar.php","meta":{"footnotes":""},"class_list":["post-3118","page","type-page","status-publish","hentry"],"_links":{"self":[{"href":"https:\/\/biblian.is\/gudbrandsbiblia\/wp-json\/wp\/v2\/pages\/3118","targetHints":{"allow":["GET"]}}],"collection":[{"href":"https:\/\/biblian.is\/gudbrandsbiblia\/wp-json\/wp\/v2\/pages"}],"about":[{"href":"https:\/\/biblian.is\/gudbrandsbiblia\/wp-json\/wp\/v2\/types\/page"}],"author":[{"embeddable":true,"href":"https:\/\/biblian.is\/gudbrandsbiblia\/wp-json\/wp\/v2\/users\/1"}],"replies":[{"embeddable":true,"href":"https:\/\/biblian.is\/gudbrandsbiblia\/wp-json\/wp\/v2\/comments?post=3118"}],"version-history":[{"count":0,"href":"https:\/\/biblian.is\/gudbrandsbiblia\/wp-json\/wp\/v2\/pages\/3118\/revisions"}],"wp:attachment":[{"href":"https:\/\/biblian.is\/gudbrandsbiblia\/wp-json\/wp\/v2\/media?parent=3118"}],"curies":[{"name":"wp","href":"https:\/\/api.w.org\/{rel}","templated":true}]}}