{"id":3115,"date":"2017-12-18T18:32:43","date_gmt":"2017-12-18T18:32:43","guid":{"rendered":"http:\/\/biblian.is\/gudbrandsbiblia\/nehemiabok-9-kafli\/"},"modified":"2017-12-18T18:32:43","modified_gmt":"2017-12-18T18:32:43","slug":"nehemiabok-9-kafli","status":"publish","type":"page","link":"https:\/\/biblian.is\/gudbrandsbiblia\/nehemiabok-9-kafli\/","title":{"rendered":"Nehem\u00edab\u00f3k 9. kafli"},"content":{"rendered":"<p>IX.<\/p>\n<p>\u00c1 \u00feeim fj\u00f3r\u00f0a og tuttugasta degi \u00feess sama m\u00e1na\u00f0ar komu Israelissynir til samans me\u00f0 f\u00f6stu og \u00ed sekkjum og h\u00f6f\u00f0u ausi\u00f0 moldu yfir sig. <span class=\"athugasemd\" title=\"Esdre 9\">[<\/span> Og \u00feeir skildu Israeliss\u00e6\u00f0i fr\u00e1 \u00f6llum \u00f6\u00f0rum annarlegum sonum og gengu fram og j\u00e1tu\u00f0u s\u00ednar syndir og sinna fe\u00f0ra misgj\u00f6r\u00f0ir. Og \u00feeir st\u00f3\u00f0u upp \u00ed sinni st\u00f6\u00f0u og \u00fear var lesi\u00f0 fyrir \u00feeim fj\u00f3rar reisur um daga \u00ed Drottins \u00feeirra Gu\u00f0s l\u00f6gm\u00e1lsb\u00f3k. Og \u00feeir j\u00e1tu\u00f0u sig og tilb\u00e1\u00f0u fyrir Drottni \u00feeirra Gu\u00f0i fj\u00f3rum sinnum daga. <\/p>\n<p>\tOg Lev\u00edtarnir st\u00f3\u00f0u upp \u00e1 gr\u00e1\u00f0unum, sem a\u00f0 voru Jes\u00faa, Ban\u00ed, Kadm\u00edel, Sebanja, B\u00fan\u00ed, Serebja, Ban\u00ed og Kenan\u00ed og k\u00f6llu\u00f0u h\u00e1rri r\u00f6ddu til Drottins \u00feeirra Gu\u00f0s og \u00feeir Lev\u00edtar Jes\u00faa, Kadm\u00edel, Ban\u00ed, Hasabenja, Serebja, H\u00f3d\u00eda, Sebanja, Petahja og s\u00f6g\u00f0u: <span class=\"athugasemd\" title=\"Synir \u00cdsrael me\u00f0kenna s\u00ednar syndir\">[<\/span>&#8222;Standi\u00f0 upp og lofi\u00f0 Drottin y\u00f0varn Gu\u00f0 fr\u00e1 eil\u00edf\u00f0 til eil\u00edf\u00f0ar og lofi \u00feeir \u00feitt d\u00fdr\u00f0arfulla nafn sem er upphafi\u00f0 me\u00f0 allri blessan og lofgj\u00f6r\u00f0!<\/p>\n<p>\tDrottinn, \u00fe\u00fa ert alleina, \u00fe\u00fa hefur skapa\u00f0 himininn og alla himnnanna himna me\u00f0 \u00f6llum \u00feeirra her, j\u00f6r\u00f0ina og allt \u00fea\u00f0 sem \u00e1 henni er, sj\u00f3inn og allt \u00fea\u00f0 \u00ed honum er. <span class=\"athugasemd\" title=\"Gen. 12; 17\">[<\/span> Alla hluti gj\u00f6rir \u00fe\u00fa lifandi og himinsins her tilbi\u00f0ur \u00feig.<\/p>\n<p>\t\u00de\u00fa ert s\u00e1 Drottinn sem \u00fatvaldir Abram og \u00fatleiddir hann fr\u00e1 \u00dar \u00ed Kaldealandi og kalla\u00f0ir hann Abraham. Og \u00fe\u00fa fannst hans hjarta tr\u00fafast fyrir \u00fe\u00e9r og \u00fe\u00fa gj\u00f6r\u00f0ir eitt s\u00e1ttm\u00e1l vi\u00f0 hann a\u00f0 gefa hans s\u00e6\u00f0i land \u00feeirra Chananiter, Hethiter, Ammoriter, Pheresiter, Jebusiter og Girgositer og \u00fe\u00fa hefur ent \u00fe\u00edn or\u00f0 \u00fev\u00ed \u00fe\u00fa ert r\u00e9ttl\u00e1tur.<\/p>\n<p>\tOg \u00fe\u00fa s\u00e1st til eymdar vorra fe\u00f0ra \u00ed Egyptalandi og heyr\u00f0ir \u00feeirra kall hj\u00e1 \u00fev\u00ed rau\u00f0a hafi og gj\u00f6r\u00f0ir teikn og st\u00f3rmerki \u00e1 pharaone og \u00f6llum hans \u00fe\u00e9nurum og \u00e1 \u00f6llu f\u00f3lki \u00ed landinu. <span class=\"athugasemd\" title=\"Exod. 1; 2; 14\">[<\/span> \u00dev\u00ed a\u00f0 \u00fe\u00fa vissir drambsemi \u00feeirra sem \u00feeir s\u00fdndu \u00fe\u00ednum l\u00fd\u00f0. Og \u00fe\u00fa gj\u00f6r\u00f0ir <span class=\"athugasemd\" title=\"sword \u00de\u00e9r\">[<\/span> honum eitt nafn svo sem \u00fea\u00f0 er enn \u00ed dag. Og \u00fe\u00fa \u00ed sundurskiptir sj\u00f3num fyrir \u00feeim svo \u00feeir gengu \u00feurrum f\u00f3tum mitt \u00ed gegnum sj\u00f3inn en kasta\u00f0ir \u00feeirra ofs\u00f3knurum ni\u00f0ur \u00ed dj\u00fapi\u00f0 so sem steini \u00ed miki\u00f0 vatn. <span class=\"athugasemd\" title=\"Exod. 15\">[<\/span> \u00de\u00fa leiddir \u00fe\u00e1 um daga me\u00f0 einum sk\u00fdst\u00f3lpa en um n\u00e6tur me\u00f0 eldlegum st\u00f3lpa a\u00f0 l\u00fdsa \u00feeim \u00feann veg sem \u00feeir skyldu fara.<\/p>\n<p>\t\u00de\u00fa st\u00e9st ni\u00f0ur \u00e1 fjalli\u00f0 S\u00edna\u00ed og tala\u00f0ir vi\u00f0 \u00fe\u00e1 af himninum og gafst \u00feeim r\u00e9ttl\u00e6tisd\u00f3ma og eitt r\u00e9tt l\u00f6gm\u00e1l, g\u00f3\u00f0 bo\u00f0or\u00f0 og setninga. <span class=\"athugasemd\" title=\"Exod. 19 \/ Deut. 4\">[<\/span> \u00de\u00fa kunngj\u00f6r\u00f0ir \u00feeim \u00feinn heilagan sabbat, bau\u00f0st \u00feeim bo\u00f0or\u00f0, setninga og l\u00f6gm\u00e1l fyrir Mosen \u00feinn \u00fe\u00e9nara. Og \u00fe\u00fa gafst \u00feeim brau\u00f0 af himnum \u00fe\u00e1 \u00fe\u00e1 hungra\u00f0i, l\u00e9st og uppspretta vatn af hellusteini \u00fe\u00e1 \u00fe\u00e1 \u00feysti og tala\u00f0ir til \u00feeirra a\u00f0 \u00feeir skyldu reisa \u00feanga\u00f0 og eignast landi\u00f0 yfir hvert \u00fe\u00fa upplyftir \u00feinni hendi og gafst \u00feeim \u00fea\u00f0.<\/p>\n<p>\tEn vorir fe\u00f0ur ur\u00f0u drambsamir og har\u00f0sv\u00edra\u00f0ir svo a\u00f0 \u00feeir vildu ekki hl\u00fd\u00f0a \u00fe\u00ednum bo\u00f0or\u00f0um. <span class=\"athugasemd\" title=\"Exod. 32\">[<\/span> Og \u00feeir vildu ekki heyra \u00feau og minntust ekki \u00e1 \u00feau st\u00f3ru undur sem \u00fe\u00fa gj\u00f6r\u00f0ir vi\u00f0 \u00fe\u00e1 heldur ur\u00f0u \u00feeir \u00feess \u00ferj\u00f3skari og k\u00f6stu\u00f0u upp einu h\u00f6f\u00f0i a\u00f0 sn\u00faa s\u00e9r aftur til \u00feeirra \u00fer\u00e6ld\u00f3ms \u00ed \u00feeirra \u00f3\u00feolinm\u00e6\u00f0i. En \u00fe\u00fa, minn Drottinn, fyrirgafst \u00feeim \u00fea\u00f0 og varst \u00feeim n\u00e1\u00f0ugur, miskunnsamur og \u00feolinm\u00f3\u00f0ur af mikilli miskunnsemi og yfirgafst \u00fe\u00e1 ekki. Og \u00fe\u00f3 a\u00f0 \u00feeir gj\u00f6r\u00f0u steyptan k\u00e1lf og s\u00f6g\u00f0u: \u00deetta er \u00feinn Gu\u00f0 sem \u00fatleiddi \u00feig af Egyptalandi! og gj\u00f6r\u00f0u st\u00f3ra gu\u00f0lastan, \u00fe\u00f3 samt yfirgafst \u00fe\u00fa \u00fe\u00e1 ekki \u00ed ey\u00f0im\u00f6rkinni fyri \u00fe\u00edna miskunnsemi. Og s\u00e1 sk\u00fdst\u00f3lpi veik ekki fr\u00e1 \u00feeim um dagana og v\u00edsa\u00f0i \u00feeim r\u00e9ttan veg og eigi heldur eldsst\u00f3lpinn um n\u00e6tur a\u00f0 l\u00fdsa \u00feeim \u00e1 veginn \u00feann sem \u00feeir gengu.<\/p>\n<p>\tOg \u00fe\u00fa gafst \u00feeim \u00feinn g\u00f3\u00f0an anda a\u00f0 undirv\u00edsa \u00feeim. Og \u00fe\u00fa vildir ekki taka \u00feitt <span class=\"athugasemd\" title=\"sword Himnamj\u00f6l \/ Num. 21 \/ Exod. 16\">[<\/span> manna fr\u00e1 \u00feeirra munni og \u00fe\u00fa gafst \u00feeim vatn \u00fe\u00e1 \u00fe\u00e1 \u00feysti. \u00cd fj\u00f6rut\u00edgi \u00e1r f\u00e6ddir \u00fe\u00fa \u00fe\u00e1 \u00ed ey\u00f0im\u00f6rkinni so \u00fe\u00e1 skorti ekkert. \u00deeirra kl\u00e6\u00f0i fyrndust ekki og \u00feeirra f\u00e6tur b\u00f3lnu\u00f0u ekki. \u00de\u00fa gafst \u00feeim k\u00f3ngar\u00edki og \u00fej\u00f3\u00f0irnar og skiptir \u00feeim hinga\u00f0 og \u00feanga\u00f0 svo \u00feeir eignu\u00f0ust land S\u00edhon k\u00f3ngsins \u00ed Hesbon og land \u00d3g k\u00f3ngsins \u00ed Basan. Og \u00fe\u00fa fj\u00f6lga\u00f0ir \u00feeirra afkv\u00e6mi svo sem stj\u00f6rnur \u00e1 himni og \u00fe\u00fa fluttir \u00fe\u00e1 inn \u00ed \u00fea\u00f0 land sem \u00fe\u00fa haf\u00f0ir lofa\u00f0 \u00feeirra fe\u00f0rum a\u00f0 \u00feeir skyldu fara \u00feanga\u00f0 og eignast \u00fea\u00f0. Og b\u00f6rnin f\u00f3ru \u00feanga\u00f0 og t\u00f3ku landi\u00f0 undir sig. \u00de\u00fa ni\u00f0ur\u00ferykktir \u00fe\u00e1 Chananiter landins innbyggjara fyrir \u00fe\u00e1 og gafst \u00fe\u00e1 \u00ed \u00feeirra hendur, \u00feeirra k\u00f3nga og landsins f\u00f3lk, svo \u00feeir f\u00f3ru me\u00f0 \u00fe\u00e1 sem \u00feeir vildu. <\/p>\n<p>\tOg \u00feeir yfirunnu styrkvar borgir og eitt feitt land og t\u00f3ku til eignar h\u00fasin full af allsh\u00e1ttu\u00f0um au\u00f0\u00e6fum, \u00fath\u00f6ggna brunna, v\u00edngar\u00f0a, vi\u00f0smj\u00f6rsgar\u00f0a og aldintr\u00e9 og \u00feeir \u00e1tu og ur\u00f0u mettir og feitir og lif\u00f0u \u00ed lystingum fyrir \u00fe\u00edna mikla g\u00e6sku. <span class=\"athugasemd\" title=\"3. Reg. 18\">[<\/span> En \u00feeir ur\u00f0u \u00f3hl\u00fd\u00f0ugir og \u00fer\u00e1l\u00e1tir \u00ed m\u00f3ti \u00fe\u00e9r og k\u00f6stu\u00f0u \u00fe\u00ednu l\u00f6gm\u00e1li \u00e1 bak s\u00e9r aftur. Og \u00feeir dr\u00e1pu \u00fe\u00edna sp\u00e1menn sem vitnu\u00f0u fyrir \u00feeim a\u00f0 \u00feeir skyldu sn\u00faa s\u00e9r til \u00fe\u00edn og gj\u00f6r\u00f0u miklar gu\u00f0lastanir fyrir \u00fe\u00e9r. \u00dev\u00ed gafst \u00fe\u00fa \u00fe\u00e1 \u00ed \u00feeirra \u00f3vina hendur og \u00feeirra sem \u00fe\u00e1 \u00fej\u00e1\u00f0u. Og \u00feeir k\u00f6llu\u00f0u til \u00fe\u00edn \u00e1 s\u00ednum hrellingart\u00edma og \u00fe\u00fa heyr\u00f0ir \u00fe\u00e1 af himninum ofan og af \u00feinni mikilli miskunnsemi gafst \u00fe\u00fa \u00feeim frelsara \u00fe\u00e1 sem \u00feeim hj\u00e1lpu\u00f0u af \u00feeirra \u00f3vinah\u00f6ndum. <\/p>\n<p>\tEn \u00fe\u00e1 \u00feeir voru komnir til sinnar hv\u00edldar sneru \u00feeir s\u00e9r og gj\u00f6r\u00f0u illt \u00ed \u00fe\u00ednu augliti. \u00de\u00e1 yfirgafstu \u00fe\u00e1 \u00ed hendur \u00feeirra \u00f3vinum, \u00feeir drottnu\u00f0u yfir \u00feeim. En sem \u00feeir sneru s\u00e9r og k\u00f6llu\u00f0u til \u00fe\u00edn \u00fe\u00e1 b\u00e6nheyr\u00f0ir \u00fe\u00fa \u00fe\u00e1 af himninum og hj\u00e1lpa\u00f0ir \u00feeim margar reisur af \u00feinni mikilli miskunnsemi. \u00de\u00fa l\u00e9st bj\u00f3\u00f0a \u00feeim a\u00f0 \u00feeir skyldu sn\u00faa s\u00e9r til \u00fe\u00edns l\u00f6gm\u00e1ls. En \u00feeir voru drambsamir og hl\u00fdddu ekki \u00fe\u00ednum bo\u00f0or\u00f0um og syndgu\u00f0ust \u00ed m\u00f3ti \u00fe\u00ednum r\u00e9ttindum (hver ef a\u00f0 ma\u00f0urinn gj\u00f6rir \u00fe\u00e1 lifir hann \u00ed \u00feeim). \u00deeir sneru s\u00ednu baki fr\u00e1 og \u00feversk\u00f6llu\u00f0ust og voru ekki hl\u00fd\u00f0nir. <span class=\"athugasemd\" title=\"Levit. 23 \/ Syndir og \u00f3\u00feakkl\u00e6ti f\u00f3lksins\">[<\/span> \u00deetta lei\u00f0st \u00fe\u00fa \u00feeim \u00ed m\u00f6rg \u00e1r og l\u00e9st vitna \u00feeim fyrir \u00feinn anda \u00ed \u00fe\u00ednum sp\u00e1m\u00f6nnum en \u00feeir t\u00f3ku \u00fea\u00f0 ekki s\u00e9r til eyrna. \u00dear fyrir gafstu \u00fe\u00e1 \u00ed f\u00f3lksins hendur \u00ed landinu. En s\u00f6kum \u00feinnar mikillrar miskunnsemdar afm\u00e1\u00f0ir \u00fe\u00fa \u00fe\u00e1 eigi me\u00f0 \u00f6llu og eigi heldur yfirgafst \u00fe\u00fa \u00fe\u00e1 \u00fev\u00ed a\u00f0 \u00fe\u00fa ert n\u00e1\u00f0ugur og miskunnsamur Gu\u00f0.<\/p>\n<p>\tN\u00fa vor Gu\u00f0, \u00fe\u00fa mikli Gu\u00f0, styrkur, hr\u00e6\u00f0ilegur, \u00fe\u00fa sem heldur s\u00e1ttm\u00e1lann og miskunnsemi, akta \u00fe\u00fa eigi l\u00edtilsver\u00f0a alla \u00fe\u00e1 arm\u00e6\u00f0u sem yfir oss er komin og vora k\u00f3nga, h\u00f6f\u00f0ingja, presta, propheta, fe\u00f0ur og yfir allt f\u00f3lki\u00f0, fr\u00e1 k\u00f3ngsins t\u00edma \u00ed Assyria og allt til \u00feessa dags. <span class=\"athugasemd\" title=\"Supra 1 \/ Dan. 9\">[<\/span> \u00de\u00fa ert r\u00e9ttl\u00e1tur \u00ed \u00f6llu \u00fev\u00ed sem \u00fe\u00fa hefur l\u00e1ti\u00f0 yfir oss koma \u00fev\u00ed \u00fe\u00fa gj\u00f6r\u00f0ir r\u00e9tt en v\u00e9r h\u00f6fum veri\u00f0 \u00f3gu\u00f0legir. Og vorir k\u00f3ngar, h\u00f6f\u00f0ingjar, kennimenn og fe\u00f0ur hafa eigi breytt eftir \u00fe\u00ednum l\u00f6gum, eigi heldur akta\u00f0 \u00fe\u00edn bo\u00f0or\u00f0 og vitnisbur\u00f0i sem \u00fe\u00fa l\u00e9st votta fyrir \u00feeim. \u00deeir \u00fej\u00f3nu\u00f0u \u00fe\u00e9r ekki \u00ed \u00feeirra r\u00edki og \u00ed \u00fe\u00ednu st\u00f3ra g\u00f3ssi sem \u00fe\u00fa gafst \u00feeim og \u00ed \u00fev\u00ed v\u00ed\u00f0a og feita landi \u00fea\u00f0 \u00fe\u00fa gafst \u00feeim og \u00feeir sneru ekki fr\u00e1 s\u00ednu vondu ath\u00e6fi.<\/p>\n<p>\tSj\u00e1, v\u00e9r erum \u00fej\u00f3nar \u00ed dag og \u00ed \u00fev\u00ed landi sem \u00fe\u00fa gafst vorum fe\u00f0rum a\u00f0 \u00feeir \u00e6ti land s\u00edns \u00e1v\u00f6xt og g\u00e6\u00f0i, sj\u00e1, \u00fear inni eru v\u00e9r n\u00fa \u00fe\u00e9narar og \u00fea\u00f0 margfaldar s\u00ednar inntektir k\u00f3ngunum hverja \u00fe\u00fa settir yfir oss fyrir vorar syndir. Og \u00feeir drottna yfir vora l\u00edkami og f\u00e9na\u00f0 eftir s\u00ednum vilja og v\u00e9r erum \u00ed st\u00f3rri ney\u00f0. Og \u00ed \u00f6llu \u00feessu \u00fe\u00e1 gj\u00f6rum v\u00e9r eitt statt s\u00e1ttm\u00e1l og skrifum \u00fea\u00f0 og l\u00e1tum vora h\u00f6f\u00f0ingja, Lev\u00edta og presta innsigla \u00fea\u00f0.&#8220; <span class=\"athugasemd\" title=\"S\u00e1ttm\u00e1l vi\u00f0 Gu\u00f0 reist\">[<\/span><\/p>\n","protected":false},"excerpt":{"rendered":"<p>IX. \u00c1 \u00feeim fj\u00f3r\u00f0a og tuttugasta degi \u00feess sama m\u00e1na\u00f0ar komu Israelissynir til samans me\u00f0 f\u00f6stu og \u00ed sekkjum og h\u00f6f\u00f0u ausi\u00f0 moldu yfir sig. [ Og \u00feeir skildu Israeliss\u00e6\u00f0i fr\u00e1 \u00f6llum \u00f6\u00f0rum annarlegum sonum og gengu fram og j\u00e1tu\u00f0u s\u00ednar syndir og sinna fe\u00f0ra misgj\u00f6r\u00f0ir. Og \u00feeir st\u00f3\u00f0u upp \u00ed sinni st\u00f6\u00f0u og \u00fear var lesi\u00f0 fyrir \u00feeim fj\u00f3rar reisur um daga \u00ed Drottins \u00feeirra Gu\u00f0s l\u00f6gm\u00e1lsb\u00f3k. Og \u00feeir j\u00e1tu\u00f0u sig og tilb\u00e1\u00f0u fyrir Drottni \u00feeirra Gu\u00f0i fj\u00f3rum sinnum daga. Og Lev\u00edtarnir st\u00f3\u00f0u upp \u00e1 gr\u00e1\u00f0unum, sem a\u00f0 voru Jes\u00faa, Ban\u00ed, Kadm\u00edel, Sebanja, B\u00fan\u00ed, Serebja, Ban\u00ed og Kenan\u00ed og <a href=\"https:\/\/biblian.is\/gudbrandsbiblia\/nehemiabok-9-kafli\/\"> [&#8230;]<\/a><\/p>\n","protected":false},"author":1,"featured_media":0,"parent":0,"menu_order":0,"comment_status":"open","ping_status":"open","template":"bibliukaflar.php","meta":{"footnotes":""},"class_list":["post-3115","page","type-page","status-publish","hentry"],"_links":{"self":[{"href":"https:\/\/biblian.is\/gudbrandsbiblia\/wp-json\/wp\/v2\/pages\/3115","targetHints":{"allow":["GET"]}}],"collection":[{"href":"https:\/\/biblian.is\/gudbrandsbiblia\/wp-json\/wp\/v2\/pages"}],"about":[{"href":"https:\/\/biblian.is\/gudbrandsbiblia\/wp-json\/wp\/v2\/types\/page"}],"author":[{"embeddable":true,"href":"https:\/\/biblian.is\/gudbrandsbiblia\/wp-json\/wp\/v2\/users\/1"}],"replies":[{"embeddable":true,"href":"https:\/\/biblian.is\/gudbrandsbiblia\/wp-json\/wp\/v2\/comments?post=3115"}],"version-history":[{"count":0,"href":"https:\/\/biblian.is\/gudbrandsbiblia\/wp-json\/wp\/v2\/pages\/3115\/revisions"}],"wp:attachment":[{"href":"https:\/\/biblian.is\/gudbrandsbiblia\/wp-json\/wp\/v2\/media?parent=3115"}],"curies":[{"name":"wp","href":"https:\/\/api.w.org\/{rel}","templated":true}]}}