{"id":3114,"date":"2017-12-18T18:32:43","date_gmt":"2017-12-18T18:32:43","guid":{"rendered":"http:\/\/biblian.is\/gudbrandsbiblia\/nehemiabok-8-kafli\/"},"modified":"2017-12-18T18:32:43","modified_gmt":"2017-12-18T18:32:43","slug":"nehemiabok-8-kafli","status":"publish","type":"page","link":"https:\/\/biblian.is\/gudbrandsbiblia\/nehemiabok-8-kafli\/","title":{"rendered":"Nehem\u00edab\u00f3k 8. kafli"},"content":{"rendered":"<p>VIII.<\/p>\n<p>N\u00fa sem s\u00e1 hinn sj\u00f6undi m\u00e1nu\u00f0ur var kominn og allir \u00cdsraelssynir voru \u00ed s\u00ednum st\u00f6\u00f0um samansafna\u00f0ist allur alm\u00faginn svo sem einn ma\u00f0ur \u00e1 \u00fev\u00ed brei\u00f0a str\u00e6ti sem liggur fyrir Vatsportsdyrunum og sag\u00f0i til Esdra hins skriftl\u00e6r\u00f0a a\u00f0 hann skyldi l\u00e1ta s\u00e6kja M\u00f3ses l\u00f6gm\u00e1lsb\u00f3k sem a\u00f0 Drottinn haf\u00f0i bo\u00f0i\u00f0 \u00cdsrael. <span class=\"athugasemd\" title=\"Esdre 3; 7\">[<\/span> Og Esdra kennima\u00f0ur bar l\u00f6gm\u00e1lsb\u00f3kina fram fyrir allan alm\u00fagann, b\u00e6\u00f0i menn og kvinnur og alla \u00fe\u00e1 sem hana kunnu a\u00f0 skilja, \u00e1 \u00feeim fyrsta degi \u00feess sj\u00f6unda m\u00e1na\u00f0ar. <span class=\"athugasemd\" title=\"Deut. 4 \/ 4. Reg. 23\">[<\/span> Og hann las \u00ed henni \u00e1 \u00fev\u00ed brei\u00f0a str\u00e6ti hvert e\u00f0 l\u00e1 fyrir Vatsportinu fr\u00e1 \u00fev\u00ed a\u00f0 l\u00fdsti um morguninn og inn til mi\u00f0dags, fyrir k\u00f6llum og konum og hverjum \u00feeim sem skilja kunni. Og allt f\u00f3lki\u00f0 sneri s\u00ednum eyrum til l\u00f6gm\u00e1lsb\u00f3karinnar.<\/p>\n<p>\tEn Esdra s\u00e1 skriftl\u00e6r\u00f0i st\u00f3\u00f0 upp \u00e1 einum h\u00e1vum tr\u00f6ppum af tr\u00e9 hverjar \u00feeir h\u00f6f\u00f0u gj\u00f6rt a\u00f0 pr\u00e9dika \u00e1. Og \u00fear st\u00f3\u00f0u hj\u00e1 honum Matitja, Sema, Anaja, \u00dar\u00eda, Hilk\u00eda og Maeseja til h\u00e6gri handar. En hj\u00e1 hans vinstri st\u00f3\u00f0 Padaja, N\u00edsael, Malk\u00eda, Has\u00fam, Hasbadana, Sakar\u00eda og Mes\u00fallam. Og Esdra opna\u00f0i b\u00f3kina fyrir \u00f6llu f\u00f3lki \u00fev\u00ed hann st\u00f3\u00f0 upp yfir \u00f6llu f\u00f3lkinu. <span class=\"athugasemd\" title=\"L\u00f6gm\u00e1lsb\u00f3kin lesin\">[<\/span> Og sem hann upplauk henni \u00fe\u00e1 st\u00f3\u00f0 allt f\u00f3lki\u00f0. Og Esdra lofa\u00f0i Drottin \u00feann mikla Gu\u00f0 en allt f\u00f3lki\u00f0 svara\u00f0i: &#8222;Amen, amen&#8220; me\u00f0 s\u00ednum uppr\u00e9ttum h\u00f6ndum og beyg\u00f0um knj\u00e1m og tilb\u00e1\u00f0u Drottin, fallandi til jar\u00f0ar. En Jes\u00faa, Ban\u00ed, Serebja, Jam\u00edn, Ak\u00fab, Sabta\u00ed, H\u00f3daja, Maeseja, kl\u00edta, Asarja, J\u00f3sabad, Hanan, Plaja og Lev\u00edtarnir komu f\u00f3lkinu til a\u00f0 huglei\u00f0a og gaumg\u00e6fa l\u00f6gm\u00e1li\u00f0. Og f\u00f3lki\u00f0 st\u00f3\u00f0 hver \u00ed s\u00ednum sta\u00f0. Og \u00feeir l\u00e1su Gu\u00f0s l\u00f6gm\u00e1lsb\u00f3k kl\u00e1rlega og skilmerkilega so a\u00f0 allir m\u00e1ttu skilja \u00fea\u00f0 \u00feeir l\u00e1su.<\/p>\n<p>\tOg Nehem\u00edas (sem er Hat\u00edrsata) og Esdra kennima\u00f0ur s\u00e1 skriftl\u00e6r\u00f0i og Lev\u00edtarnir sem eggju\u00f0u f\u00f3lki\u00f0 til a\u00f0 huglei\u00f0a, \u00feeir s\u00f6g\u00f0u til alls alm\u00fagans: &#8222;\u00deetta er s\u00e1 dagur sem er helga\u00f0ur Drottni y\u00f0ar Gu\u00f0i. Veri\u00f0 \u00fev\u00ed ekki hryggvir og gr\u00e1ti\u00f0 ekki.&#8220; \u00dev\u00ed a\u00f0 allt f\u00f3lki\u00f0 gr\u00e9t \u00fe\u00e1 \u00fea\u00f0 heyr\u00f0i l\u00f6gm\u00e1lsins or\u00f0. \u00dev\u00ed sag\u00f0i hann til \u00feeirra: &#8222;Fari\u00f0 og eti\u00f0 af \u00fev\u00ed feita og drekki\u00f0 af \u00fev\u00ed hinu s\u00e6ta, sendi\u00f0 \u00feeim og nokku\u00f0 sem ekki hafa neitt tilreitt \u00fev\u00ed a\u00f0 \u00feessi dagur er helga\u00f0ur vorum Gu\u00f0i. \u00dear fyrir sturli\u00f0 y\u00f0ur ekki \u00fev\u00ed a\u00f0 gle\u00f0i Drottins er y\u00f0ar styrkur.&#8220; Og Lev\u00edtarnir stilltu allt f\u00f3lki\u00f0 og s\u00f6g\u00f0u: &#8222;Hafi\u00f0 hlj\u00f3tt \u00fev\u00ed a\u00f0 \u00feessi dagur er heilagur, hryggist ekki.&#8220; Og allt f\u00f3lki\u00f0 gekk burt a\u00f0 eta og drekka og sendu einn part \u00fear af og gj\u00f6r\u00f0u s\u00e9r einn mikinn f\u00f6gnu\u00f0. \u00dev\u00ed a\u00f0 \u00feeir h\u00f6f\u00f0u skili\u00f0 \u00feau or\u00f0 sem a\u00f0 lesin vorur fyrir \u00feeim.<\/p>\n<p>\tOg annars dags komu \u00feeir yppustu fe\u00f0ur til samans me\u00f0 \u00f6llu f\u00f3lkinu og kennimennirnir og Lev\u00edtarnir til Esdram \u00feess skriftl\u00e6r\u00f0a a\u00f0 hann skyldi undirv\u00edsa \u00feeim \u00ed l\u00f6gm\u00e1lsins or\u00f0um. <span class=\"athugasemd\" title=\"Laufsk\u00e1lah\u00e1t\u00ed\u00f0in haldin \/ Levit. 23\">[<\/span> Og \u00feeir fundu skrifa\u00f0 \u00ed l\u00f6gm\u00e1linu a\u00f0 Drottinn haf\u00f0i bo\u00f0i\u00f0 fyrir Mosen a\u00f0 \u00cdsraelssynir skyldu b\u00faa \u00ed laufsk\u00e1lum \u00e1 \u00feeirri h\u00e1t\u00ed\u00f0 \u00ed \u00feeim sj\u00f6unda m\u00e1nu\u00f0i. Og \u00feeir l\u00e9tu \u00fea\u00f0 opinberlega kunngj\u00f6rast og \u00fatberast um allar \u00feeirra borgir og \u00ed Jer\u00fasalem og s\u00f6g\u00f0u: &#8222;Fari\u00f0 \u00fat \u00e1 fj\u00f6llin og safni\u00f0 vi\u00f0smj\u00f6rsvi\u00f0argreinum og \u00f6\u00f0rum laufvi\u00f0argreinum af h\u00f6r\u00f0um trj\u00e1m, mirrutrj\u00e1m, p\u00e1lmvi\u00f0artrj\u00e1m og greinum af \u00feykkvum trj\u00e1m svo v\u00e9r megum gj\u00f6ra oss laufsk\u00e1la eftir \u00fev\u00ed sem skrifa\u00f0 stendur.&#8220;<\/p>\n<p>\tOg f\u00f3lki\u00f0 gekk \u00fat, s\u00f3ttu vi\u00f0ina og gj\u00f6r\u00f0u s\u00e9r laufsk\u00e1la hver \u00e1 s\u00ednu \u00feaki og \u00ed s\u00ednum gar\u00f0i og \u00ed gar\u00f0inum hj\u00e1 Gu\u00f0s h\u00fasi og \u00e1 \u00fev\u00ed brei\u00f0a str\u00e6ti hj\u00e1 Vatsportinu og \u00e1 \u00fev\u00ed brei\u00f0a str\u00e6ti hj\u00e1 Efra\u00edmsporti. Og s\u00e1 allur alm\u00fagi af \u00feeim sem komnir voru aftur af fangelsinu gj\u00f6r\u00f0u laufsk\u00e1la og bygg\u00f0u \u00fear \u00ed. \u00dev\u00ed a\u00f0 \u00cdsraelssynir h\u00f6f\u00f0u ekki so gj\u00f6rt s\u00ed\u00f0an J\u00f3s\u00faa son N\u00fan var og allt til \u00feessa dags. Og \u00fear var ein mj\u00f6g st\u00f3r gle\u00f0i. \u00dear var og lesi\u00f0 \u00ed Gu\u00f0s l\u00f6gm\u00e1lsb\u00f3k hvern dag fr\u00e1 \u00feeim fyrsta degi allt til hins s\u00ed\u00f0asta. Og \u00feeir h\u00e9ldu h\u00e1t\u00ed\u00f0ina \u00ed sj\u00f6 daga en \u00e1 hinum \u00e1ttunda degi h\u00e9ldu \u00feeir samkomuna svo sem tilheyr\u00f0i.<\/p>\n","protected":false},"excerpt":{"rendered":"<p>VIII. N\u00fa sem s\u00e1 hinn sj\u00f6undi m\u00e1nu\u00f0ur var kominn og allir \u00cdsraelssynir voru \u00ed s\u00ednum st\u00f6\u00f0um samansafna\u00f0ist allur alm\u00faginn svo sem einn ma\u00f0ur \u00e1 \u00fev\u00ed brei\u00f0a str\u00e6ti sem liggur fyrir Vatsportsdyrunum og sag\u00f0i til Esdra hins skriftl\u00e6r\u00f0a a\u00f0 hann skyldi l\u00e1ta s\u00e6kja M\u00f3ses l\u00f6gm\u00e1lsb\u00f3k sem a\u00f0 Drottinn haf\u00f0i bo\u00f0i\u00f0 \u00cdsrael. [ Og Esdra kennima\u00f0ur bar l\u00f6gm\u00e1lsb\u00f3kina fram fyrir allan alm\u00fagann, b\u00e6\u00f0i menn og kvinnur og alla \u00fe\u00e1 sem hana kunnu a\u00f0 skilja, \u00e1 \u00feeim fyrsta degi \u00feess sj\u00f6unda m\u00e1na\u00f0ar. [ Og hann las \u00ed henni \u00e1 \u00fev\u00ed brei\u00f0a str\u00e6ti hvert e\u00f0 l\u00e1 fyrir Vatsportinu fr\u00e1 \u00fev\u00ed a\u00f0 l\u00fdsti um morguninn <a href=\"https:\/\/biblian.is\/gudbrandsbiblia\/nehemiabok-8-kafli\/\"> [&#8230;]<\/a><\/p>\n","protected":false},"author":1,"featured_media":0,"parent":0,"menu_order":0,"comment_status":"open","ping_status":"open","template":"bibliukaflar.php","meta":{"footnotes":""},"class_list":["post-3114","page","type-page","status-publish","hentry"],"_links":{"self":[{"href":"https:\/\/biblian.is\/gudbrandsbiblia\/wp-json\/wp\/v2\/pages\/3114","targetHints":{"allow":["GET"]}}],"collection":[{"href":"https:\/\/biblian.is\/gudbrandsbiblia\/wp-json\/wp\/v2\/pages"}],"about":[{"href":"https:\/\/biblian.is\/gudbrandsbiblia\/wp-json\/wp\/v2\/types\/page"}],"author":[{"embeddable":true,"href":"https:\/\/biblian.is\/gudbrandsbiblia\/wp-json\/wp\/v2\/users\/1"}],"replies":[{"embeddable":true,"href":"https:\/\/biblian.is\/gudbrandsbiblia\/wp-json\/wp\/v2\/comments?post=3114"}],"version-history":[{"count":0,"href":"https:\/\/biblian.is\/gudbrandsbiblia\/wp-json\/wp\/v2\/pages\/3114\/revisions"}],"wp:attachment":[{"href":"https:\/\/biblian.is\/gudbrandsbiblia\/wp-json\/wp\/v2\/media?parent=3114"}],"curies":[{"name":"wp","href":"https:\/\/api.w.org\/{rel}","templated":true}]}}