{"id":3113,"date":"2017-12-18T18:32:43","date_gmt":"2017-12-18T18:32:43","guid":{"rendered":"http:\/\/biblian.is\/gudbrandsbiblia\/nehemiabok-7-kafli\/"},"modified":"2017-12-18T18:32:43","modified_gmt":"2017-12-18T18:32:43","slug":"nehemiabok-7-kafli","status":"publish","type":"page","link":"https:\/\/biblian.is\/gudbrandsbiblia\/nehemiabok-7-kafli\/","title":{"rendered":"Nehem\u00edab\u00f3k 7. kafli"},"content":{"rendered":"<p>VII.<\/p>\n<p>\u00de\u00e1 v\u00e9r h\u00f6f\u00f0um n\u00fa uppbyggt m\u00farveggina \u00fe\u00e1 bj\u00f3 eg um borgarhli\u00f0in og tilsetti var\u00f0haldsmenn, s\u00f6ngvara og Lev\u00edtana. Og eg b\u00edfala\u00f0i m\u00ednum br\u00f3\u00f0ur Hanan\u00ed og Hananja, \u00feeim hallarf\u00f3vita \u00ed Jer\u00fasalem (\u00fev\u00ed hann var einn tr\u00fafastur ma\u00f0ur og gu\u00f0hr\u00e6ddur fram yfir marga a\u00f0ra) og eg sag\u00f0a til \u00feeirra: &#8222;Eigi skulu uppl\u00e1tast Jer\u00fasalems port fyrr en heitt er or\u00f0i\u00f0 af s\u00f3lu. Og \u00fe\u00e1 enn er veri\u00f0 a\u00f0 arfi\u00f0a, \u00fe\u00e1 skulu portin aftur afturlykjast og strengjast.&#8220; Og \u00fear voru v\u00f6kumenn settir af borgarm\u00f6nnum Jer\u00fasalem hver upp \u00e1 sinni vakt og hj\u00e1 s\u00ednu h\u00fasi. \u00dev\u00ed borgin var v\u00ed\u00f0, r\u00fam og st\u00f3r en f\u00f3lk var f\u00e1tt \u00ed henni og h\u00fasin voru ekki bygg\u00f0.<\/p>\n<p>\tOg minn Gu\u00f0 gaf m\u00e9r \u00ed hjarta a\u00f0 eg samansafna\u00f0i r\u00e1\u00f0sherrunum og h\u00f6f\u00f0ingj\u00f6num og svo f\u00f3lkinu a\u00f0 reikna \u00fea\u00f0. Og eg fann eitt registrum \u00feeirra sem \u00e1\u00f0ur voru komnir og eg fann \u00ed \u00fev\u00ed skrifa\u00f0 a\u00f0 \u00feetta eru landsins synir sem upp eru komnir af fangelsinu hverja Nab\u00fagodonosor k\u00f3ngur af Bab\u00fdlon haf\u00f0i \u00ed burt flutt og bjuggu \u00ed Jer\u00fasalem og \u00ed J\u00fada, hver \u00ed sinni borg og voru komnir me\u00f0 S\u00f3r\u00f3babel, Jes\u00faa, Nehem\u00eda, Asarja, Raamja, Naheman\u00ed, Mard\u00f3ke\u00f3, Bilsan, Misperet, Bigeva\u00ed, Neh\u00fam og Baena. <span class=\"athugasemd\" title=\"S\u00f3r\u00f3babel \/ Jes\u00faa \/ Esdre 2\">[<\/span> <\/p>\n<p>\t\u00deetta var talan \u00e1 \u00cdsraelsf\u00f3lki. <span class=\"athugasemd\" title=\"Tala \u00feeirra sem komu aftur af Bab\u00fdlon\">[<\/span> Synir Pareos voru tv\u00f6 \u00fe\u00fasund hundra\u00f0 sj\u00f6t\u00edgi og tveir. Synir Sefatja voru \u00ferj\u00fa hundru\u00f0 sj\u00f6t\u00edgi og tveir. Synir Ara voru sex hundru\u00f0 fimmt\u00edgi og tveir. Synir Pahat M\u00f3ab \u00e1 me\u00f0al sona Jes\u00faa og J\u00f3ab voru tv\u00f6 \u00fe\u00fasund \u00e1tta hundru\u00f0 og \u00e1tj\u00e1n. Synir Elam \u00fe\u00fasund tv\u00f6 hundru\u00f0 fj\u00f3rir og fimmt\u00edgi. Synir Sat\u00fa \u00e1tta hundru\u00f0 fimm og fj\u00f6rut\u00edgi. Synir Saka\u00ed sj\u00f6 hundru\u00f0 og sext\u00edgi. Synir Ben\u00fa\u00ed sex hundru\u00f0 fj\u00f6rut\u00edgi og \u00e1tta. Synir Beba\u00ed sex hundru\u00f0 tuttugu og \u00e1tta. Synir Asgad tv\u00f6 \u00fe\u00fasund \u00ferj\u00fa hundru\u00f0 tuttugu og tveir. Synir Ad\u00f3n\u00edkam sex hundru\u00f0 sext\u00edgi og sj\u00f6. Synir Bigeva\u00ed tv\u00f6 \u00fe\u00fasund sext\u00edgi og sj\u00f6. Synir Ad\u00edn sex hundru\u00f0 fimmtigi og fimm. Synir Ater af Hisk\u00eda n\u00edut\u00edgi og \u00e1tta. Synir Has\u00fan \u00ferj\u00fa hundru\u00f0 tuttugu og \u00e1tta. Synir Besa\u00ed \u00ferj\u00fa hundru\u00f0 tuttugu og fj\u00f3rir. Synir Har\u00edf hundra\u00f0 og t\u00f3lf. Synir G\u00edbeon voru n\u00edut\u00edgi og fimm. Mennirnir af Betlehem og Net\u00f3fa hundra\u00f0 \u00e1ttat\u00edgi og \u00e1tta. Mennirnir af Anat\u00f3t hundra\u00f0 tuttugu og \u00e1tta. Mennirnir af Bet Asmavet fj\u00f6rut\u00edgi og tveir. Mennirnir af Kirjat Jear\u00edm, Kaf\u00edra og beer\u00f3t sj\u00f6 hundru\u00f0 fj\u00f6rut\u00edgi og \u00fer\u00edr. Mennirnir af Rama og Gaba sex hundru\u00f0 tuttugu og einn. Mennirnir af Mikmas hundra\u00f0 tuttugu og tveir. Mennirnir af Betel og A\u00ed hundra\u00f0 tuttugu og \u00fer\u00edr. Mennirnir af annarri Neb\u00f3 fimmt\u00edgi og tveir. \u00deeir synir annarrar Elam \u00fe\u00fasund tv\u00f6 hundru\u00f0 fimmt\u00edgi og fj\u00f3rir. Synir Har\u00edm \u00ferj\u00fa hundru\u00f0 og tuttugu. Synir Jer\u00edk\u00f3 \u00ferj\u00fa hundra\u00f0 fj\u00f6rut\u00edgi og fimm. Synir L\u00f3d Had\u00edd og \u00d3n\u00f3 sj\u00f6 hundru\u00f0 tuttugu og einn. Synir Senaa \u00ferj\u00fa \u00fe\u00fasund n\u00edu hundru\u00f0 og \u00ferj\u00e1t\u00edgi.<\/p>\n<p>\tPrestarnir synir Jedaja af h\u00fasi Jes\u00faa n\u00edu hundru\u00f0 sj\u00f6t\u00edgi og \u00fer\u00edr. <span class=\"athugasemd\" title=\"Prestarnir \/ Lev\u00edtarnir \/ S\u00f6ngvararnir \/ Dyraver\u00f0ir\">[<\/span> Synir Immer \u00fe\u00fasund fimmt\u00edgi og tveir. Synir Pash\u00far \u00fe\u00fasund tv\u00f6 hundru\u00f0 fj\u00f6rut\u00edgi og sj\u00f6. Synir Har\u00edm \u00fe\u00fasund og seytj\u00e1n. Lev\u00edtarnir: Synir Jes\u00faa af Kadm\u00edel \u00e1 me\u00f0al sona H\u00f3dva sj\u00f6t\u00edgi og fj\u00f3rir. S\u00f6ngvararnir, synir Assaf hundra\u00f0 fj\u00f6rut\u00edgi og \u00e1tta. Dyraver\u00f0irnir voru synir Sall\u00fam, synir Ater, synir Talmon, synir Ak\u00fab, synir Hat\u00edta, synir S\u00f3ba\u00ed, allir til samans hundra\u00f0 \u00ferj\u00e1t\u00edgi og \u00e1tta.<\/p>\n<p>\tNeth\u00edn\u00edm, synir S\u00edha, synir Has\u00fafa, synir Taba\u00f3t, synir Ker\u00f3s, synir S\u00eda, synir Pad\u00f3n, synir L\u00edbana, synir Hagaba, synir Salma\u00ed, synir Hanan, synir G\u00edddel, synir Gahar, synir Reja, synir Res\u00edn, synir Nek\u00f3da, synir Gasam, synir \u00dasa, synir Passea, synir Besa\u00ed, synir Neg\u00fan\u00edm, synir Nef\u00fas\u00edm, synir Bakb\u00fak, synir Hak\u00fafa, synir Harh\u00far, synir Basl\u00edt, synir Meh\u00edda, synir Harsa, synir Bark\u00f3s, synir S\u00edsera, synir Tama, synir Nes\u00eda, synir Hat\u00edfa. <span class=\"athugasemd\" title=\"Neth\u00edn\u00edm\">[<\/span> Synir Sal\u00f3mons \u00fe\u00e9nara voru synir S\u00f3ta\u00ed, synir S\u00f3feret, synir Pr\u00edda, synir Jaela, synir Dark\u00f3n, synir G\u00edddel, synir Sefatja, synir Hat\u00edl, synir P\u00f3keret af Seba\u00edm, synir Amm\u00f3n. Allir synir Neth\u00edn\u00edm og Salomonis \u00fe\u00e9nara voru \u00ferj\u00fa hundru\u00f0 n\u00edut\u00edgi og tveir.<\/p>\n<p>\t\u00deessir fer\u00f0u\u00f0ust og upp: <span class=\"athugasemd\" title=\"Esdre 2\">[<\/span> M\u00edtel, Mela, Tel, Harsa, Ker\u00fab, Add\u00f3n og Immer. En \u00feeir kunnu ekki a\u00f0 b\u00edv\u00edsa h\u00fas sinna fe\u00f0ra e\u00f0a \u00feeirra \u00e6tt hvert \u00feeir v\u00e6ri af \u00cdsrael. Synir Delaja, synir Tob\u00eda og synir Nek\u00f3da sex hundru\u00f0 fj\u00f6rut\u00edgi og tveir. Og af prestunum voru synir H\u00f3baja, synir Hak\u00f3s, synir Barsilla\u00ed, hverjir a\u00f0 t\u00f3ku eina kvinnu af Barsilla\u00ed d\u00e6trum Gileaditer og fengu \u00fear af nafn. \u00deessir leitu\u00f0u eftir registur sinnar f\u00e6\u00f0ingar og \u00fe\u00e1 \u00feeir fundu \u00fea\u00f0 ekki voru \u00feeir \u00fatreknir fr\u00e1 kennimannskapnum. Og Hat\u00edrsata sag\u00f0i til \u00feeirra a\u00f0 \u00feeir skyldu ei eta af \u00fev\u00ed allrahelgasta fyrr en einn prestur uppkpmi me\u00f0 <span class=\"athugasemd\" title=\"sword \u00dar\u00edm \/ t\u00fam\u00edm \/ Exo. 28\">[<\/span> lj\u00f3si\u00f0 og r\u00e9ttinn.<\/p>\n<p>\tAllur \u00feessi alm\u00fagi svo sem einn ma\u00f0ur var fj\u00f6rut\u00edgi \u00fe\u00fasundir tv\u00f6 \u00fe\u00fasund \u00ferj\u00fa hundru\u00f0 og sext\u00edgi, auk \u00feeirra \u00fe\u00e9narar og amb\u00e1ttir, \u00fea\u00f0 var a\u00f0 t\u00f6lu sj\u00f6 \u00fe\u00fasund \u00ferj\u00fa hundru\u00f0 \u00ferj\u00e1t\u00edgi og sj\u00f6. <span class=\"athugasemd\" title=\"Summa alls f\u00f3lksins\">[<\/span> \u00deeir h\u00f6f\u00f0u og tv\u00f6 hundru\u00f0 fj\u00f6rut\u00edgi og fimm s\u00f6ngvara og s\u00f6ngkvinnur og sj\u00f6 hundru\u00f0 \u00ferj\u00e1t\u00edgi og sex hesta, tv\u00f6 hundru\u00f0 fj\u00f6rut\u00edgi og fimm m\u00fala, fj\u00f6gur hundru\u00f0 \u00ferj\u00e1t\u00edgi og fimm \u00falfalda, sex \u00fe\u00fasund sj\u00f6 hundru\u00f0 og tuttugu asna.<\/p>\n<p>\tOg nokkrir af \u00feeim yppustum fe\u00f0rum l\u00f6g\u00f0u kostna\u00f0 til gj\u00f6rningsins. Hat\u00edrsata gaf \u00ed f\u00e9hirsluna \u00fe\u00fasund gyllini og fimmt\u00edgi sk\u00e1lir, fimm hundru\u00f0 og \u00ferj\u00e1t\u00edgi prestakyrtla. Og nokkrir af \u00feeim yppustu fe\u00f0rum g\u00e1fu til fj\u00e1rsj\u00f3\u00f0arins og til gj\u00f6rningsins tuttugu \u00fe\u00fasund gyllini, tv\u00f6 \u00fe\u00fasund og tv\u00f6 hundru\u00f0 pund silfurs. Og \u00fea\u00f0 anna\u00f0 alm\u00fagaf\u00f3lk gaf tuttugu \u00fe\u00fasund gyllini og tv\u00f6 \u00fe\u00fasund pund silfurs og sj\u00f6 og sext\u00edgi prestakyrtla. Og prestarnir, Lev\u00edtarnir, dyraver\u00f0irnir, s\u00f6ngvararnir og \u00feeir a\u00f0rir af f\u00f3lkinu og \u00feeir Neth\u00edn\u00edm og allur \u00cdsrael, bj\u00f3 \u00ed s\u00ednum st\u00f6\u00f0um.<\/p>\n","protected":false},"excerpt":{"rendered":"<p>VII. \u00de\u00e1 v\u00e9r h\u00f6f\u00f0um n\u00fa uppbyggt m\u00farveggina \u00fe\u00e1 bj\u00f3 eg um borgarhli\u00f0in og tilsetti var\u00f0haldsmenn, s\u00f6ngvara og Lev\u00edtana. Og eg b\u00edfala\u00f0i m\u00ednum br\u00f3\u00f0ur Hanan\u00ed og Hananja, \u00feeim hallarf\u00f3vita \u00ed Jer\u00fasalem (\u00fev\u00ed hann var einn tr\u00fafastur ma\u00f0ur og gu\u00f0hr\u00e6ddur fram yfir marga a\u00f0ra) og eg sag\u00f0a til \u00feeirra: &#8222;Eigi skulu uppl\u00e1tast Jer\u00fasalems port fyrr en heitt er or\u00f0i\u00f0 af s\u00f3lu. Og \u00fe\u00e1 enn er veri\u00f0 a\u00f0 arfi\u00f0a, \u00fe\u00e1 skulu portin aftur afturlykjast og strengjast.&#8220; Og \u00fear voru v\u00f6kumenn settir af borgarm\u00f6nnum Jer\u00fasalem hver upp \u00e1 sinni vakt og hj\u00e1 s\u00ednu h\u00fasi. \u00dev\u00ed borgin var v\u00ed\u00f0, r\u00fam og st\u00f3r en f\u00f3lk var <a href=\"https:\/\/biblian.is\/gudbrandsbiblia\/nehemiabok-7-kafli\/\"> [&#8230;]<\/a><\/p>\n","protected":false},"author":1,"featured_media":0,"parent":0,"menu_order":0,"comment_status":"open","ping_status":"open","template":"bibliukaflar.php","meta":{"footnotes":""},"class_list":["post-3113","page","type-page","status-publish","hentry"],"_links":{"self":[{"href":"https:\/\/biblian.is\/gudbrandsbiblia\/wp-json\/wp\/v2\/pages\/3113","targetHints":{"allow":["GET"]}}],"collection":[{"href":"https:\/\/biblian.is\/gudbrandsbiblia\/wp-json\/wp\/v2\/pages"}],"about":[{"href":"https:\/\/biblian.is\/gudbrandsbiblia\/wp-json\/wp\/v2\/types\/page"}],"author":[{"embeddable":true,"href":"https:\/\/biblian.is\/gudbrandsbiblia\/wp-json\/wp\/v2\/users\/1"}],"replies":[{"embeddable":true,"href":"https:\/\/biblian.is\/gudbrandsbiblia\/wp-json\/wp\/v2\/comments?post=3113"}],"version-history":[{"count":0,"href":"https:\/\/biblian.is\/gudbrandsbiblia\/wp-json\/wp\/v2\/pages\/3113\/revisions"}],"wp:attachment":[{"href":"https:\/\/biblian.is\/gudbrandsbiblia\/wp-json\/wp\/v2\/media?parent=3113"}],"curies":[{"name":"wp","href":"https:\/\/api.w.org\/{rel}","templated":true}]}}