{"id":3112,"date":"2017-12-18T18:32:39","date_gmt":"2017-12-18T18:32:39","guid":{"rendered":"http:\/\/biblian.is\/gudbrandsbiblia\/nehemiabok-6-kafli\/"},"modified":"2017-12-18T18:32:39","modified_gmt":"2017-12-18T18:32:39","slug":"nehemiabok-6-kafli","status":"publish","type":"page","link":"https:\/\/biblian.is\/gudbrandsbiblia\/nehemiabok-6-kafli\/","title":{"rendered":"Nehem\u00edab\u00f3k 6. kafli"},"content":{"rendered":"<p>VI.<\/p>\n<p>N\u00fa sem Saneballat, Tob\u00eda og G\u00f3sem Arabiter og a\u00f0rir vorir \u00f3vinir spur\u00f0u \u00feetta a\u00f0 eg hef\u00f0i uppbyggt m\u00farinn og b\u00e6tt so a\u00f0 \u00fear fannst hvergi sprunga \u00e1 m\u00farnum (en eigi haf\u00f0a eg \u00fe\u00e1 enn b\u00fai\u00f0 um hur\u00f0irnar \u00ed hli\u00f0unum) \u00fe\u00e1 sendi Saneballat og G\u00f3sem bo\u00f0 til m\u00edn og l\u00e9tu segja m\u00e9r: &#8222;Kom og setjum vorn fund me\u00f0 oss \u00e1 landsbygg\u00f0unum \u00e1 \u00feeim velli \u00d3n\u00f3.&#8220; En \u00feeir \u00feenktu a\u00f0 gj\u00f6ra m\u00e9r illt. Eg sendi \u00feeim bo\u00f0 aftur og l\u00e9t segja \u00feeim: &#8222;Eg hefi miki\u00f0 arfi\u00f0i fyrir h\u00f6ndum, eigi kann eg a\u00f0 koma \u00feanga\u00f0, annars fors\u00f3mast \u00fea\u00f0 verk ef eg tek m\u00edna h\u00f6nd \u00fear fr\u00e1 og fer eg ofan til y\u00f0ar.&#8220; \u00deeir sendu m\u00e9r bo\u00f0 vel \u00ed fj\u00f3rar reisur me\u00f0 s\u00f6mum or\u00f0um en eg gaf \u00feeim i\u00f0 sama svar aftur.<\/p>\n<p>\t\u00cd fimmta sinn sendi Saneballat sinn eigin \u00fe\u00e9nara til m\u00edn hver e\u00f0 haf\u00f0i eitt opi\u00f0 br\u00e9f \u00ed sinni hendu \u00ed hverju a\u00f0 svo st\u00f3\u00f0: <span class=\"athugasemd\" title=\"Br\u00e9f Saneballat til Nehemiam\">[<\/span> &#8222;\u00dea\u00f0 er komi\u00f0 fyrir hei\u00f0ingjana og G\u00f3sem hefur \u00fea\u00f0 sagt a\u00f0 \u00fe\u00fa og Gy\u00f0ingarnir \u00feenkja s\u00e9r a\u00f0 gj\u00f6ra uppreist og \u00fev\u00ed keppist \u00fe\u00fa vi\u00f0 a\u00f0 byggja \u00feennan m\u00far a\u00f0 \u00fe\u00fa vilt vera \u00feeirra k\u00f3ngur fyrir \u00feetta. \u00de\u00fa hefur og sett til sp\u00e1mennina sem skyldu \u00fathr\u00f3pa \u00ed Jer\u00fasalem um \u00feig og segja: Hann er k\u00f3ngur Gy\u00f0inga! N\u00fa mun sl\u00edkt koma fyrir k\u00f3nginn. \u00dear fyrir kom n\u00fa og l\u00e1tum oss r\u00e1\u00f0gast hver vi\u00f0 annan h\u00e9r um.&#8220; En eg sendi honum bo\u00f0 aftur og l\u00e9t svo segja: &#8222;Ekki er svo ske\u00f0 sem \u00fe\u00fa segir. Soddan hefur \u00fe\u00fa uppkveikt \u00ed \u00fe\u00ednu hjarta.&#8220; \u00dev\u00ed \u00feeir vildu allir gj\u00f6ra oss hr\u00e6dda og \u00feenktu a\u00f0 v\u00e9r mundum taka vorar hendur fr\u00e1 verkinu og arfi\u00f0a ekki meira. En eg styrkta \u00fev\u00ed meir m\u00edna h\u00f6nd.<\/p>\n<p>\tOg eg kom \u00ed Semaja h\u00fas, sonar Delaja, sonar Maethabel, og hann haf\u00f0i lukt sig inni og sag\u00f0i: <span class=\"athugasemd\" title=\"Falskir br\u00e6\u00f0ur\">[<\/span> &#8222;L\u00e1tum oss koma saman \u00ed Gu\u00f0s h\u00fas, mitt \u00ed musterinu, og lokum aftur musterisins dyrum. \u00dev\u00ed a\u00f0 \u00feeir munu koma og sl\u00e1 \u00feig \u00ed hel og \u00ed n\u00f3tt koma \u00feeir a\u00f0 dey\u00f0a \u00feig.&#8220; Eg svara\u00f0i: &#8222;Skal minn l\u00edki fl\u00fdja? Slak sl\u00edkur ma\u00f0ur sem eg er fara \u00ed musteri\u00f0 a\u00f0 for\u00f0a l\u00edfi s\u00ednu? Eg vil ekki fara \u00feanga\u00f0.&#8220; \u00dev\u00ed eg merkta vel a\u00f0 Gu\u00f0 haf\u00f0i ekki \u00fatsent hann \u00fev\u00ed a\u00f0 hann sp\u00e1\u00f0i \u00feessa um mig. En Tob\u00eda og Saneballat h\u00f6f\u00f0u gefi\u00f0 honum peninga og \u00fev\u00ed t\u00f3k hann peningana a\u00f0 eg skyldi vera hr\u00e6ddur og svo gj\u00f6ra og syndgast so \u00feeir hef\u00f0i nokku\u00f0 illt a\u00f0 br\u00edgsa m\u00e9r me\u00f0. Minn Gu\u00f0, minnst \u00fe\u00fa \u00e1 Tob\u00eda og Saneballat eftir \u00feessum \u00feeirra gj\u00f6rningum og \u00e1 \u00feann sp\u00e1mann N\u00f3adja og \u00e1 \u00fe\u00e1 a\u00f0ra sp\u00e1menn sem mig vildu hr\u00e6\u00f0a.<\/p>\n<p>\tS\u00ed\u00f0an ur\u00f0u m\u00farveggirnir alb\u00fanir \u00feann fimmta og tuttugasta dag \u00ed el\u00falm\u00e1nu\u00f0i, \u00e1 t\u00f3lf og fj\u00f6rut\u00edgi d\u00f6gum. <span class=\"athugasemd\" title=\"El\u00fal \/ Desember\">[<\/span> Og sem allir \u00f3vinir vorir \u00fea\u00f0 heyr\u00f0u \u00fe\u00e1 \u00f3ttu\u00f0ust allir hei\u00f0ingjar \u00feeir sem \u00ed kringum oss voru svo \u00f6ll \u00feeirra hreysti f\u00e9ll. \u00dev\u00ed a\u00f0 \u00feeir merktu a\u00f0 soddan gj\u00f6rningur var af Gu\u00f0i. Og \u00e1 \u00feeim t\u00edmum voru \u00feeir margir af J\u00fada h\u00f6f\u00f0ingjum a\u00f0 \u00feeirra br\u00e9f gengu til Tobiam og fr\u00e1 Tob\u00eda til \u00feeirra. \u00dev\u00ed a\u00f0 \u00fear voru margir \u00ed J\u00fada sem voru ei\u00f0svarar hans \u00fev\u00ed hann var m\u00e1gur Sakanja sonar Ara og hans J\u00f3hanan haf\u00f0i d\u00f3ttir Mes\u00fallam sonar Berek\u00eda. Og \u00feeir h\u00e6ldu honum fyrir m\u00e9r og fluttu honum m\u00edn or\u00f0. Og Tob\u00edas sendi br\u00e9f a\u00f0 skelfa mig.<\/p>\n","protected":false},"excerpt":{"rendered":"<p>VI. N\u00fa sem Saneballat, Tob\u00eda og G\u00f3sem Arabiter og a\u00f0rir vorir \u00f3vinir spur\u00f0u \u00feetta a\u00f0 eg hef\u00f0i uppbyggt m\u00farinn og b\u00e6tt so a\u00f0 \u00fear fannst hvergi sprunga \u00e1 m\u00farnum (en eigi haf\u00f0a eg \u00fe\u00e1 enn b\u00fai\u00f0 um hur\u00f0irnar \u00ed hli\u00f0unum) \u00fe\u00e1 sendi Saneballat og G\u00f3sem bo\u00f0 til m\u00edn og l\u00e9tu segja m\u00e9r: &#8222;Kom og setjum vorn fund me\u00f0 oss \u00e1 landsbygg\u00f0unum \u00e1 \u00feeim velli \u00d3n\u00f3.&#8220; En \u00feeir \u00feenktu a\u00f0 gj\u00f6ra m\u00e9r illt. Eg sendi \u00feeim bo\u00f0 aftur og l\u00e9t segja \u00feeim: &#8222;Eg hefi miki\u00f0 arfi\u00f0i fyrir h\u00f6ndum, eigi kann eg a\u00f0 koma \u00feanga\u00f0, annars fors\u00f3mast \u00fea\u00f0 verk ef eg tek <a href=\"https:\/\/biblian.is\/gudbrandsbiblia\/nehemiabok-6-kafli\/\"> [&#8230;]<\/a><\/p>\n","protected":false},"author":1,"featured_media":0,"parent":0,"menu_order":0,"comment_status":"open","ping_status":"open","template":"bibliukaflar.php","meta":{"footnotes":""},"class_list":["post-3112","page","type-page","status-publish","hentry"],"_links":{"self":[{"href":"https:\/\/biblian.is\/gudbrandsbiblia\/wp-json\/wp\/v2\/pages\/3112","targetHints":{"allow":["GET"]}}],"collection":[{"href":"https:\/\/biblian.is\/gudbrandsbiblia\/wp-json\/wp\/v2\/pages"}],"about":[{"href":"https:\/\/biblian.is\/gudbrandsbiblia\/wp-json\/wp\/v2\/types\/page"}],"author":[{"embeddable":true,"href":"https:\/\/biblian.is\/gudbrandsbiblia\/wp-json\/wp\/v2\/users\/1"}],"replies":[{"embeddable":true,"href":"https:\/\/biblian.is\/gudbrandsbiblia\/wp-json\/wp\/v2\/comments?post=3112"}],"version-history":[{"count":0,"href":"https:\/\/biblian.is\/gudbrandsbiblia\/wp-json\/wp\/v2\/pages\/3112\/revisions"}],"wp:attachment":[{"href":"https:\/\/biblian.is\/gudbrandsbiblia\/wp-json\/wp\/v2\/media?parent=3112"}],"curies":[{"name":"wp","href":"https:\/\/api.w.org\/{rel}","templated":true}]}}