{"id":3111,"date":"2017-12-18T18:32:39","date_gmt":"2017-12-18T18:32:39","guid":{"rendered":"http:\/\/biblian.is\/gudbrandsbiblia\/nehemiabok-5-kafli\/"},"modified":"2017-12-18T18:32:39","modified_gmt":"2017-12-18T18:32:39","slug":"nehemiabok-5-kafli","status":"publish","type":"page","link":"https:\/\/biblian.is\/gudbrandsbiblia\/nehemiabok-5-kafli\/","title":{"rendered":"Nehem\u00edab\u00f3k 5. kafli"},"content":{"rendered":"<p>V.<\/p>\n<p>\u00dear upph\u00f3fst miki\u00f0 kall me\u00f0 f\u00f3lkinu \u00e1 me\u00f0al \u00feeirra kvenna \u00ed m\u00f3t \u00feeirra br\u00e6\u00f0rum. Og \u00fear voru nokkrir sem svo s\u00f6g\u00f0u: &#8222;Vorir synir eru margir og vorar d\u00e6tur eru margar, t\u00f6kum korn (fyrir \u00fe\u00e6r) oss til f\u00e6\u00f0slu svo v\u00e9r megum lifa.&#8220; En sumir s\u00f6g\u00f0u svo: &#8222;Setjum til panta vora akra, h\u00fas og v\u00edngar\u00f0a svo v\u00e9r megum f\u00e1 korn \u00ed \u00feessari hall\u00e6rist\u00ed\u00f0.&#8220; Sumir s\u00f6g\u00f0u svo: &#8222;T\u00f6kum til l\u00e1ns peninga af k\u00f3ngsins skatti og setjum \u00ed borgun vora akra og v\u00edngar\u00f0a. \u00dev\u00ed a\u00f0 vorra br\u00e6\u00f0ra l\u00edf er svo sem vort l\u00edf og \u00feeirra barna so sem vorra barna, annars ver\u00f0um v\u00e9r a\u00f0 gefa vora sonu og d\u00e6tur \u00ed \u00fer\u00e6ld\u00f3m. Og alla rei\u00f0u eru \u00fear komnar nokkrar af vorum d\u00e6trum \u00ed \u00fer\u00e6ld\u00f3m og v\u00e9r h\u00f6fum ekki me\u00f0 hverju v\u00e9r megum leysa \u00fe\u00e6r. So eru og vorir akrar og v\u00edngar\u00f0ar komnir undir a\u00f0ra.&#8220;<\/p>\n<p>\tEn \u00fe\u00e1 eg heyr\u00f0a \u00feeirra kall og sl\u00edk \u00feeirra or\u00f0 var\u00f0 eg mj\u00f6g rei\u00f0ur. Og eg t\u00f3k \u00fea\u00f0 r\u00e1\u00f0 \u00ed m\u00ednu hjarta a\u00f0 eg straffa\u00f0i r\u00e1\u00f0sherrana og \u00fe\u00e1 ypp\u00f6rstu og eg sag\u00f0a til \u00feeirra: <span class=\"athugasemd\" title=\"Nehem\u00edas fyrirb\u00fd\u00f0ur okur\">[<\/span> &#8222;Vill hver y\u00f0ar einn \u00fatokra annan?&#8220; Og eg safna\u00f0i miklum alm\u00faga \u00ed m\u00f3ti \u00feeim og sag\u00f0i til \u00feeirra: &#8222;V\u00e9r h\u00f6fum keypt vora br\u00e6\u00f0ur Gy\u00f0ingana eftir vorum m\u00e6tti sem a\u00f0 seldir voru hei\u00f0ingjum. Og \u00fe\u00e9r vilji\u00f0 selja y\u00f0ar br\u00e6\u00f0ur sem v\u00e9r h\u00f6fum keypt til vor?&#8220; \u00de\u00e1 \u00fe\u00f6g\u00f0u \u00feeir og g\u00e1tu \u00f6ngvu svara\u00f0. Og eg sag\u00f0a: &#8222;\u00dea\u00f0 er ekki r\u00e9tt sem \u00fe\u00e9r gj\u00f6ri\u00f0. Skyldu \u00fe\u00e9r ekki ganga \u00ed Gu\u00f0s \u00f3tta svo hei\u00f0ingjarnir vorir \u00f3vnir br\u00edgsli oss ekki? Eg og m\u00ednir br\u00e6\u00f0ur og m\u00ednir \u00fe\u00e9narar h\u00f6fum l\u00e1na\u00f0 \u00feeim korn og peninga en okri\u00f0 l\u00e9tum v\u00e9r eftir vera. \u00dear fyrir gefi\u00f0 \u00feeim aftur \u00feennan dag \u00feeirra akra, v\u00edngar\u00f0a, vi\u00f0smj\u00f6rsgar\u00f0a og h\u00fas og \u00feann hundra\u00f0asta part peninga \u00e1 korni, v\u00edni og vi\u00f0smj\u00f6ri sem \u00fe\u00e9r hafi\u00f0 okra\u00f0 af \u00feeim.&#8220; \u00deeir sv\u00f6ru\u00f0u: &#8222;V\u00e9r viljum gefa \u00fe\u00e1 aftur og einskis krefja af \u00feeim og v\u00e9r viljum gj\u00f6ra allt svo sem \u00fe\u00fa hefur sagt.&#8220; Og eg kalla\u00f0i \u00e1 kennimennina og t\u00f3k einn ei\u00f0 af \u00feeim a\u00f0 \u00feeir skyldu so gj\u00f6ra. Eg \u00fathristi minn barm og sag\u00f0i: &#8222;Svo \u00fathristi Gu\u00f0 hvern mann fr\u00e1 s\u00ednu h\u00fasi og fr\u00e1 s\u00ednu arfi\u00f0i, hver sem ekki uppfyllir \u00feessi or\u00f0, a\u00f0 hann s\u00e9 \u00fathristur og t\u00f3mur.&#8220; Og allur s\u00f6fnu\u00f0urinn sag\u00f0i: &#8222;Amen.&#8220; Og \u00feeir lofu\u00f0u Drottin. Og f\u00f3lki\u00f0 gj\u00f6r\u00f0i og svo sem sagt var.<\/p>\n<p>\tEn fr\u00e1 \u00feessum t\u00edma sem m\u00e9r b\u00edfala\u00f0 var a\u00f0 vera einn landsf\u00f3viti \u00ed Gy\u00f0ingalandi, sem var fr\u00e1 tuttugasta \u00e1ri og til \u00feess t\u00f3lfta og tuttugasta \u00e1rs Artaxerxes k\u00f3ngs, \u00fea\u00f0 eru t\u00f3lf \u00e1r. \u00de\u00e1 f\u00e6dda eg mig og m\u00edna ekki af landsf\u00f3vitakosti \u00fev\u00ed \u00feeir fyrri landsf\u00f3vitar sem veri\u00f0 h\u00f6f\u00f0u fyrir m\u00e9r h\u00f6f\u00f0u \u00fevinga\u00f0 f\u00f3lki\u00f0 og teki\u00f0 brau\u00f0 og v\u00edn fr\u00e1 \u00fev\u00ed, \u00fear me\u00f0 fj\u00f6rut\u00edgi siclos silfurs. Svo og l\u00e9tu \u00feeir s\u00edna \u00fe\u00e9nari veita f\u00f3lkinu yfirgang. En eg gj\u00f6r\u00f0i ekki svo fyrir s\u00f6kum Gu\u00f0s \u00f3tta.<\/p>\n<p>\tOg eg erfi\u00f0a\u00f0i a\u00f0 m\u00farveggjasm\u00ed\u00f0inu og keypti \u00f6ngvan akur og allir m\u00ednir \u00fe\u00e9narar ur\u00f0u a\u00f0 koma \u00feanga\u00f0 a\u00f0 erfi\u00f0a. Og a\u00f0 auk \u00feessa voru af Gy\u00f0ingunum og \u00feeim \u00e6\u00f0stu m\u00f6nnum hundra\u00f0 og fimmt\u00edgi vi\u00f0 mitt bor\u00f0 hverjir komnir voru til m\u00edn fr\u00e1 hei\u00f0ingjunum sem \u00ed kringum oss eru. Og eg haf\u00f0i til bor\u00f0halds hvern dag einn uxa og sex \u00fatvalda sau\u00f0i og fugla og allsh\u00e1tta\u00f0 v\u00edn ofurmiki\u00f0 innan hvers t\u00edunda dags. \u00de\u00f3 kraf\u00f0a eg ekki landsf\u00f3vitans kostar \u00fev\u00ed a\u00f0 \u00fej\u00f3nustan var \u00feung f\u00f3lkinu. Minn Gu\u00f0, minnst \u00fe\u00fa m\u00edn til hins g\u00f3\u00f0a eftir \u00f6llu \u00fev\u00ed sem eg hefi gj\u00f6rt \u00feessu f\u00f3lki.<\/p>\n","protected":false},"excerpt":{"rendered":"<p>V. \u00dear upph\u00f3fst miki\u00f0 kall me\u00f0 f\u00f3lkinu \u00e1 me\u00f0al \u00feeirra kvenna \u00ed m\u00f3t \u00feeirra br\u00e6\u00f0rum. Og \u00fear voru nokkrir sem svo s\u00f6g\u00f0u: &#8222;Vorir synir eru margir og vorar d\u00e6tur eru margar, t\u00f6kum korn (fyrir \u00fe\u00e6r) oss til f\u00e6\u00f0slu svo v\u00e9r megum lifa.&#8220; En sumir s\u00f6g\u00f0u svo: &#8222;Setjum til panta vora akra, h\u00fas og v\u00edngar\u00f0a svo v\u00e9r megum f\u00e1 korn \u00ed \u00feessari hall\u00e6rist\u00ed\u00f0.&#8220; Sumir s\u00f6g\u00f0u svo: &#8222;T\u00f6kum til l\u00e1ns peninga af k\u00f3ngsins skatti og setjum \u00ed borgun vora akra og v\u00edngar\u00f0a. \u00dev\u00ed a\u00f0 vorra br\u00e6\u00f0ra l\u00edf er svo sem vort l\u00edf og \u00feeirra barna so sem vorra barna, annars ver\u00f0um v\u00e9r <a href=\"https:\/\/biblian.is\/gudbrandsbiblia\/nehemiabok-5-kafli\/\"> [&#8230;]<\/a><\/p>\n","protected":false},"author":1,"featured_media":0,"parent":0,"menu_order":0,"comment_status":"open","ping_status":"open","template":"bibliukaflar.php","meta":{"footnotes":""},"class_list":["post-3111","page","type-page","status-publish","hentry"],"_links":{"self":[{"href":"https:\/\/biblian.is\/gudbrandsbiblia\/wp-json\/wp\/v2\/pages\/3111","targetHints":{"allow":["GET"]}}],"collection":[{"href":"https:\/\/biblian.is\/gudbrandsbiblia\/wp-json\/wp\/v2\/pages"}],"about":[{"href":"https:\/\/biblian.is\/gudbrandsbiblia\/wp-json\/wp\/v2\/types\/page"}],"author":[{"embeddable":true,"href":"https:\/\/biblian.is\/gudbrandsbiblia\/wp-json\/wp\/v2\/users\/1"}],"replies":[{"embeddable":true,"href":"https:\/\/biblian.is\/gudbrandsbiblia\/wp-json\/wp\/v2\/comments?post=3111"}],"version-history":[{"count":0,"href":"https:\/\/biblian.is\/gudbrandsbiblia\/wp-json\/wp\/v2\/pages\/3111\/revisions"}],"wp:attachment":[{"href":"https:\/\/biblian.is\/gudbrandsbiblia\/wp-json\/wp\/v2\/media?parent=3111"}],"curies":[{"name":"wp","href":"https:\/\/api.w.org\/{rel}","templated":true}]}}