{"id":3110,"date":"2017-12-18T18:32:39","date_gmt":"2017-12-18T18:32:39","guid":{"rendered":"http:\/\/biblian.is\/gudbrandsbiblia\/nehemiabok-4-kafli\/"},"modified":"2017-12-18T18:32:39","modified_gmt":"2017-12-18T18:32:39","slug":"nehemiabok-4-kafli","status":"publish","type":"page","link":"https:\/\/biblian.is\/gudbrandsbiblia\/nehemiabok-4-kafli\/","title":{"rendered":"Nehem\u00edab\u00f3k 4. kafli"},"content":{"rendered":"<p>IIII.<\/p>\n<p>En \u00feegar Saneballat fr\u00e9tti \u00feetta a\u00f0 v\u00e9r bygg\u00f0um upp m\u00farinn var\u00f0 hann styggur og mj\u00f6g rei\u00f0ur, h\u00e6ddi Gy\u00f0ingana og sag\u00f0i s\u00ednum br\u00e6\u00f0rum og \u00feeim megtugum \u00ed Samaria: <span class=\"athugasemd\" title=\"Hei\u00f0ingjar vilja forhindra byggingina\">[<\/span> &#8222;Hva\u00f0 gj\u00f6ra \u00feeir vanmegtugu Gy\u00f0ingar? E\u00f0a skal \u00feeim l\u00ed\u00f0ast \u00feetta? Skulu \u00feeir offra? Skulu \u00feeir \u00fev\u00edl\u00edkt framkv\u00e6ma \u00e1 einum degi? Skulu \u00feeir \u00fe\u00e1 steina lifandi gj\u00f6ra sem ekki eru annars en forbrennd \u00f6skudyngja?&#8220; En Tob\u00edas Ammoniter sem var n\u00e6stur honum sag\u00f0i: <span class=\"athugasemd\" title=\"Tob\u00edas\">[<\/span> &#8222;L\u00e1ti\u00f0 \u00fe\u00e1 byggja \u0096 ef a\u00f0 refar fara \u00feanga\u00f0, \u00feeir skyldu vel geta rifi\u00f0 ni\u00f0ur \u00feeirra steinveggi!&#8220;<\/p>\n<p>\tHeyr, vor Gu\u00f0, hversu v\u00e9r erum forsm\u00e1\u00f0ir! L\u00e1t \u00fe\u00fa spott \u00feeirra koma \u00feeim \u00ed koll og gef \u00fe\u00e1 \u00ed forsm\u00e1n \u00ed \u00feeirra herlei\u00f0ingarlandi. L\u00e1t ekki hyljast \u00feeirra misgj\u00f6rninga og afm\u00e1 ekki \u00feeirra syndir fyrir \u00fe\u00e9r. \u00dev\u00ed a\u00f0 \u00feeir hafa sturla\u00f0 byggingarf\u00f3lki\u00f0. En v\u00e9r bygg\u00f0um m\u00farinn og settum hann aldeilis saman og til hans h\u00e1lfrar h\u00e6\u00f0ar og f\u00f3lki\u00f0 f\u00e9kk hugarhressing til a\u00f0 erfi\u00f0a.<\/p>\n<p>\t\u00de\u00e1 Saneballat, Tob\u00eda og \u00feeir Arabi og Ammoniter og Asdoditer heyr\u00f0u \u00fea\u00f0 a\u00f0 m\u00farinn \u00ed Jer\u00fasalem var endurb\u00e6ttur og \u00feeir voru teknir til a\u00f0 b\u00e6ta \u00fea\u00f0 sem broti\u00f0 var ur\u00f0u \u00feeir mj\u00f6g rei\u00f0ir. <span class=\"athugasemd\" title=\"Satan \u00e6tlar a\u00f0 hindra Gu\u00f0s verk\">[<\/span> Og allir \u00feeir bundu me\u00f0 s\u00e9r eitt r\u00e1\u00f0 a\u00f0 \u00feeir vildu koma og str\u00ed\u00f0a \u00e1 m\u00f3t Jer\u00fasalem og gj\u00f6ra \u00feeim ums\u00e1tur \u00fear inni. En v\u00e9r b\u00e1\u00f0um til Gu\u00f0s vors og settum v\u00f6kumenn og vaktara yfir m\u00farnum n\u00f3tt og dag \u00ed m\u00f3ti \u00feeim. \u00de\u00e1 sag\u00f0i J\u00fada: &#8222;Menn eru \u00fereyttir af byr\u00f0um en moldir eru miklar svo v\u00e9r getum ekki byggt upp \u00e1 m\u00farnum.&#8220; Vorir m\u00f3tstandarar s\u00f6g\u00f0u: &#8222;\u00deeir skulu hverki sj\u00e1 n\u00e9 vita af fyrr en v\u00e9r komum mitt \u00e1 millum \u00feeirra og sl\u00e1um \u00fe\u00e1 \u00ed hel svo a\u00f0 hindrist \u00feeirra gj\u00f6rningur.&#8220; <\/p>\n<p>\tEn \u00fe\u00e1 \u00feeir Gy\u00f0ingar sem bjuggu hj\u00e1 \u00feeim komu vel t\u00edu sinnum til vor og s\u00f6g\u00f0u oss \u00feetta \u00far \u00f6llum \u00e1ttum \u00fear \u00feeir bjuggu \u00ed kringum oss \u00fe\u00e1 skipa\u00f0i eg f\u00f3lkinu ni\u00f0ur \u00e1 bak vi\u00f0 m\u00farinn \u00ed grafirnar eftir \u00feeirra \u00e6tterni me\u00f0 \u00feeirra sver\u00f0um, spj\u00f3tum og bogum. Og eg s\u00e1 til og t\u00f3k mig upp og sag\u00f0a til r\u00e1\u00f0sherrana og h\u00f6f\u00f0ingjanna og til f\u00f3lksins: &#8222;\u00d3ttist \u00fe\u00e1 ekki. \u00deenki\u00f0 \u00e1 \u00feann mikla og \u00f3gurlega Gu\u00f0 og str\u00ed\u00f0i\u00f0 fyrir y\u00f0ar br\u00e6\u00f0ur, syni, d\u00e6tur, kvinnur og heimili.&#8220;<\/p>\n<p>\tEn \u00fe\u00e1 vorir \u00f3vinir heyr\u00f0u a\u00f0 v\u00e9r vorum or\u00f0nir \u00feessa v\u00edsir \u00fe\u00e1 gj\u00f6r\u00f0i Gu\u00f0 \u00feeirra r\u00e1\u00f0agj\u00f6r\u00f0 a\u00f0 \u00f6ngvu. En v\u00e9r allir snerum til m\u00farsins aftur, hver til s\u00edns arfi\u00f0is. Og \u00fea\u00f0 ske\u00f0i eftir \u00feann dag a\u00f0 h\u00e1lfpart af \u00feeim ungu m\u00f6nnum erfi\u00f0u\u00f0u en annar helmingur af \u00feeim h\u00e9lt \u00e1 spj\u00f3tunum, sver\u00f0unum, bogunum, skj\u00f6ldum og brynjum. <span class=\"athugasemd\" title=\"F\u00f3lki\u00f0 var svo \u00f3ttaslegi\u00f0 a\u00f0 \u00fea\u00f0 arfi\u00f0a\u00f0i me\u00f0 annarri hendi en h\u00f6f\u00f0u s\u00edn vopn \u00ed annarri s\u00f6kum sinna \u00f3vina\">[<\/span> Og \u00feeir yppustu st\u00f3\u00f0u til baka af \u00f6llu J\u00fada h\u00fasi. \u00deeir sem bygg\u00f0u upp m\u00farinn og b\u00e1ru byr\u00f0ar fr\u00e1 \u00feeim sem l\u00f6g\u00f0u upp \u00e1 \u00fe\u00e1, me\u00f0 einni hendi fr\u00f6mdu \u00feeir arfi\u00f0i en me\u00f0 annarri h\u00e9ldu \u00feeir \u00e1 vopnunum. Og allir \u00feeir sem voru a\u00f0 byggja h\u00f6f\u00f0u s\u00edn sver\u00f0 bundin vi\u00f0 s\u00ed\u00f0u og bygg\u00f0u so. En s\u00e1 sem bl\u00e9s \u00ed b\u00e1s\u00fanuna, hann st\u00f3\u00f0 hj\u00e1 m\u00e9r.<\/p>\n<p>\tOg eg sag\u00f0a til r\u00e1\u00f0sherranna og \u00feeirra ypp\u00f6rstu og \u00feess annars f\u00f3lks: &#8222;\u00deessi gj\u00f6rningur er mikill og v\u00ed\u00f0ur en v\u00e9r erum a\u00f0skildir langt hver fr\u00e1 \u00f6\u00f0rum upp \u00e1 m\u00farnum. \u00dear fyrir \u00ed hverjum sta\u00f0 sem \u00fe\u00e9r heyri\u00f0 n\u00fa l\u00fa\u00f0urinn gella \u00fe\u00e1 safnist \u00feanga\u00f0 til vor. Vor Gu\u00f0 mun berjast fyri oss. So viljum v\u00e9r arfi\u00f0a upp \u00e1 vorn gj\u00f6rning.&#8220; Og helmingur f\u00f3lksins h\u00e9lt \u00e1 vopnunum fr\u00e1 \u00fev\u00ed a\u00f0 daga\u00f0i \u00e1 morna og allt til kvelds \u00fe\u00e1 stj\u00f6rnur s\u00e1ust. Og eg sag\u00f0a til f\u00f3lksins \u00ed \u00feann t\u00edma a\u00f0 hver og einn skyldi vera me\u00f0 s\u00edna \u00fe\u00e9nara \u00e1 n\u00e6turnar \u00ed Jer\u00fasalem so v\u00e9r m\u00e6ttum halda v\u00f6r\u00f0 um n\u00e6tur en erfi\u00f0a dagana. En eg og m\u00ednir br\u00e6\u00f0ur og m\u00ednir sveinar og \u00feeir menn sem v\u00f6ktu eftir m\u00e9r, v\u00e9r f\u00f3rum ekki af vorum kl\u00e6\u00f0um og hver yfirgaf a\u00f0 lauga sig.<\/p>\n","protected":false},"excerpt":{"rendered":"<p>IIII. En \u00feegar Saneballat fr\u00e9tti \u00feetta a\u00f0 v\u00e9r bygg\u00f0um upp m\u00farinn var\u00f0 hann styggur og mj\u00f6g rei\u00f0ur, h\u00e6ddi Gy\u00f0ingana og sag\u00f0i s\u00ednum br\u00e6\u00f0rum og \u00feeim megtugum \u00ed Samaria: [ &#8222;Hva\u00f0 gj\u00f6ra \u00feeir vanmegtugu Gy\u00f0ingar? E\u00f0a skal \u00feeim l\u00ed\u00f0ast \u00feetta? Skulu \u00feeir offra? Skulu \u00feeir \u00fev\u00edl\u00edkt framkv\u00e6ma \u00e1 einum degi? Skulu \u00feeir \u00fe\u00e1 steina lifandi gj\u00f6ra sem ekki eru annars en forbrennd \u00f6skudyngja?&#8220; En Tob\u00edas Ammoniter sem var n\u00e6stur honum sag\u00f0i: [ &#8222;L\u00e1ti\u00f0 \u00fe\u00e1 byggja \u0096 ef a\u00f0 refar fara \u00feanga\u00f0, \u00feeir skyldu vel geta rifi\u00f0 ni\u00f0ur \u00feeirra steinveggi!&#8220; Heyr, vor Gu\u00f0, hversu v\u00e9r erum forsm\u00e1\u00f0ir! L\u00e1t \u00fe\u00fa spott \u00feeirra koma <a href=\"https:\/\/biblian.is\/gudbrandsbiblia\/nehemiabok-4-kafli\/\"> [&#8230;]<\/a><\/p>\n","protected":false},"author":1,"featured_media":0,"parent":0,"menu_order":0,"comment_status":"open","ping_status":"open","template":"bibliukaflar.php","meta":{"footnotes":""},"class_list":["post-3110","page","type-page","status-publish","hentry"],"_links":{"self":[{"href":"https:\/\/biblian.is\/gudbrandsbiblia\/wp-json\/wp\/v2\/pages\/3110","targetHints":{"allow":["GET"]}}],"collection":[{"href":"https:\/\/biblian.is\/gudbrandsbiblia\/wp-json\/wp\/v2\/pages"}],"about":[{"href":"https:\/\/biblian.is\/gudbrandsbiblia\/wp-json\/wp\/v2\/types\/page"}],"author":[{"embeddable":true,"href":"https:\/\/biblian.is\/gudbrandsbiblia\/wp-json\/wp\/v2\/users\/1"}],"replies":[{"embeddable":true,"href":"https:\/\/biblian.is\/gudbrandsbiblia\/wp-json\/wp\/v2\/comments?post=3110"}],"version-history":[{"count":0,"href":"https:\/\/biblian.is\/gudbrandsbiblia\/wp-json\/wp\/v2\/pages\/3110\/revisions"}],"wp:attachment":[{"href":"https:\/\/biblian.is\/gudbrandsbiblia\/wp-json\/wp\/v2\/media?parent=3110"}],"curies":[{"name":"wp","href":"https:\/\/api.w.org\/{rel}","templated":true}]}}